{"id":3198,"date":"2024-08-12T09:11:35","date_gmt":"2024-08-12T09:11:35","guid":{"rendered":"https:\/\/www.jinpinlub.com\/?post_type=product&#038;p=3198"},"modified":"2024-08-12T09:19:38","modified_gmt":"2024-08-12T09:19:38","slug":"union-de-distribucion-de-caudal-mgj-5-para-distribuidor-de-linea-unica","status":"publish","type":"product","link":"https:\/\/www.jinpinlub.com\/es\/product\/mgj-5-flow-distribution-junction-for-single-line-distributor\/","title":{"rendered":"MGJ-5 Uni\u00f3n de distribuci\u00f3n de flujo para distribuidor de l\u00ednea \u00fanica"},"content":{"rendered":"<h2>Caracter\u00edsticas<\/h2>\n<p>1. El conector es una derivaci\u00f3n unidireccional.<br \/>\n2. El MGJ-M se conecta a la tuber\u00eda principal de \u03a66. Sus roscas de salida son todas M10x1, utilizadas en combinaci\u00f3n con el conector PA-6 y la f\u00e9rula c\u00f3nica doble PB-6. La salida final del sistema se cierra con un tap\u00f3n de cierre PG06.<br \/>\nEl MGJ-R est\u00e1 conectado a la tuber\u00eda principal de \u03a66. Las roscas de salida de aceite son todas Rc1\/8, que se pueden conectar directamente con el conector recto PD601. La salida al final del sistema est\u00e1 cerrada con un tap\u00f3n de cierre Rc1\/8.<br \/>\n3. Hecho de aleaci\u00f3n de aluminio, la superficie est\u00e1 anodizada y la apariencia es hermosa.<br \/>\n4. Los orificios de montaje tambi\u00e9n se pueden personalizar para lugares donde se requiere un procesamiento especial.<br \/>\n5. Seg\u00fan el sistema de lubricaci\u00f3n real, elija los bloques de conexi\u00f3n que se utilizar\u00e1n en paralelo o en serie.<\/p>\n<h2>Especificaci\u00f3n<\/h2>\n<figure id=\"attachment_3197\" aria-describedby=\"caption-attachment-3197\" style=\"width: 900px\" class=\"wp-caption alignnone\"><img loading=\"lazy\" decoding=\"async\" class=\"size-full wp-image-3197\" src=\"https:\/\/www.jinpinlub.com\/wp-content\/uploads\/2024\/08\/MGJ-junction.jpg\" alt=\"Cruce MGJ\" width=\"900\" height=\"584\" srcset=\"https:\/\/www.jinpinlub.com\/wp-content\/uploads\/2024\/08\/MGJ-junction.jpg 900w, https:\/\/www.jinpinlub.com\/wp-content\/uploads\/2024\/08\/MGJ-junction-300x195.jpg 300w, https:\/\/www.jinpinlub.com\/wp-content\/uploads\/2024\/08\/MGJ-junction-768x498.jpg 768w, https:\/\/www.jinpinlub.com\/wp-content\/uploads\/2024\/08\/MGJ-junction-18x12.jpg 18w, https:\/\/www.jinpinlub.com\/wp-content\/uploads\/2024\/08\/MGJ-junction-800x519.jpg 800w\" sizes=\"auto, (max-width: 900px) 100vw, 900px\" \/><figcaption id=\"caption-attachment-3197\" class=\"wp-caption-text\">Cruce MGJ<\/figcaption><\/figure>\n<table>\n<tbody>\n<tr>\n<td>Modelo<\/td>\n<td>Salidas<\/td>\n<td>L1<\/td>\n<td>L2<\/td>\n<td>NO(g)<\/td>\n<\/tr>\n<tr>\n<td>Ametralladora M-1R<\/td>\n<td>1<\/td>\n<td>33<\/td>\n<td>22<\/td>\n<td>22<\/td>\n<\/tr>\n<tr>\n<td>Ametralladora MJ-2R<\/td>\n<td>2<\/td>\n<td>49<\/td>\n<td>38<\/td>\n<td>34<\/td>\n<\/tr>\n<tr>\n<td>Ametralladora M-3R<\/td>\n<td>3<\/td>\n<td>65<\/td>\n<td>54<\/td>\n<td>46<\/td>\n<\/tr>\n<tr>\n<td>Ametralladora MJ-4R<\/td>\n<td>4<\/td>\n<td>81<\/td>\n<td>70<\/td>\n<td>58<\/td>\n<\/tr>\n<tr>\n<td>MGJ-5R<\/td>\n<td>5<\/td>\n<td>97<\/td>\n<td>86<\/td>\n<td>70<\/td>\n<\/tr>\n<tr>\n<td>Ametralladora MG-6R<\/td>\n<td>6<\/td>\n<td>113<\/td>\n<td>102<\/td>\n<td>81<\/td>\n<\/tr>\n<tr>\n<td>Ametralladora MG-7R<\/td>\n<td>7<\/td>\n<td>127<\/td>\n<td>116<\/td>\n<td>94<\/td>\n<\/tr>\n<tr>\n<td>Ametralladora MG-8R<\/td>\n<td>8<\/td>\n<td>143<\/td>\n<td>132<\/td>\n<td>106<\/td>\n<\/tr>\n<tr>\n<td>Ametralladora MJ-9R<\/td>\n<td>9<\/td>\n<td>159<\/td>\n<td>148<\/td>\n<td>118<\/td>\n<\/tr>\n<tr>\n<td>MGJ-10R<\/td>\n<td>10<\/td>\n<td>175<\/td>\n<td>164<\/td>\n<td>130<\/td>\n<\/tr>\n<tr>\n<td>MGJ-12R<\/td>\n<td>12<\/td>\n<td>207<\/td>\n<td>196<\/td>\n<td>142<\/td>\n<\/tr>\n<\/tbody>\n<\/table>\n<h2>Solicitud<\/h2>\n<p>Los distribuidores de grasa de una sola l\u00ednea se utilizan con una amplia gama de maquinaria industrial:<br \/>\nM\u00e1quinas herramientas: por ejemplo, tornos, fresadoras, rectificadoras, etc.<br \/>\nMaquinaria de construcci\u00f3n: excavadoras, cargadoras, bulldozers, etc.<br \/>\nEquipos de miner\u00eda: carros mineros, trituradoras, cribas, etc.<br \/>\nOtros equipos mec\u00e1nicos: Transportador, Ventilador, Compresor, etc.<\/p>\n<h2>Manuales<\/h2>\n<div class=\"sdm_download_button_box_default\"><div class=\"sdm_download_link\"><a href=\"https:\/\/www.jinpinlub.com\/es\/?sdm_process_download=1&download_id=2470\" class=\"sdm_download white\" title=\"Privado: MGK Metering Valve\" target=\"&quot;_blank&quot;\">Ver hoja de datos - V\u00e1lvula dosificadora MGK<\/a><\/div><\/div>","protected":false},"excerpt":{"rendered":"<p>MGJ es la uni\u00f3n del distribuidor MGK del sistema de lubricaci\u00f3n de l\u00ednea simple. Recibe la grasa entregada por la bomba de lubricaci\u00f3n y luego distribuye la grasa a varios puntos de lubricaci\u00f3n a trav\u00e9s de la acci\u00f3n secuencial de las v\u00e1lvulas dosificadoras de MGK.<\/p>","protected":false},"featured_media":3131,"template":"","meta":{"ocean_post_layout":"","ocean_both_sidebars_style":"","ocean_both_sidebars_content_width":0,"ocean_both_sidebars_sidebars_width":0,"ocean_sidebar":"0","ocean_second_sidebar":"0","ocean_disable_margins":"enable","ocean_add_body_class":"","ocean_shortcode_before_top_bar":"","ocean_shortcode_after_top_bar":"","ocean_shortcode_before_header":"","ocean_shortcode_after_header":"","ocean_has_shortcode":"","ocean_shortcode_after_title":"","ocean_shortcode_before_footer_widgets":"","ocean_shortcode_after_footer_widgets":"","ocean_shortcode_before_footer_bottom":"","ocean_shortcode_after_footer_bottom":"","ocean_display_top_bar":"default","ocean_display_header":"default","ocean_header_style":"","ocean_center_header_left_menu":"0","ocean_custom_header_template":"0","ocean_custom_logo":0,"ocean_custom_retina_logo":0,"ocean_custom_logo_max_width":0,"ocean_custom_logo_tablet_max_width":0,"ocean_custom_logo_mobile_max_width":0,"ocean_custom_logo_max_height":0,"ocean_custom_logo_tablet_max_height":0,"ocean_custom_logo_mobile_max_height":0,"ocean_header_custom_menu":"0","ocean_menu_typo_font_family":"0","ocean_menu_typo_font_subset":"","ocean_menu_typo_font_size":0,"ocean_menu_typo_font_size_tablet":0,"ocean_menu_typo_font_size_mobile":0,"ocean_menu_typo_font_size_unit":"px","ocean_menu_typo_font_weight":"","ocean_menu_typo_font_weight_tablet":"","ocean_menu_typo_font_weight_mobile":"","ocean_menu_typo_transform":"","ocean_menu_typo_transform_tablet":"","ocean_menu_typo_transform_mobile":"","ocean_menu_typo_line_height":0,"ocean_menu_typo_line_height_tablet":0,"ocean_menu_typo_line_height_mobile":0,"ocean_menu_typo_line_height_unit":"","ocean_menu_typo_spacing":0,"ocean_menu_typo_spacing_tablet":0,"ocean_menu_typo_spacing_mobile":0,"ocean_menu_typo_spacing_unit":"","ocean_menu_link_color":"","ocean_menu_link_color_hover":"","ocean_menu_link_color_active":"","ocean_menu_link_background":"","ocean_menu_link_hover_background":"","ocean_menu_link_active_background":"","ocean_menu_social_links_bg":"","ocean_menu_social_hover_links_bg":"","ocean_menu_social_links_color":"","ocean_menu_social_hover_links_color":"","ocean_disable_title":"default","ocean_disable_heading":"default","ocean_post_title":"","ocean_post_subheading":"","ocean_post_title_style":"","ocean_post_title_background_color":"","ocean_post_title_background":0,"ocean_post_title_bg_image_position":"","ocean_post_title_bg_image_attachment":"","ocean_post_title_bg_image_repeat":"","ocean_post_title_bg_image_size":"","ocean_post_title_height":0,"ocean_post_title_bg_overlay":0.5,"ocean_post_title_bg_overlay_color":"","ocean_disable_breadcrumbs":"default","ocean_breadcrumbs_color":"","ocean_breadcrumbs_separator_color":"","ocean_breadcrumbs_links_color":"","ocean_breadcrumbs_links_hover_color":"","ocean_display_footer_widgets":"default","ocean_display_footer_bottom":"default","ocean_custom_footer_template":"0","osh_disable_topbar_sticky":"default","osh_disable_header_sticky":"default","osh_sticky_header_style":"default","osh_sticky_header_effect":"","osh_custom_sticky_logo":0,"osh_custom_retina_sticky_logo":0,"osh_custom_sticky_logo_height":0,"osh_background_color":"","osh_links_color":"","osh_links_hover_color":"","osh_links_active_color":"","osh_links_bg_color":"","osh_links_hover_bg_color":"","osh_links_active_bg_color":"","osh_menu_social_links_color":"","osh_menu_social_hover_links_color":""},"product_brand":[],"product_cat":[40,37],"product_tag":[87,165,86],"class_list":{"0":"post-3198","1":"product","2":"type-product","3":"status-publish","4":"has-post-thumbnail","6":"product_cat-pressure-relief-metering-valves","7":"product_cat-single-line-grease-systems","8":"product_tag-grease-distributor","9":"product_tag-grease-diverter","10":"product_tag-single-line-distributor","12":"entry","13":"has-media","15":"first","16":"instock","17":"shipping-taxable","18":"product-type-external","19":"col","20":"span_1_of_3","21":"owp-content-center","22":"owp-thumbs-layout-horizontal","23":"owp-btn-very-big","24":"owp-tabs-layout-horizontal"},"_links":{"self":[{"href":"https:\/\/www.jinpinlub.com\/es\/wp-json\/wp\/v2\/product\/3198","targetHints":{"allow":["GET"]}}],"collection":[{"href":"https:\/\/www.jinpinlub.com\/es\/wp-json\/wp\/v2\/product"}],"about":[{"href":"https:\/\/www.jinpinlub.com\/es\/wp-json\/wp\/v2\/types\/product"}],"wp:featuredmedia":[{"embeddable":true,"href":"https:\/\/www.jinpinlub.com\/es\/wp-json\/wp\/v2\/media\/3131"}],"wp:attachment":[{"href":"https:\/\/www.jinpinlub.com\/es\/wp-json\/wp\/v2\/media?parent=3198"}],"wp:term":[{"taxonomy":"product_brand","embeddable":true,"href":"https:\/\/www.jinpinlub.com\/es\/wp-json\/wp\/v2\/product_brand?post=3198"},{"taxonomy":"product_cat","embeddable":true,"href":"https:\/\/www.jinpinlub.com\/es\/wp-json\/wp\/v2\/product_cat?post=3198"},{"taxonomy":"product_tag","embeddable":true,"href":"https:\/\/www.jinpinlub.com\/es\/wp-json\/wp\/v2\/product_tag?post=3198"}],"curies":[{"name":"wp","href":"https:\/\/api.w.org\/{rel}","templated":true}]}}