{"id":3199,"date":"2024-08-12T09:26:58","date_gmt":"2024-08-12T09:26:58","guid":{"rendered":"https:\/\/www.jinpinlub.com\/?post_type=product&#038;p=3199"},"modified":"2024-08-12T09:38:09","modified_gmt":"2024-08-12T09:38:09","slug":"union-de-multiples-tubos-muj-4-para-valvula-dosificadora-de-alivio-de-presion","status":"publish","type":"product","link":"https:\/\/www.jinpinlub.com\/es\/product\/muj-4-multi-pipe-junction-for-pressure-relief-metering-valve\/","title":{"rendered":"Uni\u00f3n de m\u00faltiples tubos MUJ-4 para v\u00e1lvula dosificadora de alivio de presi\u00f3n"},"content":{"rendered":"<h2>Caracter\u00edsticas<\/h2>\n<p>Cada salida del distribuidor puede seleccionar diferentes caudales para satisfacer las diferentes necesidades de cada punto de lubricaci\u00f3n.<br \/>\nS\u00f3lo se necesita un \u00fanico oleoducto principal de suministro de petr\u00f3leo, que es sencillo y de bajo costo.<br \/>\nSe puede implementar una lubricaci\u00f3n fija regularmente en los puntos de lubricaci\u00f3n para mejorar la confiabilidad del reabastecimiento de combustible.<br \/>\nLas roscas hembra de la entrada del tubo principal y de la salida del tubo de derivaci\u00f3n se pueden personalizar.<\/p>\n<h2>Especificaci\u00f3n<\/h2>\n<p><img loading=\"lazy\" decoding=\"async\" class=\"size-full wp-image-3197\" src=\"https:\/\/www.jinpinlub.com\/wp-content\/uploads\/2024\/08\/MGJ-junction.jpg\" alt=\"Cruce MGJ\" width=\"900\" height=\"584\" srcset=\"https:\/\/www.jinpinlub.com\/wp-content\/uploads\/2024\/08\/MGJ-junction.jpg 900w, https:\/\/www.jinpinlub.com\/wp-content\/uploads\/2024\/08\/MGJ-junction-300x195.jpg 300w, https:\/\/www.jinpinlub.com\/wp-content\/uploads\/2024\/08\/MGJ-junction-768x498.jpg 768w, https:\/\/www.jinpinlub.com\/wp-content\/uploads\/2024\/08\/MGJ-junction-18x12.jpg 18w, https:\/\/www.jinpinlub.com\/wp-content\/uploads\/2024\/08\/MGJ-junction-800x519.jpg 800w\" sizes=\"auto, (max-width: 900px) 100vw, 900px\" \/><\/p>\n<table>\n<tbody>\n<tr>\n<td>Modelo<\/td>\n<td>Salidas<\/td>\n<td>L1<\/td>\n<td>L2<\/td>\n<td>NO(g)<\/td>\n<\/tr>\n<tr>\n<td>MUJ-1R<\/td>\n<td>1<\/td>\n<td>31<\/td>\n<td>20<\/td>\n<td>22<\/td>\n<\/tr>\n<tr>\n<td>MUJ-2R<\/td>\n<td>2<\/td>\n<td>47<\/td>\n<td>36<\/td>\n<td>34<\/td>\n<\/tr>\n<tr>\n<td>MUJ-3R<\/td>\n<td>3<\/td>\n<td>63<\/td>\n<td>52<\/td>\n<td>46<\/td>\n<\/tr>\n<tr>\n<td>MUJ-4R<\/td>\n<td>4<\/td>\n<td>79<\/td>\n<td>68<\/td>\n<td>58<\/td>\n<\/tr>\n<tr>\n<td>MUJ-5R<\/td>\n<td>5<\/td>\n<td>95<\/td>\n<td>84<\/td>\n<td>70<\/td>\n<\/tr>\n<tr>\n<td>MUJ-6R<\/td>\n<td>6<\/td>\n<td>111<\/td>\n<td>100<\/td>\n<td>81<\/td>\n<\/tr>\n<tr>\n<td>MUJ-7R<\/td>\n<td>7<\/td>\n<td>127<\/td>\n<td>116<\/td>\n<td>94<\/td>\n<\/tr>\n<tr>\n<td>MUJ-8R<\/td>\n<td>8<\/td>\n<td>143<\/td>\n<td>132<\/td>\n<td>106<\/td>\n<\/tr>\n<tr>\n<td>MUJ-9R<\/td>\n<td>9<\/td>\n<td>159<\/td>\n<td>148<\/td>\n<td>118<\/td>\n<\/tr>\n<tr>\n<td>MUJ-10R<\/td>\n<td>10<\/td>\n<td>175<\/td>\n<td>164<\/td>\n<td>130<\/td>\n<\/tr>\n<tr>\n<td>MUJ-12R<\/td>\n<td>12<\/td>\n<td>207<\/td>\n<td>196<\/td>\n<td>142<\/td>\n<\/tr>\n<\/tbody>\n<\/table>\n<h2>Mantenimiento<\/h2>\n<p>Inspecci\u00f3n peri\u00f3dica: Revise peri\u00f3dicamente las distintas partes del distribuidor para garantizar su funcionamiento normal.<br \/>\nLimpieza: Mantenga el distribuidor limpio para evitar la contaminaci\u00f3n del aceite lubricante.<br \/>\nReemplazo de piezas: Reemplace las piezas desgastadas del distribuidor a tiempo seg\u00fan el uso.<\/p>\n<h2>Manuales<\/h2>\n<div class=\"sdm_download_button_box_default\"><div class=\"sdm_download_link\"><a href=\"https:\/\/www.jinpinlub.com\/es\/?sdm_process_download=1&download_id=3070\" class=\"sdm_download white\" title=\"Privado: MUK Pressure-relief Distributor\" target=\"&quot;_blank&quot;\">Ver Ficha T\u00e9cnica - Distribuidor MUK<\/a><\/div><\/div>","protected":false},"excerpt":{"rendered":"<p>La bomba suministra el lubricante a cada distribuidor MUK a trav\u00e9s de una l\u00ednea principal. El distribuidor MUK, que consta de MU y MUJ, distribuye el lubricante a cada punto de lubricaci\u00f3n seg\u00fan el intervalo de tiempo y la cantidad establecidos.<\/p>","protected":false},"featured_media":3135,"template":"","meta":{"ocean_post_layout":"","ocean_both_sidebars_style":"","ocean_both_sidebars_content_width":0,"ocean_both_sidebars_sidebars_width":0,"ocean_sidebar":"0","ocean_second_sidebar":"0","ocean_disable_margins":"enable","ocean_add_body_class":"","ocean_shortcode_before_top_bar":"","ocean_shortcode_after_top_bar":"","ocean_shortcode_before_header":"","ocean_shortcode_after_header":"","ocean_has_shortcode":"","ocean_shortcode_after_title":"","ocean_shortcode_before_footer_widgets":"","ocean_shortcode_after_footer_widgets":"","ocean_shortcode_before_footer_bottom":"","ocean_shortcode_after_footer_bottom":"","ocean_display_top_bar":"default","ocean_display_header":"default","ocean_header_style":"","ocean_center_header_left_menu":"0","ocean_custom_header_template":"0","ocean_custom_logo":0,"ocean_custom_retina_logo":0,"ocean_custom_logo_max_width":0,"ocean_custom_logo_tablet_max_width":0,"ocean_custom_logo_mobile_max_width":0,"ocean_custom_logo_max_height":0,"ocean_custom_logo_tablet_max_height":0,"ocean_custom_logo_mobile_max_height":0,"ocean_header_custom_menu":"0","ocean_menu_typo_font_family":"0","ocean_menu_typo_font_subset":"","ocean_menu_typo_font_size":0,"ocean_menu_typo_font_size_tablet":0,"ocean_menu_typo_font_size_mobile":0,"ocean_menu_typo_font_size_unit":"px","ocean_menu_typo_font_weight":"","ocean_menu_typo_font_weight_tablet":"","ocean_menu_typo_font_weight_mobile":"","ocean_menu_typo_transform":"","ocean_menu_typo_transform_tablet":"","ocean_menu_typo_transform_mobile":"","ocean_menu_typo_line_height":0,"ocean_menu_typo_line_height_tablet":0,"ocean_menu_typo_line_height_mobile":0,"ocean_menu_typo_line_height_unit":"","ocean_menu_typo_spacing":0,"ocean_menu_typo_spacing_tablet":0,"ocean_menu_typo_spacing_mobile":0,"ocean_menu_typo_spacing_unit":"","ocean_menu_link_color":"","ocean_menu_link_color_hover":"","ocean_menu_link_color_active":"","ocean_menu_link_background":"","ocean_menu_link_hover_background":"","ocean_menu_link_active_background":"","ocean_menu_social_links_bg":"","ocean_menu_social_hover_links_bg":"","ocean_menu_social_links_color":"","ocean_menu_social_hover_links_color":"","ocean_disable_title":"default","ocean_disable_heading":"default","ocean_post_title":"","ocean_post_subheading":"","ocean_post_title_style":"","ocean_post_title_background_color":"","ocean_post_title_background":0,"ocean_post_title_bg_image_position":"","ocean_post_title_bg_image_attachment":"","ocean_post_title_bg_image_repeat":"","ocean_post_title_bg_image_size":"","ocean_post_title_height":0,"ocean_post_title_bg_overlay":0.5,"ocean_post_title_bg_overlay_color":"","ocean_disable_breadcrumbs":"default","ocean_breadcrumbs_color":"","ocean_breadcrumbs_separator_color":"","ocean_breadcrumbs_links_color":"","ocean_breadcrumbs_links_hover_color":"","ocean_display_footer_widgets":"default","ocean_display_footer_bottom":"default","ocean_custom_footer_template":"0","osh_disable_topbar_sticky":"default","osh_disable_header_sticky":"default","osh_sticky_header_style":"default","osh_sticky_header_effect":"","osh_custom_sticky_logo":0,"osh_custom_retina_sticky_logo":0,"osh_custom_sticky_logo_height":0,"osh_background_color":"","osh_links_color":"","osh_links_hover_color":"","osh_links_active_color":"","osh_links_bg_color":"","osh_links_hover_bg_color":"","osh_links_active_bg_color":"","osh_menu_social_links_color":"","osh_menu_social_hover_links_color":""},"product_brand":[],"product_cat":[40,37],"product_tag":[164,166,86],"class_list":{"0":"post-3199","1":"product","2":"type-product","3":"status-publish","4":"has-post-thumbnail","6":"product_cat-pressure-relief-metering-valves","7":"product_cat-single-line-grease-systems","8":"product_tag-distributor-junction","9":"product_tag-lubricant-metering-valve","10":"product_tag-single-line-distributor","12":"entry","13":"has-media","15":"first","16":"instock","17":"shipping-taxable","18":"product-type-external","19":"col","20":"span_1_of_3","21":"owp-content-center","22":"owp-thumbs-layout-horizontal","23":"owp-btn-very-big","24":"owp-tabs-layout-horizontal"},"_links":{"self":[{"href":"https:\/\/www.jinpinlub.com\/es\/wp-json\/wp\/v2\/product\/3199","targetHints":{"allow":["GET"]}}],"collection":[{"href":"https:\/\/www.jinpinlub.com\/es\/wp-json\/wp\/v2\/product"}],"about":[{"href":"https:\/\/www.jinpinlub.com\/es\/wp-json\/wp\/v2\/types\/product"}],"wp:featuredmedia":[{"embeddable":true,"href":"https:\/\/www.jinpinlub.com\/es\/wp-json\/wp\/v2\/media\/3135"}],"wp:attachment":[{"href":"https:\/\/www.jinpinlub.com\/es\/wp-json\/wp\/v2\/media?parent=3199"}],"wp:term":[{"taxonomy":"product_brand","embeddable":true,"href":"https:\/\/www.jinpinlub.com\/es\/wp-json\/wp\/v2\/product_brand?post=3199"},{"taxonomy":"product_cat","embeddable":true,"href":"https:\/\/www.jinpinlub.com\/es\/wp-json\/wp\/v2\/product_cat?post=3199"},{"taxonomy":"product_tag","embeddable":true,"href":"https:\/\/www.jinpinlub.com\/es\/wp-json\/wp\/v2\/product_tag?post=3199"}],"curies":[{"name":"wp","href":"https:\/\/api.w.org\/{rel}","templated":true}]}}