{"id":3206,"date":"2024-08-12T14:57:16","date_gmt":"2024-08-12T14:57:16","guid":{"rendered":"https:\/\/www.jinpinlub.com\/?post_type=product&#038;p=3206"},"modified":"2024-08-12T15:04:37","modified_gmt":"2024-08-12T15:04:37","slug":"adaptador-de-codo-con-manguito-de-cobre-ph-para-circuito-de-aceite-lubricante","status":"publish","type":"product","link":"https:\/\/www.jinpinlub.com\/es\/product\/ph-copper-sleeve-elbow-adapter-for-lubrication-oil-circuit\/","title":{"rendered":"Adaptador de codo con manguito de cobre PH para circuito de aceite lubricante"},"content":{"rendered":"<h2>Caracter\u00edsticas<\/h2>\n<p>El conector en \u00e1ngulo recto PH est\u00e1 hecho de material de lat\u00f3n de alta calidad, que es resistente y duradero y no se desgasta f\u00e1cilmente.<br \/>\nLas roscas de los conectores est\u00e1n finamente elaboradas y encajan perfectamente, cumpliendo con los est\u00e1ndares.<br \/>\nLos conectores de cobre est\u00e1n disponibles en varias especificaciones y estilos. Si se requiere producci\u00f3n en masa, ofrecemos personalizaci\u00f3n.<br \/>\nEl adaptador en \u00e1ngulo recto es delicado y liso en su conjunto. No se atascar\u00e1 f\u00e1cilmente durante la instalaci\u00f3n y la tuber\u00eda no perder\u00e1 aceite.<\/p>\n<h2>Especificaci\u00f3n<\/h2>\n<figure id=\"attachment_3207\" aria-describedby=\"caption-attachment-3207\" style=\"width: 800px\" class=\"wp-caption alignnone\"><img loading=\"lazy\" decoding=\"async\" class=\"size-full wp-image-3207\" src=\"https:\/\/www.jinpinlub.com\/wp-content\/uploads\/2024\/08\/PH-specification.jpg\" alt=\"Especificaci\u00f3n de PH\" width=\"800\" height=\"890\" srcset=\"https:\/\/www.jinpinlub.com\/wp-content\/uploads\/2024\/08\/PH-specification.jpg 800w, https:\/\/www.jinpinlub.com\/wp-content\/uploads\/2024\/08\/PH-specification-270x300.jpg 270w, https:\/\/www.jinpinlub.com\/wp-content\/uploads\/2024\/08\/PH-specification-768x854.jpg 768w, https:\/\/www.jinpinlub.com\/wp-content\/uploads\/2024\/08\/PH-specification-11x12.jpg 11w\" sizes=\"auto, (max-width: 800px) 100vw, 800px\" \/><figcaption id=\"caption-attachment-3207\" class=\"wp-caption-text\">Especificaci\u00f3n de PH<\/figcaption><\/figure>\n<h2>Solicitud<\/h2>\n<p>El conector en \u00e1ngulo recto PH se utiliza principalmente en diversas tuber\u00edas, especialmente en tuber\u00edas de sistemas de lubricaci\u00f3n. El conector en \u00e1ngulo recto de cobre y el buje de compresi\u00f3n, el manguito de compresi\u00f3n y el revestimiento de la tuber\u00eda forman un conjunto de conector de manguito, que se puede utilizar con tuber\u00edas de nailon, mangueras de alta presi\u00f3n, tuber\u00edas de cobre, tuber\u00edas de aluminio y otras tuber\u00edas para garantizar un sellado estricto del circuito de aceite, sin atascos ni fugas de aceite. Por lo tanto, se utiliza ampliamente en la industria automotriz, la industria qu\u00edmica, la industria de la impresi\u00f3n, la industria textil, la industria de procesamiento, etc.<\/p>\n<h2>Manuales<\/h2>\n<div class=\"sdm_download_button_box_default\"><div class=\"sdm_download_link\"><a href=\"https:\/\/www.jinpinlub.com\/es\/?sdm_process_download=1&download_id=3174\" class=\"sdm_download white\" title=\"Privado: PH\/PD\/PG\" target=\"&quot;_blank&quot;\">Ver hoja de datos - PH\/PD\/PG<\/a><\/div><\/div>","protected":false},"excerpt":{"rendered":"<p>Conector de \u00e1ngulo recto PH de cobre, casquillo de rosca macho y hembra, codo recto, adaptador de tuber\u00eda de aceite en \u00e1ngulo recto, utilizado para tuber\u00edas de sistemas de lubricaci\u00f3n centralizada de tuber\u00edas de cobre, tuber\u00edas de aluminio, tuber\u00edas de acero, tuber\u00edas de nailon y mangueras de alta presi\u00f3n.<\/p>","protected":false},"featured_media":3156,"template":"","meta":{"ocean_post_layout":"","ocean_both_sidebars_style":"","ocean_both_sidebars_content_width":0,"ocean_both_sidebars_sidebars_width":0,"ocean_sidebar":"0","ocean_second_sidebar":"0","ocean_disable_margins":"enable","ocean_add_body_class":"","ocean_shortcode_before_top_bar":"","ocean_shortcode_after_top_bar":"","ocean_shortcode_before_header":"","ocean_shortcode_after_header":"","ocean_has_shortcode":"","ocean_shortcode_after_title":"","ocean_shortcode_before_footer_widgets":"","ocean_shortcode_after_footer_widgets":"","ocean_shortcode_before_footer_bottom":"","ocean_shortcode_after_footer_bottom":"","ocean_display_top_bar":"default","ocean_display_header":"default","ocean_header_style":"","ocean_center_header_left_menu":"0","ocean_custom_header_template":"0","ocean_custom_logo":0,"ocean_custom_retina_logo":0,"ocean_custom_logo_max_width":0,"ocean_custom_logo_tablet_max_width":0,"ocean_custom_logo_mobile_max_width":0,"ocean_custom_logo_max_height":0,"ocean_custom_logo_tablet_max_height":0,"ocean_custom_logo_mobile_max_height":0,"ocean_header_custom_menu":"0","ocean_menu_typo_font_family":"0","ocean_menu_typo_font_subset":"","ocean_menu_typo_font_size":0,"ocean_menu_typo_font_size_tablet":0,"ocean_menu_typo_font_size_mobile":0,"ocean_menu_typo_font_size_unit":"px","ocean_menu_typo_font_weight":"","ocean_menu_typo_font_weight_tablet":"","ocean_menu_typo_font_weight_mobile":"","ocean_menu_typo_transform":"","ocean_menu_typo_transform_tablet":"","ocean_menu_typo_transform_mobile":"","ocean_menu_typo_line_height":0,"ocean_menu_typo_line_height_tablet":0,"ocean_menu_typo_line_height_mobile":0,"ocean_menu_typo_line_height_unit":"","ocean_menu_typo_spacing":0,"ocean_menu_typo_spacing_tablet":0,"ocean_menu_typo_spacing_mobile":0,"ocean_menu_typo_spacing_unit":"","ocean_menu_link_color":"","ocean_menu_link_color_hover":"","ocean_menu_link_color_active":"","ocean_menu_link_background":"","ocean_menu_link_hover_background":"","ocean_menu_link_active_background":"","ocean_menu_social_links_bg":"","ocean_menu_social_hover_links_bg":"","ocean_menu_social_links_color":"","ocean_menu_social_hover_links_color":"","ocean_disable_title":"default","ocean_disable_heading":"default","ocean_post_title":"","ocean_post_subheading":"","ocean_post_title_style":"","ocean_post_title_background_color":"","ocean_post_title_background":0,"ocean_post_title_bg_image_position":"","ocean_post_title_bg_image_attachment":"","ocean_post_title_bg_image_repeat":"","ocean_post_title_bg_image_size":"","ocean_post_title_height":0,"ocean_post_title_bg_overlay":0.5,"ocean_post_title_bg_overlay_color":"","ocean_disable_breadcrumbs":"default","ocean_breadcrumbs_color":"","ocean_breadcrumbs_separator_color":"","ocean_breadcrumbs_links_color":"","ocean_breadcrumbs_links_hover_color":"","ocean_display_footer_widgets":"default","ocean_display_footer_bottom":"default","ocean_custom_footer_template":"0","osh_disable_topbar_sticky":"default","osh_disable_header_sticky":"default","osh_sticky_header_style":"default","osh_sticky_header_effect":"","osh_custom_sticky_logo":0,"osh_custom_retina_sticky_logo":0,"osh_custom_sticky_logo_height":0,"osh_background_color":"","osh_links_color":"","osh_links_hover_color":"","osh_links_active_color":"","osh_links_bg_color":"","osh_links_hover_bg_color":"","osh_links_active_bg_color":"","osh_menu_social_links_color":"","osh_menu_social_hover_links_color":""},"product_brand":[],"product_cat":[31],"product_tag":[175,174,176],"class_list":{"0":"post-3206","1":"product","2":"type-product","3":"status-publish","4":"has-post-thumbnail","6":"product_cat-lube-system-accessories","7":"product_tag-copper-connector","8":"product_tag-copper-right-angle-elbow","9":"product_tag-pipe-adapter","11":"entry","12":"has-media","14":"first","15":"instock","16":"shipping-taxable","17":"product-type-external","18":"col","19":"span_1_of_3","20":"owp-content-center","21":"owp-thumbs-layout-horizontal","22":"owp-btn-very-big","23":"owp-tabs-layout-horizontal"},"_links":{"self":[{"href":"https:\/\/www.jinpinlub.com\/es\/wp-json\/wp\/v2\/product\/3206","targetHints":{"allow":["GET"]}}],"collection":[{"href":"https:\/\/www.jinpinlub.com\/es\/wp-json\/wp\/v2\/product"}],"about":[{"href":"https:\/\/www.jinpinlub.com\/es\/wp-json\/wp\/v2\/types\/product"}],"wp:featuredmedia":[{"embeddable":true,"href":"https:\/\/www.jinpinlub.com\/es\/wp-json\/wp\/v2\/media\/3156"}],"wp:attachment":[{"href":"https:\/\/www.jinpinlub.com\/es\/wp-json\/wp\/v2\/media?parent=3206"}],"wp:term":[{"taxonomy":"product_brand","embeddable":true,"href":"https:\/\/www.jinpinlub.com\/es\/wp-json\/wp\/v2\/product_brand?post=3206"},{"taxonomy":"product_cat","embeddable":true,"href":"https:\/\/www.jinpinlub.com\/es\/wp-json\/wp\/v2\/product_cat?post=3206"},{"taxonomy":"product_tag","embeddable":true,"href":"https:\/\/www.jinpinlub.com\/es\/wp-json\/wp\/v2\/product_tag?post=3206"}],"curies":[{"name":"wp","href":"https:\/\/api.w.org\/{rel}","templated":true}]}}