{"id":3209,"date":"2024-08-12T15:41:06","date_gmt":"2024-08-12T15:41:06","guid":{"rendered":"https:\/\/www.jinpinlub.com\/?post_type=product&#038;p=3209"},"modified":"2024-08-12T15:54:01","modified_gmt":"2024-08-12T15:54:01","slug":"adaptador-de-tuberia-con-conector-en-t-de-3-vias-fijo-de-aleacion-de-zinc-pkd-6","status":"publish","type":"product","link":"https:\/\/www.jinpinlub.com\/es\/product\/pkd-6-zinc-alloy-fixed-3-way-tee-connector-pipeline-adapter\/","title":{"rendered":"Adaptador de tuber\u00eda con conector en T fijo de 3 v\u00edas de aleaci\u00f3n de zinc PKD-6"},"content":{"rendered":"<h2>Caracter\u00edsticas<\/h2>\n<p>Material: La materia prima utilizada en el proceso de fabricaci\u00f3n de un conector en T de tres v\u00edas es aleaci\u00f3n de zinc. La aleaci\u00f3n de zinc cuenta con excelentes propiedades anticorrosivas, que pueden resistir eficazmente la corrosi\u00f3n de medios como el agua y el gas.<br \/>\nTiene un dise\u00f1o de estructura en forma de T, por lo que se pueden realizar conexiones de tuber\u00edas en tres direcciones. Adem\u00e1s, tiene una funci\u00f3n de fijaci\u00f3n para garantizar la estabilidad y confiabilidad de las conexiones de tuber\u00edas.<br \/>\nEspecificaciones: Se pueden realizar varias especificaciones de uni\u00f3n en T fija de aleaci\u00f3n de zinc seg\u00fan diferentes di\u00e1metros de tuber\u00eda y requisitos de conexi\u00f3n.<br \/>\nConexi\u00f3n: Esta categor\u00eda de uni\u00f3n generalmente utiliza el m\u00e9todo de conexi\u00f3n por rosca. Durante la instalaci\u00f3n, se debe garantizar que las roscas coincidan y sellen para evitar fugas.<\/p>\n<h2>Especificaci\u00f3n<\/h2>\n<figure id=\"attachment_3210\" aria-describedby=\"caption-attachment-3210\" style=\"width: 800px\" class=\"wp-caption alignnone\"><img loading=\"lazy\" decoding=\"async\" class=\"size-full wp-image-3210\" src=\"https:\/\/www.jinpinlub.com\/wp-content\/uploads\/2024\/08\/PKD-specification.jpg\" alt=\"Especificaci\u00f3n PKD\" width=\"800\" height=\"390\" srcset=\"https:\/\/www.jinpinlub.com\/wp-content\/uploads\/2024\/08\/PKD-specification.jpg 800w, https:\/\/www.jinpinlub.com\/wp-content\/uploads\/2024\/08\/PKD-specification-300x146.jpg 300w, https:\/\/www.jinpinlub.com\/wp-content\/uploads\/2024\/08\/PKD-specification-768x374.jpg 768w, https:\/\/www.jinpinlub.com\/wp-content\/uploads\/2024\/08\/PKD-specification-18x9.jpg 18w\" sizes=\"auto, (max-width: 800px) 100vw, 800px\" \/><figcaption id=\"caption-attachment-3210\" class=\"wp-caption-text\">Especificaci\u00f3n PKD<\/figcaption><\/figure>\n<h2>Solicitud<\/h2>\n<p>Aseg\u00farese de que las especificaciones del conector de tres v\u00edas sean compatibles con las especificaciones de la tuber\u00eda.<br \/>\nAntes de la instalaci\u00f3n, verifique que la rosca de la uni\u00f3n en forma de T est\u00e9 completa y no est\u00e9 da\u00f1ada.<br \/>\nConectar de acuerdo con la t\u00e9cnica de instalaci\u00f3n adecuada para garantizar un buen sellado y estabilidad.<br \/>\nAdem\u00e1s, aseg\u00farese de revisar y mantener las conexiones en T peri\u00f3dicamente para evitar da\u00f1ar el sistema.<\/p>\n<h2>Manuales<\/h2>\n<div class=\"sdm_download_button_box_default\"><div class=\"sdm_download_link\"><a href=\"https:\/\/www.jinpinlub.com\/es\/?sdm_process_download=1&download_id=3171\" class=\"sdm_download white\" title=\"Privado: OM\/JD\/PKD\/PJD\/PJDB\" target=\"&quot;_blank&quot;\">Ver hoja de datos - OM\/JD\/PKD\/PJD\/PJDB<\/a><\/div><\/div>","protected":false},"excerpt":{"rendered":"<p>La uni\u00f3n en T fija de aleaci\u00f3n de zinc es un conector de tuber\u00edas de uso com\u00fan. Los tama\u00f1os que ofrecemos son perfectamente compatibles con las tuber\u00edas del sistema de lubricaci\u00f3n. Est\u00e1 hecha de material de aleaci\u00f3n de zinc y tiene buena resistencia a la corrosi\u00f3n y propiedades mec\u00e1nicas.<\/p>","protected":false},"featured_media":3169,"template":"","meta":{"ocean_post_layout":"","ocean_both_sidebars_style":"","ocean_both_sidebars_content_width":0,"ocean_both_sidebars_sidebars_width":0,"ocean_sidebar":"0","ocean_second_sidebar":"0","ocean_disable_margins":"enable","ocean_add_body_class":"","ocean_shortcode_before_top_bar":"","ocean_shortcode_after_top_bar":"","ocean_shortcode_before_header":"","ocean_shortcode_after_header":"","ocean_has_shortcode":"","ocean_shortcode_after_title":"","ocean_shortcode_before_footer_widgets":"","ocean_shortcode_after_footer_widgets":"","ocean_shortcode_before_footer_bottom":"","ocean_shortcode_after_footer_bottom":"","ocean_display_top_bar":"default","ocean_display_header":"default","ocean_header_style":"","ocean_center_header_left_menu":"0","ocean_custom_header_template":"0","ocean_custom_logo":0,"ocean_custom_retina_logo":0,"ocean_custom_logo_max_width":0,"ocean_custom_logo_tablet_max_width":0,"ocean_custom_logo_mobile_max_width":0,"ocean_custom_logo_max_height":0,"ocean_custom_logo_tablet_max_height":0,"ocean_custom_logo_mobile_max_height":0,"ocean_header_custom_menu":"0","ocean_menu_typo_font_family":"0","ocean_menu_typo_font_subset":"","ocean_menu_typo_font_size":0,"ocean_menu_typo_font_size_tablet":0,"ocean_menu_typo_font_size_mobile":0,"ocean_menu_typo_font_size_unit":"px","ocean_menu_typo_font_weight":"","ocean_menu_typo_font_weight_tablet":"","ocean_menu_typo_font_weight_mobile":"","ocean_menu_typo_transform":"","ocean_menu_typo_transform_tablet":"","ocean_menu_typo_transform_mobile":"","ocean_menu_typo_line_height":0,"ocean_menu_typo_line_height_tablet":0,"ocean_menu_typo_line_height_mobile":0,"ocean_menu_typo_line_height_unit":"","ocean_menu_typo_spacing":0,"ocean_menu_typo_spacing_tablet":0,"ocean_menu_typo_spacing_mobile":0,"ocean_menu_typo_spacing_unit":"","ocean_menu_link_color":"","ocean_menu_link_color_hover":"","ocean_menu_link_color_active":"","ocean_menu_link_background":"","ocean_menu_link_hover_background":"","ocean_menu_link_active_background":"","ocean_menu_social_links_bg":"","ocean_menu_social_hover_links_bg":"","ocean_menu_social_links_color":"","ocean_menu_social_hover_links_color":"","ocean_disable_title":"default","ocean_disable_heading":"default","ocean_post_title":"","ocean_post_subheading":"","ocean_post_title_style":"","ocean_post_title_background_color":"","ocean_post_title_background":0,"ocean_post_title_bg_image_position":"","ocean_post_title_bg_image_attachment":"","ocean_post_title_bg_image_repeat":"","ocean_post_title_bg_image_size":"","ocean_post_title_height":0,"ocean_post_title_bg_overlay":0.5,"ocean_post_title_bg_overlay_color":"","ocean_disable_breadcrumbs":"default","ocean_breadcrumbs_color":"","ocean_breadcrumbs_separator_color":"","ocean_breadcrumbs_links_color":"","ocean_breadcrumbs_links_hover_color":"","ocean_display_footer_widgets":"default","ocean_display_footer_bottom":"default","ocean_custom_footer_template":"0","osh_disable_topbar_sticky":"default","osh_disable_header_sticky":"default","osh_sticky_header_style":"default","osh_sticky_header_effect":"","osh_custom_sticky_logo":0,"osh_custom_retina_sticky_logo":0,"osh_custom_sticky_logo_height":0,"osh_background_color":"","osh_links_color":"","osh_links_hover_color":"","osh_links_active_color":"","osh_links_bg_color":"","osh_links_hover_bg_color":"","osh_links_active_bg_color":"","osh_menu_social_links_color":"","osh_menu_social_hover_links_color":""},"product_brand":[],"product_cat":[31],"product_tag":[180,172,181],"class_list":{"0":"post-3209","1":"product","2":"type-product","3":"status-publish","4":"has-post-thumbnail","6":"product_cat-lube-system-accessories","7":"product_tag-fixed-3-way-adapter","8":"product_tag-pipeline-adapter","9":"product_tag-tee-connector","11":"entry","12":"has-media","14":"first","15":"instock","16":"shipping-taxable","17":"product-type-external","18":"col","19":"span_1_of_3","20":"owp-content-center","21":"owp-thumbs-layout-horizontal","22":"owp-btn-very-big","23":"owp-tabs-layout-horizontal"},"_links":{"self":[{"href":"https:\/\/www.jinpinlub.com\/es\/wp-json\/wp\/v2\/product\/3209","targetHints":{"allow":["GET"]}}],"collection":[{"href":"https:\/\/www.jinpinlub.com\/es\/wp-json\/wp\/v2\/product"}],"about":[{"href":"https:\/\/www.jinpinlub.com\/es\/wp-json\/wp\/v2\/types\/product"}],"wp:featuredmedia":[{"embeddable":true,"href":"https:\/\/www.jinpinlub.com\/es\/wp-json\/wp\/v2\/media\/3169"}],"wp:attachment":[{"href":"https:\/\/www.jinpinlub.com\/es\/wp-json\/wp\/v2\/media?parent=3209"}],"wp:term":[{"taxonomy":"product_brand","embeddable":true,"href":"https:\/\/www.jinpinlub.com\/es\/wp-json\/wp\/v2\/product_brand?post=3209"},{"taxonomy":"product_cat","embeddable":true,"href":"https:\/\/www.jinpinlub.com\/es\/wp-json\/wp\/v2\/product_cat?post=3209"},{"taxonomy":"product_tag","embeddable":true,"href":"https:\/\/www.jinpinlub.com\/es\/wp-json\/wp\/v2\/product_tag?post=3209"}],"curies":[{"name":"wp","href":"https:\/\/api.w.org\/{rel}","templated":true}]}}