{"id":3211,"date":"2024-08-12T15:55:10","date_gmt":"2024-08-12T15:55:10","guid":{"rendered":"https:\/\/www.jinpinlub.com\/?post_type=product&#038;p=3211"},"modified":"2024-08-12T16:12:24","modified_gmt":"2024-08-12T16:12:24","slug":"conector-de-separacion-de-junta-cruzada-fija-pjd-6-para-tuberias","status":"publish","type":"product","link":"https:\/\/www.jinpinlub.com\/es\/product\/pjd-6-fixed-cross-joint-separation-connector-for-piplelines\/","title":{"rendered":"Conector de separaci\u00f3n de junta cruzada fija PJD-6 para tuber\u00edas"},"content":{"rendered":"<h2>Caracter\u00edsticas<\/h2>\n<p>Material: La aleaci\u00f3n de zinc es parcialmente resistente a la corrosi\u00f3n y fuerte, y las juntas de cuatro v\u00edas de aleaci\u00f3n de zinc tienen valor econ\u00f3mico.<br \/>\nM\u00e9todo de conexi\u00f3n: Las juntas de cuatro v\u00edas PJD de tuber\u00edas de lubricaci\u00f3n general pueden conectar diferentes tuber\u00edas simplemente ensamblando el buje de compresi\u00f3n, el manguito de compresi\u00f3n y el revestimiento de la tuber\u00eda.<br \/>\nAlto rendimiento en relaci\u00f3n calidad-precio: Las juntas fijas de cuatro v\u00edas de aleaci\u00f3n de zinc tienen un lugar en algunas aplicaciones de baja presi\u00f3n, baja temperatura o con altos requisitos de costo.<\/p>\n<h2>Especificaci\u00f3n<\/h2>\n<figure id=\"attachment_3212\" aria-describedby=\"caption-attachment-3212\" style=\"width: 800px\" class=\"wp-caption alignnone\"><img loading=\"lazy\" decoding=\"async\" class=\"size-full wp-image-3212\" src=\"https:\/\/www.jinpinlub.com\/wp-content\/uploads\/2024\/08\/PJD-specification.jpg\" alt=\"Especificaci\u00f3n PJD\" width=\"800\" height=\"380\" srcset=\"https:\/\/www.jinpinlub.com\/wp-content\/uploads\/2024\/08\/PJD-specification.jpg 800w, https:\/\/www.jinpinlub.com\/wp-content\/uploads\/2024\/08\/PJD-specification-300x143.jpg 300w, https:\/\/www.jinpinlub.com\/wp-content\/uploads\/2024\/08\/PJD-specification-768x365.jpg 768w, https:\/\/www.jinpinlub.com\/wp-content\/uploads\/2024\/08\/PJD-specification-18x9.jpg 18w\" sizes=\"auto, (max-width: 800px) 100vw, 800px\" \/><figcaption id=\"caption-attachment-3212\" class=\"wp-caption-text\">Especificaci\u00f3n PJD<\/figcaption><\/figure>\n<h2>Solicitud<\/h2>\n<p>Los conectores de cuatro v\u00edas PJD se aplican a los sistemas de lubricaci\u00f3n de una variedad de maquinarias y equipos industriales en las industrias qu\u00edmica, petrolera, metal\u00fargica, de gas, energ\u00e9tica, de construcci\u00f3n naval, automotriz y de construcci\u00f3n. Conectan principalmente cuatro tuber\u00edas de sistemas de lubricaci\u00f3n para realizar el suministro, desv\u00edo o giro de lubricantes.<\/p>\n<h2>Manuales<\/h2>\n<div class=\"sdm_download_button_box_default\"><div class=\"sdm_download_link\"><a href=\"https:\/\/www.jinpinlub.com\/es\/?sdm_process_download=1&download_id=3171\" class=\"sdm_download white\" title=\"Privado: OM\/JD\/PKD\/PJD\/PJDB\" target=\"&quot;_blank&quot;\">Ver hoja de datos - OM\/JD\/PKD\/PJD\/PJDB<\/a><\/div><\/div>","protected":false},"excerpt":{"rendered":"<p>La junta fija de cuatro v\u00edas de aleaci\u00f3n de zinc PJD es un tipo de conector de tuber\u00eda que se utiliza para conectar cuatro tuber\u00edas en tuber\u00edas de lubricaci\u00f3n. Este tipo de junta se utiliza generalmente en situaciones en las que se requiere una conexi\u00f3n o direcci\u00f3n flexible.<\/p>","protected":false},"featured_media":3163,"template":"","meta":{"ocean_post_layout":"","ocean_both_sidebars_style":"","ocean_both_sidebars_content_width":0,"ocean_both_sidebars_sidebars_width":0,"ocean_sidebar":"0","ocean_second_sidebar":"0","ocean_disable_margins":"enable","ocean_add_body_class":"","ocean_shortcode_before_top_bar":"","ocean_shortcode_after_top_bar":"","ocean_shortcode_before_header":"","ocean_shortcode_after_header":"","ocean_has_shortcode":"","ocean_shortcode_after_title":"","ocean_shortcode_before_footer_widgets":"","ocean_shortcode_after_footer_widgets":"","ocean_shortcode_before_footer_bottom":"","ocean_shortcode_after_footer_bottom":"","ocean_display_top_bar":"default","ocean_display_header":"default","ocean_header_style":"","ocean_center_header_left_menu":"0","ocean_custom_header_template":"0","ocean_custom_logo":0,"ocean_custom_retina_logo":0,"ocean_custom_logo_max_width":0,"ocean_custom_logo_tablet_max_width":0,"ocean_custom_logo_mobile_max_width":0,"ocean_custom_logo_max_height":0,"ocean_custom_logo_tablet_max_height":0,"ocean_custom_logo_mobile_max_height":0,"ocean_header_custom_menu":"0","ocean_menu_typo_font_family":"0","ocean_menu_typo_font_subset":"","ocean_menu_typo_font_size":0,"ocean_menu_typo_font_size_tablet":0,"ocean_menu_typo_font_size_mobile":0,"ocean_menu_typo_font_size_unit":"px","ocean_menu_typo_font_weight":"","ocean_menu_typo_font_weight_tablet":"","ocean_menu_typo_font_weight_mobile":"","ocean_menu_typo_transform":"","ocean_menu_typo_transform_tablet":"","ocean_menu_typo_transform_mobile":"","ocean_menu_typo_line_height":0,"ocean_menu_typo_line_height_tablet":0,"ocean_menu_typo_line_height_mobile":0,"ocean_menu_typo_line_height_unit":"","ocean_menu_typo_spacing":0,"ocean_menu_typo_spacing_tablet":0,"ocean_menu_typo_spacing_mobile":0,"ocean_menu_typo_spacing_unit":"","ocean_menu_link_color":"","ocean_menu_link_color_hover":"","ocean_menu_link_color_active":"","ocean_menu_link_background":"","ocean_menu_link_hover_background":"","ocean_menu_link_active_background":"","ocean_menu_social_links_bg":"","ocean_menu_social_hover_links_bg":"","ocean_menu_social_links_color":"","ocean_menu_social_hover_links_color":"","ocean_disable_title":"default","ocean_disable_heading":"default","ocean_post_title":"","ocean_post_subheading":"","ocean_post_title_style":"","ocean_post_title_background_color":"","ocean_post_title_background":0,"ocean_post_title_bg_image_position":"","ocean_post_title_bg_image_attachment":"","ocean_post_title_bg_image_repeat":"","ocean_post_title_bg_image_size":"","ocean_post_title_height":0,"ocean_post_title_bg_overlay":0.5,"ocean_post_title_bg_overlay_color":"","ocean_disable_breadcrumbs":"default","ocean_breadcrumbs_color":"","ocean_breadcrumbs_separator_color":"","ocean_breadcrumbs_links_color":"","ocean_breadcrumbs_links_hover_color":"","ocean_display_footer_widgets":"default","ocean_display_footer_bottom":"default","ocean_custom_footer_template":"0","osh_disable_topbar_sticky":"default","osh_disable_header_sticky":"default","osh_sticky_header_style":"default","osh_sticky_header_effect":"","osh_custom_sticky_logo":0,"osh_custom_retina_sticky_logo":0,"osh_custom_sticky_logo_height":0,"osh_background_color":"","osh_links_color":"","osh_links_hover_color":"","osh_links_active_color":"","osh_links_bg_color":"","osh_links_hover_bg_color":"","osh_links_active_bg_color":"","osh_menu_social_links_color":"","osh_menu_social_hover_links_color":""},"product_brand":[],"product_cat":[31],"product_tag":[182,172,138],"class_list":{"0":"post-3211","1":"product","2":"type-product","3":"status-publish","4":"has-post-thumbnail","6":"product_cat-lube-system-accessories","7":"product_tag-fixed-cross-joint","8":"product_tag-pipeline-adapter","9":"product_tag-pipeline-connector","11":"entry","12":"has-media","14":"first","15":"instock","16":"shipping-taxable","17":"product-type-external","18":"col","19":"span_1_of_3","20":"owp-content-center","21":"owp-thumbs-layout-horizontal","22":"owp-btn-very-big","23":"owp-tabs-layout-horizontal"},"_links":{"self":[{"href":"https:\/\/www.jinpinlub.com\/es\/wp-json\/wp\/v2\/product\/3211","targetHints":{"allow":["GET"]}}],"collection":[{"href":"https:\/\/www.jinpinlub.com\/es\/wp-json\/wp\/v2\/product"}],"about":[{"href":"https:\/\/www.jinpinlub.com\/es\/wp-json\/wp\/v2\/types\/product"}],"wp:featuredmedia":[{"embeddable":true,"href":"https:\/\/www.jinpinlub.com\/es\/wp-json\/wp\/v2\/media\/3163"}],"wp:attachment":[{"href":"https:\/\/www.jinpinlub.com\/es\/wp-json\/wp\/v2\/media?parent=3211"}],"wp:term":[{"taxonomy":"product_brand","embeddable":true,"href":"https:\/\/www.jinpinlub.com\/es\/wp-json\/wp\/v2\/product_brand?post=3211"},{"taxonomy":"product_cat","embeddable":true,"href":"https:\/\/www.jinpinlub.com\/es\/wp-json\/wp\/v2\/product_cat?post=3211"},{"taxonomy":"product_tag","embeddable":true,"href":"https:\/\/www.jinpinlub.com\/es\/wp-json\/wp\/v2\/product_tag?post=3211"}],"curies":[{"name":"wp","href":"https:\/\/api.w.org\/{rel}","templated":true}]}}