{"id":3314,"date":"2024-08-15T20:37:15","date_gmt":"2024-08-15T20:37:15","guid":{"rendered":"https:\/\/www.jinpinlub.com\/?post_type=product&#038;p=3314"},"modified":"2024-08-16T15:06:41","modified_gmt":"2024-08-16T15:06:41","slug":"bomba-de-lubricacion-con-grasa-de-embolo-accionada-por-motor-j100-con-sensor","status":"publish","type":"product","link":"https:\/\/www.jinpinlub.com\/es\/product\/j100-motor-driven-plunger-grease-lubrication-pump-with-sensor\/","title":{"rendered":"Bomba de lubricaci\u00f3n con grasa de \u00e9mbolo accionada por motor J100 con sensor"},"content":{"rendered":"<h2>Caracter\u00edsticas<\/h2>\n<p>Lubricaci\u00f3n eficiente: dentro del rango de tuber\u00eda especificado y la cantidad de puntos de lubricaci\u00f3n, la bomba de lubricaci\u00f3n J100 puede proporcionar suficiente presi\u00f3n y flujo para garantizar que los puntos de lubricaci\u00f3n obtengan la cantidad de lubricaci\u00f3n requerida.<br \/>\nControl autom\u00e1tico: La bomba de lubricaci\u00f3n puede controlarse autom\u00e1ticamente mediante un control PLC externo o un controlador integrado para mejorar el grado de automatizaci\u00f3n. Existen muchas configuraciones opcionales.<br \/>\nSeguro y confiable: La bomba el\u00e9ctrica J100 tiene monitoreo de nivel bajo de l\u00edquido y funciones de alerta temprana para evitar que la bomba funcione en ralent\u00ed o que el motor de accionamiento se sobrecargue, lo que extiende la vida \u00fatil de la bomba.<br \/>\nSelecci\u00f3n flexible: La bomba de grasa J100 tiene dos modos de funcionamiento. Sobre la base del tipo progresivo, con la adici\u00f3n de un dispositivo de alivio de presi\u00f3n, se puede formar un sistema de engrase de alivio de presi\u00f3n de una sola l\u00ednea.<\/p>\n<h2>Especificaci\u00f3n<\/h2>\n<table>\n<tbody>\n<tr>\n<td>Temperatura de funcionamiento<\/td>\n<td>+0\u2103~+50\u2103, humedad 35~85%RH<\/td>\n<\/tr>\n<tr>\n<td>N\u00famero de puntos de venta<\/td>\n<td>1, 2<\/td>\n<\/tr>\n<tr>\n<td>Capacidad del dep\u00f3sito<\/td>\n<td>0,3 L, 1,5 L (dep\u00f3sito), 0,3 L, 0,7 L (cartucho)<\/td>\n<\/tr>\n<tr>\n<td>Recarga<\/td>\n<td>Accesorio de lubricaci\u00f3n hidr\u00e1ulica<\/td>\n<\/tr>\n<tr>\n<td>Lubricante<\/td>\n<td>Grasas grado NLGI 000~2#<\/td>\n<\/tr>\n<tr>\n<td>Clase de protecci\u00f3n<\/td>\n<td>IP54<\/td>\n<\/tr>\n<tr>\n<td>Descargar<\/td>\n<td>15 ml\/min<\/td>\n<\/tr>\n<tr>\n<td>Presi\u00f3n m\u00e1xima de funcionamiento<\/td>\n<td>8 MPa<\/td>\n<\/tr>\n<tr>\n<td>Hilo de conexi\u00f3n<\/td>\n<td>\u03a66 o \u03a68<\/td>\n<\/tr>\n<tr>\n<td>Voltaje de funcionamiento<\/td>\n<td>24 V CC<\/td>\n<\/tr>\n<tr>\n<td>Proceso de dar un t\u00edtulo<\/td>\n<td>CE<\/td>\n<\/tr>\n<tr>\n<td>Posici\u00f3n de montaje<\/td>\n<td>Vertical<\/td>\n<\/tr>\n<\/tbody>\n<\/table>\n<h2>Aplicaciones<\/h2>\n<p>Las bombas de lubricaci\u00f3n de grasa el\u00e9ctricas J100 se utilizan ampliamente en la lubricaci\u00f3n centralizada de equipos mec\u00e1nicos en diversas industrias, como maquinaria CNC, centros de mecanizado, maquinaria de forja, maquinaria de pl\u00e1stico, maquinaria textil, maquinaria minera, maquinaria de construcci\u00f3n y maquinaria de ingenier\u00eda. Estas bombas pueden cumplir con precisi\u00f3n los requisitos de diferentes industrias en cuanto a cantidad de lubricaci\u00f3n, lo que garantiza el funcionamiento estable de los equipos mec\u00e1nicos y extiende su vida \u00fatil.<\/p>\n<h2>Manuales<\/h2>\n<div class=\"sdm_download_button_box_default\"><div class=\"sdm_download_link\"><a href=\"https:\/\/www.jinpinlub.com\/es\/?sdm_process_download=1&download_id=2462\" class=\"sdm_download white\" title=\"Privado: J100 Grease Pump\" target=\"&quot;_blank&quot;\">Ver hoja de datos - Bomba de grasa J100<\/a><\/div><\/div>","protected":false},"excerpt":{"rendered":"<p>La bomba de lubricaci\u00f3n de grasa el\u00e9ctrica J100 impulsa el \u00e9mbolo y otros componentes en el cuerpo de la bomba a trav\u00e9s del motor para succionar la grasa del dep\u00f3sito y presurizarla, y luego entrega la grasa a alta presi\u00f3n a las piezas de lubricaci\u00f3n a trav\u00e9s de la l\u00ednea de lubricaci\u00f3n.<\/p>","protected":false},"featured_media":3320,"template":"","meta":{"ocean_post_layout":"","ocean_both_sidebars_style":"","ocean_both_sidebars_content_width":0,"ocean_both_sidebars_sidebars_width":0,"ocean_sidebar":"0","ocean_second_sidebar":"0","ocean_disable_margins":"enable","ocean_add_body_class":"","ocean_shortcode_before_top_bar":"","ocean_shortcode_after_top_bar":"","ocean_shortcode_before_header":"","ocean_shortcode_after_header":"","ocean_has_shortcode":"","ocean_shortcode_after_title":"","ocean_shortcode_before_footer_widgets":"","ocean_shortcode_after_footer_widgets":"","ocean_shortcode_before_footer_bottom":"","ocean_shortcode_after_footer_bottom":"","ocean_display_top_bar":"default","ocean_display_header":"default","ocean_header_style":"","ocean_center_header_left_menu":"0","ocean_custom_header_template":"0","ocean_custom_logo":0,"ocean_custom_retina_logo":0,"ocean_custom_logo_max_width":0,"ocean_custom_logo_tablet_max_width":0,"ocean_custom_logo_mobile_max_width":0,"ocean_custom_logo_max_height":0,"ocean_custom_logo_tablet_max_height":0,"ocean_custom_logo_mobile_max_height":0,"ocean_header_custom_menu":"0","ocean_menu_typo_font_family":"0","ocean_menu_typo_font_subset":"","ocean_menu_typo_font_size":0,"ocean_menu_typo_font_size_tablet":0,"ocean_menu_typo_font_size_mobile":0,"ocean_menu_typo_font_size_unit":"px","ocean_menu_typo_font_weight":"","ocean_menu_typo_font_weight_tablet":"","ocean_menu_typo_font_weight_mobile":"","ocean_menu_typo_transform":"","ocean_menu_typo_transform_tablet":"","ocean_menu_typo_transform_mobile":"","ocean_menu_typo_line_height":0,"ocean_menu_typo_line_height_tablet":0,"ocean_menu_typo_line_height_mobile":0,"ocean_menu_typo_line_height_unit":"","ocean_menu_typo_spacing":0,"ocean_menu_typo_spacing_tablet":0,"ocean_menu_typo_spacing_mobile":0,"ocean_menu_typo_spacing_unit":"","ocean_menu_link_color":"","ocean_menu_link_color_hover":"","ocean_menu_link_color_active":"","ocean_menu_link_background":"","ocean_menu_link_hover_background":"","ocean_menu_link_active_background":"","ocean_menu_social_links_bg":"","ocean_menu_social_hover_links_bg":"","ocean_menu_social_links_color":"","ocean_menu_social_hover_links_color":"","ocean_disable_title":"default","ocean_disable_heading":"default","ocean_post_title":"","ocean_post_subheading":"","ocean_post_title_style":"","ocean_post_title_background_color":"","ocean_post_title_background":0,"ocean_post_title_bg_image_position":"","ocean_post_title_bg_image_attachment":"","ocean_post_title_bg_image_repeat":"","ocean_post_title_bg_image_size":"","ocean_post_title_height":0,"ocean_post_title_bg_overlay":0.5,"ocean_post_title_bg_overlay_color":"","ocean_disable_breadcrumbs":"default","ocean_breadcrumbs_color":"","ocean_breadcrumbs_separator_color":"","ocean_breadcrumbs_links_color":"","ocean_breadcrumbs_links_hover_color":"","ocean_display_footer_widgets":"default","ocean_display_footer_bottom":"default","ocean_custom_footer_template":"0","osh_disable_topbar_sticky":"default","osh_disable_header_sticky":"default","osh_sticky_header_style":"default","osh_sticky_header_effect":"","osh_custom_sticky_logo":0,"osh_custom_retina_sticky_logo":0,"osh_custom_sticky_logo_height":0,"osh_background_color":"","osh_links_color":"","osh_links_hover_color":"","osh_links_active_color":"","osh_links_bg_color":"","osh_links_hover_bg_color":"","osh_links_active_bg_color":"","osh_menu_social_links_color":"","osh_menu_social_hover_links_color":""},"product_brand":[],"product_cat":[42,41],"product_tag":[74,186,187],"class_list":{"0":"post-3314","1":"product","2":"type-product","3":"status-publish","4":"has-post-thumbnail","6":"product_cat-electric-progressive-pumps","7":"product_cat-progressive-grease-systems","8":"product_tag-automatic-lubrication-pump","9":"product_tag-electric-lubrication-pump-supplier","10":"product_tag-electric-operated-grease-pump","12":"entry","13":"has-media","15":"first","16":"instock","17":"shipping-taxable","18":"product-type-external","19":"col","20":"span_1_of_3","21":"owp-content-center","22":"owp-thumbs-layout-horizontal","23":"owp-btn-very-big","24":"owp-tabs-layout-horizontal"},"_links":{"self":[{"href":"https:\/\/www.jinpinlub.com\/es\/wp-json\/wp\/v2\/product\/3314","targetHints":{"allow":["GET"]}}],"collection":[{"href":"https:\/\/www.jinpinlub.com\/es\/wp-json\/wp\/v2\/product"}],"about":[{"href":"https:\/\/www.jinpinlub.com\/es\/wp-json\/wp\/v2\/types\/product"}],"wp:featuredmedia":[{"embeddable":true,"href":"https:\/\/www.jinpinlub.com\/es\/wp-json\/wp\/v2\/media\/3320"}],"wp:attachment":[{"href":"https:\/\/www.jinpinlub.com\/es\/wp-json\/wp\/v2\/media?parent=3314"}],"wp:term":[{"taxonomy":"product_brand","embeddable":true,"href":"https:\/\/www.jinpinlub.com\/es\/wp-json\/wp\/v2\/product_brand?post=3314"},{"taxonomy":"product_cat","embeddable":true,"href":"https:\/\/www.jinpinlub.com\/es\/wp-json\/wp\/v2\/product_cat?post=3314"},{"taxonomy":"product_tag","embeddable":true,"href":"https:\/\/www.jinpinlub.com\/es\/wp-json\/wp\/v2\/product_tag?post=3314"}],"curies":[{"name":"wp","href":"https:\/\/api.w.org\/{rel}","templated":true}]}}