{"id":3318,"date":"2024-08-16T14:40:19","date_gmt":"2024-08-16T14:40:19","guid":{"rendered":"https:\/\/www.jinpinlub.com\/?post_type=product&#038;p=3318"},"modified":"2024-08-16T15:03:43","modified_gmt":"2024-08-16T15:03:43","slug":"bomba-de-lubricacion-automatica-j100-con-control-del-nivel-de-llenado","status":"publish","type":"product","link":"https:\/\/www.jinpinlub.com\/es\/product\/j100-automatic-lubrication-pump-with-fill-level-monitoring\/","title":{"rendered":"Bomba de lubricaci\u00f3n autom\u00e1tica J100 con control del nivel de llenado"},"content":{"rendered":"<h2>Caracter\u00edsticas<\/h2>\n<p>Lubricaci\u00f3n eficiente: la bomba de lubricaci\u00f3n con grasa J200 puede proporcionar un efecto de lubricaci\u00f3n estable para garantizar el funcionamiento normal del equipo bajo alta carga.<br \/>\nGran durabilidad: la bomba de grasa de una sola l\u00ednea J200 est\u00e1 fabricada con materiales de alta calidad y tiene buena resistencia al desgaste y a la corrosi\u00f3n.<br \/>\nF\u00e1cil operaci\u00f3n: La bomba de lubricaci\u00f3n de alivio de presi\u00f3n tiene un dise\u00f1o simple, es f\u00e1cil de instalar y mantener, y los usuarios pueden reemplazar f\u00e1cilmente el lubricante.<br \/>\nDise\u00f1o respetuoso con el medio ambiente: el sistema de lubricaci\u00f3n liviano J200 tiene una descarga precisa, combinada con una v\u00e1lvula dosificadora cuantitativa como distribuidor, que puede reducir el desperdicio y la contaminaci\u00f3n del lubricante y cumplir con los requisitos de protecci\u00f3n ambiental.<br \/>\nSeguro y confiable: La bomba de lubricaci\u00f3n el\u00e9ctrica tiene protecci\u00f3n contra sobrepresi\u00f3n y funciones de alarma de bajo nivel de aceite para garantizar el funcionamiento seguro del equipo.<\/p>\n<h2>Especificaci\u00f3n<\/h2>\n<table>\n<tbody>\n<tr>\n<td>Temperatura de funcionamiento<\/td>\n<td>0 ~ +50 \u00b0C<\/td>\n<\/tr>\n<tr>\n<td>N\u00famero de puntos de venta<\/td>\n<td>1, 2<\/td>\n<\/tr>\n<tr>\n<td>Capacidad del dep\u00f3sito<\/td>\n<td>0,3 L, 1,5 L (dep\u00f3sito), 0,3 L, 0,7 L (cartucho)<\/td>\n<\/tr>\n<tr>\n<td>Recarga<\/td>\n<td>Accesorio de lubricaci\u00f3n hidr\u00e1ulica<\/td>\n<\/tr>\n<tr>\n<td>Lubricante<\/td>\n<td>Grasas grado NLGI 000~2#<\/td>\n<\/tr>\n<tr>\n<td>Clase de protecci\u00f3n<\/td>\n<td>IP54<\/td>\n<\/tr>\n<tr>\n<td>Descargar<\/td>\n<td>15 ml\/min<\/td>\n<\/tr>\n<tr>\n<td>Presi\u00f3n m\u00e1xima de funcionamiento<\/td>\n<td>8 MPa<\/td>\n<\/tr>\n<tr>\n<td>Hilo de conexi\u00f3n<\/td>\n<td>\u03a66 o \u03a68<\/td>\n<\/tr>\n<tr>\n<td>Voltaje de funcionamiento<\/td>\n<td>24 V CC<\/td>\n<\/tr>\n<tr>\n<td>Proceso de dar un t\u00edtulo<\/td>\n<td>CE<\/td>\n<\/tr>\n<tr>\n<td>Posici\u00f3n de montaje<\/td>\n<td>Vertical<\/td>\n<\/tr>\n<\/tbody>\n<\/table>\n<h2>Montaje<\/h2>\n<p>No deje caer el producto ya que podr\u00eda provocar lesiones o da\u00f1os a la propiedad.<br \/>\nAl montar tubos y piezas m\u00f3viles relacionadas, mantenga una distancia segura y siga las regulaciones locales para evitar accidentes.<br \/>\nAseg\u00farese de fijar la bomba en una superficie vertical y plana para que pueda soportar completamente el peso de la bomba.<br \/>\nMonte y fije la bomba con tres pernos M6 a trav\u00e9s del orificio de 7 mm.<br \/>\nSe recomienda aplicar pegamento antivibraci\u00f3n cuando la bomba est\u00e9 sometida a vibraciones.<br \/>\nInstale la bomba en un lugar aislado del agua, aceite, virutas y polvo.<br \/>\nVibraci\u00f3n: 9G (88m\/s2) o menos.<\/p>\n<h2>Manuales<\/h2>\n<div class=\"sdm_download_button_box_default\"><div class=\"sdm_download_link\"><a href=\"https:\/\/www.jinpinlub.com\/es\/?sdm_process_download=1&download_id=2464\" class=\"sdm_download white\" title=\"Privado: J200 Grease Pump\" target=\"&quot;_blank&quot;\">Ver hoja de datos - Bomba de grasa J200<\/a><\/div><\/div>","protected":false},"excerpt":{"rendered":"<p>La P200 es una bomba de lubricaci\u00f3n de alivio de presi\u00f3n, equipada con un dispositivo dosificador de lubricaci\u00f3n de alivio de presi\u00f3n para formar un sistema de lubricaci\u00f3n de l\u00ednea \u00fanica, que puede lubricar el equipo con precisi\u00f3n. Esta bomba es de tama\u00f1o peque\u00f1o, liviana y tiene una amplia gama de aplicaciones.<\/p>","protected":false},"featured_media":3323,"template":"","meta":{"ocean_post_layout":"","ocean_both_sidebars_style":"","ocean_both_sidebars_content_width":0,"ocean_both_sidebars_sidebars_width":0,"ocean_sidebar":"0","ocean_second_sidebar":"0","ocean_disable_margins":"enable","ocean_add_body_class":"","ocean_shortcode_before_top_bar":"","ocean_shortcode_after_top_bar":"","ocean_shortcode_before_header":"","ocean_shortcode_after_header":"","ocean_has_shortcode":"","ocean_shortcode_after_title":"","ocean_shortcode_before_footer_widgets":"","ocean_shortcode_after_footer_widgets":"","ocean_shortcode_before_footer_bottom":"","ocean_shortcode_after_footer_bottom":"","ocean_display_top_bar":"default","ocean_display_header":"default","ocean_header_style":"","ocean_center_header_left_menu":"0","ocean_custom_header_template":"0","ocean_custom_logo":0,"ocean_custom_retina_logo":0,"ocean_custom_logo_max_width":0,"ocean_custom_logo_tablet_max_width":0,"ocean_custom_logo_mobile_max_width":0,"ocean_custom_logo_max_height":0,"ocean_custom_logo_tablet_max_height":0,"ocean_custom_logo_mobile_max_height":0,"ocean_header_custom_menu":"0","ocean_menu_typo_font_family":"0","ocean_menu_typo_font_subset":"","ocean_menu_typo_font_size":0,"ocean_menu_typo_font_size_tablet":0,"ocean_menu_typo_font_size_mobile":0,"ocean_menu_typo_font_size_unit":"px","ocean_menu_typo_font_weight":"","ocean_menu_typo_font_weight_tablet":"","ocean_menu_typo_font_weight_mobile":"","ocean_menu_typo_transform":"","ocean_menu_typo_transform_tablet":"","ocean_menu_typo_transform_mobile":"","ocean_menu_typo_line_height":0,"ocean_menu_typo_line_height_tablet":0,"ocean_menu_typo_line_height_mobile":0,"ocean_menu_typo_line_height_unit":"","ocean_menu_typo_spacing":0,"ocean_menu_typo_spacing_tablet":0,"ocean_menu_typo_spacing_mobile":0,"ocean_menu_typo_spacing_unit":"","ocean_menu_link_color":"","ocean_menu_link_color_hover":"","ocean_menu_link_color_active":"","ocean_menu_link_background":"","ocean_menu_link_hover_background":"","ocean_menu_link_active_background":"","ocean_menu_social_links_bg":"","ocean_menu_social_hover_links_bg":"","ocean_menu_social_links_color":"","ocean_menu_social_hover_links_color":"","ocean_disable_title":"default","ocean_disable_heading":"default","ocean_post_title":"","ocean_post_subheading":"","ocean_post_title_style":"","ocean_post_title_background_color":"","ocean_post_title_background":0,"ocean_post_title_bg_image_position":"","ocean_post_title_bg_image_attachment":"","ocean_post_title_bg_image_repeat":"","ocean_post_title_bg_image_size":"","ocean_post_title_height":0,"ocean_post_title_bg_overlay":0.5,"ocean_post_title_bg_overlay_color":"","ocean_disable_breadcrumbs":"default","ocean_breadcrumbs_color":"","ocean_breadcrumbs_separator_color":"","ocean_breadcrumbs_links_color":"","ocean_breadcrumbs_links_hover_color":"","ocean_display_footer_widgets":"default","ocean_display_footer_bottom":"default","ocean_custom_footer_template":"0","osh_disable_topbar_sticky":"default","osh_disable_header_sticky":"default","osh_sticky_header_style":"default","osh_sticky_header_effect":"","osh_custom_sticky_logo":0,"osh_custom_retina_sticky_logo":0,"osh_custom_sticky_logo_height":0,"osh_background_color":"","osh_links_color":"","osh_links_hover_color":"","osh_links_active_color":"","osh_links_bg_color":"","osh_links_hover_bg_color":"","osh_links_active_bg_color":"","osh_menu_social_links_color":"","osh_menu_social_hover_links_color":""},"product_brand":[],"product_cat":[38,37],"product_tag":[74,196,197],"class_list":{"0":"post-3318","1":"product","2":"type-product","3":"status-publish","4":"has-post-thumbnail","6":"product_cat-electric-pressure-relief-pumps","7":"product_cat-single-line-grease-systems","8":"product_tag-automatic-lubrication-pump","9":"product_tag-grease-lubrication-system","10":"product_tag-pressure-relief-pump","12":"entry","13":"has-media","15":"first","16":"instock","17":"shipping-taxable","18":"product-type-external","19":"col","20":"span_1_of_3","21":"owp-content-center","22":"owp-thumbs-layout-horizontal","23":"owp-btn-very-big","24":"owp-tabs-layout-horizontal"},"_links":{"self":[{"href":"https:\/\/www.jinpinlub.com\/es\/wp-json\/wp\/v2\/product\/3318","targetHints":{"allow":["GET"]}}],"collection":[{"href":"https:\/\/www.jinpinlub.com\/es\/wp-json\/wp\/v2\/product"}],"about":[{"href":"https:\/\/www.jinpinlub.com\/es\/wp-json\/wp\/v2\/types\/product"}],"wp:featuredmedia":[{"embeddable":true,"href":"https:\/\/www.jinpinlub.com\/es\/wp-json\/wp\/v2\/media\/3323"}],"wp:attachment":[{"href":"https:\/\/www.jinpinlub.com\/es\/wp-json\/wp\/v2\/media?parent=3318"}],"wp:term":[{"taxonomy":"product_brand","embeddable":true,"href":"https:\/\/www.jinpinlub.com\/es\/wp-json\/wp\/v2\/product_brand?post=3318"},{"taxonomy":"product_cat","embeddable":true,"href":"https:\/\/www.jinpinlub.com\/es\/wp-json\/wp\/v2\/product_cat?post=3318"},{"taxonomy":"product_tag","embeddable":true,"href":"https:\/\/www.jinpinlub.com\/es\/wp-json\/wp\/v2\/product_tag?post=3318"}],"curies":[{"name":"wp","href":"https:\/\/api.w.org\/{rel}","templated":true}]}}