{"id":3319,"date":"2024-08-16T14:46:28","date_gmt":"2024-08-16T14:46:28","guid":{"rendered":"https:\/\/www.jinpinlub.com\/?post_type=product&#038;p=3319"},"modified":"2024-08-16T14:50:03","modified_gmt":"2024-08-16T14:50:03","slug":"j200-automatic-lubrication-system-for-mechanical-lubrication","status":"publish","type":"product","link":"https:\/\/www.jinpinlub.com\/es\/product\/j200-automatic-lubrication-system-for-mechanical-lubrication\/","title":{"rendered":"Sistema de lubricaci\u00f3n autom\u00e1tica J200 para lubricaci\u00f3n mec\u00e1nica"},"content":{"rendered":"<h2>Caracter\u00edsticas<\/h2>\n<p>Environmental protection: The precise lubrication amount of the pressure relief single-line system avoids the waste of lubricant, does not pollute the environment and workpieces, and is suitable for processing environments with high cleanliness requirements.<br \/>\nDurability: The lubrication pump can maintain excellent lubrication performance under relatively extreme conditions, such as various working conditions, including high temperature, low temperature, heavy load, vibration load, high load, etc.<br \/>\nStability: The electric lubrication pump works stably under various conditions to ensure that the lubrication effect obtained by the machine is stable and lasting.<br \/>\nExtrusion: The J200 grease pump is suitable for lubrication parts with high speed, medium speed, low speed, and frequent intermittent or reciprocating motion, ensuring that the grease can effectively reach the parts that need lubrication.<\/p>\n<h2>Especificaci\u00f3n<\/h2>\n<table>\n<tbody>\n<tr>\n<td>Temperatura de funcionamiento<\/td>\n<td>0 ~ +50 \u00b0C<\/td>\n<\/tr>\n<tr>\n<td>N\u00famero de puntos de venta<\/td>\n<td>1, 2<\/td>\n<\/tr>\n<tr>\n<td>Capacidad del dep\u00f3sito<\/td>\n<td>0,3 L, 1,5 L (dep\u00f3sito), 0,3 L, 0,7 L (cartucho)<\/td>\n<\/tr>\n<tr>\n<td>Recarga<\/td>\n<td>Accesorio de lubricaci\u00f3n hidr\u00e1ulica<\/td>\n<\/tr>\n<tr>\n<td>Lubricante<\/td>\n<td>Grasas grado NLGI 000~2#<\/td>\n<\/tr>\n<tr>\n<td>Clase de protecci\u00f3n<\/td>\n<td>IP54<\/td>\n<\/tr>\n<tr>\n<td>Descargar<\/td>\n<td>15 ml\/min<\/td>\n<\/tr>\n<tr>\n<td>Presi\u00f3n m\u00e1xima de funcionamiento<\/td>\n<td>8 MPa<\/td>\n<\/tr>\n<tr>\n<td>Hilo de conexi\u00f3n<\/td>\n<td>\u03a66 o \u03a68<\/td>\n<\/tr>\n<tr>\n<td>Voltaje de funcionamiento<\/td>\n<td>24 V CC<\/td>\n<\/tr>\n<tr>\n<td>Proceso de dar un t\u00edtulo<\/td>\n<td>CE<\/td>\n<\/tr>\n<tr>\n<td>Posici\u00f3n de montaje<\/td>\n<td>Vertical<\/td>\n<\/tr>\n<\/tbody>\n<\/table>\n<h2>Pipelines<\/h2>\n<p>Connect tube to the grease pump outlet (Rc1\/8), use 5 MPa or higher tube, fix the connector, and then tighten it with a wrench 2.5 to 3 turns.<br \/>\nTightening torque10N.m. After connecting, make sure that there is no leakage at the connector of cartridge. For J200 lubriation pump, make sure to exhaust air from the tube and pump after connection.<br \/>\nIf the main line is short, the pressure may reach 8MPa or higher, but there is no problem during use.<\/p>\n<h2>Manuales<\/h2>\n<div class=\"sdm_download_button_box_default\"><div class=\"sdm_download_link\"><a href=\"https:\/\/www.jinpinlub.com\/es\/?sdm_process_download=1&download_id=2464\" class=\"sdm_download white\" title=\"Privado: J200 Grease Pump\" target=\"&quot;_blank&quot;\">Ver hoja de datos - Bomba de grasa J200<\/a><\/div><\/div>","protected":false},"excerpt":{"rendered":"<p>J200 grease lubrication pump is a high-quality, high-performance pressure relief single-line pump. It is popular among users for excellent lubrication performance, environmental performance, high adhesion, mechanical stability and high cost performance.<\/p>","protected":false},"featured_media":3248,"template":"","meta":{"ocean_post_layout":"","ocean_both_sidebars_style":"","ocean_both_sidebars_content_width":0,"ocean_both_sidebars_sidebars_width":0,"ocean_sidebar":"0","ocean_second_sidebar":"0","ocean_disable_margins":"enable","ocean_add_body_class":"","ocean_shortcode_before_top_bar":"","ocean_shortcode_after_top_bar":"","ocean_shortcode_before_header":"","ocean_shortcode_after_header":"","ocean_has_shortcode":"","ocean_shortcode_after_title":"","ocean_shortcode_before_footer_widgets":"","ocean_shortcode_after_footer_widgets":"","ocean_shortcode_before_footer_bottom":"","ocean_shortcode_after_footer_bottom":"","ocean_display_top_bar":"default","ocean_display_header":"default","ocean_header_style":"","ocean_center_header_left_menu":"0","ocean_custom_header_template":"0","ocean_custom_logo":0,"ocean_custom_retina_logo":0,"ocean_custom_logo_max_width":0,"ocean_custom_logo_tablet_max_width":0,"ocean_custom_logo_mobile_max_width":0,"ocean_custom_logo_max_height":0,"ocean_custom_logo_tablet_max_height":0,"ocean_custom_logo_mobile_max_height":0,"ocean_header_custom_menu":"0","ocean_menu_typo_font_family":"0","ocean_menu_typo_font_subset":"","ocean_menu_typo_font_size":0,"ocean_menu_typo_font_size_tablet":0,"ocean_menu_typo_font_size_mobile":0,"ocean_menu_typo_font_size_unit":"px","ocean_menu_typo_font_weight":"","ocean_menu_typo_font_weight_tablet":"","ocean_menu_typo_font_weight_mobile":"","ocean_menu_typo_transform":"","ocean_menu_typo_transform_tablet":"","ocean_menu_typo_transform_mobile":"","ocean_menu_typo_line_height":0,"ocean_menu_typo_line_height_tablet":0,"ocean_menu_typo_line_height_mobile":0,"ocean_menu_typo_line_height_unit":"","ocean_menu_typo_spacing":0,"ocean_menu_typo_spacing_tablet":0,"ocean_menu_typo_spacing_mobile":0,"ocean_menu_typo_spacing_unit":"","ocean_menu_link_color":"","ocean_menu_link_color_hover":"","ocean_menu_link_color_active":"","ocean_menu_link_background":"","ocean_menu_link_hover_background":"","ocean_menu_link_active_background":"","ocean_menu_social_links_bg":"","ocean_menu_social_hover_links_bg":"","ocean_menu_social_links_color":"","ocean_menu_social_hover_links_color":"","ocean_disable_title":"default","ocean_disable_heading":"default","ocean_post_title":"","ocean_post_subheading":"","ocean_post_title_style":"","ocean_post_title_background_color":"","ocean_post_title_background":0,"ocean_post_title_bg_image_position":"","ocean_post_title_bg_image_attachment":"","ocean_post_title_bg_image_repeat":"","ocean_post_title_bg_image_size":"","ocean_post_title_height":0,"ocean_post_title_bg_overlay":0.5,"ocean_post_title_bg_overlay_color":"","ocean_disable_breadcrumbs":"default","ocean_breadcrumbs_color":"","ocean_breadcrumbs_separator_color":"","ocean_breadcrumbs_links_color":"","ocean_breadcrumbs_links_hover_color":"","ocean_display_footer_widgets":"default","ocean_display_footer_bottom":"default","ocean_custom_footer_template":"0","osh_disable_topbar_sticky":"default","osh_disable_header_sticky":"default","osh_sticky_header_style":"default","osh_sticky_header_effect":"","osh_custom_sticky_logo":0,"osh_custom_retina_sticky_logo":0,"osh_custom_sticky_logo_height":0,"osh_background_color":"","osh_links_color":"","osh_links_hover_color":"","osh_links_active_color":"","osh_links_bg_color":"","osh_links_hover_bg_color":"","osh_links_active_bg_color":"","osh_menu_social_links_color":"","osh_menu_social_hover_links_color":""},"product_brand":[],"product_cat":[38,37],"product_tag":[200,198,199],"class_list":{"0":"post-3319","1":"product","2":"type-product","3":"status-publish","4":"has-post-thumbnail","6":"product_cat-electric-pressure-relief-pumps","7":"product_cat-single-line-grease-systems","8":"product_tag-grease-lubrication-equipment","9":"product_tag-machine-tool-lubrication","10":"product_tag-slideway-grease-lubrication","12":"entry","13":"has-media","15":"first","16":"instock","17":"shipping-taxable","18":"product-type-external","19":"col","20":"span_1_of_3","21":"owp-content-center","22":"owp-thumbs-layout-horizontal","23":"owp-btn-very-big","24":"owp-tabs-layout-horizontal"},"_links":{"self":[{"href":"https:\/\/www.jinpinlub.com\/es\/wp-json\/wp\/v2\/product\/3319","targetHints":{"allow":["GET"]}}],"collection":[{"href":"https:\/\/www.jinpinlub.com\/es\/wp-json\/wp\/v2\/product"}],"about":[{"href":"https:\/\/www.jinpinlub.com\/es\/wp-json\/wp\/v2\/types\/product"}],"wp:featuredmedia":[{"embeddable":true,"href":"https:\/\/www.jinpinlub.com\/es\/wp-json\/wp\/v2\/media\/3248"}],"wp:attachment":[{"href":"https:\/\/www.jinpinlub.com\/es\/wp-json\/wp\/v2\/media?parent=3319"}],"wp:term":[{"taxonomy":"product_brand","embeddable":true,"href":"https:\/\/www.jinpinlub.com\/es\/wp-json\/wp\/v2\/product_brand?post=3319"},{"taxonomy":"product_cat","embeddable":true,"href":"https:\/\/www.jinpinlub.com\/es\/wp-json\/wp\/v2\/product_cat?post=3319"},{"taxonomy":"product_tag","embeddable":true,"href":"https:\/\/www.jinpinlub.com\/es\/wp-json\/wp\/v2\/product_tag?post=3319"}],"curies":[{"name":"wp","href":"https:\/\/api.w.org\/{rel}","templated":true}]}}