{"id":3331,"date":"2024-08-20T04:54:54","date_gmt":"2024-08-19T20:54:54","guid":{"rendered":"https:\/\/www.jinpinlub.com\/?post_type=product&#038;p=3331"},"modified":"2024-08-20T05:03:43","modified_gmt":"2024-08-19T21:03:43","slug":"bomba-de-lubricacion-de-grasa-multipunto-electrica-j203-24v-220v","status":"publish","type":"product","link":"https:\/\/www.jinpinlub.com\/es\/product\/j203-24v-220v-electric-multi-point-grease-lubrication-pump\/","title":{"rendered":"Bomba de lubricaci\u00f3n con grasa multipunto el\u00e9ctrica J203 de 24 V y 220 V"},"content":{"rendered":"<h2>Caracter\u00edsticas<\/h2>\n<p><span id=\"input-sentence~0\">Opciones de control flexibles: J203 puede tener una placa de circuito impreso de control adicional, que puede usarse para lograr configuraciones variables en la operaci\u00f3n para adaptarse a una aplicaci\u00f3n particular.<br \/>\nAlta presi\u00f3n de funcionamiento: La bomba de grasa produce una presi\u00f3n de hasta 350 bar, por lo que se garantiza una lubricaci\u00f3n \u00f3ptima, incluso en aplicaciones exigentes.<\/span><span id=\"input-sentence~1\"><br \/>\nRango de temperatura: Esta bomba de lubricaci\u00f3n funciona dentro de un rango de temperatura muy amplio, de -40 \u00b0C a +70 \u00b0C para CC y de -25 \u00b0C a +70 \u00b0C para CA.<br \/>\nElementos de bomba m\u00faltiples: la bomba de lubricaci\u00f3n J203 es capaz de hacer funcionar hasta tres elementos de bomba para proporcionar una salida variable con lubricaci\u00f3n continua.<\/span><span id=\"input-sentence~2\"><br \/>\nProtecci\u00f3n y durabilidad: Su clase de protecci\u00f3n, IP6K9K, garantiza una muy buena protecci\u00f3n contra la entrada de polvo y agua, por lo que es especialmente adecuado para condiciones ambientales exigentes.<br \/>\n<\/span><\/p>\n<h2>Especificaci\u00f3n<\/h2>\n<table>\n<tbody>\n<tr>\n<td>Temperatura de funcionamiento<\/td>\n<td>(-40\u00b0C a +70\u00b0C)<\/td>\n<\/tr>\n<tr>\n<td>N\u00famero de puntos de venta<\/td>\n<td>1, 2 o 3<\/td>\n<\/tr>\n<tr>\n<td>Capacidad del dep\u00f3sito<\/td>\n<td>2L, 4L, 8L<\/td>\n<\/tr>\n<tr>\n<td>Recarga<\/td>\n<td>Accesorio de lubricaci\u00f3n hidr\u00e1ulica o desde arriba<\/td>\n<\/tr>\n<tr>\n<td>Lubricante<\/td>\n<td>Grasas de al menos grado NLGI 2, Aceites de hasta 40 mm\u00b2\/s (cSt) a 40\u00b0 C<\/td>\n<\/tr>\n<tr>\n<td>Clase de protecci\u00f3n<\/td>\n<td>IP6K 9K<\/td>\n<\/tr>\n<tr>\n<td>Di\u00e1metro del pist\u00f3n, K5<\/td>\n<td>5 mm, aprox. 2 cm\u00b3\/min<\/td>\n<\/tr>\n<tr>\n<td>Di\u00e1metro del pist\u00f3n, (est\u00e1ndar) K6<\/td>\n<td>6 mm, aprox. 2,8 cm\u00b3\/min<\/td>\n<\/tr>\n<tr>\n<td>Di\u00e1metro del pist\u00f3n, K7<\/td>\n<td>7 mm, aprox. 4 cm\u00b3\/min<\/td>\n<\/tr>\n<tr>\n<td>Presi\u00f3n m\u00e1xima de funcionamiento<\/td>\n<td>350 bares<\/td>\n<\/tr>\n<tr>\n<td>Hilo de conexi\u00f3n<\/td>\n<td>Sol 1\/4<\/td>\n<\/tr>\n<tr>\n<td>Voltaje de funcionamiento<\/td>\n<td>12 V CC, 24 V CC, 110-240 V CA<\/td>\n<\/tr>\n<\/tbody>\n<\/table>\n<h2>Aplicaciones<\/h2>\n<p><span id=\"input-sentence~2\">Un \u00e1rea de aplicaci\u00f3n t\u00edpica de la bomba de lubricaci\u00f3n J203 es la maquinaria m\u00f3vil, como cargadoras de ruedas y excavadoras.<\/span><span id=\"input-sentence~3\"> Estas m\u00e1quinas a menudo se encuentran en entornos dif\u00edciles y necesitan una lubricaci\u00f3n confiable para mantener su rendimiento y reducir el tiempo de inactividad.<br \/>\nEsta bomba de lubricaci\u00f3n est\u00e1 dise\u00f1ada para su fabricaci\u00f3n con alta presi\u00f3n de funcionamiento y un dise\u00f1o robusto para la lubricaci\u00f3n continua en condiciones tan exigentes. La posibilidad de que el dispositivo gestione varios puntos de lubricaci\u00f3n simult\u00e1neamente, junto con la posibilidad de trabajar dentro de amplios l\u00edmites de temperatura, aumenta su adaptabilidad a las aplicaciones m\u00f3viles.<\/span><\/p>\n<h2>Manuales<\/h2>\n<div class=\"sdm_download_button_box_default\"><div class=\"sdm_download_link\"><a href=\"https:\/\/www.jinpinlub.com\/es\/?sdm_process_download=1&download_id=2429\" class=\"sdm_download white\" title=\"Privado: J203 Grease Pump\" target=\"&quot;_blank&quot;\">Ver hoja de datos - Bomba de grasa J203<\/a><\/div><\/div>","protected":false},"excerpt":{"rendered":"<p>En comparaci\u00f3n con muchas otras bombas de lubricaci\u00f3n, la bomba de lubricaci\u00f3n el\u00e9ctrica J203 es una opci\u00f3n eficiente debido a su resistencia a altas y bajas temperaturas, resistencia a alta presi\u00f3n, versatilidad, m\u00faltiples salidas, voltaje m\u00faltiple, dise\u00f1o integrado y protecci\u00f3n robusta.<\/p>","protected":false},"featured_media":3258,"template":"","meta":{"ocean_post_layout":"","ocean_both_sidebars_style":"","ocean_both_sidebars_content_width":0,"ocean_both_sidebars_sidebars_width":0,"ocean_sidebar":"0","ocean_second_sidebar":"0","ocean_disable_margins":"enable","ocean_add_body_class":"","ocean_shortcode_before_top_bar":"","ocean_shortcode_after_top_bar":"","ocean_shortcode_before_header":"","ocean_shortcode_after_header":"","ocean_has_shortcode":"","ocean_shortcode_after_title":"","ocean_shortcode_before_footer_widgets":"","ocean_shortcode_after_footer_widgets":"","ocean_shortcode_before_footer_bottom":"","ocean_shortcode_after_footer_bottom":"","ocean_display_top_bar":"default","ocean_display_header":"default","ocean_header_style":"","ocean_center_header_left_menu":"0","ocean_custom_header_template":"0","ocean_custom_logo":0,"ocean_custom_retina_logo":0,"ocean_custom_logo_max_width":0,"ocean_custom_logo_tablet_max_width":0,"ocean_custom_logo_mobile_max_width":0,"ocean_custom_logo_max_height":0,"ocean_custom_logo_tablet_max_height":0,"ocean_custom_logo_mobile_max_height":0,"ocean_header_custom_menu":"0","ocean_menu_typo_font_family":"0","ocean_menu_typo_font_subset":"","ocean_menu_typo_font_size":0,"ocean_menu_typo_font_size_tablet":0,"ocean_menu_typo_font_size_mobile":0,"ocean_menu_typo_font_size_unit":"px","ocean_menu_typo_font_weight":"","ocean_menu_typo_font_weight_tablet":"","ocean_menu_typo_font_weight_mobile":"","ocean_menu_typo_transform":"","ocean_menu_typo_transform_tablet":"","ocean_menu_typo_transform_mobile":"","ocean_menu_typo_line_height":0,"ocean_menu_typo_line_height_tablet":0,"ocean_menu_typo_line_height_mobile":0,"ocean_menu_typo_line_height_unit":"","ocean_menu_typo_spacing":0,"ocean_menu_typo_spacing_tablet":0,"ocean_menu_typo_spacing_mobile":0,"ocean_menu_typo_spacing_unit":"","ocean_menu_link_color":"","ocean_menu_link_color_hover":"","ocean_menu_link_color_active":"","ocean_menu_link_background":"","ocean_menu_link_hover_background":"","ocean_menu_link_active_background":"","ocean_menu_social_links_bg":"","ocean_menu_social_hover_links_bg":"","ocean_menu_social_links_color":"","ocean_menu_social_hover_links_color":"","ocean_disable_title":"default","ocean_disable_heading":"default","ocean_post_title":"","ocean_post_subheading":"","ocean_post_title_style":"","ocean_post_title_background_color":"","ocean_post_title_background":0,"ocean_post_title_bg_image_position":"","ocean_post_title_bg_image_attachment":"","ocean_post_title_bg_image_repeat":"","ocean_post_title_bg_image_size":"","ocean_post_title_height":0,"ocean_post_title_bg_overlay":0.5,"ocean_post_title_bg_overlay_color":"","ocean_disable_breadcrumbs":"default","ocean_breadcrumbs_color":"","ocean_breadcrumbs_separator_color":"","ocean_breadcrumbs_links_color":"","ocean_breadcrumbs_links_hover_color":"","ocean_display_footer_widgets":"default","ocean_display_footer_bottom":"default","ocean_custom_footer_template":"0","osh_disable_topbar_sticky":"default","osh_disable_header_sticky":"default","osh_sticky_header_style":"default","osh_sticky_header_effect":"","osh_custom_sticky_logo":0,"osh_custom_retina_sticky_logo":0,"osh_custom_sticky_logo_height":0,"osh_background_color":"","osh_links_color":"","osh_links_hover_color":"","osh_links_active_color":"","osh_links_bg_color":"","osh_links_hover_bg_color":"","osh_links_active_bg_color":"","osh_menu_social_links_color":"","osh_menu_social_hover_links_color":""},"product_brand":[],"product_cat":[42,41],"product_tag":[77,203,91],"class_list":{"0":"post-3331","1":"product","2":"type-product","3":"status-publish","4":"has-post-thumbnail","6":"product_cat-electric-progressive-pumps","7":"product_cat-progressive-grease-systems","8":"product_tag-grease-lubrication-pump","9":"product_tag-lincoln-lubrication-pump","10":"product_tag-progressive-lubrication-pump","12":"entry","13":"has-media","15":"first","16":"instock","17":"shipping-taxable","18":"product-type-external","19":"col","20":"span_1_of_3","21":"owp-content-center","22":"owp-thumbs-layout-horizontal","23":"owp-btn-very-big","24":"owp-tabs-layout-horizontal"},"_links":{"self":[{"href":"https:\/\/www.jinpinlub.com\/es\/wp-json\/wp\/v2\/product\/3331","targetHints":{"allow":["GET"]}}],"collection":[{"href":"https:\/\/www.jinpinlub.com\/es\/wp-json\/wp\/v2\/product"}],"about":[{"href":"https:\/\/www.jinpinlub.com\/es\/wp-json\/wp\/v2\/types\/product"}],"wp:featuredmedia":[{"embeddable":true,"href":"https:\/\/www.jinpinlub.com\/es\/wp-json\/wp\/v2\/media\/3258"}],"wp:attachment":[{"href":"https:\/\/www.jinpinlub.com\/es\/wp-json\/wp\/v2\/media?parent=3331"}],"wp:term":[{"taxonomy":"product_brand","embeddable":true,"href":"https:\/\/www.jinpinlub.com\/es\/wp-json\/wp\/v2\/product_brand?post=3331"},{"taxonomy":"product_cat","embeddable":true,"href":"https:\/\/www.jinpinlub.com\/es\/wp-json\/wp\/v2\/product_cat?post=3331"},{"taxonomy":"product_tag","embeddable":true,"href":"https:\/\/www.jinpinlub.com\/es\/wp-json\/wp\/v2\/product_tag?post=3331"}],"curies":[{"name":"wp","href":"https:\/\/api.w.org\/{rel}","templated":true}]}}