{"id":3334,"date":"2024-08-20T05:17:04","date_gmt":"2024-08-19T21:17:04","guid":{"rendered":"https:\/\/www.jinpinlub.com\/?post_type=product&#038;p=3334"},"modified":"2024-08-20T05:22:58","modified_gmt":"2024-08-19T21:22:58","slug":"equipo-con-sistema-de-lubricacion-automatica-j203-para-equipos-todoterreno","status":"publish","type":"product","link":"https:\/\/www.jinpinlub.com\/es\/product\/j203-automatic-lube-system-equipment-for-off-road-equipment\/","title":{"rendered":"Sistema de lubricaci\u00f3n autom\u00e1tica J203 para equipos todoterreno"},"content":{"rendered":"<h2>Caracter\u00edsticas<\/h2>\n<p>Funciones principales de la PCB:<br \/>\nControl autom\u00e1tico: Controla autom\u00e1ticamente el funcionamiento de la bomba de lubricaci\u00f3n de acuerdo con el programa preestablecido, incluido el inicio, la parada y el ciclo de lubricaci\u00f3n de la bomba de lubricaci\u00f3n el\u00e9ctrica.<br \/>\nMonitoreo del proceso de lubricaci\u00f3n: Monitoree el flujo de lubricaci\u00f3n y la presi\u00f3n del sistema para garantizar el funcionamiento normal del sistema de lubricaci\u00f3n.<br \/>\nAlarma de falla: cuando se detecta una falla en el sistema de lubricaci\u00f3n, como un nivel bajo de aceite o una falla en la bomba de lubricaci\u00f3n, la lubricaci\u00f3n se detendr\u00e1 autom\u00e1ticamente y se emitir\u00e1 una alarma.<br \/>\nLubricaci\u00f3n precisa: el panel de PCB garantiza que el lubricante llegue con precisi\u00f3n al punto de lubricaci\u00f3n cuando sea necesario, controlando el funcionamiento de la bomba de lubricaci\u00f3n, lo que evita la lubricaci\u00f3n excesiva o insuficiente. Al mismo tiempo, el monitoreo en tiempo real del estado del sistema de lubricaci\u00f3n puede identificar problemas antes de que se produzcan fallas.<\/p>\n<h2>Especificaci\u00f3n<\/h2>\n<table>\n<tbody>\n<tr>\n<td>Temperatura de funcionamiento<\/td>\n<td>(-40\u00b0C a +70\u00b0C)<\/td>\n<\/tr>\n<tr>\n<td>N\u00famero de puntos de venta<\/td>\n<td>1, 2 o 3<\/td>\n<\/tr>\n<tr>\n<td>Capacidad del dep\u00f3sito<\/td>\n<td>2L, 4L, 8L<\/td>\n<\/tr>\n<tr>\n<td>Recarga<\/td>\n<td>Accesorio de lubricaci\u00f3n hidr\u00e1ulica o desde arriba<\/td>\n<\/tr>\n<tr>\n<td>Lubricante<\/td>\n<td>Grasas de al menos grado NLGI 2, Aceites de hasta 40 mm\u00b2\/s (cSt) a 40\u00b0 C<\/td>\n<\/tr>\n<tr>\n<td>Clase de protecci\u00f3n<\/td>\n<td>IP6K 9K<\/td>\n<\/tr>\n<tr>\n<td>Di\u00e1metro del pist\u00f3n, K5<\/td>\n<td>5 mm, aprox. 2 cm\u00b3\/min<\/td>\n<\/tr>\n<tr>\n<td>Di\u00e1metro del pist\u00f3n, (est\u00e1ndar) K6<\/td>\n<td>6 mm, aprox. 2,8 cm\u00b3\/min<\/td>\n<\/tr>\n<tr>\n<td>Di\u00e1metro del pist\u00f3n, K7<\/td>\n<td>7 mm, aprox. 4 cm\u00b3\/min<\/td>\n<\/tr>\n<tr>\n<td>Presi\u00f3n m\u00e1xima de funcionamiento<\/td>\n<td>350 bares<\/td>\n<\/tr>\n<tr>\n<td>Hilo de conexi\u00f3n<\/td>\n<td>Sol 1\/4<\/td>\n<\/tr>\n<tr>\n<td>Voltaje de funcionamiento<\/td>\n<td>12 V CC, 24 V CC, 110-240 V CA<\/td>\n<\/tr>\n<\/tbody>\n<\/table>\n<h2>Solicitud<\/h2>\n<p><span id=\"input-sentence~0\">Determinar si se debe reemplazar la bomba de lubricaci\u00f3n.<br \/>\nRendimiento degradado: es cuando la descarga de la bomba de lubricaci\u00f3n disminuye o la presi\u00f3n de descarga disminuye; puede resultar del desgaste o envejecimiento de las partes internas de la bomba.<\/span><span id=\"input-sentence~1\"><br \/>\nRuido anormal: En el funcionamiento de una bomba de lubricaci\u00f3n, si esta produce ruidos anormales, como zumbidos o crujidos, entonces esto puede ser una manifestaci\u00f3n de que sus partes internas est\u00e1n da\u00f1adas o sueltas.<br \/>\nFuga de la bomba: si el lubricante se filtra desde el cuerpo o la interfaz de la tuber\u00eda de una bomba de lubricaci\u00f3n, puede deberse a un sello da\u00f1ado o viejo.<br \/>\nVida \u00fatil: Siguiendo el manual del usuario de la bomba de lubricaci\u00f3n, la bomba de lubricaci\u00f3n deber\u00e1 reemplazarse si ha alcanzado su vida \u00fatil recomendada.<\/span><\/p>\n<h2>Manuales<\/h2>\n<div class=\"sdm_download_button_box_default\"><div class=\"sdm_download_link\"><a href=\"https:\/\/www.jinpinlub.com\/es\/?sdm_process_download=1&download_id=2429\" class=\"sdm_download white\" title=\"Privado: J203 Grease Pump\" target=\"&quot;_blank&quot;\">Ver hoja de datos - Bomba de grasa J203<\/a><\/div><\/div>","protected":false},"excerpt":{"rendered":"<p>El panel de PCB de la bomba de lubricaci\u00f3n J203 realiza el control autom\u00e1tico del sistema de lubricaci\u00f3n centralizada. Puede ajustar el ciclo de lubricaci\u00f3n y el caudal de acuerdo con las necesidades reales del equipo para garantizar que este se lubrique correctamente.<\/p>","protected":false},"featured_media":3271,"template":"","meta":{"ocean_post_layout":"","ocean_both_sidebars_style":"","ocean_both_sidebars_content_width":0,"ocean_both_sidebars_sidebars_width":0,"ocean_sidebar":"0","ocean_second_sidebar":"0","ocean_disable_margins":"enable","ocean_add_body_class":"","ocean_shortcode_before_top_bar":"","ocean_shortcode_after_top_bar":"","ocean_shortcode_before_header":"","ocean_shortcode_after_header":"","ocean_has_shortcode":"","ocean_shortcode_after_title":"","ocean_shortcode_before_footer_widgets":"","ocean_shortcode_after_footer_widgets":"","ocean_shortcode_before_footer_bottom":"","ocean_shortcode_after_footer_bottom":"","ocean_display_top_bar":"default","ocean_display_header":"default","ocean_header_style":"","ocean_center_header_left_menu":"0","ocean_custom_header_template":"0","ocean_custom_logo":0,"ocean_custom_retina_logo":0,"ocean_custom_logo_max_width":0,"ocean_custom_logo_tablet_max_width":0,"ocean_custom_logo_mobile_max_width":0,"ocean_custom_logo_max_height":0,"ocean_custom_logo_tablet_max_height":0,"ocean_custom_logo_mobile_max_height":0,"ocean_header_custom_menu":"0","ocean_menu_typo_font_family":"0","ocean_menu_typo_font_subset":"","ocean_menu_typo_font_size":0,"ocean_menu_typo_font_size_tablet":0,"ocean_menu_typo_font_size_mobile":0,"ocean_menu_typo_font_size_unit":"px","ocean_menu_typo_font_weight":"","ocean_menu_typo_font_weight_tablet":"","ocean_menu_typo_font_weight_mobile":"","ocean_menu_typo_transform":"","ocean_menu_typo_transform_tablet":"","ocean_menu_typo_transform_mobile":"","ocean_menu_typo_line_height":0,"ocean_menu_typo_line_height_tablet":0,"ocean_menu_typo_line_height_mobile":0,"ocean_menu_typo_line_height_unit":"","ocean_menu_typo_spacing":0,"ocean_menu_typo_spacing_tablet":0,"ocean_menu_typo_spacing_mobile":0,"ocean_menu_typo_spacing_unit":"","ocean_menu_link_color":"","ocean_menu_link_color_hover":"","ocean_menu_link_color_active":"","ocean_menu_link_background":"","ocean_menu_link_hover_background":"","ocean_menu_link_active_background":"","ocean_menu_social_links_bg":"","ocean_menu_social_hover_links_bg":"","ocean_menu_social_links_color":"","ocean_menu_social_hover_links_color":"","ocean_disable_title":"default","ocean_disable_heading":"default","ocean_post_title":"","ocean_post_subheading":"","ocean_post_title_style":"","ocean_post_title_background_color":"","ocean_post_title_background":0,"ocean_post_title_bg_image_position":"","ocean_post_title_bg_image_attachment":"","ocean_post_title_bg_image_repeat":"","ocean_post_title_bg_image_size":"","ocean_post_title_height":0,"ocean_post_title_bg_overlay":0.5,"ocean_post_title_bg_overlay_color":"","ocean_disable_breadcrumbs":"default","ocean_breadcrumbs_color":"","ocean_breadcrumbs_separator_color":"","ocean_breadcrumbs_links_color":"","ocean_breadcrumbs_links_hover_color":"","ocean_display_footer_widgets":"default","ocean_display_footer_bottom":"default","ocean_custom_footer_template":"0","osh_disable_topbar_sticky":"default","osh_disable_header_sticky":"default","osh_sticky_header_style":"default","osh_sticky_header_effect":"","osh_custom_sticky_logo":0,"osh_custom_retina_sticky_logo":0,"osh_custom_sticky_logo_height":0,"osh_background_color":"","osh_links_color":"","osh_links_hover_color":"","osh_links_active_color":"","osh_links_bg_color":"","osh_links_hover_bg_color":"","osh_links_active_bg_color":"","osh_menu_social_links_color":"","osh_menu_social_hover_links_color":""},"product_brand":[],"product_cat":[42,41],"product_tag":[209,208,210],"class_list":{"0":"post-3334","1":"product","2":"type-product","3":"status-publish","4":"has-post-thumbnail","6":"product_cat-electric-progressive-pumps","7":"product_cat-progressive-grease-systems","8":"product_tag-grease-lube-system","9":"product_tag-lubrication-equipment","10":"product_tag-p203-lubrication-pump","12":"entry","13":"has-media","15":"first","16":"instock","17":"shipping-taxable","18":"product-type-external","19":"col","20":"span_1_of_3","21":"owp-content-center","22":"owp-thumbs-layout-horizontal","23":"owp-btn-very-big","24":"owp-tabs-layout-horizontal"},"_links":{"self":[{"href":"https:\/\/www.jinpinlub.com\/es\/wp-json\/wp\/v2\/product\/3334","targetHints":{"allow":["GET"]}}],"collection":[{"href":"https:\/\/www.jinpinlub.com\/es\/wp-json\/wp\/v2\/product"}],"about":[{"href":"https:\/\/www.jinpinlub.com\/es\/wp-json\/wp\/v2\/types\/product"}],"wp:featuredmedia":[{"embeddable":true,"href":"https:\/\/www.jinpinlub.com\/es\/wp-json\/wp\/v2\/media\/3271"}],"wp:attachment":[{"href":"https:\/\/www.jinpinlub.com\/es\/wp-json\/wp\/v2\/media?parent=3334"}],"wp:term":[{"taxonomy":"product_brand","embeddable":true,"href":"https:\/\/www.jinpinlub.com\/es\/wp-json\/wp\/v2\/product_brand?post=3334"},{"taxonomy":"product_cat","embeddable":true,"href":"https:\/\/www.jinpinlub.com\/es\/wp-json\/wp\/v2\/product_cat?post=3334"},{"taxonomy":"product_tag","embeddable":true,"href":"https:\/\/www.jinpinlub.com\/es\/wp-json\/wp\/v2\/product_tag?post=3334"}],"curies":[{"name":"wp","href":"https:\/\/api.w.org\/{rel}","templated":true}]}}