{"id":3335,"date":"2024-08-20T05:25:25","date_gmt":"2024-08-19T21:25:25","guid":{"rendered":"https:\/\/www.jinpinlub.com\/?post_type=product&#038;p=3335"},"modified":"2024-08-20T05:37:00","modified_gmt":"2024-08-19T21:37:00","slug":"bomba-de-embolo-de-grasa-electrica-multisalida-progresiva-j203","status":"publish","type":"product","link":"https:\/\/www.jinpinlub.com\/es\/product\/j203-progressive-multi-outlet-electric-grease-plunger-pump\/","title":{"rendered":"Bomba de grasa el\u00e9ctrica de \u00e9mbolo con m\u00faltiples salidas progresivas J203"},"content":{"rendered":"<h2>Caracter\u00edsticas<\/h2>\n<p><span id=\"input-sentence~0\">Componentes: La bomba consta de una carcasa con un motor incluido, un dep\u00f3sito con una paleta agitadora, un detalle de la bomba (que puede incluir una v\u00e1lvula de alivio de presi\u00f3n), una boquilla de llenado y piezas de conexi\u00f3n el\u00e9ctrica.<br \/>\nActivaci\u00f3n del motor: cuando se activa el motor, impulsa el elemento de la bomba de lubricaci\u00f3n.<\/span><span id=\"input-sentence~1\"><br \/>\nMovimiento del lubricante: el elemento de la bomba mueve el lubricante desde el dep\u00f3sito a trav\u00e9s del sistema.<br \/>\nDistribuci\u00f3n: El lubricante se dosifica a diversos puntos de lubricaci\u00f3n a trav\u00e9s de las l\u00edneas conectadas. La bomba puede abastecer hasta 150 puntos de lubricaci\u00f3n, dependiendo de la l\u00ednea de lubricaci\u00f3n.<br \/>\nOpciones de control: La bomba de grasa puede equiparse con placas de circuito impreso de control que proporcionan distintas configuraciones de trabajo, lo que permite un control preciso de los intervalos y cantidades de lubricaci\u00f3n.<\/span><\/p>\n<h2>Especificaci\u00f3n<\/h2>\n<table>\n<tbody>\n<tr>\n<td>Temperatura de funcionamiento<\/td>\n<td>(-40\u00b0C a +70\u00b0C)<\/td>\n<\/tr>\n<tr>\n<td>N\u00famero de puntos de venta<\/td>\n<td>1, 2 o 3<\/td>\n<\/tr>\n<tr>\n<td>Capacidad del dep\u00f3sito<\/td>\n<td>2L, 4L, 8L<\/td>\n<\/tr>\n<tr>\n<td>Recarga<\/td>\n<td>Accesorio de lubricaci\u00f3n hidr\u00e1ulica o desde arriba<\/td>\n<\/tr>\n<tr>\n<td>Lubricante<\/td>\n<td>Grasas de al menos grado NLGI 2, Aceites de hasta 40 mm\u00b2\/s (cSt) a 40\u00b0 C<\/td>\n<\/tr>\n<tr>\n<td>Clase de protecci\u00f3n<\/td>\n<td>IP6K 9K<\/td>\n<\/tr>\n<tr>\n<td>Di\u00e1metro del pist\u00f3n, K5<\/td>\n<td>5 mm, aprox. 2 cm\u00b3\/min<\/td>\n<\/tr>\n<tr>\n<td>Di\u00e1metro del pist\u00f3n, (est\u00e1ndar) K6<\/td>\n<td>6 mm, aprox. 2,8 cm\u00b3\/min<\/td>\n<\/tr>\n<tr>\n<td>Di\u00e1metro del pist\u00f3n, K7<\/td>\n<td>7 mm, aprox. 4 cm\u00b3\/min<\/td>\n<\/tr>\n<tr>\n<td>Presi\u00f3n m\u00e1xima de funcionamiento<\/td>\n<td>350 bares<\/td>\n<\/tr>\n<tr>\n<td>Hilo de conexi\u00f3n<\/td>\n<td>Sol 1\/4<\/td>\n<\/tr>\n<tr>\n<td>Voltaje de funcionamiento<\/td>\n<td>12 V CC, 24 V CC, 110-240 V CA<\/td>\n<\/tr>\n<\/tbody>\n<\/table>\n<h2>Solicitud<\/h2>\n<p><span id=\"input-sentence~2\">La bomba de lubricaci\u00f3n J203 est\u00e1 disponible con una variedad de accesorios:<br \/>\nElementos de bomba: La bomba de lubricaci\u00f3n J203 ofrece diferentes tipos de elementos de bomba para satisfacer diversos requisitos de salida.<\/span><span id=\"input-sentence~3\"><br \/>\nDep\u00f3sito: La bomba de grasa est\u00e1 disponible con una variedad de tama\u00f1os de dep\u00f3sito, que van desde 2 a 8 litros.<br \/>\nPlaca de control: Este sistema de lubricaci\u00f3n tiene una placa de circuito impreso de control opcional con diferentes configuraciones de funcionamiento.<br \/>\nV\u00e1lvula de alivio de presi\u00f3n: este es un componente opcional para que la bomba de lubricaci\u00f3n administre la presi\u00f3n.<br \/>\nEngrasador: sirve para cebar f\u00e1cilmente la versi\u00f3n sin cubierta de la bomba de lubricaci\u00f3n.<br \/>\nPiezas de conexi\u00f3n el\u00e9ctrica: Necesarias para el funcionamiento de la bomba de lubricaci\u00f3n.<\/span><\/p>\n<h2>Manuales<\/h2>\n<div class=\"sdm_download_button_box_default\"><div class=\"sdm_download_link\"><a href=\"https:\/\/www.jinpinlub.com\/es\/?sdm_process_download=1&download_id=2429\" class=\"sdm_download white\" title=\"Privado: J203 Grease Pump\" target=\"&quot;_blank&quot;\">Ver hoja de datos - Bomba de grasa J203<\/a><\/div><\/div>","protected":false},"excerpt":{"rendered":"<p>La bomba de lubricaci\u00f3n J203 es una bomba el\u00e9ctrica de \u00e9mbolo con m\u00faltiples descargas, capacidades y voltajes, dise\u00f1ada para sistemas de lubricaci\u00f3n progresivos. Tras d\u00e9cadas de pruebas en el mercado, ha alcanzado una gran madurez y se ha utilizado en diversas m\u00e1quinas.<\/p>","protected":false},"featured_media":3275,"template":"","meta":{"ocean_post_layout":"","ocean_both_sidebars_style":"","ocean_both_sidebars_content_width":0,"ocean_both_sidebars_sidebars_width":0,"ocean_sidebar":"0","ocean_second_sidebar":"0","ocean_disable_margins":"enable","ocean_add_body_class":"","ocean_shortcode_before_top_bar":"","ocean_shortcode_after_top_bar":"","ocean_shortcode_before_header":"","ocean_shortcode_after_header":"","ocean_has_shortcode":"","ocean_shortcode_after_title":"","ocean_shortcode_before_footer_widgets":"","ocean_shortcode_after_footer_widgets":"","ocean_shortcode_before_footer_bottom":"","ocean_shortcode_after_footer_bottom":"","ocean_display_top_bar":"default","ocean_display_header":"default","ocean_header_style":"","ocean_center_header_left_menu":"0","ocean_custom_header_template":"0","ocean_custom_logo":0,"ocean_custom_retina_logo":0,"ocean_custom_logo_max_width":0,"ocean_custom_logo_tablet_max_width":0,"ocean_custom_logo_mobile_max_width":0,"ocean_custom_logo_max_height":0,"ocean_custom_logo_tablet_max_height":0,"ocean_custom_logo_mobile_max_height":0,"ocean_header_custom_menu":"0","ocean_menu_typo_font_family":"0","ocean_menu_typo_font_subset":"","ocean_menu_typo_font_size":0,"ocean_menu_typo_font_size_tablet":0,"ocean_menu_typo_font_size_mobile":0,"ocean_menu_typo_font_size_unit":"px","ocean_menu_typo_font_weight":"","ocean_menu_typo_font_weight_tablet":"","ocean_menu_typo_font_weight_mobile":"","ocean_menu_typo_transform":"","ocean_menu_typo_transform_tablet":"","ocean_menu_typo_transform_mobile":"","ocean_menu_typo_line_height":0,"ocean_menu_typo_line_height_tablet":0,"ocean_menu_typo_line_height_mobile":0,"ocean_menu_typo_line_height_unit":"","ocean_menu_typo_spacing":0,"ocean_menu_typo_spacing_tablet":0,"ocean_menu_typo_spacing_mobile":0,"ocean_menu_typo_spacing_unit":"","ocean_menu_link_color":"","ocean_menu_link_color_hover":"","ocean_menu_link_color_active":"","ocean_menu_link_background":"","ocean_menu_link_hover_background":"","ocean_menu_link_active_background":"","ocean_menu_social_links_bg":"","ocean_menu_social_hover_links_bg":"","ocean_menu_social_links_color":"","ocean_menu_social_hover_links_color":"","ocean_disable_title":"default","ocean_disable_heading":"default","ocean_post_title":"","ocean_post_subheading":"","ocean_post_title_style":"","ocean_post_title_background_color":"","ocean_post_title_background":0,"ocean_post_title_bg_image_position":"","ocean_post_title_bg_image_attachment":"","ocean_post_title_bg_image_repeat":"","ocean_post_title_bg_image_size":"","ocean_post_title_height":0,"ocean_post_title_bg_overlay":0.5,"ocean_post_title_bg_overlay_color":"","ocean_disable_breadcrumbs":"default","ocean_breadcrumbs_color":"","ocean_breadcrumbs_separator_color":"","ocean_breadcrumbs_links_color":"","ocean_breadcrumbs_links_hover_color":"","ocean_display_footer_widgets":"default","ocean_display_footer_bottom":"default","ocean_custom_footer_template":"0","osh_disable_topbar_sticky":"default","osh_disable_header_sticky":"default","osh_sticky_header_style":"default","osh_sticky_header_effect":"","osh_custom_sticky_logo":0,"osh_custom_retina_sticky_logo":0,"osh_custom_sticky_logo_height":0,"osh_background_color":"","osh_links_color":"","osh_links_hover_color":"","osh_links_active_color":"","osh_links_bg_color":"","osh_links_hover_bg_color":"","osh_links_active_bg_color":"","osh_menu_social_links_color":"","osh_menu_social_hover_links_color":""},"product_brand":[],"product_cat":[42,41],"product_tag":[212,211,213],"class_list":{"0":"post-3335","1":"product","2":"type-product","3":"status-publish","4":"has-post-thumbnail","6":"product_cat-electric-progressive-pumps","7":"product_cat-progressive-grease-systems","8":"product_tag-high-pressure-lubricator","9":"product_tag-p203-grease-pump","10":"product_tag-plunger-lubrication-pump","12":"entry","13":"has-media","15":"first","16":"instock","17":"shipping-taxable","18":"product-type-external","19":"col","20":"span_1_of_3","21":"owp-content-center","22":"owp-thumbs-layout-horizontal","23":"owp-btn-very-big","24":"owp-tabs-layout-horizontal"},"_links":{"self":[{"href":"https:\/\/www.jinpinlub.com\/es\/wp-json\/wp\/v2\/product\/3335","targetHints":{"allow":["GET"]}}],"collection":[{"href":"https:\/\/www.jinpinlub.com\/es\/wp-json\/wp\/v2\/product"}],"about":[{"href":"https:\/\/www.jinpinlub.com\/es\/wp-json\/wp\/v2\/types\/product"}],"wp:featuredmedia":[{"embeddable":true,"href":"https:\/\/www.jinpinlub.com\/es\/wp-json\/wp\/v2\/media\/3275"}],"wp:attachment":[{"href":"https:\/\/www.jinpinlub.com\/es\/wp-json\/wp\/v2\/media?parent=3335"}],"wp:term":[{"taxonomy":"product_brand","embeddable":true,"href":"https:\/\/www.jinpinlub.com\/es\/wp-json\/wp\/v2\/product_brand?post=3335"},{"taxonomy":"product_cat","embeddable":true,"href":"https:\/\/www.jinpinlub.com\/es\/wp-json\/wp\/v2\/product_cat?post=3335"},{"taxonomy":"product_tag","embeddable":true,"href":"https:\/\/www.jinpinlub.com\/es\/wp-json\/wp\/v2\/product_tag?post=3335"}],"curies":[{"name":"wp","href":"https:\/\/api.w.org\/{rel}","templated":true}]}}