{"id":3345,"date":"2024-08-22T13:05:45","date_gmt":"2024-08-22T05:05:45","guid":{"rendered":"https:\/\/www.jinpinlub.com\/?post_type=product&#038;p=3345"},"modified":"2025-01-24T02:09:19","modified_gmt":"2025-01-23T18:09:19","slug":"inyector-de-grasa-jl-1-para-sistema-de-linea-unica-de-alivio-de-presion","status":"publish","type":"product","link":"https:\/\/www.jinpinlub.com\/es\/product\/jl-1-grease-injector-for-pressure-relief-single-line-system\/","title":{"rendered":"Inyector de grasa Jl-1 para sistema de l\u00ednea \u00fanica de alivio de presi\u00f3n"},"content":{"rendered":"<h2>Caracter\u00edsticas<\/h2>\n<p><span id=\"input-sentence~1\">Operaci\u00f3n a alta presi\u00f3n: El dispensador de grasa JL-1 es capaz de operar a altas presiones que van desde 127 a 240 bar, lo que garantiza que el lubricante se entregue de manera efectiva a cada punto de lubricaci\u00f3n.<br \/>\nSalida ajustable: La salida de cada dispensador es ajustable externamente de 0,016 a 1,31 cm\u00b3, lo que permite al usuario controlar con precisi\u00f3n la cantidad de lubricante dispensado en funci\u00f3n de las necesidades espec\u00edficas.<br \/>\nInspecci\u00f3n visual: El dise\u00f1o de la aguja indicadora permite al usuario confirmar el estado de funcionamiento del dispensador de grasa mediante una inspecci\u00f3n visual para asegurarse de que el dispositivo est\u00e9 funcionando correctamente.<br \/>\nF\u00e1cil mantenimiento: Las v\u00e1lvulas dispensadoras individuales se pueden quitar f\u00e1cilmente para su inspecci\u00f3n y reemplazo, lo que reduce el tiempo y los costos de mantenimiento.<\/span><\/p>\n<h2>Especificaci\u00f3n<\/h2>\n<table>\n<tbody>\n<tr>\n<td>Principio de funcionamiento<\/td>\n<td>V\u00e1lvula dosificadora de alivio de presi\u00f3n<\/td>\n<\/tr>\n<tr>\n<td>N\u00famero de puntos de venta<\/td>\n<td>1, 2, 3, 4, 5, 6<\/td>\n<\/tr>\n<tr>\n<td>Cantidad de medici\u00f3n<\/td>\n<td>0,016-1,31 ml\/ciclo<\/td>\n<\/tr>\n<tr>\n<td>Lubricante<\/td>\n<td>Grasa NLGI 0, 1, 2<\/td>\n<\/tr>\n<tr>\n<td>Temperatura de funcionamiento<\/td>\n<td>\u00a0(-26 a +176 \u00b0C)<\/td>\n<\/tr>\n<tr>\n<td>Presi\u00f3n de funcionamiento<\/td>\n<td>127-240 bares<\/td>\n<\/tr>\n<tr>\n<td>Material<\/td>\n<td>Acero al carbono, acero inoxidable.<\/td>\n<\/tr>\n<tr>\n<td>Conexi\u00f3n de l\u00ednea principal<\/td>\n<td>M22*1,5<\/td>\n<\/tr>\n<tr>\n<td>Toma de conexi\u00f3n<\/td>\n<td>Rc1\/8<\/td>\n<\/tr>\n<tr>\n<td>Posici\u00f3n de montaje<\/td>\n<td>Cualquier<\/td>\n<\/tr>\n<\/tbody>\n<\/table>\n<h2>Solicitud<\/h2>\n<p>El distribuidor de grasa JL-1 se utiliza principalmente en sistemas de lubricaci\u00f3n con grasa de soluci\u00f3n de presi\u00f3n de l\u00ednea \u00fanica, de alta presi\u00f3n y de m\u00faltiples puntos, por lo que el distribuidor se utiliza ampliamente en industrias que requieren un control de lubricaci\u00f3n ecol\u00f3gico.<br \/>\nMiner\u00eda y procesamiento de minerales: En estos entornos, los dispositivos requieren lubricaci\u00f3n continua para garantizar un funcionamiento ecol\u00f3gico y reducir el desgaste.<br \/>\nEquipos de construcci\u00f3n: Los equipos de construcci\u00f3n a menudo trabajan en condiciones dif\u00edciles y el distribuidor JL-1 puede proporcionar una lubricaci\u00f3n confiable.<br \/>\nAcero e industria pesada: Los equipos en esas industrias a menudo requieren estructuras de lubricaci\u00f3n de alta presi\u00f3n para mantener su funcionamiento.<\/p>\n<h2>Manuales<\/h2>\n<div class=\"sdm_download_button_box_default\"><div class=\"sdm_download_link\"><a href=\"https:\/\/www.jinpinlub.com\/es\/?sdm_process_download=1&download_id=2472\" class=\"sdm_download white\" title=\"Privado: JL-1 Grease Injector\" target=\"&quot;_blank&quot;\">Ver hoja de datos - Inyector de grasa JL-1<\/a><\/div><\/div>","protected":false},"excerpt":{"rendered":"<p>El distribuidor JL-1 es un componente de sistema de lubricaci\u00f3n de l\u00ednea \u00fanica de alta presi\u00f3n, dise\u00f1ado para dispensar lubricaci\u00f3n de alta viscosidad (hasta NLGI 2). Es adecuado para una variedad de aplicaciones industriales, incluidas la miner\u00eda y el procesamiento de minerales, y la maquinaria de construcci\u00f3n.<\/p>","protected":false},"featured_media":3303,"template":"","meta":{"ocean_post_layout":"","ocean_both_sidebars_style":"","ocean_both_sidebars_content_width":0,"ocean_both_sidebars_sidebars_width":0,"ocean_sidebar":"0","ocean_second_sidebar":"0","ocean_disable_margins":"enable","ocean_add_body_class":"","ocean_shortcode_before_top_bar":"","ocean_shortcode_after_top_bar":"","ocean_shortcode_before_header":"","ocean_shortcode_after_header":"","ocean_has_shortcode":"","ocean_shortcode_after_title":"","ocean_shortcode_before_footer_widgets":"","ocean_shortcode_after_footer_widgets":"","ocean_shortcode_before_footer_bottom":"","ocean_shortcode_after_footer_bottom":"","ocean_display_top_bar":"default","ocean_display_header":"default","ocean_header_style":"","ocean_center_header_left_menu":"0","ocean_custom_header_template":"0","ocean_custom_logo":0,"ocean_custom_retina_logo":0,"ocean_custom_logo_max_width":0,"ocean_custom_logo_tablet_max_width":0,"ocean_custom_logo_mobile_max_width":0,"ocean_custom_logo_max_height":0,"ocean_custom_logo_tablet_max_height":0,"ocean_custom_logo_mobile_max_height":0,"ocean_header_custom_menu":"0","ocean_menu_typo_font_family":"0","ocean_menu_typo_font_subset":"","ocean_menu_typo_font_size":0,"ocean_menu_typo_font_size_tablet":0,"ocean_menu_typo_font_size_mobile":0,"ocean_menu_typo_font_size_unit":"px","ocean_menu_typo_font_weight":"","ocean_menu_typo_font_weight_tablet":"","ocean_menu_typo_font_weight_mobile":"","ocean_menu_typo_transform":"","ocean_menu_typo_transform_tablet":"","ocean_menu_typo_transform_mobile":"","ocean_menu_typo_line_height":0,"ocean_menu_typo_line_height_tablet":0,"ocean_menu_typo_line_height_mobile":0,"ocean_menu_typo_line_height_unit":"","ocean_menu_typo_spacing":0,"ocean_menu_typo_spacing_tablet":0,"ocean_menu_typo_spacing_mobile":0,"ocean_menu_typo_spacing_unit":"","ocean_menu_link_color":"","ocean_menu_link_color_hover":"","ocean_menu_link_color_active":"","ocean_menu_link_background":"","ocean_menu_link_hover_background":"","ocean_menu_link_active_background":"","ocean_menu_social_links_bg":"","ocean_menu_social_hover_links_bg":"","ocean_menu_social_links_color":"","ocean_menu_social_hover_links_color":"","ocean_disable_title":"default","ocean_disable_heading":"default","ocean_post_title":"","ocean_post_subheading":"","ocean_post_title_style":"","ocean_post_title_background_color":"","ocean_post_title_background":0,"ocean_post_title_bg_image_position":"","ocean_post_title_bg_image_attachment":"","ocean_post_title_bg_image_repeat":"","ocean_post_title_bg_image_size":"","ocean_post_title_height":0,"ocean_post_title_bg_overlay":0.5,"ocean_post_title_bg_overlay_color":"","ocean_disable_breadcrumbs":"default","ocean_breadcrumbs_color":"","ocean_breadcrumbs_separator_color":"","ocean_breadcrumbs_links_color":"","ocean_breadcrumbs_links_hover_color":"","ocean_display_footer_widgets":"default","ocean_display_footer_bottom":"default","ocean_custom_footer_template":"0","osh_disable_topbar_sticky":"default","osh_disable_header_sticky":"default","osh_sticky_header_style":"default","osh_sticky_header_effect":"","osh_custom_sticky_logo":0,"osh_custom_retina_sticky_logo":0,"osh_custom_sticky_logo_height":0,"osh_background_color":"","osh_links_color":"","osh_links_hover_color":"","osh_links_active_color":"","osh_links_bg_color":"","osh_links_hover_bg_color":"","osh_links_active_bg_color":"","osh_menu_social_links_color":"","osh_menu_social_hover_links_color":""},"product_brand":[],"product_cat":[40,37],"product_tag":[225,97,226],"class_list":{"0":"post-3345","1":"product","2":"type-product","3":"status-publish","4":"has-post-thumbnail","6":"product_cat-pressure-relief-metering-valves","7":"product_cat-single-line-grease-systems","8":"product_tag-bijur-delimon-divider","9":"product_tag-grease-injector","10":"product_tag-mobile-divider-valve","12":"entry","13":"has-media","15":"first","16":"instock","17":"shipping-taxable","18":"product-type-external","19":"col","20":"span_1_of_3","21":"owp-content-center","22":"owp-thumbs-layout-horizontal","23":"owp-btn-very-big","24":"owp-tabs-layout-horizontal"},"_links":{"self":[{"href":"https:\/\/www.jinpinlub.com\/es\/wp-json\/wp\/v2\/product\/3345","targetHints":{"allow":["GET"]}}],"collection":[{"href":"https:\/\/www.jinpinlub.com\/es\/wp-json\/wp\/v2\/product"}],"about":[{"href":"https:\/\/www.jinpinlub.com\/es\/wp-json\/wp\/v2\/types\/product"}],"wp:featuredmedia":[{"embeddable":true,"href":"https:\/\/www.jinpinlub.com\/es\/wp-json\/wp\/v2\/media\/3303"}],"wp:attachment":[{"href":"https:\/\/www.jinpinlub.com\/es\/wp-json\/wp\/v2\/media?parent=3345"}],"wp:term":[{"taxonomy":"product_brand","embeddable":true,"href":"https:\/\/www.jinpinlub.com\/es\/wp-json\/wp\/v2\/product_brand?post=3345"},{"taxonomy":"product_cat","embeddable":true,"href":"https:\/\/www.jinpinlub.com\/es\/wp-json\/wp\/v2\/product_cat?post=3345"},{"taxonomy":"product_tag","embeddable":true,"href":"https:\/\/www.jinpinlub.com\/es\/wp-json\/wp\/v2\/product_tag?post=3345"}],"curies":[{"name":"wp","href":"https:\/\/api.w.org\/{rel}","templated":true}]}}