{"id":3350,"date":"2024-08-27T02:38:44","date_gmt":"2024-08-26T18:38:44","guid":{"rendered":"https:\/\/www.jinpinlub.com\/?post_type=product&#038;p=3350"},"modified":"2024-08-27T03:13:26","modified_gmt":"2024-08-26T19:13:26","slug":"valvula-de-distribucion-dpb14-para-bomba-de-lubricacion-volumetrica-pdi","status":"publish","type":"product","link":"https:\/\/www.jinpinlub.com\/es\/product\/dpb14-distribution-valve-for-volumetric-pdi-lubrication-pump\/","title":{"rendered":"V\u00e1lvula de distribuci\u00f3n DPB14 para bomba de lubricaci\u00f3n volum\u00e9trica PDI"},"content":{"rendered":"<h2>Caracter\u00edstica<\/h2>\n<p>Dosificaci\u00f3n de alta precisi\u00f3n: JINPINLUB DPB puede distribuir lubricante con precisi\u00f3n en cada ciclo de lubricaci\u00f3n, garantizando que cada punto de lubricaci\u00f3n del equipo pueda recibir la cantidad correcta de lubricaci\u00f3n.<br \/>\nCompatible con m\u00faltiples lubricantes: la v\u00e1lvula dosificadora es adecuada para aceite mineral, aceite sint\u00e9tico y grasa blanda (aceite 32~90 cSt a 40 \u00b0C, grasa \u2264 NLGI 0#) y puede funcionar normalmente en el rango de temperatura de 0 \u00b0C a 80 \u00b0C.<br \/>\nSelecci\u00f3n de modelos m\u00faltiples: seg\u00fan los diferentes requisitos de aplicaci\u00f3n, los distribuidores DPB est\u00e1n disponibles en una variedad de modelos, adecuados para diferentes tipos de lubricantes y diferentes presiones de trabajo y vol\u00famenes de salida.<\/p>\n<h2>Especificaci\u00f3n<\/h2>\n<table>\n<tbody>\n<tr>\n<td>Principio de funcionamiento<\/td>\n<td>Distribuidor presurizado<\/td>\n<\/tr>\n<tr>\n<td>Puntos de venta<\/td>\n<td>2, 3, 4, 5, 6, 8 ,10<\/td>\n<\/tr>\n<tr>\n<td>Medici\u00f3n de la cantidad de aceite<\/td>\n<td>0,03, 0,06, 0,10, 0,16 ml\/ciclo<\/td>\n<\/tr>\n<tr>\n<td>Lubricante<\/td>\n<td>32~90 cSt a 40 \u00b0C (aceite), \u2264NLGI 0 (grasa)<\/td>\n<\/tr>\n<tr>\n<td>Temperatura de funcionamiento<\/td>\n<td>0 a +80 \u00b0C<\/td>\n<\/tr>\n<tr>\n<td>Presi\u00f3n de funcionamiento<\/td>\n<td>8~30 bar (aceite), 20~50 bar (grasa)<\/td>\n<\/tr>\n<tr>\n<td>Material<\/td>\n<td>Fundici\u00f3n a presi\u00f3n de zinc, lat\u00f3n<\/td>\n<\/tr>\n<tr>\n<td>Toma de conexi\u00f3n<\/td>\n<td>Entrada \u03a66 (M10x1), Salida \u03a64 (M8x1)<\/td>\n<\/tr>\n<tr>\n<td>Accesorios de salida<\/td>\n<td>Tipo de manga, tipo r\u00e1pido<\/td>\n<\/tr>\n<tr>\n<td>Posici\u00f3n de montaje<\/td>\n<td>Cualquier<\/td>\n<\/tr>\n<\/tbody>\n<\/table>\n<h2>Solicitud<\/h2>\n<p>M\u00e1quinas herramienta CNC: Lubrican todas las piezas m\u00f3viles y prolongan la vida \u00fatil del equipo.<br \/>\nMaquinaria para trabajar la madera: Lubricaci\u00f3n confiable en entornos con mucho polvo para evitar el desgaste mec\u00e1nico.<br \/>\nMaquinaria textil: Lubrique continuamente los equipos que funcionan a alta velocidad para garantizar la eficiencia de la producci\u00f3n.<br \/>\nMaquinaria de embalaje: Aseg\u00farese de que la maquinaria funcione bien, con menos tiempos de parada.<br \/>\nMaquinaria de pl\u00e1stico: Proporciona una lubricaci\u00f3n estable en un entorno de alta temperatura para evitar el sobrecalentamiento de las piezas.<br \/>\nMaquinaria de vidrio: Suministro y distribuci\u00f3n confiable de lubricante en condiciones de alta temperatura y alta presi\u00f3n.<br \/>\nMaquinaria de impresi\u00f3n: Sistema de lubricaci\u00f3n volum\u00e9trica para el buen funcionamiento de la impresi\u00f3n y una reducida tasa de aver\u00edas.<\/p>\n<h2>Manuales<\/h2>\n<div class=\"sdm_download_button_box_default\"><div class=\"sdm_download_link\"><a href=\"https:\/\/www.jinpinlub.com\/es\/?sdm_process_download=1&download_id=2458\" class=\"sdm_download white\" title=\"Privado: DPB Lubrication Distributor\" target=\"&quot;_blank&quot;\">Ver Ficha T\u00e9cnica - Distribuidor DPB<\/a><\/div><\/div>","protected":false},"excerpt":{"rendered":"<p>Las v\u00e1lvulas dosificadoras volum\u00e9tricas DPB son dispositivos de lubricaci\u00f3n de alta precisi\u00f3n que se utilizan en sistemas de lubricaci\u00f3n de una sola l\u00ednea. Distribuyen y dosifican lubricantes en varios puntos de lubricaci\u00f3n a trav\u00e9s de bombas intermitentes que suministran una cierta cantidad de lubricante, de 0,03 a 0,16 cc por ciclo.<\/p>","protected":false},"featured_media":3396,"template":"","meta":{"ocean_post_layout":"","ocean_both_sidebars_style":"","ocean_both_sidebars_content_width":0,"ocean_both_sidebars_sidebars_width":0,"ocean_sidebar":"0","ocean_second_sidebar":"0","ocean_disable_margins":"enable","ocean_add_body_class":"","ocean_shortcode_before_top_bar":"","ocean_shortcode_after_top_bar":"","ocean_shortcode_before_header":"","ocean_shortcode_after_header":"","ocean_has_shortcode":"","ocean_shortcode_after_title":"","ocean_shortcode_before_footer_widgets":"","ocean_shortcode_after_footer_widgets":"","ocean_shortcode_before_footer_bottom":"","ocean_shortcode_after_footer_bottom":"","ocean_display_top_bar":"default","ocean_display_header":"default","ocean_header_style":"","ocean_center_header_left_menu":"0","ocean_custom_header_template":"0","ocean_custom_logo":0,"ocean_custom_retina_logo":0,"ocean_custom_logo_max_width":0,"ocean_custom_logo_tablet_max_width":0,"ocean_custom_logo_mobile_max_width":0,"ocean_custom_logo_max_height":0,"ocean_custom_logo_tablet_max_height":0,"ocean_custom_logo_mobile_max_height":0,"ocean_header_custom_menu":"0","ocean_menu_typo_font_family":"0","ocean_menu_typo_font_subset":"","ocean_menu_typo_font_size":0,"ocean_menu_typo_font_size_tablet":0,"ocean_menu_typo_font_size_mobile":0,"ocean_menu_typo_font_size_unit":"px","ocean_menu_typo_font_weight":"","ocean_menu_typo_font_weight_tablet":"","ocean_menu_typo_font_weight_mobile":"","ocean_menu_typo_transform":"","ocean_menu_typo_transform_tablet":"","ocean_menu_typo_transform_mobile":"","ocean_menu_typo_line_height":0,"ocean_menu_typo_line_height_tablet":0,"ocean_menu_typo_line_height_mobile":0,"ocean_menu_typo_line_height_unit":"","ocean_menu_typo_spacing":0,"ocean_menu_typo_spacing_tablet":0,"ocean_menu_typo_spacing_mobile":0,"ocean_menu_typo_spacing_unit":"","ocean_menu_link_color":"","ocean_menu_link_color_hover":"","ocean_menu_link_color_active":"","ocean_menu_link_background":"","ocean_menu_link_hover_background":"","ocean_menu_link_active_background":"","ocean_menu_social_links_bg":"","ocean_menu_social_hover_links_bg":"","ocean_menu_social_links_color":"","ocean_menu_social_hover_links_color":"","ocean_disable_title":"default","ocean_disable_heading":"default","ocean_post_title":"","ocean_post_subheading":"","ocean_post_title_style":"","ocean_post_title_background_color":"","ocean_post_title_background":0,"ocean_post_title_bg_image_position":"","ocean_post_title_bg_image_attachment":"","ocean_post_title_bg_image_repeat":"","ocean_post_title_bg_image_size":"","ocean_post_title_height":0,"ocean_post_title_bg_overlay":0.5,"ocean_post_title_bg_overlay_color":"","ocean_disable_breadcrumbs":"default","ocean_breadcrumbs_color":"","ocean_breadcrumbs_separator_color":"","ocean_breadcrumbs_links_color":"","ocean_breadcrumbs_links_hover_color":"","ocean_display_footer_widgets":"default","ocean_display_footer_bottom":"default","ocean_custom_footer_template":"0","osh_disable_topbar_sticky":"default","osh_disable_header_sticky":"default","osh_sticky_header_style":"default","osh_sticky_header_effect":"","osh_custom_sticky_logo":0,"osh_custom_retina_sticky_logo":0,"osh_custom_sticky_logo_height":0,"osh_background_color":"","osh_links_color":"","osh_links_hover_color":"","osh_links_active_color":"","osh_links_bg_color":"","osh_links_hover_bg_color":"","osh_links_active_bg_color":"","osh_menu_social_links_color":"","osh_menu_social_hover_links_color":""},"product_brand":[],"product_cat":[49,47],"product_tag":[229,228,80],"class_list":{"0":"post-3350","1":"product","2":"type-product","3":"status-publish","4":"has-post-thumbnail","6":"product_cat-volumetric-oil-injectors","7":"product_cat-volumetric-thin-oil-systems","8":"product_tag-oil-metering-valve","9":"product_tag-thin-oil-injector","10":"product_tag-volumetric-oil-distributor","12":"entry","13":"has-media","15":"first","16":"instock","17":"shipping-taxable","18":"product-type-external","19":"col","20":"span_1_of_3","21":"owp-content-center","22":"owp-thumbs-layout-horizontal","23":"owp-btn-very-big","24":"owp-tabs-layout-horizontal"},"_links":{"self":[{"href":"https:\/\/www.jinpinlub.com\/es\/wp-json\/wp\/v2\/product\/3350","targetHints":{"allow":["GET"]}}],"collection":[{"href":"https:\/\/www.jinpinlub.com\/es\/wp-json\/wp\/v2\/product"}],"about":[{"href":"https:\/\/www.jinpinlub.com\/es\/wp-json\/wp\/v2\/types\/product"}],"wp:featuredmedia":[{"embeddable":true,"href":"https:\/\/www.jinpinlub.com\/es\/wp-json\/wp\/v2\/media\/3396"}],"wp:attachment":[{"href":"https:\/\/www.jinpinlub.com\/es\/wp-json\/wp\/v2\/media?parent=3350"}],"wp:term":[{"taxonomy":"product_brand","embeddable":true,"href":"https:\/\/www.jinpinlub.com\/es\/wp-json\/wp\/v2\/product_brand?post=3350"},{"taxonomy":"product_cat","embeddable":true,"href":"https:\/\/www.jinpinlub.com\/es\/wp-json\/wp\/v2\/product_cat?post=3350"},{"taxonomy":"product_tag","embeddable":true,"href":"https:\/\/www.jinpinlub.com\/es\/wp-json\/wp\/v2\/product_tag?post=3350"}],"curies":[{"name":"wp","href":"https:\/\/api.w.org\/{rel}","templated":true}]}}