{"id":3401,"date":"2024-08-27T03:36:41","date_gmt":"2024-08-26T19:36:41","guid":{"rendered":"https:\/\/www.jinpinlub.com\/?post_type=product&#038;p=3401"},"modified":"2024-08-27T03:40:41","modified_gmt":"2024-08-26T19:40:41","slug":"dispositivo-dosificador-inyector-para-sistema-de-lubricacion-presurizada-dpb","status":"publish","type":"product","link":"https:\/\/www.jinpinlub.com\/es\/product\/dpb-pressurized-lubrication-system-metering-device-injector\/","title":{"rendered":"Dispositivo dosificador de inyectores para sistema de lubricaci\u00f3n presurizada DPB"},"content":{"rendered":"<h2>Caracter\u00edstica<\/h2>\n<p><span id=\"input-sentence~0\">Volumen de salida fijo: los distribuidores JINPINLUB DPB proporcionan una cantidad precisa de lubricante por descarga, lo que garantiza un efecto de lubricaci\u00f3n constante y pueden equiparse con detectores.<br \/>\nSe pueden seleccionar m\u00faltiples caudales: 0,03, 0,06, 0,10 y 0,16 cc\/ciclo para satisfacer diferentes necesidades.<\/span><span id=\"input-sentence~1\"><br \/>\nAmplia gama de presiones de trabajo: la presi\u00f3n de trabajo m\u00ednima es de 8 bar y la m\u00e1xima puede alcanzar los 50 bar, lo que es adecuado para una variedad de entornos industriales.<br \/>\nViscosidad de aceite aplicable: El inyector de aceite es adecuado para aceites con un rango de viscosidad de 32-90 cSt a 40 \u2103, lo que garantiza un funcionamiento suave del equipo.<\/span><span id=\"input-sentence~2\"><br \/>\nUso con: El distribuidor volum\u00e9trico debe utilizarse con un lubricador de aceite con liberaci\u00f3n de presi\u00f3n para garantizar el suministro de aceite cuando el lubricador est\u00e1 funcionando.<\/span><\/p>\n<h2>Especificaci\u00f3n<\/h2>\n<table>\n<tbody>\n<tr>\n<td>Principio de funcionamiento<\/td>\n<td>Distribuidor presurizado<\/td>\n<\/tr>\n<tr>\n<td>Puntos de venta<\/td>\n<td>2, 3, 4, 5, 6, 8 ,10<\/td>\n<\/tr>\n<tr>\n<td>Medici\u00f3n de la cantidad de aceite<\/td>\n<td>0,03, 0,06, 0,10, 0,16 ml\/ciclo<\/td>\n<\/tr>\n<tr>\n<td>Lubricante<\/td>\n<td>32~90 cSt a 40 \u00b0C (aceite), \u2264NLGI 0 (grasa)<\/td>\n<\/tr>\n<tr>\n<td>Temperatura de funcionamiento<\/td>\n<td>0 a +80 \u00b0C<\/td>\n<\/tr>\n<tr>\n<td>Presi\u00f3n de funcionamiento<\/td>\n<td>8~30 bar (aceite), 20~50 bar (grasa)<\/td>\n<\/tr>\n<tr>\n<td>Material<\/td>\n<td>Fundici\u00f3n a presi\u00f3n de zinc, lat\u00f3n<\/td>\n<\/tr>\n<tr>\n<td>Toma de conexi\u00f3n<\/td>\n<td>Entrada \u03a66 (M10x1), Salida \u03a64 (M8x1)<\/td>\n<\/tr>\n<tr>\n<td>Accesorios de salida<\/td>\n<td>Tipo de manga, tipo r\u00e1pido<\/td>\n<\/tr>\n<tr>\n<td>Posici\u00f3n de montaje<\/td>\n<td>Cualquier<\/td>\n<\/tr>\n<\/tbody>\n<\/table>\n<h2>Solicitud<\/h2>\n<p>Alivio de presi\u00f3n: este tipo de distribuidor se utiliza junto con un lubricador de aceite de tipo alivio de presi\u00f3n. Durante el funcionamiento del lubricador, la presi\u00f3n en el sistema aumenta.<br \/>\nDescarga de aceite: Con el aumento de la presi\u00f3n, el pist\u00f3n desplazado en el distribuidor descarga una cantidad medida de lubricante a cada uno de los puntos de lubricaci\u00f3n.<br \/>\nFlujo fijo: La cantidad de lubricante descargado cada vez es fija, lo que garantiza que cada punto de lubricaci\u00f3n reciba una lubricaci\u00f3n constante.<br \/>\nProceso de ciclado: Cuando el lubricador deja de funcionar, se libera la presi\u00f3n del sistema y el pist\u00f3n vuelve a la posici\u00f3n inicial, listo para el siguiente ciclo de lubricaci\u00f3n.<\/p>\n<h2>Manuales<\/h2>\n<div class=\"sdm_download_button_box_default\"><div class=\"sdm_download_link\"><a href=\"https:\/\/www.jinpinlub.com\/es\/?sdm_process_download=1&download_id=2458\" class=\"sdm_download white\" title=\"Privado: DPB Lubrication Distributor\" target=\"&quot;_blank&quot;\">Ver Ficha T\u00e9cnica - Distribuidor DPB<\/a><\/div><\/div>","protected":false},"excerpt":{"rendered":"<p>El agente de presi\u00f3n suministrado por la bomba de lubricaci\u00f3n empuja el pist\u00f3n en la c\u00e1mara dosificadora para descargar el lubricante almacenado en la c\u00e1mara dosificadora. Una vez descargado el lubricante, el sistema se despresuriza y la c\u00e1mara dosificadora almacena aceite para el siguiente ciclo de trabajo.<\/p>","protected":false},"featured_media":3369,"template":"","meta":{"ocean_post_layout":"","ocean_both_sidebars_style":"","ocean_both_sidebars_content_width":0,"ocean_both_sidebars_sidebars_width":0,"ocean_sidebar":"0","ocean_second_sidebar":"0","ocean_disable_margins":"enable","ocean_add_body_class":"","ocean_shortcode_before_top_bar":"","ocean_shortcode_after_top_bar":"","ocean_shortcode_before_header":"","ocean_shortcode_after_header":"","ocean_has_shortcode":"","ocean_shortcode_after_title":"","ocean_shortcode_before_footer_widgets":"","ocean_shortcode_after_footer_widgets":"","ocean_shortcode_before_footer_bottom":"","ocean_shortcode_after_footer_bottom":"","ocean_display_top_bar":"default","ocean_display_header":"default","ocean_header_style":"","ocean_center_header_left_menu":"0","ocean_custom_header_template":"0","ocean_custom_logo":0,"ocean_custom_retina_logo":0,"ocean_custom_logo_max_width":0,"ocean_custom_logo_tablet_max_width":0,"ocean_custom_logo_mobile_max_width":0,"ocean_custom_logo_max_height":0,"ocean_custom_logo_tablet_max_height":0,"ocean_custom_logo_mobile_max_height":0,"ocean_header_custom_menu":"0","ocean_menu_typo_font_family":"0","ocean_menu_typo_font_subset":"","ocean_menu_typo_font_size":0,"ocean_menu_typo_font_size_tablet":0,"ocean_menu_typo_font_size_mobile":0,"ocean_menu_typo_font_size_unit":"px","ocean_menu_typo_font_weight":"","ocean_menu_typo_font_weight_tablet":"","ocean_menu_typo_font_weight_mobile":"","ocean_menu_typo_transform":"","ocean_menu_typo_transform_tablet":"","ocean_menu_typo_transform_mobile":"","ocean_menu_typo_line_height":0,"ocean_menu_typo_line_height_tablet":0,"ocean_menu_typo_line_height_mobile":0,"ocean_menu_typo_line_height_unit":"","ocean_menu_typo_spacing":0,"ocean_menu_typo_spacing_tablet":0,"ocean_menu_typo_spacing_mobile":0,"ocean_menu_typo_spacing_unit":"","ocean_menu_link_color":"","ocean_menu_link_color_hover":"","ocean_menu_link_color_active":"","ocean_menu_link_background":"","ocean_menu_link_hover_background":"","ocean_menu_link_active_background":"","ocean_menu_social_links_bg":"","ocean_menu_social_hover_links_bg":"","ocean_menu_social_links_color":"","ocean_menu_social_hover_links_color":"","ocean_disable_title":"default","ocean_disable_heading":"default","ocean_post_title":"","ocean_post_subheading":"","ocean_post_title_style":"","ocean_post_title_background_color":"","ocean_post_title_background":0,"ocean_post_title_bg_image_position":"","ocean_post_title_bg_image_attachment":"","ocean_post_title_bg_image_repeat":"","ocean_post_title_bg_image_size":"","ocean_post_title_height":0,"ocean_post_title_bg_overlay":0.5,"ocean_post_title_bg_overlay_color":"","ocean_disable_breadcrumbs":"default","ocean_breadcrumbs_color":"","ocean_breadcrumbs_separator_color":"","ocean_breadcrumbs_links_color":"","ocean_breadcrumbs_links_hover_color":"","ocean_display_footer_widgets":"default","ocean_display_footer_bottom":"default","ocean_custom_footer_template":"0","osh_disable_topbar_sticky":"default","osh_disable_header_sticky":"default","osh_sticky_header_style":"default","osh_sticky_header_effect":"","osh_custom_sticky_logo":0,"osh_custom_retina_sticky_logo":0,"osh_custom_sticky_logo_height":0,"osh_background_color":"","osh_links_color":"","osh_links_hover_color":"","osh_links_active_color":"","osh_links_bg_color":"","osh_links_hover_bg_color":"","osh_links_active_bg_color":"","osh_menu_social_links_color":"","osh_menu_social_hover_links_color":""},"product_brand":[],"product_cat":[49,47],"product_tag":[87,139,240],"class_list":{"0":"post-3401","1":"product","2":"type-product","3":"status-publish","4":"has-post-thumbnail","6":"product_cat-volumetric-oil-injectors","7":"product_cat-volumetric-thin-oil-systems","8":"product_tag-grease-distributor","9":"product_tag-oil-distributor","10":"product_tag-pressurized-distributor","12":"entry","13":"has-media","15":"first","16":"instock","17":"shipping-taxable","18":"product-type-external","19":"col","20":"span_1_of_3","21":"owp-content-center","22":"owp-thumbs-layout-horizontal","23":"owp-btn-very-big","24":"owp-tabs-layout-horizontal"},"_links":{"self":[{"href":"https:\/\/www.jinpinlub.com\/es\/wp-json\/wp\/v2\/product\/3401","targetHints":{"allow":["GET"]}}],"collection":[{"href":"https:\/\/www.jinpinlub.com\/es\/wp-json\/wp\/v2\/product"}],"about":[{"href":"https:\/\/www.jinpinlub.com\/es\/wp-json\/wp\/v2\/types\/product"}],"wp:featuredmedia":[{"embeddable":true,"href":"https:\/\/www.jinpinlub.com\/es\/wp-json\/wp\/v2\/media\/3369"}],"wp:attachment":[{"href":"https:\/\/www.jinpinlub.com\/es\/wp-json\/wp\/v2\/media?parent=3401"}],"wp:term":[{"taxonomy":"product_brand","embeddable":true,"href":"https:\/\/www.jinpinlub.com\/es\/wp-json\/wp\/v2\/product_brand?post=3401"},{"taxonomy":"product_cat","embeddable":true,"href":"https:\/\/www.jinpinlub.com\/es\/wp-json\/wp\/v2\/product_cat?post=3401"},{"taxonomy":"product_tag","embeddable":true,"href":"https:\/\/www.jinpinlub.com\/es\/wp-json\/wp\/v2\/product_tag?post=3401"}],"curies":[{"name":"wp","href":"https:\/\/api.w.org\/{rel}","templated":true}]}}