{"id":3402,"date":"2024-08-27T03:41:17","date_gmt":"2024-08-26T19:41:17","guid":{"rendered":"https:\/\/www.jinpinlub.com\/?post_type=product&#038;p=3402"},"modified":"2024-08-27T03:44:26","modified_gmt":"2024-08-26T19:44:26","slug":"valvulas-divisoras-de-grasa-jvb-para-sistemas-de-lubricacion-progresiva","status":"publish","type":"product","link":"https:\/\/www.jinpinlub.com\/es\/product\/jvb-grease-divider-valves-for-progressive-lubrication-system\/","title":{"rendered":"V\u00e1lvulas divisoras de grasa JVB para sistemas de lubricaci\u00f3n progresiva"},"content":{"rendered":"<h2>Caracter\u00edsticas<\/h2>\n<p>Dise\u00f1o flexible: Las v\u00e1lvulas distribuidoras JINPINLUB JVB permiten la configuraci\u00f3n de campo para diferentes necesidades de 6 a 20 salidas.<br \/>\nDesplazamiento positivo: el volumen de descarga por salida por ciclo se fija en 0,17 cc y se puede combinar con accesorios adecuados para satisfacer necesidades de mayor salida.<br \/>\nResistente a la corrosi\u00f3n: el cuerpo de la v\u00e1lvula progresiva est\u00e1 hecho de acero al carbono y ha sido tratado con protecci\u00f3n de superficie para permitir un uso a largo plazo en entornos hostiles.<br \/>\nFunci\u00f3n de monitoreo: La v\u00e1lvula distribuidora est\u00e1 equipada con un pin indicador de ciclo para proporcionar confirmaci\u00f3n visual del funcionamiento del sistema. Adem\u00e1s, el pin de ciclo tambi\u00e9n puede estar equipado con un interruptor para proporcionar retroalimentaci\u00f3n el\u00e9ctrica al controlador del sistema.<\/p>\n<h2>Especificaci\u00f3n<\/h2>\n<table>\n<tbody>\n<tr>\n<td>Principio de funcionamiento<\/td>\n<td>Dispositivos de medici\u00f3n<\/td>\n<\/tr>\n<tr>\n<td>N\u00famero de puntos de venta<\/td>\n<td>6-20<\/td>\n<\/tr>\n<tr>\n<td>Cantidad de medici\u00f3n<\/td>\n<td>0,17 ml\/ciclo<\/td>\n<\/tr>\n<tr>\n<td>Lubricante<\/td>\n<td>Grasa hasta NLGI 2, aceite 32-220cSt a 40\u2103<\/td>\n<\/tr>\n<tr>\n<td>Temperatura de funcionamiento<\/td>\n<td>\u201320 a +80 \u00b0C<\/td>\n<\/tr>\n<tr>\n<td>Presi\u00f3n de funcionamiento<\/td>\n<td>M\u00e1x. 250 bar<\/td>\n<\/tr>\n<tr>\n<td>Material<\/td>\n<td>Galvanizado negro<\/td>\n<\/tr>\n<tr>\n<td>Entrada de conexi\u00f3n<\/td>\n<td>\u03a66(M10x1,0), \u03a68(M10x1,0)<\/td>\n<\/tr>\n<tr>\n<td>Toma de conexi\u00f3n<\/td>\n<td>\u03a66(M10x1,0), \u03a68(M10x1,0)<\/td>\n<\/tr>\n<tr>\n<td>Posici\u00f3n de montaje<\/td>\n<td>Cualquier<\/td>\n<\/tr>\n<\/tbody>\n<\/table>\n<h2>Solicitud<\/h2>\n<p>El principio de funcionamiento de la v\u00e1lvula distribuidora JVB es progresivo, lo que significa que cada secci\u00f3n de la v\u00e1lvula descargar\u00e1 una cierta cantidad de lubricante al punto de lubricaci\u00f3n al que sirve despu\u00e9s de completar su carrera de pist\u00f3n, y luego la siguiente secci\u00f3n de la v\u00e1lvula comenzar\u00e1 a funcionar. La v\u00e1lvula distribuidora JVB se usa ampliamente en peque\u00f1os equipos mec\u00e1nicos que requieren lubricaci\u00f3n multipunto, como m\u00e1quinas herramienta, maquinaria de procesamiento, maquinaria de impresi\u00f3n y embalaje, etc.<\/p>\n<h2>Manuales<\/h2>\n<div class=\"sdm_download_button_box_default\"><div class=\"sdm_download_link\"><a href=\"https:\/\/www.jinpinlub.com\/es\/?sdm_process_download=1&download_id=3055\" class=\"sdm_download white\" title=\"Privado: JVB Progressive Divider\" target=\"&quot;_blank&quot;\">Ver hoja de datos - Distribuidor JVB<\/a><\/div><\/div>","protected":false},"excerpt":{"rendered":"<p>JVB es un distribuidor para sistemas de lubricaci\u00f3n progresiva. Est\u00e1 dise\u00f1ado para distribuir con precisi\u00f3n el lubricante entre m\u00faltiples puntos de lubricaci\u00f3n, asegurando que cada punto de lubricaci\u00f3n reciba la cantidad correcta de lubricante, mejorando la eficiencia operativa del equipo.<\/p>","protected":false},"featured_media":3372,"template":"","meta":{"ocean_post_layout":"","ocean_both_sidebars_style":"","ocean_both_sidebars_content_width":0,"ocean_both_sidebars_sidebars_width":0,"ocean_sidebar":"0","ocean_second_sidebar":"0","ocean_disable_margins":"enable","ocean_add_body_class":"","ocean_shortcode_before_top_bar":"","ocean_shortcode_after_top_bar":"","ocean_shortcode_before_header":"","ocean_shortcode_after_header":"","ocean_has_shortcode":"","ocean_shortcode_after_title":"","ocean_shortcode_before_footer_widgets":"","ocean_shortcode_after_footer_widgets":"","ocean_shortcode_before_footer_bottom":"","ocean_shortcode_after_footer_bottom":"","ocean_display_top_bar":"default","ocean_display_header":"default","ocean_header_style":"","ocean_center_header_left_menu":"0","ocean_custom_header_template":"0","ocean_custom_logo":0,"ocean_custom_retina_logo":0,"ocean_custom_logo_max_width":0,"ocean_custom_logo_tablet_max_width":0,"ocean_custom_logo_mobile_max_width":0,"ocean_custom_logo_max_height":0,"ocean_custom_logo_tablet_max_height":0,"ocean_custom_logo_mobile_max_height":0,"ocean_header_custom_menu":"0","ocean_menu_typo_font_family":"0","ocean_menu_typo_font_subset":"","ocean_menu_typo_font_size":0,"ocean_menu_typo_font_size_tablet":0,"ocean_menu_typo_font_size_mobile":0,"ocean_menu_typo_font_size_unit":"px","ocean_menu_typo_font_weight":"","ocean_menu_typo_font_weight_tablet":"","ocean_menu_typo_font_weight_mobile":"","ocean_menu_typo_transform":"","ocean_menu_typo_transform_tablet":"","ocean_menu_typo_transform_mobile":"","ocean_menu_typo_line_height":0,"ocean_menu_typo_line_height_tablet":0,"ocean_menu_typo_line_height_mobile":0,"ocean_menu_typo_line_height_unit":"","ocean_menu_typo_spacing":0,"ocean_menu_typo_spacing_tablet":0,"ocean_menu_typo_spacing_mobile":0,"ocean_menu_typo_spacing_unit":"","ocean_menu_link_color":"","ocean_menu_link_color_hover":"","ocean_menu_link_color_active":"","ocean_menu_link_background":"","ocean_menu_link_hover_background":"","ocean_menu_link_active_background":"","ocean_menu_social_links_bg":"","ocean_menu_social_hover_links_bg":"","ocean_menu_social_links_color":"","ocean_menu_social_hover_links_color":"","ocean_disable_title":"default","ocean_disable_heading":"default","ocean_post_title":"","ocean_post_subheading":"","ocean_post_title_style":"","ocean_post_title_background_color":"","ocean_post_title_background":0,"ocean_post_title_bg_image_position":"","ocean_post_title_bg_image_attachment":"","ocean_post_title_bg_image_repeat":"","ocean_post_title_bg_image_size":"","ocean_post_title_height":0,"ocean_post_title_bg_overlay":0.5,"ocean_post_title_bg_overlay_color":"","ocean_disable_breadcrumbs":"default","ocean_breadcrumbs_color":"","ocean_breadcrumbs_separator_color":"","ocean_breadcrumbs_links_color":"","ocean_breadcrumbs_links_hover_color":"","ocean_display_footer_widgets":"default","ocean_display_footer_bottom":"default","ocean_custom_footer_template":"0","osh_disable_topbar_sticky":"default","osh_disable_header_sticky":"default","osh_sticky_header_style":"default","osh_sticky_header_effect":"","osh_custom_sticky_logo":0,"osh_custom_retina_sticky_logo":0,"osh_custom_sticky_logo_height":0,"osh_background_color":"","osh_links_color":"","osh_links_hover_color":"","osh_links_active_color":"","osh_links_bg_color":"","osh_links_hover_bg_color":"","osh_links_active_bg_color":"","osh_menu_social_links_color":"","osh_menu_social_hover_links_color":""},"product_brand":[],"product_cat":[44,41],"product_tag":[99,242,241],"class_list":{"0":"post-3402","1":"product","2":"type-product","3":"status-publish","4":"has-post-thumbnail","6":"product_cat-progressive-grease-dividers","7":"product_cat-progressive-grease-systems","8":"product_tag-progressive-distributor","9":"product_tag-progressive-divider-valves","10":"product_tag-progressive-metering-device","12":"entry","13":"has-media","15":"first","16":"instock","17":"shipping-taxable","18":"product-type-external","19":"col","20":"span_1_of_3","21":"owp-content-center","22":"owp-thumbs-layout-horizontal","23":"owp-btn-very-big","24":"owp-tabs-layout-horizontal"},"_links":{"self":[{"href":"https:\/\/www.jinpinlub.com\/es\/wp-json\/wp\/v2\/product\/3402","targetHints":{"allow":["GET"]}}],"collection":[{"href":"https:\/\/www.jinpinlub.com\/es\/wp-json\/wp\/v2\/product"}],"about":[{"href":"https:\/\/www.jinpinlub.com\/es\/wp-json\/wp\/v2\/types\/product"}],"wp:featuredmedia":[{"embeddable":true,"href":"https:\/\/www.jinpinlub.com\/es\/wp-json\/wp\/v2\/media\/3372"}],"wp:attachment":[{"href":"https:\/\/www.jinpinlub.com\/es\/wp-json\/wp\/v2\/media?parent=3402"}],"wp:term":[{"taxonomy":"product_brand","embeddable":true,"href":"https:\/\/www.jinpinlub.com\/es\/wp-json\/wp\/v2\/product_brand?post=3402"},{"taxonomy":"product_cat","embeddable":true,"href":"https:\/\/www.jinpinlub.com\/es\/wp-json\/wp\/v2\/product_cat?post=3402"},{"taxonomy":"product_tag","embeddable":true,"href":"https:\/\/www.jinpinlub.com\/es\/wp-json\/wp\/v2\/product_tag?post=3402"}],"curies":[{"name":"wp","href":"https:\/\/api.w.org\/{rel}","templated":true}]}}