{"id":3410,"date":"2024-08-27T04:05:54","date_gmt":"2024-08-26T20:05:54","guid":{"rendered":"https:\/\/www.jinpinlub.com\/?post_type=product&#038;p=3410"},"modified":"2025-02-13T17:17:49","modified_gmt":"2025-02-13T09:17:49","slug":"dispositivo-dosificador-de-grasa-volumetrico-de-salida-multiple-de-precision-muk","status":"publish","type":"product","link":"https:\/\/www.jinpinlub.com\/es\/product\/muk-precise-multi-outlet-volumetric-grease-metering-device\/","title":{"rendered":"Dispositivo dosificador de grasa volum\u00e9trico de m\u00faltiples salidas de precisi\u00f3n MUK"},"content":{"rendered":"<h2>Caracter\u00edstica<\/h2>\n<p>Distribuci\u00f3n de m\u00faltiples salidas: Los distribuidores de alivio de presi\u00f3n de grasa JINPINLUB MUK se pueden configurar con 2 a 12 d\u00edgitos para satisfacer las necesidades de diferentes sistemas de lubricaci\u00f3n.<br \/>\nDise\u00f1o de v\u00e1lvula paraguas: La v\u00e1lvula paraguas dentro del distribuidor controla el flujo de lubricante bajo la presi\u00f3n del sistema de lubricaci\u00f3n, haci\u00e9ndolo muy preciso y distribuido a varios puntos de lubricaci\u00f3n.<br \/>\nSalidas m\u00faltiples: La v\u00e1lvula dosificadora, uno de los componentes de MUK, tiene m\u00faltiples vol\u00famenes de descarga para elegir, como 0,05, 0,1, 0,2, 0,3, 0,5 ml\/ciclo.<br \/>\nMateriales resistentes a la corrosi\u00f3n: Los distribuidores de grasa MUK suelen estar fabricados con materiales resistentes a la corrosi\u00f3n para adaptarse a diferentes entornos de trabajo.<\/p>\n<h2>Especificaci\u00f3n<\/h2>\n<table>\n<tbody>\n<tr>\n<td>Principio de funcionamiento<\/td>\n<td>V\u00e1lvula dosificadora de alivio de presi\u00f3n<\/td>\n<\/tr>\n<tr>\n<td>N\u00famero de puntos de venta<\/td>\n<td>1, 2, 3, 4, 5<\/td>\n<\/tr>\n<tr>\n<td>Cantidad de medici\u00f3n<\/td>\n<td>0,03, 0,05, 0,13, 0,20, 0,30, 0,50 ml\/ciclo<\/td>\n<\/tr>\n<tr>\n<td>Lubricante<\/td>\n<td>Grasa NLGI 000#, 00#.<\/td>\n<\/tr>\n<tr>\n<td>Temperatura de funcionamiento<\/td>\n<td>0 a +80 \u00b0C<\/td>\n<\/tr>\n<tr>\n<td>Presi\u00f3n de funcionamiento<\/td>\n<td>0,5 ~ 1,5 MPa<\/td>\n<\/tr>\n<tr>\n<td>Material<\/td>\n<td>Lat\u00f3n, aluminio<\/td>\n<\/tr>\n<tr>\n<td>Toma de conexi\u00f3n<\/td>\n<td>Entrada Rc1\/8, Salida \u03a64(Rc1\/8)<\/td>\n<\/tr>\n<tr>\n<td>Accesorios de salida<\/td>\n<td>Tipo de manga, tipo r\u00e1pido<\/td>\n<\/tr>\n<tr>\n<td>Posici\u00f3n de montaje<\/td>\n<td>Cualquier<\/td>\n<\/tr>\n<\/tbody>\n<\/table>\n<h2>Principio<\/h2>\n<p>El lubricante sale de la bomba de lubricaci\u00f3n y la presi\u00f3n del sistema empuja el pist\u00f3n del distribuidor MUK hacia arriba. El lubricante almacenado en la c\u00e1mara de aceite se descarga. Cuando el pist\u00f3n se mueve hacia la parte superior de la c\u00e1mara de aceite, la descarga de aceite se completa.<br \/>\nCuando la bomba de lubricaci\u00f3n deja de suministrar aceite, la v\u00e1lvula de alivio de presi\u00f3n se libera autom\u00e1ticamente, lo que permite que el lubricante en la tuber\u00eda de aceite principal regrese a trav\u00e9s de la v\u00e1lvula reductora de presi\u00f3n. En este momento, la presi\u00f3n del sistema se reduce y el lubricante se almacena dentro del distribuidor, listo para el pr\u00f3ximo ciclo.<\/p>\n<h2>Manuales<\/h2>\n<div class=\"sdm_download_button_box_default\"><div class=\"sdm_download_link\"><a href=\"https:\/\/www.jinpinlub.com\/es\/?sdm_process_download=1&download_id=3070\" class=\"sdm_download white\" title=\"Privado: MUK Pressure-relief Distributor\" target=\"&quot;_blank&quot;\">Ver Ficha T\u00e9cnica - Distribuidor MUK<\/a><\/div><\/div>","protected":false},"excerpt":{"rendered":"<p>El distribuidor de grasa MUK es un componente de distribuci\u00f3n de sistemas de lubricaci\u00f3n de l\u00ednea \u00fanica de dise\u00f1o modular, que consta de una v\u00e1lvula dosificadora de lat\u00f3n y un colector de aluminio. Se utiliza en sistemas de lubricaci\u00f3n de grasa volum\u00e9trica con dispositivos de alivio de presi\u00f3n, sistemas el\u00e9ctricos o manuales.<\/p>","protected":false},"featured_media":3386,"template":"","meta":{"ocean_post_layout":"","ocean_both_sidebars_style":"","ocean_both_sidebars_content_width":0,"ocean_both_sidebars_sidebars_width":0,"ocean_sidebar":"0","ocean_second_sidebar":"0","ocean_disable_margins":"enable","ocean_add_body_class":"","ocean_shortcode_before_top_bar":"","ocean_shortcode_after_top_bar":"","ocean_shortcode_before_header":"","ocean_shortcode_after_header":"","ocean_has_shortcode":"","ocean_shortcode_after_title":"","ocean_shortcode_before_footer_widgets":"","ocean_shortcode_after_footer_widgets":"","ocean_shortcode_before_footer_bottom":"","ocean_shortcode_after_footer_bottom":"","ocean_display_top_bar":"default","ocean_display_header":"default","ocean_header_style":"","ocean_center_header_left_menu":"0","ocean_custom_header_template":"0","ocean_custom_logo":0,"ocean_custom_retina_logo":0,"ocean_custom_logo_max_width":0,"ocean_custom_logo_tablet_max_width":0,"ocean_custom_logo_mobile_max_width":0,"ocean_custom_logo_max_height":0,"ocean_custom_logo_tablet_max_height":0,"ocean_custom_logo_mobile_max_height":0,"ocean_header_custom_menu":"0","ocean_menu_typo_font_family":"0","ocean_menu_typo_font_subset":"","ocean_menu_typo_font_size":0,"ocean_menu_typo_font_size_tablet":0,"ocean_menu_typo_font_size_mobile":0,"ocean_menu_typo_font_size_unit":"px","ocean_menu_typo_font_weight":"","ocean_menu_typo_font_weight_tablet":"","ocean_menu_typo_font_weight_mobile":"","ocean_menu_typo_transform":"","ocean_menu_typo_transform_tablet":"","ocean_menu_typo_transform_mobile":"","ocean_menu_typo_line_height":0,"ocean_menu_typo_line_height_tablet":0,"ocean_menu_typo_line_height_mobile":0,"ocean_menu_typo_line_height_unit":"","ocean_menu_typo_spacing":0,"ocean_menu_typo_spacing_tablet":0,"ocean_menu_typo_spacing_mobile":0,"ocean_menu_typo_spacing_unit":"","ocean_menu_link_color":"","ocean_menu_link_color_hover":"","ocean_menu_link_color_active":"","ocean_menu_link_background":"","ocean_menu_link_hover_background":"","ocean_menu_link_active_background":"","ocean_menu_social_links_bg":"","ocean_menu_social_hover_links_bg":"","ocean_menu_social_links_color":"","ocean_menu_social_hover_links_color":"","ocean_disable_title":"default","ocean_disable_heading":"default","ocean_post_title":"","ocean_post_subheading":"","ocean_post_title_style":"","ocean_post_title_background_color":"","ocean_post_title_background":0,"ocean_post_title_bg_image_position":"","ocean_post_title_bg_image_attachment":"","ocean_post_title_bg_image_repeat":"","ocean_post_title_bg_image_size":"","ocean_post_title_height":0,"ocean_post_title_bg_overlay":0.5,"ocean_post_title_bg_overlay_color":"","ocean_disable_breadcrumbs":"default","ocean_breadcrumbs_color":"","ocean_breadcrumbs_separator_color":"","ocean_breadcrumbs_links_color":"","ocean_breadcrumbs_links_hover_color":"","ocean_display_footer_widgets":"default","ocean_display_footer_bottom":"default","ocean_custom_footer_template":"0","osh_disable_topbar_sticky":"default","osh_disable_header_sticky":"default","osh_sticky_header_style":"default","osh_sticky_header_effect":"","osh_custom_sticky_logo":0,"osh_custom_retina_sticky_logo":0,"osh_custom_sticky_logo_height":0,"osh_background_color":"","osh_links_color":"","osh_links_hover_color":"","osh_links_active_color":"","osh_links_bg_color":"","osh_links_hover_bg_color":"","osh_links_active_bg_color":"","osh_menu_social_links_color":"","osh_menu_social_hover_links_color":""},"product_brand":[],"product_cat":[40,37],"product_tag":[97,98,84],"class_list":{"0":"post-3410","1":"product","2":"type-product","3":"status-publish","4":"has-post-thumbnail","6":"product_cat-pressure-relief-metering-valves","7":"product_cat-single-line-grease-systems","8":"product_tag-grease-injector","9":"product_tag-grease-metering-device","10":"product_tag-volumetric-distributor","12":"entry","13":"has-media","15":"first","16":"instock","17":"shipping-taxable","18":"product-type-external","19":"col","20":"span_1_of_3","21":"owp-content-center","22":"owp-thumbs-layout-horizontal","23":"owp-btn-very-big","24":"owp-tabs-layout-horizontal"},"_links":{"self":[{"href":"https:\/\/www.jinpinlub.com\/es\/wp-json\/wp\/v2\/product\/3410","targetHints":{"allow":["GET"]}}],"collection":[{"href":"https:\/\/www.jinpinlub.com\/es\/wp-json\/wp\/v2\/product"}],"about":[{"href":"https:\/\/www.jinpinlub.com\/es\/wp-json\/wp\/v2\/types\/product"}],"wp:featuredmedia":[{"embeddable":true,"href":"https:\/\/www.jinpinlub.com\/es\/wp-json\/wp\/v2\/media\/3386"}],"wp:attachment":[{"href":"https:\/\/www.jinpinlub.com\/es\/wp-json\/wp\/v2\/media?parent=3410"}],"wp:term":[{"taxonomy":"product_brand","embeddable":true,"href":"https:\/\/www.jinpinlub.com\/es\/wp-json\/wp\/v2\/product_brand?post=3410"},{"taxonomy":"product_cat","embeddable":true,"href":"https:\/\/www.jinpinlub.com\/es\/wp-json\/wp\/v2\/product_cat?post=3410"},{"taxonomy":"product_tag","embeddable":true,"href":"https:\/\/www.jinpinlub.com\/es\/wp-json\/wp\/v2\/product_tag?post=3410"}],"curies":[{"name":"wp","href":"https:\/\/api.w.org\/{rel}","templated":true}]}}