{"id":3493,"date":"2024-08-29T05:20:47","date_gmt":"2024-08-28T21:20:47","guid":{"rendered":"https:\/\/www.jinpinlub.com\/?post_type=product&#038;p=3493"},"modified":"2025-06-06T19:32:42","modified_gmt":"2025-06-06T11:32:42","slug":"bloque-de-lubricacion-con-grasa-jsv-para-sistema-de-lubricacion-de-mantequilla","status":"publish","type":"product","link":"https:\/\/www.jinpinlub.com\/es\/product\/jsv-grease-lubrication-block-for-butter-lubricating-system\/","title":{"rendered":"Bloque de lubricaci\u00f3n con grasa JSV para sistema de lubricaci\u00f3n de mantequilla"},"content":{"rendered":"<h2>Caracter\u00edstica<\/h2>\n<p><span id=\"input-sentence~0\">Salida est\u00e1ndar: el volumen de carrera est\u00e1ndar del alimentador JINPINLUB JSV es de 0,18 cc y, seg\u00fan la necesidad de aumentar la cantidad de salidas, se pueden combinar varias salidas para lograr mayores cantidades de volumen de carrera.<br \/>\nLubricantes aplicables: Alimentador JSV aplicable para lubricantes de aceite y grasa.<\/span><span id=\"input-sentence~1\"> La presi\u00f3n m\u00e1xima de trabajo es de 30 bar.<br \/>\nDise\u00f1o modular: los n\u00fameros de salida y las salidas del alimentador JSV se pueden cambiar seg\u00fan los requisitos y la flexibilidad es muy alta.<br \/>\nFiabilidad: Cada pist\u00f3n de salida act\u00faa de forma independiente, garantizando as\u00ed que cada punto de lubricaci\u00f3n reciba la cantidad correcta de lubricante.<\/span><\/p>\n<h2>Especificaci\u00f3n<\/h2>\n<table>\n<tbody>\n<tr>\n<td>Principio de funcionamiento<\/td>\n<td>Dispositivos de medici\u00f3n<\/td>\n<\/tr>\n<tr>\n<td>N\u00famero de puntos de venta<\/td>\n<td>6-20<\/td>\n<\/tr>\n<tr>\n<td>Cantidad de medici\u00f3n<\/td>\n<td>0,2 ml\/ciclo<\/td>\n<\/tr>\n<tr>\n<td>Lubricante<\/td>\n<td>Grasa hasta NLGI 2, aceite 32-220cSt a 40\u2103<\/td>\n<\/tr>\n<tr>\n<td>Temperatura de funcionamiento<\/td>\n<td>\u201320 a +80 \u00b0C<\/td>\n<\/tr>\n<tr>\n<td>Presi\u00f3n de funcionamiento<\/td>\n<td>M\u00e1x. 300 bar<\/td>\n<\/tr>\n<tr>\n<td>Material<\/td>\n<td>Galvanizado negro<\/td>\n<\/tr>\n<tr>\n<td>Entrada de conexi\u00f3n<\/td>\n<td>\u03a66\/\u03a68 (M10x1)<\/td>\n<\/tr>\n<tr>\n<td>Toma de conexi\u00f3n<\/td>\n<td>\u03a66\/\u03a68 (M10x1)<\/td>\n<\/tr>\n<tr>\n<td>Posici\u00f3n de montaje<\/td>\n<td>Cualquier<\/td>\n<\/tr>\n<\/tbody>\n<\/table>\n<h2>Solicitud<\/h2>\n<p>En la industria manufacturera, los distribuidores progresivos de tipo JSV se utilizan a menudo en equipos mec\u00e1nicos en l\u00edneas de producci\u00f3n automatizadas, como m\u00e1quinas de estampaci\u00f3n, m\u00e1quinas de moldeo por inyecci\u00f3n y sistemas de cintas transportadoras. La distribuci\u00f3n precisa del lubricante garantiza un funcionamiento suave del equipo bajo cargas elevadas y reduce el desgaste y las aver\u00edas.<br \/>\nEn los aerogeneradores se utilizan distribuidores progresivos de tipo JSV para lubricar los cojinetes principales y las cajas de engranajes. Estos componentes funcionan con cargas elevadas y velocidades elevadas, y un sistema de lubricaci\u00f3n fiable puede mejorar la eficiencia y la fiabilidad del generador.<\/p>\n<h2>Manuales<\/h2>\n<div class=\"sdm_download_button_box_default\"><div class=\"sdm_download_link\"><a href=\"https:\/\/www.jinpinlub.com\/es\/?sdm_process_download=1&download_id=2474\" class=\"sdm_download white\" title=\"Privado: JSV Progressive Distributor\" target=\"&quot;_blank&quot;\">Ver hoja de datos - Distribuidor JSV<\/a><\/div><\/div>","protected":false},"excerpt":{"rendered":"<p>El distribuidor de lubricaci\u00f3n progresiva JINPINLUB JSV est\u00e1 dise\u00f1ado para proporcionar una lubricaci\u00f3n precisa y eficiente para diversos equipos mec\u00e1nicos. Es una v\u00e1lvula de distribuci\u00f3n de lubricante progresiva \u00fanica de dise\u00f1o cl\u00e1sico, muy vers\u00e1til, de funcionamiento estable y de instalaci\u00f3n sencilla.<\/p>","protected":false},"featured_media":3453,"template":"","meta":{"ocean_post_layout":"","ocean_both_sidebars_style":"","ocean_both_sidebars_content_width":0,"ocean_both_sidebars_sidebars_width":0,"ocean_sidebar":"0","ocean_second_sidebar":"0","ocean_disable_margins":"enable","ocean_add_body_class":"","ocean_shortcode_before_top_bar":"","ocean_shortcode_after_top_bar":"","ocean_shortcode_before_header":"","ocean_shortcode_after_header":"","ocean_has_shortcode":"","ocean_shortcode_after_title":"","ocean_shortcode_before_footer_widgets":"","ocean_shortcode_after_footer_widgets":"","ocean_shortcode_before_footer_bottom":"","ocean_shortcode_after_footer_bottom":"","ocean_display_top_bar":"default","ocean_display_header":"default","ocean_header_style":"","ocean_center_header_left_menu":"0","ocean_custom_header_template":"0","ocean_custom_logo":0,"ocean_custom_retina_logo":0,"ocean_custom_logo_max_width":0,"ocean_custom_logo_tablet_max_width":0,"ocean_custom_logo_mobile_max_width":0,"ocean_custom_logo_max_height":0,"ocean_custom_logo_tablet_max_height":0,"ocean_custom_logo_mobile_max_height":0,"ocean_header_custom_menu":"0","ocean_menu_typo_font_family":"0","ocean_menu_typo_font_subset":"","ocean_menu_typo_font_size":0,"ocean_menu_typo_font_size_tablet":0,"ocean_menu_typo_font_size_mobile":0,"ocean_menu_typo_font_size_unit":"px","ocean_menu_typo_font_weight":"","ocean_menu_typo_font_weight_tablet":"","ocean_menu_typo_font_weight_mobile":"","ocean_menu_typo_transform":"","ocean_menu_typo_transform_tablet":"","ocean_menu_typo_transform_mobile":"","ocean_menu_typo_line_height":0,"ocean_menu_typo_line_height_tablet":0,"ocean_menu_typo_line_height_mobile":0,"ocean_menu_typo_line_height_unit":"","ocean_menu_typo_spacing":0,"ocean_menu_typo_spacing_tablet":0,"ocean_menu_typo_spacing_mobile":0,"ocean_menu_typo_spacing_unit":"","ocean_menu_link_color":"","ocean_menu_link_color_hover":"","ocean_menu_link_color_active":"","ocean_menu_link_background":"","ocean_menu_link_hover_background":"","ocean_menu_link_active_background":"","ocean_menu_social_links_bg":"","ocean_menu_social_hover_links_bg":"","ocean_menu_social_links_color":"","ocean_menu_social_hover_links_color":"","ocean_disable_title":"default","ocean_disable_heading":"default","ocean_post_title":"","ocean_post_subheading":"","ocean_post_title_style":"","ocean_post_title_background_color":"","ocean_post_title_background":0,"ocean_post_title_bg_image_position":"","ocean_post_title_bg_image_attachment":"","ocean_post_title_bg_image_repeat":"","ocean_post_title_bg_image_size":"","ocean_post_title_height":0,"ocean_post_title_bg_overlay":0.5,"ocean_post_title_bg_overlay_color":"","ocean_disable_breadcrumbs":"default","ocean_breadcrumbs_color":"","ocean_breadcrumbs_separator_color":"","ocean_breadcrumbs_links_color":"","ocean_breadcrumbs_links_hover_color":"","ocean_display_footer_widgets":"default","ocean_display_footer_bottom":"default","ocean_custom_footer_template":"0","osh_disable_topbar_sticky":"default","osh_disable_header_sticky":"default","osh_sticky_header_style":"default","osh_sticky_header_effect":"","osh_custom_sticky_logo":0,"osh_custom_retina_sticky_logo":0,"osh_custom_sticky_logo_height":0,"osh_background_color":"","osh_links_color":"","osh_links_hover_color":"","osh_links_active_color":"","osh_links_bg_color":"","osh_links_hover_bg_color":"","osh_links_active_bg_color":"","osh_menu_social_links_color":"","osh_menu_social_hover_links_color":""},"product_brand":[],"product_cat":[44,41],"product_tag":[270,271,272],"class_list":{"0":"post-3493","1":"product","2":"type-product","3":"status-publish","4":"has-post-thumbnail","6":"product_cat-progressive-grease-dividers","7":"product_cat-progressive-grease-systems","8":"product_tag-grease-lubrication-block","9":"product_tag-grease-measurement-device","10":"product_tag-lubricating-system-divider","12":"entry","13":"has-media","15":"first","16":"instock","17":"shipping-taxable","18":"product-type-external","19":"col","20":"span_1_of_3","21":"owp-content-center","22":"owp-thumbs-layout-horizontal","23":"owp-btn-very-big","24":"owp-tabs-layout-horizontal"},"_links":{"self":[{"href":"https:\/\/www.jinpinlub.com\/es\/wp-json\/wp\/v2\/product\/3493","targetHints":{"allow":["GET"]}}],"collection":[{"href":"https:\/\/www.jinpinlub.com\/es\/wp-json\/wp\/v2\/product"}],"about":[{"href":"https:\/\/www.jinpinlub.com\/es\/wp-json\/wp\/v2\/types\/product"}],"wp:featuredmedia":[{"embeddable":true,"href":"https:\/\/www.jinpinlub.com\/es\/wp-json\/wp\/v2\/media\/3453"}],"wp:attachment":[{"href":"https:\/\/www.jinpinlub.com\/es\/wp-json\/wp\/v2\/media?parent=3493"}],"wp:term":[{"taxonomy":"product_brand","embeddable":true,"href":"https:\/\/www.jinpinlub.com\/es\/wp-json\/wp\/v2\/product_brand?post=3493"},{"taxonomy":"product_cat","embeddable":true,"href":"https:\/\/www.jinpinlub.com\/es\/wp-json\/wp\/v2\/product_cat?post=3493"},{"taxonomy":"product_tag","embeddable":true,"href":"https:\/\/www.jinpinlub.com\/es\/wp-json\/wp\/v2\/product_tag?post=3493"}],"curies":[{"name":"wp","href":"https:\/\/api.w.org\/{rel}","templated":true}]}}