{"id":3550,"date":"2024-08-30T08:19:38","date_gmt":"2024-08-30T00:19:38","guid":{"rendered":"https:\/\/www.jinpinlub.com\/?post_type=product&#038;p=3550"},"modified":"2024-08-30T08:29:54","modified_gmt":"2024-08-30T00:29:54","slug":"lubricante-de-bomba-de-engranajes-de-aceite-resistente-jdl1-para-maquinas-herramienta","status":"publish","type":"product","link":"https:\/\/www.jinpinlub.com\/es\/product\/jdl1-resistance-oil-gear-pump-lubricator-for-machine-tools\/","title":{"rendered":"Lubricador de bomba de engranajes de aceite resistente JDL1 para m\u00e1quinas herramienta"},"content":{"rendered":"<h2>Caracter\u00edsticas<\/h2>\n<p>Control de tiempo: el lubricador JDL1-3 viene con un temporizador programable, que puede controlar con precisi\u00f3n el tiempo de trabajo y el tiempo de intervalo de la bomba de lubricaci\u00f3n para garantizar que se logren la eficiencia y la precisi\u00f3n durante el proceso de lubricaci\u00f3n.<br \/>\nModos m\u00faltiples: Hay dos modos de funcionamiento posibles con este lubricador: modo de lubricaci\u00f3n de encendido y modo de intervalo de encendido.<br \/>\nSistema de alarma: En el interior del JLD1-3, hay un interruptor de flotador que env\u00eda la alarma autom\u00e1ticamente cuando el nivel del aceite est\u00e1 por debajo de la marca e informa mediante un zumbador.<br \/>\nLubricaci\u00f3n manual: El lubricador JDL1-3 est\u00e1 dise\u00f1ado con un bot\u00f3n de lubricaci\u00f3n manual; en caso de emergencia, la lubricaci\u00f3n se puede realizar manualmente para evitar la sobrecarga de un motor.<br \/>\nMonitoreo de presi\u00f3n: Equipado con un man\u00f3metro, la presi\u00f3n de operaci\u00f3n se monitorea f\u00e1cilmente para garantizar que el equipo funcione en las mejores condiciones.<br \/>\nProtecci\u00f3n contra sobrecalentamiento: La bomba apaga autom\u00e1ticamente el motor cuando se sobrecalienta y volver\u00e1 a funcionar despu\u00e9s de unos 5 minutos.<\/p>\n<h2>Especificaci\u00f3n<\/h2>\n<table>\n<tbody>\n<tr>\n<td>Modelo<\/td>\n<td>JDL1<\/td>\n<\/tr>\n<tr>\n<td>Tiempo de lubricaci\u00f3n<\/td>\n<td>1-999 minutos<\/td>\n<\/tr>\n<tr>\n<td>Tiempo de intervalo<\/td>\n<td>1-999 minutos<\/td>\n<\/tr>\n<tr>\n<td>Temperatura de funcionamiento<\/td>\n<td>0 ~ +50 \u00b0C<\/td>\n<\/tr>\n<tr>\n<td>N\u00famero de puntos de venta<\/td>\n<td>1<\/td>\n<\/tr>\n<tr>\n<td>Capacidad del dep\u00f3sito<\/td>\n<td>2L, 3L, 4L (tanque de metal o resina), 8L (tanque de metal)<\/td>\n<\/tr>\n<tr>\n<td>Recarga<\/td>\n<td>Desde arriba<\/td>\n<\/tr>\n<tr>\n<td>Lubricante<\/td>\n<td>32-68 cSt a 40 \u2103<\/td>\n<\/tr>\n<tr>\n<td>Potencia del motor<\/td>\n<td>30 W<\/td>\n<\/tr>\n<tr>\n<td>Descargar<\/td>\n<td>150 ml\/min<\/td>\n<\/tr>\n<tr>\n<td>Presi\u00f3n m\u00e1xima de funcionamiento<\/td>\n<td>1,5 MPa<\/td>\n<\/tr>\n<tr>\n<td>Hilo de conexi\u00f3n<\/td>\n<td>Salida \u03a66<\/td>\n<\/tr>\n<tr>\n<td>Voltaje de funcionamiento<\/td>\n<td>110 V CA, 220 V CA<\/td>\n<\/tr>\n<tr>\n<td>Proceso de dar un t\u00edtulo<\/td>\n<td>CE<\/td>\n<\/tr>\n<tr>\n<td>Interruptor de nivel bajo<\/td>\n<td>Contacto NC<\/td>\n<\/tr>\n<\/tbody>\n<\/table>\n<h2>Aplicaciones<\/h2>\n<p>Maquinaria de procesamiento: El lubricador JDL1-3 se puede utilizar para sistemas de lubricaci\u00f3n como m\u00e1quinas herramienta CNC, fresadoras, tornos, etc.<br \/>\nMaquinaria de ingenier\u00eda: JDL1-3 se puede utilizar para lubricaci\u00f3n centralizada, como excavadoras y bulldozers.<br \/>\nEquipos de automatizaci\u00f3n: JDL1-3 se puede utilizar para equipos como l\u00edneas de montaje y robots que requieren lubricaci\u00f3n con aceite fino.<\/p>\n<h2>Manuales<\/h2>\n<div class=\"sdm_download_button_box_default\"><div class=\"sdm_download_link\"><a href=\"https:\/\/www.jinpinlub.com\/es\/?sdm_process_download=1&download_id=3000\" class=\"sdm_download white\" title=\"Privado: JDL1 Resistance Pump\" target=\"&quot;_blank&quot;\">Ver hoja de datos - Bomba JDL1<\/a><\/div><\/div>","protected":false},"excerpt":{"rendered":"<p>El lubricador accionado por motor el\u00e9ctrico de tipo resistente JDL1-3 es una bomba de engranajes de lubricaci\u00f3n con aceite fino de alta eficiencia con un temporizador programable. Se utiliza ampliamente en diversos equipos mec\u00e1nicos para mejorar la eficiencia operativa del equipo y extender su vida \u00fatil.<\/p>","protected":false},"featured_media":3497,"template":"","meta":{"ocean_post_layout":"","ocean_both_sidebars_style":"","ocean_both_sidebars_content_width":0,"ocean_both_sidebars_sidebars_width":0,"ocean_sidebar":"0","ocean_second_sidebar":"0","ocean_disable_margins":"enable","ocean_add_body_class":"","ocean_shortcode_before_top_bar":"","ocean_shortcode_after_top_bar":"","ocean_shortcode_before_header":"","ocean_shortcode_after_header":"","ocean_has_shortcode":"","ocean_shortcode_after_title":"","ocean_shortcode_before_footer_widgets":"","ocean_shortcode_after_footer_widgets":"","ocean_shortcode_before_footer_bottom":"","ocean_shortcode_after_footer_bottom":"","ocean_display_top_bar":"default","ocean_display_header":"default","ocean_header_style":"","ocean_center_header_left_menu":"0","ocean_custom_header_template":"0","ocean_custom_logo":0,"ocean_custom_retina_logo":0,"ocean_custom_logo_max_width":0,"ocean_custom_logo_tablet_max_width":0,"ocean_custom_logo_mobile_max_width":0,"ocean_custom_logo_max_height":0,"ocean_custom_logo_tablet_max_height":0,"ocean_custom_logo_mobile_max_height":0,"ocean_header_custom_menu":"0","ocean_menu_typo_font_family":"0","ocean_menu_typo_font_subset":"","ocean_menu_typo_font_size":0,"ocean_menu_typo_font_size_tablet":0,"ocean_menu_typo_font_size_mobile":0,"ocean_menu_typo_font_size_unit":"px","ocean_menu_typo_font_weight":"","ocean_menu_typo_font_weight_tablet":"","ocean_menu_typo_font_weight_mobile":"","ocean_menu_typo_transform":"","ocean_menu_typo_transform_tablet":"","ocean_menu_typo_transform_mobile":"","ocean_menu_typo_line_height":0,"ocean_menu_typo_line_height_tablet":0,"ocean_menu_typo_line_height_mobile":0,"ocean_menu_typo_line_height_unit":"","ocean_menu_typo_spacing":0,"ocean_menu_typo_spacing_tablet":0,"ocean_menu_typo_spacing_mobile":0,"ocean_menu_typo_spacing_unit":"","ocean_menu_link_color":"","ocean_menu_link_color_hover":"","ocean_menu_link_color_active":"","ocean_menu_link_background":"","ocean_menu_link_hover_background":"","ocean_menu_link_active_background":"","ocean_menu_social_links_bg":"","ocean_menu_social_hover_links_bg":"","ocean_menu_social_links_color":"","ocean_menu_social_hover_links_color":"","ocean_disable_title":"default","ocean_disable_heading":"default","ocean_post_title":"","ocean_post_subheading":"","ocean_post_title_style":"","ocean_post_title_background_color":"","ocean_post_title_background":0,"ocean_post_title_bg_image_position":"","ocean_post_title_bg_image_attachment":"","ocean_post_title_bg_image_repeat":"","ocean_post_title_bg_image_size":"","ocean_post_title_height":0,"ocean_post_title_bg_overlay":0.5,"ocean_post_title_bg_overlay_color":"","ocean_disable_breadcrumbs":"default","ocean_breadcrumbs_color":"","ocean_breadcrumbs_separator_color":"","ocean_breadcrumbs_links_color":"","ocean_breadcrumbs_links_hover_color":"","ocean_display_footer_widgets":"default","ocean_display_footer_bottom":"default","ocean_custom_footer_template":"0","osh_disable_topbar_sticky":"default","osh_disable_header_sticky":"default","osh_sticky_header_style":"default","osh_sticky_header_effect":"","osh_custom_sticky_logo":0,"osh_custom_retina_sticky_logo":0,"osh_custom_sticky_logo_height":0,"osh_background_color":"","osh_links_color":"","osh_links_hover_color":"","osh_links_active_color":"","osh_links_bg_color":"","osh_links_hover_bg_color":"","osh_links_active_bg_color":"","osh_menu_social_links_color":"","osh_menu_social_hover_links_color":""},"product_brand":[],"product_cat":[51,50],"product_tag":[111,281,280],"class_list":{"0":"post-3550","1":"product","2":"type-product","3":"status-publish","4":"has-post-thumbnail","6":"product_cat-electric-resistance-pumps","7":"product_cat-resistance-thin-oil-systems","8":"product_tag-oil-lubrication-pump","9":"product_tag-thin-oil-gear-pump","10":"product_tag-thin-oil-lubricator","12":"entry","13":"has-media","15":"first","16":"instock","17":"shipping-taxable","18":"product-type-external","19":"col","20":"span_1_of_3","21":"owp-content-center","22":"owp-thumbs-layout-horizontal","23":"owp-btn-very-big","24":"owp-tabs-layout-horizontal"},"_links":{"self":[{"href":"https:\/\/www.jinpinlub.com\/es\/wp-json\/wp\/v2\/product\/3550","targetHints":{"allow":["GET"]}}],"collection":[{"href":"https:\/\/www.jinpinlub.com\/es\/wp-json\/wp\/v2\/product"}],"about":[{"href":"https:\/\/www.jinpinlub.com\/es\/wp-json\/wp\/v2\/types\/product"}],"wp:featuredmedia":[{"embeddable":true,"href":"https:\/\/www.jinpinlub.com\/es\/wp-json\/wp\/v2\/media\/3497"}],"wp:attachment":[{"href":"https:\/\/www.jinpinlub.com\/es\/wp-json\/wp\/v2\/media?parent=3550"}],"wp:term":[{"taxonomy":"product_brand","embeddable":true,"href":"https:\/\/www.jinpinlub.com\/es\/wp-json\/wp\/v2\/product_brand?post=3550"},{"taxonomy":"product_cat","embeddable":true,"href":"https:\/\/www.jinpinlub.com\/es\/wp-json\/wp\/v2\/product_cat?post=3550"},{"taxonomy":"product_tag","embeddable":true,"href":"https:\/\/www.jinpinlub.com\/es\/wp-json\/wp\/v2\/product_tag?post=3550"}],"curies":[{"name":"wp","href":"https:\/\/api.w.org\/{rel}","templated":true}]}}