{"id":3552,"date":"2024-08-30T08:30:56","date_gmt":"2024-08-30T00:30:56","guid":{"rendered":"https:\/\/www.jinpinlub.com\/?post_type=product&#038;p=3552"},"modified":"2024-08-30T08:32:55","modified_gmt":"2024-08-30T00:32:55","slug":"lubricador-automatico-de-aceite-para-motor-electrico-con-resistencia-jdl2","status":"publish","type":"product","link":"https:\/\/www.jinpinlub.com\/es\/product\/jdl2-resistance-electric-motor-oil-automatic-plc-lubricator\/","title":{"rendered":"Lubricador autom\u00e1tico de aceite para motor el\u00e9ctrico con resistencia JDL2"},"content":{"rendered":"<h2>Caracter\u00edsticas<\/h2>\n<p>Control PLC: El lubricador de la serie JDL2 se puede controlar a trav\u00e9s de PLC para garantizar la automatizaci\u00f3n y precisi\u00f3n en la lubricaci\u00f3n. Interruptor de presi\u00f3n: Es opcional, y en caso de presi\u00f3n anormal, se producir\u00e1 una se\u00f1al de alarma. Interruptor de flotador: Con un interruptor de flotador, se producir\u00e1 autom\u00e1ticamente una se\u00f1al de alarma una vez que el nivel de aceite est\u00e9 por debajo de la marca. Eliminador de chispas: Equipado con un eliminador de chispas en el interior para evitar chispas cuando la corriente est\u00e1 funcionando. Bot\u00f3n manual: Este lubricador JDL2 tiene un bot\u00f3n de suministro de aceite operado manualmente, que fuerza la lubricaci\u00f3n no m\u00e1s de tres minutos. Protecci\u00f3n de temperatura: Si la temperatura alcanza los 100 \u2103, iniciar\u00e1 el sensor y detendr\u00e1 el funcionamiento del motor durante aproximadamente 5 minutos.<\/p>\n<h2>Especificaci\u00f3n<\/h2>\n<table>\n<tbody>\n<tr>\n<td>Modelo<\/td>\n<td>JDL2<\/td>\n<\/tr>\n<tr>\n<td>Minutero<\/td>\n<td>SOCIEDAD AN\u00d3NIMA<\/td>\n<\/tr>\n<tr>\n<td>Temperatura de funcionamiento<\/td>\n<td>0 ~ +50 \u00b0C<\/td>\n<\/tr>\n<tr>\n<td>N\u00famero de puntos de venta<\/td>\n<td>1<\/td>\n<\/tr>\n<tr>\n<td>Capacidad del dep\u00f3sito<\/td>\n<td>2L, 3L, 4L (tanque de metal o resina), 8L (tanque de metal)<\/td>\n<\/tr>\n<tr>\n<td>Recarga<\/td>\n<td>Desde arriba<\/td>\n<\/tr>\n<tr>\n<td>Lubricante<\/td>\n<td>32-68 cSt a 40 \u2103<\/td>\n<\/tr>\n<tr>\n<td>Potencia del motor<\/td>\n<td>30 W<\/td>\n<\/tr>\n<tr>\n<td>Descargar<\/td>\n<td>150 ml\/min<\/td>\n<\/tr>\n<tr>\n<td>Presi\u00f3n m\u00e1xima de funcionamiento<\/td>\n<td>1,5 MPa<\/td>\n<\/tr>\n<tr>\n<td>Hilo de conexi\u00f3n<\/td>\n<td>Salida \u03a66<\/td>\n<\/tr>\n<tr>\n<td>Voltaje de funcionamiento<\/td>\n<td>110 V CA, 220 V CA<\/td>\n<\/tr>\n<tr>\n<td>Proceso de dar un t\u00edtulo<\/td>\n<td>CE<\/td>\n<\/tr>\n<tr>\n<td>Posici\u00f3n de montaje<\/td>\n<td>Vertical<\/td>\n<\/tr>\n<\/tbody>\n<\/table>\n<h2>Aplicaciones<\/h2>\n<p>M\u00e1quina herramienta de precisi\u00f3n: el lubricador JDL2 se aplica ampliamente en la m\u00e1quina herramienta CNC. Puede garantizar la lubricaci\u00f3n de las piezas de precisi\u00f3n con precisi\u00f3n. L\u00ednea de producci\u00f3n autom\u00e1tica: se aplica a una l\u00ednea de producci\u00f3n autom\u00e1tica y se controla a trav\u00e9s de PLC para realizar la lubricaci\u00f3n automatizada. M\u00e1quina de procesamiento: para muchos tipos de m\u00e1quinas de procesamiento, incluidas fresadoras, tornos y taladradoras, proporciona una lubricaci\u00f3n estable. M\u00e1quina de impresi\u00f3n: un lubricador JDL2 puede proporcionar lubricaci\u00f3n continua para una m\u00e1quina de impresi\u00f3n.<\/p>\n<h2>Manuales<\/h2>\n<div class=\"sdm_download_button_box_default\"><div class=\"sdm_download_link\"><a href=\"https:\/\/www.jinpinlub.com\/es\/?sdm_process_download=1&download_id=3010\" class=\"sdm_download white\" title=\"Privado: JDL2 Resistance Pump\" target=\"&quot;_blank&quot;\">Ver hoja de datos - Bomba JDL2<\/a><\/div><\/div>","protected":false},"excerpt":{"rendered":"<p>El lubricador de aceite el\u00e9ctrico de tipo resistente Jinpinlub JDL2 es un equipo de lubricaci\u00f3n de alta eficiencia adecuado para diversas aplicaciones industriales. Est\u00e1 impulsado por una bomba de engranajes de un motor el\u00e9ctrico y tiene protecci\u00f3n de control de presi\u00f3n y temperatura, que es estable y duradero.<\/p>","protected":false},"featured_media":3505,"template":"","meta":{"ocean_post_layout":"","ocean_both_sidebars_style":"","ocean_both_sidebars_content_width":0,"ocean_both_sidebars_sidebars_width":0,"ocean_sidebar":"0","ocean_second_sidebar":"0","ocean_disable_margins":"enable","ocean_add_body_class":"","ocean_shortcode_before_top_bar":"","ocean_shortcode_after_top_bar":"","ocean_shortcode_before_header":"","ocean_shortcode_after_header":"","ocean_has_shortcode":"","ocean_shortcode_after_title":"","ocean_shortcode_before_footer_widgets":"","ocean_shortcode_after_footer_widgets":"","ocean_shortcode_before_footer_bottom":"","ocean_shortcode_after_footer_bottom":"","ocean_display_top_bar":"default","ocean_display_header":"default","ocean_header_style":"","ocean_center_header_left_menu":"0","ocean_custom_header_template":"0","ocean_custom_logo":0,"ocean_custom_retina_logo":0,"ocean_custom_logo_max_width":0,"ocean_custom_logo_tablet_max_width":0,"ocean_custom_logo_mobile_max_width":0,"ocean_custom_logo_max_height":0,"ocean_custom_logo_tablet_max_height":0,"ocean_custom_logo_mobile_max_height":0,"ocean_header_custom_menu":"0","ocean_menu_typo_font_family":"0","ocean_menu_typo_font_subset":"","ocean_menu_typo_font_size":0,"ocean_menu_typo_font_size_tablet":0,"ocean_menu_typo_font_size_mobile":0,"ocean_menu_typo_font_size_unit":"px","ocean_menu_typo_font_weight":"","ocean_menu_typo_font_weight_tablet":"","ocean_menu_typo_font_weight_mobile":"","ocean_menu_typo_transform":"","ocean_menu_typo_transform_tablet":"","ocean_menu_typo_transform_mobile":"","ocean_menu_typo_line_height":0,"ocean_menu_typo_line_height_tablet":0,"ocean_menu_typo_line_height_mobile":0,"ocean_menu_typo_line_height_unit":"","ocean_menu_typo_spacing":0,"ocean_menu_typo_spacing_tablet":0,"ocean_menu_typo_spacing_mobile":0,"ocean_menu_typo_spacing_unit":"","ocean_menu_link_color":"","ocean_menu_link_color_hover":"","ocean_menu_link_color_active":"","ocean_menu_link_background":"","ocean_menu_link_hover_background":"","ocean_menu_link_active_background":"","ocean_menu_social_links_bg":"","ocean_menu_social_hover_links_bg":"","ocean_menu_social_links_color":"","ocean_menu_social_hover_links_color":"","ocean_disable_title":"default","ocean_disable_heading":"default","ocean_post_title":"","ocean_post_subheading":"","ocean_post_title_style":"","ocean_post_title_background_color":"","ocean_post_title_background":0,"ocean_post_title_bg_image_position":"","ocean_post_title_bg_image_attachment":"","ocean_post_title_bg_image_repeat":"","ocean_post_title_bg_image_size":"","ocean_post_title_height":0,"ocean_post_title_bg_overlay":0.5,"ocean_post_title_bg_overlay_color":"","ocean_disable_breadcrumbs":"default","ocean_breadcrumbs_color":"","ocean_breadcrumbs_separator_color":"","ocean_breadcrumbs_links_color":"","ocean_breadcrumbs_links_hover_color":"","ocean_display_footer_widgets":"default","ocean_display_footer_bottom":"default","ocean_custom_footer_template":"0","osh_disable_topbar_sticky":"default","osh_disable_header_sticky":"default","osh_sticky_header_style":"default","osh_sticky_header_effect":"","osh_custom_sticky_logo":0,"osh_custom_retina_sticky_logo":0,"osh_custom_sticky_logo_height":0,"osh_background_color":"","osh_links_color":"","osh_links_hover_color":"","osh_links_active_color":"","osh_links_bg_color":"","osh_links_hover_bg_color":"","osh_links_active_bg_color":"","osh_menu_social_links_color":"","osh_menu_social_hover_links_color":""},"product_brand":[],"product_cat":[51,50],"product_tag":[283,282,111],"class_list":{"0":"post-3552","1":"product","2":"type-product","3":"status-publish","4":"has-post-thumbnail","6":"product_cat-electric-resistance-pumps","7":"product_cat-resistance-thin-oil-systems","8":"product_tag-electric-lubricator","9":"product_tag-gear-lubricator","10":"product_tag-oil-lubrication-pump","12":"entry","13":"has-media","15":"first","16":"instock","17":"shipping-taxable","18":"product-type-external","19":"col","20":"span_1_of_3","21":"owp-content-center","22":"owp-thumbs-layout-horizontal","23":"owp-btn-very-big","24":"owp-tabs-layout-horizontal"},"_links":{"self":[{"href":"https:\/\/www.jinpinlub.com\/es\/wp-json\/wp\/v2\/product\/3552","targetHints":{"allow":["GET"]}}],"collection":[{"href":"https:\/\/www.jinpinlub.com\/es\/wp-json\/wp\/v2\/product"}],"about":[{"href":"https:\/\/www.jinpinlub.com\/es\/wp-json\/wp\/v2\/types\/product"}],"wp:featuredmedia":[{"embeddable":true,"href":"https:\/\/www.jinpinlub.com\/es\/wp-json\/wp\/v2\/media\/3505"}],"wp:attachment":[{"href":"https:\/\/www.jinpinlub.com\/es\/wp-json\/wp\/v2\/media?parent=3552"}],"wp:term":[{"taxonomy":"product_brand","embeddable":true,"href":"https:\/\/www.jinpinlub.com\/es\/wp-json\/wp\/v2\/product_brand?post=3552"},{"taxonomy":"product_cat","embeddable":true,"href":"https:\/\/www.jinpinlub.com\/es\/wp-json\/wp\/v2\/product_cat?post=3552"},{"taxonomy":"product_tag","embeddable":true,"href":"https:\/\/www.jinpinlub.com\/es\/wp-json\/wp\/v2\/product_tag?post=3552"}],"curies":[{"name":"wp","href":"https:\/\/api.w.org\/{rel}","templated":true}]}}