{"id":3554,"date":"2024-08-30T08:34:26","date_gmt":"2024-08-30T00:34:26","guid":{"rendered":"https:\/\/www.jinpinlub.com\/?post_type=product&#038;p=3554"},"modified":"2024-08-30T08:36:31","modified_gmt":"2024-08-30T00:36:31","slug":"lubricador-electrico-de-inyeccion-de-desplazamiento-positivo-jdl3","status":"publish","type":"product","link":"https:\/\/www.jinpinlub.com\/es\/product\/jdl3-electric-positive-displacement-injection-lubricator\/","title":{"rendered":"Lubricador de inyecci\u00f3n de desplazamiento positivo el\u00e9ctrico JDL3"},"content":{"rendered":"<h2>Caracter\u00edsticas<\/h2>\n<p><span id=\"input-sentence~0\">Control de programa: la bomba de lubricaci\u00f3n JDL3 est\u00e1 equipada con un temporizador para controlar el tiempo de funcionamiento y el tiempo de intermitencia. El tiempo de funcionamiento se puede configurar de 1 a 9999 segundos y el tiempo de intermitencia se puede configurar de 1 a 9999 minutos.<br \/>\nProtecci\u00f3n de seguridad: Equipado con una v\u00e1lvula de alivio para evitar que la bomba de lubricaci\u00f3n sobrecargue la presi\u00f3n de trabajo y equipado con un fusible de sobrecarga de corriente.<\/span><span id=\"input-sentence~1\"><br \/>\nAlarma de nivel bajo de aceite: La bomba de lubricaci\u00f3n est\u00e1 equipada con un interruptor de nivel bajo de aceite que puede emitir una se\u00f1al de nivel bajo de aceite.<br \/>\nProtecci\u00f3n del motor: El motor de la bomba de lubricaci\u00f3n JDL3 est\u00e1 equipado con un protector contra sobrecalentamiento para evitar que el motor se sobrecaliente.<\/span><span id=\"input-sentence~2\"><br \/>\nMonitoreo de presi\u00f3n: Un interruptor de presi\u00f3n opcional monitorea la ruptura y p\u00e9rdida de presi\u00f3n de la tuber\u00eda de aceite principal del sistema de lubricaci\u00f3n.<\/span><\/p>\n<h2>Especificaci\u00f3n<\/h2>\n<table>\n<tbody>\n<tr>\n<td>Modelo<\/td>\n<td>JDL3<\/td>\n<\/tr>\n<tr>\n<td>Tiempo de lubricaci\u00f3n<\/td>\n<td>1-999 minutos<\/td>\n<\/tr>\n<tr>\n<td>Tiempo de intervalo<\/td>\n<td>1-999 minutos<\/td>\n<\/tr>\n<tr>\n<td>Temperatura de funcionamiento<\/td>\n<td>0 ~ +50 \u00b0C<\/td>\n<\/tr>\n<tr>\n<td>N\u00famero de puntos de venta<\/td>\n<td>1<\/td>\n<\/tr>\n<tr>\n<td>Capacidad del dep\u00f3sito<\/td>\n<td>2L, 3L, 4L (tanque de metal o resina), 8L (tanque de metal)<\/td>\n<\/tr>\n<tr>\n<td>Recarga<\/td>\n<td>Desde arriba<\/td>\n<\/tr>\n<tr>\n<td>Lubricante<\/td>\n<td>32-68 cSt a 40 \u2103<\/td>\n<\/tr>\n<tr>\n<td>Potencia del motor<\/td>\n<td>30 W<\/td>\n<\/tr>\n<tr>\n<td>Descargar<\/td>\n<td>150 ml\/min<\/td>\n<\/tr>\n<tr>\n<td>Presi\u00f3n m\u00e1xima de funcionamiento<\/td>\n<td>1,8 MPa<\/td>\n<\/tr>\n<tr>\n<td>Hilo de conexi\u00f3n<\/td>\n<td>Salida \u03a66<\/td>\n<\/tr>\n<tr>\n<td>Voltaje de funcionamiento<\/td>\n<td>110 V CA, 220 V CA<\/td>\n<\/tr>\n<tr>\n<td>Proceso de dar un t\u00edtulo<\/td>\n<td>CE<\/td>\n<\/tr>\n<tr>\n<td>Interruptor de nivel bajo<\/td>\n<td>Contacto NC<\/td>\n<\/tr>\n<\/tbody>\n<\/table>\n<h2>Solicitud<\/h2>\n<p><span id=\"input-sentence~2\">Equipo de procesamiento de alimentos: Durante el procesamiento de alimentos, el sistema de lubricaci\u00f3n debe mantenerse eficiente y limpio, y la bomba de lubricaci\u00f3n JDL3 puede proporcionarlo.<\/span><span id=\"input-sentence~3\"><br \/>\nMaquinaria de envasado: El funcionamiento de alta frecuencia de la maquinaria de envasado requiere un sistema de lubricaci\u00f3n confiable, y la bomba de lubricaci\u00f3n JDL3 puede proporcionar una lubricaci\u00f3n estable.<br \/>\nMaquinaria para fabricaci\u00f3n de papel: La producci\u00f3n continua de maquinaria para fabricaci\u00f3n de papel tiene requisitos muy altos para el sistema de lubricaci\u00f3n, y la bomba de lubricaci\u00f3n JDL3 puede proporcionar una lubricaci\u00f3n precisa.<\/span><\/p>\n<h2>Manuales<\/h2>\n<div class=\"sdm_download_button_box_default\"><div class=\"sdm_download_link\"><a href=\"https:\/\/www.jinpinlub.com\/es\/?sdm_process_download=1&download_id=3015\" class=\"sdm_download white\" title=\"Privado: JDL3 Volumetric Oil Pump\" target=\"&quot;_blank&quot;\">Ver hoja de datos - Bomba JDL3<\/a><\/div><\/div>","protected":false},"excerpt":{"rendered":"<p>La bomba de lubricaci\u00f3n de aceite para motor el\u00e9ctrico Jinpinlub JDL3 es un equipo de lubricaci\u00f3n eficiente y confiable. Es una bomba de lubricaci\u00f3n de engranajes de desplazamiento positivo con lubricaci\u00f3n configurable y temporizadores de intervalo, ampliamente utilizada en diversas maquinarias y equipos industriales.<\/p>","protected":false},"featured_media":3513,"template":"","meta":{"ocean_post_layout":"","ocean_both_sidebars_style":"","ocean_both_sidebars_content_width":0,"ocean_both_sidebars_sidebars_width":0,"ocean_sidebar":"0","ocean_second_sidebar":"0","ocean_disable_margins":"enable","ocean_add_body_class":"","ocean_shortcode_before_top_bar":"","ocean_shortcode_after_top_bar":"","ocean_shortcode_before_header":"","ocean_shortcode_after_header":"","ocean_has_shortcode":"","ocean_shortcode_after_title":"","ocean_shortcode_before_footer_widgets":"","ocean_shortcode_after_footer_widgets":"","ocean_shortcode_before_footer_bottom":"","ocean_shortcode_after_footer_bottom":"","ocean_display_top_bar":"default","ocean_display_header":"default","ocean_header_style":"","ocean_center_header_left_menu":"0","ocean_custom_header_template":"0","ocean_custom_logo":0,"ocean_custom_retina_logo":0,"ocean_custom_logo_max_width":0,"ocean_custom_logo_tablet_max_width":0,"ocean_custom_logo_mobile_max_width":0,"ocean_custom_logo_max_height":0,"ocean_custom_logo_tablet_max_height":0,"ocean_custom_logo_mobile_max_height":0,"ocean_header_custom_menu":"0","ocean_menu_typo_font_family":"0","ocean_menu_typo_font_subset":"","ocean_menu_typo_font_size":0,"ocean_menu_typo_font_size_tablet":0,"ocean_menu_typo_font_size_mobile":0,"ocean_menu_typo_font_size_unit":"px","ocean_menu_typo_font_weight":"","ocean_menu_typo_font_weight_tablet":"","ocean_menu_typo_font_weight_mobile":"","ocean_menu_typo_transform":"","ocean_menu_typo_transform_tablet":"","ocean_menu_typo_transform_mobile":"","ocean_menu_typo_line_height":0,"ocean_menu_typo_line_height_tablet":0,"ocean_menu_typo_line_height_mobile":0,"ocean_menu_typo_line_height_unit":"","ocean_menu_typo_spacing":0,"ocean_menu_typo_spacing_tablet":0,"ocean_menu_typo_spacing_mobile":0,"ocean_menu_typo_spacing_unit":"","ocean_menu_link_color":"","ocean_menu_link_color_hover":"","ocean_menu_link_color_active":"","ocean_menu_link_background":"","ocean_menu_link_hover_background":"","ocean_menu_link_active_background":"","ocean_menu_social_links_bg":"","ocean_menu_social_hover_links_bg":"","ocean_menu_social_links_color":"","ocean_menu_social_hover_links_color":"","ocean_disable_title":"default","ocean_disable_heading":"default","ocean_post_title":"","ocean_post_subheading":"","ocean_post_title_style":"","ocean_post_title_background_color":"","ocean_post_title_background":0,"ocean_post_title_bg_image_position":"","ocean_post_title_bg_image_attachment":"","ocean_post_title_bg_image_repeat":"","ocean_post_title_bg_image_size":"","ocean_post_title_height":0,"ocean_post_title_bg_overlay":0.5,"ocean_post_title_bg_overlay_color":"","ocean_disable_breadcrumbs":"default","ocean_breadcrumbs_color":"","ocean_breadcrumbs_separator_color":"","ocean_breadcrumbs_links_color":"","ocean_breadcrumbs_links_hover_color":"","ocean_display_footer_widgets":"default","ocean_display_footer_bottom":"default","ocean_custom_footer_template":"0","osh_disable_topbar_sticky":"default","osh_disable_header_sticky":"default","osh_sticky_header_style":"default","osh_sticky_header_effect":"","osh_custom_sticky_logo":0,"osh_custom_retina_sticky_logo":0,"osh_custom_sticky_logo_height":0,"osh_background_color":"","osh_links_color":"","osh_links_hover_color":"","osh_links_active_color":"","osh_links_bg_color":"","osh_links_hover_bg_color":"","osh_links_active_bg_color":"","osh_menu_social_links_color":"","osh_menu_social_hover_links_color":""},"product_brand":[],"product_cat":[48,47],"product_tag":[284,285,286],"class_list":{"0":"post-3554","1":"product","2":"type-product","3":"status-publish","4":"has-post-thumbnail","6":"product_cat-electric-volumetric-pumps","7":"product_cat-volumetric-thin-oil-systems","8":"product_tag-electric-oil-lubricator","9":"product_tag-positive-displacement-lubricator","10":"product_tag-volumetric-lubricator","12":"entry","13":"has-media","15":"first","16":"instock","17":"shipping-taxable","18":"product-type-external","19":"col","20":"span_1_of_3","21":"owp-content-center","22":"owp-thumbs-layout-horizontal","23":"owp-btn-very-big","24":"owp-tabs-layout-horizontal"},"_links":{"self":[{"href":"https:\/\/www.jinpinlub.com\/es\/wp-json\/wp\/v2\/product\/3554","targetHints":{"allow":["GET"]}}],"collection":[{"href":"https:\/\/www.jinpinlub.com\/es\/wp-json\/wp\/v2\/product"}],"about":[{"href":"https:\/\/www.jinpinlub.com\/es\/wp-json\/wp\/v2\/types\/product"}],"wp:featuredmedia":[{"embeddable":true,"href":"https:\/\/www.jinpinlub.com\/es\/wp-json\/wp\/v2\/media\/3513"}],"wp:attachment":[{"href":"https:\/\/www.jinpinlub.com\/es\/wp-json\/wp\/v2\/media?parent=3554"}],"wp:term":[{"taxonomy":"product_brand","embeddable":true,"href":"https:\/\/www.jinpinlub.com\/es\/wp-json\/wp\/v2\/product_brand?post=3554"},{"taxonomy":"product_cat","embeddable":true,"href":"https:\/\/www.jinpinlub.com\/es\/wp-json\/wp\/v2\/product_cat?post=3554"},{"taxonomy":"product_tag","embeddable":true,"href":"https:\/\/www.jinpinlub.com\/es\/wp-json\/wp\/v2\/product_tag?post=3554"}],"curies":[{"name":"wp","href":"https:\/\/api.w.org\/{rel}","templated":true}]}}