{"id":3557,"date":"2024-08-30T08:45:15","date_gmt":"2024-08-30T00:45:15","guid":{"rendered":"https:\/\/www.jinpinlub.com\/?post_type=product&#038;p=3557"},"modified":"2024-08-30T08:46:17","modified_gmt":"2024-08-30T00:46:17","slug":"bomba-de-aceite-de-motor-electrico-de-4-resistencias-jdl2-bomba-de-engranajes-para-cnc","status":"publish","type":"product","link":"https:\/\/www.jinpinlub.com\/es\/product\/jdl2-4-resistance-electric-motor-oil-pump-gear-pump-for-cnc\/","title":{"rendered":"Bomba de aceite de motor el\u00e9ctrico de resistencia JDL2-4 Bomba de engranajes para CNC"},"content":{"rendered":"<h2>Caracter\u00edsticas<\/h2>\n<p>F\u00e1cil de instalar y cablear: la bomba de lubricaci\u00f3n Jinpinlub JDL2-4 tiene un dise\u00f1o simple, que es conveniente para una r\u00e1pida instalaci\u00f3n y mantenimiento.<br \/>\nExcelente rendimiento de autocebado: la bomba de lubricaci\u00f3n puede autocebar aceite lubricante a una presi\u00f3n m\u00e1s baja para garantizar un funcionamiento estable del sistema.<br \/>\nAlto caudal: La bomba de lubricaci\u00f3n proporciona un flujo estable de aceite lubricante y es adecuada para una variedad de aplicaciones industriales.<br \/>\nVarias opciones de tanques de almacenamiento de aceite: JDL2-4 proporciona tanques de almacenamiento de aceite de pl\u00e1stico de alta resistencia de 2L, 3L y 4L para satisfacer diferentes necesidades.<br \/>\nAccesorios opcionales: Se puede equipar con presostatos e interruptores de bajo nivel de l\u00edquido seg\u00fan las necesidades del cliente para lograr funciones de control autom\u00e1tico y alarma.<\/p>\n<h2>Especificaci\u00f3n<\/h2>\n<table>\n<tbody>\n<tr>\n<td>Modelo<\/td>\n<td>JDL2<\/td>\n<\/tr>\n<tr>\n<td>Minutero<\/td>\n<td>SOCIEDAD AN\u00d3NIMA<\/td>\n<\/tr>\n<tr>\n<td>Temperatura de funcionamiento<\/td>\n<td>0 ~ +50 \u00b0C<\/td>\n<\/tr>\n<tr>\n<td>N\u00famero de puntos de venta<\/td>\n<td>1<\/td>\n<\/tr>\n<tr>\n<td>Capacidad del dep\u00f3sito<\/td>\n<td>2L, 3L, 4L (tanque de metal o resina), 8L (tanque de metal)<\/td>\n<\/tr>\n<tr>\n<td>Recarga<\/td>\n<td>Desde arriba<\/td>\n<\/tr>\n<tr>\n<td>Lubricante<\/td>\n<td>32-68 cSt a 40 \u2103<\/td>\n<\/tr>\n<tr>\n<td>Potencia del motor<\/td>\n<td>30 W<\/td>\n<\/tr>\n<tr>\n<td>Descargar<\/td>\n<td>150 ml\/min<\/td>\n<\/tr>\n<tr>\n<td>Presi\u00f3n m\u00e1xima de funcionamiento<\/td>\n<td>1,5 MPa<\/td>\n<\/tr>\n<tr>\n<td>Hilo de conexi\u00f3n<\/td>\n<td>Salida \u03a66<\/td>\n<\/tr>\n<tr>\n<td>Voltaje de funcionamiento<\/td>\n<td>110 V CA, 220 V CA<\/td>\n<\/tr>\n<tr>\n<td>Proceso de dar un t\u00edtulo<\/td>\n<td>CE<\/td>\n<\/tr>\n<tr>\n<td>Posici\u00f3n de montaje<\/td>\n<td>Vertical<\/td>\n<\/tr>\n<\/tbody>\n<\/table>\n<h2>Aplicaciones<\/h2>\n<p>La bomba de lubricaci\u00f3n de engranajes JDL2-4 es una bomba de lubricaci\u00f3n controlada completamente autom\u00e1tica, que tiene las caracter\u00edsticas de bajo nivel de ruido, alta eficiencia, estabilidad de alta presi\u00f3n y operaci\u00f3n simple. Es adecuada para la lubricaci\u00f3n de engranajes, rieles gu\u00eda, cadenas, etc. en m\u00e1quinas herramienta, maquinaria textil, elevadores y maquinaria para trabajar la madera. Se puede utilizar con accesorios de lubricaci\u00f3n centralizada para lograr el efecto de lubricaci\u00f3n autom\u00e1tica con tiempo y cantidad fijos sin operaci\u00f3n manual.<\/p>\n<h2>Manuales<\/h2>\n<div class=\"sdm_download_button_box_default\"><div class=\"sdm_download_link\"><a href=\"https:\/\/www.jinpinlub.com\/es\/?sdm_process_download=1&download_id=3010\" class=\"sdm_download white\" title=\"Privado: JDL2 Resistance Pump\" target=\"&quot;_blank&quot;\">Ver hoja de datos - Bomba JDL2<\/a><\/div><\/div>","protected":false},"excerpt":{"rendered":"<p>La bomba de lubricaci\u00f3n el\u00e9ctrica JDL2-4 es una bomba de engranajes con rendimiento autocebante y alto caudal. Es adecuada para m\u00e1quinas herramienta, maquinaria de pl\u00e1stico, maquinaria textil, etc. Puede mejorar significativamente el efecto de lubricaci\u00f3n del equipo y reducir los costos de mantenimiento.<\/p>","protected":false},"featured_media":3509,"template":"","meta":{"ocean_post_layout":"","ocean_both_sidebars_style":"","ocean_both_sidebars_content_width":0,"ocean_both_sidebars_sidebars_width":0,"ocean_sidebar":"0","ocean_second_sidebar":"0","ocean_disable_margins":"enable","ocean_add_body_class":"","ocean_shortcode_before_top_bar":"","ocean_shortcode_after_top_bar":"","ocean_shortcode_before_header":"","ocean_shortcode_after_header":"","ocean_has_shortcode":"","ocean_shortcode_after_title":"","ocean_shortcode_before_footer_widgets":"","ocean_shortcode_after_footer_widgets":"","ocean_shortcode_before_footer_bottom":"","ocean_shortcode_after_footer_bottom":"","ocean_display_top_bar":"default","ocean_display_header":"default","ocean_header_style":"","ocean_center_header_left_menu":"0","ocean_custom_header_template":"0","ocean_custom_logo":0,"ocean_custom_retina_logo":0,"ocean_custom_logo_max_width":0,"ocean_custom_logo_tablet_max_width":0,"ocean_custom_logo_mobile_max_width":0,"ocean_custom_logo_max_height":0,"ocean_custom_logo_tablet_max_height":0,"ocean_custom_logo_mobile_max_height":0,"ocean_header_custom_menu":"0","ocean_menu_typo_font_family":"0","ocean_menu_typo_font_subset":"","ocean_menu_typo_font_size":0,"ocean_menu_typo_font_size_tablet":0,"ocean_menu_typo_font_size_mobile":0,"ocean_menu_typo_font_size_unit":"px","ocean_menu_typo_font_weight":"","ocean_menu_typo_font_weight_tablet":"","ocean_menu_typo_font_weight_mobile":"","ocean_menu_typo_transform":"","ocean_menu_typo_transform_tablet":"","ocean_menu_typo_transform_mobile":"","ocean_menu_typo_line_height":0,"ocean_menu_typo_line_height_tablet":0,"ocean_menu_typo_line_height_mobile":0,"ocean_menu_typo_line_height_unit":"","ocean_menu_typo_spacing":0,"ocean_menu_typo_spacing_tablet":0,"ocean_menu_typo_spacing_mobile":0,"ocean_menu_typo_spacing_unit":"","ocean_menu_link_color":"","ocean_menu_link_color_hover":"","ocean_menu_link_color_active":"","ocean_menu_link_background":"","ocean_menu_link_hover_background":"","ocean_menu_link_active_background":"","ocean_menu_social_links_bg":"","ocean_menu_social_hover_links_bg":"","ocean_menu_social_links_color":"","ocean_menu_social_hover_links_color":"","ocean_disable_title":"default","ocean_disable_heading":"default","ocean_post_title":"","ocean_post_subheading":"","ocean_post_title_style":"","ocean_post_title_background_color":"","ocean_post_title_background":0,"ocean_post_title_bg_image_position":"","ocean_post_title_bg_image_attachment":"","ocean_post_title_bg_image_repeat":"","ocean_post_title_bg_image_size":"","ocean_post_title_height":0,"ocean_post_title_bg_overlay":0.5,"ocean_post_title_bg_overlay_color":"","ocean_disable_breadcrumbs":"default","ocean_breadcrumbs_color":"","ocean_breadcrumbs_separator_color":"","ocean_breadcrumbs_links_color":"","ocean_breadcrumbs_links_hover_color":"","ocean_display_footer_widgets":"default","ocean_display_footer_bottom":"default","ocean_custom_footer_template":"0","osh_disable_topbar_sticky":"default","osh_disable_header_sticky":"default","osh_sticky_header_style":"default","osh_sticky_header_effect":"","osh_custom_sticky_logo":0,"osh_custom_retina_sticky_logo":0,"osh_custom_sticky_logo_height":0,"osh_background_color":"","osh_links_color":"","osh_links_hover_color":"","osh_links_active_color":"","osh_links_bg_color":"","osh_links_hover_bg_color":"","osh_links_active_bg_color":"","osh_menu_social_links_color":"","osh_menu_social_hover_links_color":""},"product_brand":[],"product_cat":[51,50],"product_tag":[112,76,111],"class_list":{"0":"post-3557","1":"product","2":"type-product","3":"status-publish","4":"has-post-thumbnail","6":"product_cat-electric-resistance-pumps","7":"product_cat-resistance-thin-oil-systems","8":"product_tag-centralized-lubrication-system","9":"product_tag-electric-lubrication-system","10":"product_tag-oil-lubrication-pump","12":"entry","13":"has-media","15":"first","16":"instock","17":"shipping-taxable","18":"product-type-external","19":"col","20":"span_1_of_3","21":"owp-content-center","22":"owp-thumbs-layout-horizontal","23":"owp-btn-very-big","24":"owp-tabs-layout-horizontal"},"_links":{"self":[{"href":"https:\/\/www.jinpinlub.com\/es\/wp-json\/wp\/v2\/product\/3557","targetHints":{"allow":["GET"]}}],"collection":[{"href":"https:\/\/www.jinpinlub.com\/es\/wp-json\/wp\/v2\/product"}],"about":[{"href":"https:\/\/www.jinpinlub.com\/es\/wp-json\/wp\/v2\/types\/product"}],"wp:featuredmedia":[{"embeddable":true,"href":"https:\/\/www.jinpinlub.com\/es\/wp-json\/wp\/v2\/media\/3509"}],"wp:attachment":[{"href":"https:\/\/www.jinpinlub.com\/es\/wp-json\/wp\/v2\/media?parent=3557"}],"wp:term":[{"taxonomy":"product_brand","embeddable":true,"href":"https:\/\/www.jinpinlub.com\/es\/wp-json\/wp\/v2\/product_brand?post=3557"},{"taxonomy":"product_cat","embeddable":true,"href":"https:\/\/www.jinpinlub.com\/es\/wp-json\/wp\/v2\/product_cat?post=3557"},{"taxonomy":"product_tag","embeddable":true,"href":"https:\/\/www.jinpinlub.com\/es\/wp-json\/wp\/v2\/product_tag?post=3557"}],"curies":[{"name":"wp","href":"https:\/\/api.w.org\/{rel}","templated":true}]}}