{"id":3558,"date":"2024-08-30T08:46:35","date_gmt":"2024-08-30T00:46:35","guid":{"rendered":"https:\/\/www.jinpinlub.com\/?post_type=product&#038;p=3558"},"modified":"2024-08-30T08:49:35","modified_gmt":"2024-08-30T00:49:35","slug":"bomba-de-aceite-de-engranajes-de-intervalo-electrico-jdl3-4-con-pantalla-digital","status":"publish","type":"product","link":"https:\/\/www.jinpinlub.com\/es\/product\/jdl3-4-electric-interval-oil-gear-pump-with-digital-display\/","title":{"rendered":"Bomba de aceite de engranajes de intervalo el\u00e9ctrico JDL3-4 con pantalla digital"},"content":{"rendered":"<h2>Caracter\u00edsticas<\/h2>\n<p>Lubricaci\u00f3n precisa: JDL3-4 es una bomba de lubricaci\u00f3n por inyecci\u00f3n de desplazamiento positivo, por lo que la cantidad de lubricaci\u00f3n en cada punto de lubricaci\u00f3n se puede controlar con precisi\u00f3n.<br \/>\nMonitoreo de nivel de l\u00edquido y presi\u00f3n: Equipado con un interruptor de nivel de l\u00edquido y un interruptor de presi\u00f3n opcional, cuando el volumen o la presi\u00f3n de aceite son insuficientes, se emitir\u00e1 una se\u00f1al anormal.<br \/>\nProtecci\u00f3n contra sobrecalentamiento: el motor de la bomba de lubricaci\u00f3n JDL3-4 tiene una funci\u00f3n de autoprotecci\u00f3n para evitar el sobrecalentamiento y la sobrecarga.<br \/>\nFiltraci\u00f3n de doble capa: La bomba de lubricaci\u00f3n JDL3-4 est\u00e1 equipada con un filtro de doble capa para hacer que el circuito de aceite sea m\u00e1s suave.<br \/>\nLubricaci\u00f3n forzada: Este sistema est\u00e1 equipado con una funci\u00f3n de lubricaci\u00f3n forzada para garantizar que la lubricaci\u00f3n se pueda realizar inmediatamente cuando sea necesario.<br \/>\nConfiguraci\u00f3n de tiempo: JDL3-4 El tiempo de lubricaci\u00f3n y el intervalo de tiempo se pueden configurar seg\u00fan sea necesario.<\/p>\n<h2>Especificaci\u00f3n<\/h2>\n<table>\n<tbody>\n<tr>\n<td>Modelo<\/td>\n<td>JDL3<\/td>\n<\/tr>\n<tr>\n<td>Tiempo de lubricaci\u00f3n<\/td>\n<td>1-999 minutos<\/td>\n<\/tr>\n<tr>\n<td>Tiempo de intervalo<\/td>\n<td>1-999 minutos<\/td>\n<\/tr>\n<tr>\n<td>Temperatura de funcionamiento<\/td>\n<td>0 ~ +50 \u00b0C<\/td>\n<\/tr>\n<tr>\n<td>N\u00famero de puntos de venta<\/td>\n<td>1<\/td>\n<\/tr>\n<tr>\n<td>Capacidad del dep\u00f3sito<\/td>\n<td>2L, 3L, 4L (tanque de metal o resina), 8L (tanque de metal)<\/td>\n<\/tr>\n<tr>\n<td>Recarga<\/td>\n<td>Desde arriba<\/td>\n<\/tr>\n<tr>\n<td>Lubricante<\/td>\n<td>32-68 cSt a 40 \u2103<\/td>\n<\/tr>\n<tr>\n<td>Potencia del motor<\/td>\n<td>30 W<\/td>\n<\/tr>\n<tr>\n<td>Descargar<\/td>\n<td>150 ml\/min<\/td>\n<\/tr>\n<tr>\n<td>Presi\u00f3n m\u00e1xima de funcionamiento<\/td>\n<td>1,8 MPa<\/td>\n<\/tr>\n<tr>\n<td>Hilo de conexi\u00f3n<\/td>\n<td>Salida \u03a66<\/td>\n<\/tr>\n<tr>\n<td>Voltaje de funcionamiento<\/td>\n<td>110 V CA, 220 V CA<\/td>\n<\/tr>\n<tr>\n<td>Proceso de dar un t\u00edtulo<\/td>\n<td>CE<\/td>\n<\/tr>\n<tr>\n<td>Interruptor de nivel bajo<\/td>\n<td>Contacto NC<\/td>\n<\/tr>\n<\/tbody>\n<\/table>\n<h2>Solicitud<\/h2>\n<p>Mantenimiento regular: Se debe realizar una revisi\u00f3n completa del sistema de lubricaci\u00f3n todos los meses para comprobar que todo funciona como deber\u00eda.<br \/>\nUtilice lubricantes adecuados: el lubricante debe seleccionarse de acuerdo con las condiciones de trabajo del equipo y est\u00e1 estrictamente prohibido el uso de aceite de calidad inferior.<br \/>\nRegistrar registros de mantenimiento: Registre la informaci\u00f3n relevante despu\u00e9s de cada mantenimiento de la bomba de lubricaci\u00f3n para su posterior consulta y gesti\u00f3n.<br \/>\nOperadores de trenes: Informar a los operadores sobre la metodolog\u00eda de uso y mantenimiento de la bomba de lubricaci\u00f3n, para reducir el mal funcionamiento.<\/p>\n<h2>Manuales<\/h2>\n<div class=\"sdm_download_button_box_default\"><div class=\"sdm_download_link\"><a href=\"https:\/\/www.jinpinlub.com\/es\/?sdm_process_download=1&download_id=3015\" class=\"sdm_download white\" title=\"Privado: JDL3 Volumetric Oil Pump\" target=\"&quot;_blank&quot;\">Ver hoja de datos - Bomba JDL3<\/a><\/div><\/div>","protected":false},"excerpt":{"rendered":"<p>La bomba de lubricaci\u00f3n de aceite Jinpinlub JDL3-4 es una bomba de engranajes de intervalo que se utiliza para proporcionar la cantidad precisa de aceite lubricante para garantizar el funcionamiento normal del equipo. Est\u00e1 equipada con una funci\u00f3n de pantalla digital, que resulta conveniente para que los usuarios controlen y ajusten los par\u00e1metros de lubricaci\u00f3n.<\/p>","protected":false},"featured_media":3517,"template":"","meta":{"ocean_post_layout":"","ocean_both_sidebars_style":"","ocean_both_sidebars_content_width":0,"ocean_both_sidebars_sidebars_width":0,"ocean_sidebar":"0","ocean_second_sidebar":"0","ocean_disable_margins":"enable","ocean_add_body_class":"","ocean_shortcode_before_top_bar":"","ocean_shortcode_after_top_bar":"","ocean_shortcode_before_header":"","ocean_shortcode_after_header":"","ocean_has_shortcode":"","ocean_shortcode_after_title":"","ocean_shortcode_before_footer_widgets":"","ocean_shortcode_after_footer_widgets":"","ocean_shortcode_before_footer_bottom":"","ocean_shortcode_after_footer_bottom":"","ocean_display_top_bar":"default","ocean_display_header":"default","ocean_header_style":"","ocean_center_header_left_menu":"0","ocean_custom_header_template":"0","ocean_custom_logo":0,"ocean_custom_retina_logo":0,"ocean_custom_logo_max_width":0,"ocean_custom_logo_tablet_max_width":0,"ocean_custom_logo_mobile_max_width":0,"ocean_custom_logo_max_height":0,"ocean_custom_logo_tablet_max_height":0,"ocean_custom_logo_mobile_max_height":0,"ocean_header_custom_menu":"0","ocean_menu_typo_font_family":"0","ocean_menu_typo_font_subset":"","ocean_menu_typo_font_size":0,"ocean_menu_typo_font_size_tablet":0,"ocean_menu_typo_font_size_mobile":0,"ocean_menu_typo_font_size_unit":"px","ocean_menu_typo_font_weight":"","ocean_menu_typo_font_weight_tablet":"","ocean_menu_typo_font_weight_mobile":"","ocean_menu_typo_transform":"","ocean_menu_typo_transform_tablet":"","ocean_menu_typo_transform_mobile":"","ocean_menu_typo_line_height":0,"ocean_menu_typo_line_height_tablet":0,"ocean_menu_typo_line_height_mobile":0,"ocean_menu_typo_line_height_unit":"","ocean_menu_typo_spacing":0,"ocean_menu_typo_spacing_tablet":0,"ocean_menu_typo_spacing_mobile":0,"ocean_menu_typo_spacing_unit":"","ocean_menu_link_color":"","ocean_menu_link_color_hover":"","ocean_menu_link_color_active":"","ocean_menu_link_background":"","ocean_menu_link_hover_background":"","ocean_menu_link_active_background":"","ocean_menu_social_links_bg":"","ocean_menu_social_hover_links_bg":"","ocean_menu_social_links_color":"","ocean_menu_social_hover_links_color":"","ocean_disable_title":"default","ocean_disable_heading":"default","ocean_post_title":"","ocean_post_subheading":"","ocean_post_title_style":"","ocean_post_title_background_color":"","ocean_post_title_background":0,"ocean_post_title_bg_image_position":"","ocean_post_title_bg_image_attachment":"","ocean_post_title_bg_image_repeat":"","ocean_post_title_bg_image_size":"","ocean_post_title_height":0,"ocean_post_title_bg_overlay":0.5,"ocean_post_title_bg_overlay_color":"","ocean_disable_breadcrumbs":"default","ocean_breadcrumbs_color":"","ocean_breadcrumbs_separator_color":"","ocean_breadcrumbs_links_color":"","ocean_breadcrumbs_links_hover_color":"","ocean_display_footer_widgets":"default","ocean_display_footer_bottom":"default","ocean_custom_footer_template":"0","osh_disable_topbar_sticky":"default","osh_disable_header_sticky":"default","osh_sticky_header_style":"default","osh_sticky_header_effect":"","osh_custom_sticky_logo":0,"osh_custom_retina_sticky_logo":0,"osh_custom_sticky_logo_height":0,"osh_background_color":"","osh_links_color":"","osh_links_hover_color":"","osh_links_active_color":"","osh_links_bg_color":"","osh_links_hover_bg_color":"","osh_links_active_bg_color":"","osh_menu_social_links_color":"","osh_menu_social_hover_links_color":""},"product_brand":[],"product_cat":[48,47],"product_tag":[76,287,288],"class_list":{"0":"post-3558","1":"product","2":"type-product","3":"status-publish","4":"has-post-thumbnail","6":"product_cat-electric-volumetric-pumps","7":"product_cat-volumetric-thin-oil-systems","8":"product_tag-electric-lubrication-system","9":"product_tag-pressure-relief-oil-pump","10":"product_tag-volumetric-oil-pump","12":"entry","13":"has-media","15":"first","16":"instock","17":"shipping-taxable","18":"product-type-external","19":"col","20":"span_1_of_3","21":"owp-content-center","22":"owp-thumbs-layout-horizontal","23":"owp-btn-very-big","24":"owp-tabs-layout-horizontal"},"_links":{"self":[{"href":"https:\/\/www.jinpinlub.com\/es\/wp-json\/wp\/v2\/product\/3558","targetHints":{"allow":["GET"]}}],"collection":[{"href":"https:\/\/www.jinpinlub.com\/es\/wp-json\/wp\/v2\/product"}],"about":[{"href":"https:\/\/www.jinpinlub.com\/es\/wp-json\/wp\/v2\/types\/product"}],"wp:featuredmedia":[{"embeddable":true,"href":"https:\/\/www.jinpinlub.com\/es\/wp-json\/wp\/v2\/media\/3517"}],"wp:attachment":[{"href":"https:\/\/www.jinpinlub.com\/es\/wp-json\/wp\/v2\/media?parent=3558"}],"wp:term":[{"taxonomy":"product_brand","embeddable":true,"href":"https:\/\/www.jinpinlub.com\/es\/wp-json\/wp\/v2\/product_brand?post=3558"},{"taxonomy":"product_cat","embeddable":true,"href":"https:\/\/www.jinpinlub.com\/es\/wp-json\/wp\/v2\/product_cat?post=3558"},{"taxonomy":"product_tag","embeddable":true,"href":"https:\/\/www.jinpinlub.com\/es\/wp-json\/wp\/v2\/product_tag?post=3558"}],"curies":[{"name":"wp","href":"https:\/\/api.w.org\/{rel}","templated":true}]}}