{"id":3568,"date":"2024-08-30T09:43:07","date_gmt":"2024-08-30T01:43:07","guid":{"rendered":"https:\/\/www.jinpinlub.com\/?post_type=product&#038;p=3568"},"modified":"2024-08-30T09:51:21","modified_gmt":"2024-08-30T01:51:21","slug":"lubricador-electrico-de-un-solo-punto-smd-de-250-ml-con-interruptor-dip","status":"publish","type":"product","link":"https:\/\/www.jinpinlub.com\/es\/product\/smd-250ml-electric-single-point-lubricator-with-dip-switch\/","title":{"rendered":"Lubricador el\u00e9ctrico de un solo punto SMD de 250 ml con interruptor DIP"},"content":{"rendered":"<h2>Caracter\u00edsticas<\/h2>\n<p>Para aplicaciones con temperaturas cambiantes, instalaciones a larga distancia, como vibraciones, espacios confinados o entornos peligrosos, SMD es una opci\u00f3n.<br \/>\n1. La cubierta transparente y el tanque de aceite transparente facilitan la inspecci\u00f3n visual.<br \/>\n2. La misma unidad motriz se puede utilizar con dos capacidades, solo hay que ajustar el interruptor de 125\/250 ml. La fuente de alimentaci\u00f3n puede ser una fuente de alimentaci\u00f3n externa de 24 VCC o una bater\u00eda de 3 VCC.<br \/>\n3. La velocidad de descarga es independiente de la temperatura y la presi\u00f3n de extrusi\u00f3n es de hasta 6,5 bar.<br \/>\n4. Las luces LED de color rojo-amarillo-verde indican el estado del lubricador.<br \/>\n5. Se puede utilizar para instalaci\u00f3n cercana directamente o conectado a una tuber\u00eda.<br \/>\n6. Cuando se agote la grasa, reemplace el cartucho y la bater\u00eda.<br \/>\n7. Aplicaciones en ubicaciones restringidas y peligrosas donde se requiere confiabilidad y monitoreo adicional.<\/p>\n<h2>Especificaci\u00f3n<\/h2>\n<p>Lubricantes: aceite o grasa \u2264 NLGI #2<br \/>\nCapacidad del dep\u00f3sito: 125 ml y 250 ml<br \/>\nTiempo de vaciado: 0,5, 1, 3, 6, 9 y 12 meses<br \/>\nRango de descarga: 0,3~0,8 ml\/d\u00eda<br \/>\nTemperatura ambiente: -20~60\u2103<br \/>\nPresi\u00f3n de trabajo: m\u00e1xima 6,5 bar<br \/>\nRosca de conexi\u00f3n: R1\/4<br \/>\nTubo m\u00e1s largo: 3 m para grasa, 5 m para aceite fino<br \/>\nNivel de protecci\u00f3n: IP65<br \/>\nBater\u00eda: SMD1-BAT (2 CR17505 en paralelo)<br \/>\nTiempo de almacenamiento: 3 a\u00f1os (20\u2103)<br \/>\nPeso total del aceite: 600 g (125 ml), 800 g (250 ml)<\/p>\n<h2>Aplicaciones<\/h2>\n<p>Lubricaci\u00f3n de cojinetes deslizantes y rodantes: estos garantizan el funcionamiento suave de los cojinetes en entornos de alto riesgo.<br \/>\nLubricaci\u00f3n de gu\u00edas deslizantes: Se realiza con precisi\u00f3n para disminuir la fricci\u00f3n y el desgaste.<br \/>\nLubricaci\u00f3n de engranajes y cremalleras abiertas: Esto mantiene la lubricaci\u00f3n intacta bajo alta presi\u00f3n y alta temperatura.<br \/>\nLubricaci\u00f3n del husillo y del sello del eje: esto protege los componentes mec\u00e1nicos cr\u00edticos y extiende la vida \u00fatil.<br \/>\nLubricaci\u00f3n de cadenas: Evita que las cadenas se oxiden y desgasten en entornos hostiles.<br \/>\nLubricaci\u00f3n de motores: Especialmente indicado para motores el\u00e9ctricos que requieren cantidades precisas de lubricaci\u00f3n.<\/p>\n<h2>Manuales<\/h2>\n<div class=\"sdm_download_button_box_default\"><div class=\"sdm_download_link\"><a href=\"https:\/\/www.jinpinlub.com\/es\/?sdm_process_download=1&download_id=2477\" class=\"sdm_download white\" title=\"Privado: SMD Single-point Lubricator\" target=\"&quot;_blank&quot;\">Ver hoja de datos - Lubricador SMD<\/a><\/div><\/div>","protected":false},"excerpt":{"rendered":"<p>El lubricador SML se puede instalar en cualquier lugar m\u00f3vil, vibrante, bajo el agua, a gran altitud o contaminado, y tambi\u00e9n se puede instalar boca abajo u horizontalmente. Este lubricador normalmente es un producto desechable, pero se puede rellenar hasta tres veces y es f\u00e1cil de desechar despu\u00e9s de su uso.<\/p>","protected":false},"featured_media":3564,"template":"","meta":{"ocean_post_layout":"","ocean_both_sidebars_style":"","ocean_both_sidebars_content_width":0,"ocean_both_sidebars_sidebars_width":0,"ocean_sidebar":"0","ocean_second_sidebar":"0","ocean_disable_margins":"enable","ocean_add_body_class":"","ocean_shortcode_before_top_bar":"","ocean_shortcode_after_top_bar":"","ocean_shortcode_before_header":"","ocean_shortcode_after_header":"","ocean_has_shortcode":"","ocean_shortcode_after_title":"","ocean_shortcode_before_footer_widgets":"","ocean_shortcode_after_footer_widgets":"","ocean_shortcode_before_footer_bottom":"","ocean_shortcode_after_footer_bottom":"","ocean_display_top_bar":"default","ocean_display_header":"default","ocean_header_style":"","ocean_center_header_left_menu":"0","ocean_custom_header_template":"0","ocean_custom_logo":0,"ocean_custom_retina_logo":0,"ocean_custom_logo_max_width":0,"ocean_custom_logo_tablet_max_width":0,"ocean_custom_logo_mobile_max_width":0,"ocean_custom_logo_max_height":0,"ocean_custom_logo_tablet_max_height":0,"ocean_custom_logo_mobile_max_height":0,"ocean_header_custom_menu":"0","ocean_menu_typo_font_family":"0","ocean_menu_typo_font_subset":"","ocean_menu_typo_font_size":0,"ocean_menu_typo_font_size_tablet":0,"ocean_menu_typo_font_size_mobile":0,"ocean_menu_typo_font_size_unit":"px","ocean_menu_typo_font_weight":"","ocean_menu_typo_font_weight_tablet":"","ocean_menu_typo_font_weight_mobile":"","ocean_menu_typo_transform":"","ocean_menu_typo_transform_tablet":"","ocean_menu_typo_transform_mobile":"","ocean_menu_typo_line_height":0,"ocean_menu_typo_line_height_tablet":0,"ocean_menu_typo_line_height_mobile":0,"ocean_menu_typo_line_height_unit":"","ocean_menu_typo_spacing":0,"ocean_menu_typo_spacing_tablet":0,"ocean_menu_typo_spacing_mobile":0,"ocean_menu_typo_spacing_unit":"","ocean_menu_link_color":"","ocean_menu_link_color_hover":"","ocean_menu_link_color_active":"","ocean_menu_link_background":"","ocean_menu_link_hover_background":"","ocean_menu_link_active_background":"","ocean_menu_social_links_bg":"","ocean_menu_social_hover_links_bg":"","ocean_menu_social_links_color":"","ocean_menu_social_hover_links_color":"","ocean_disable_title":"default","ocean_disable_heading":"default","ocean_post_title":"","ocean_post_subheading":"","ocean_post_title_style":"","ocean_post_title_background_color":"","ocean_post_title_background":0,"ocean_post_title_bg_image_position":"","ocean_post_title_bg_image_attachment":"","ocean_post_title_bg_image_repeat":"","ocean_post_title_bg_image_size":"","ocean_post_title_height":0,"ocean_post_title_bg_overlay":0.5,"ocean_post_title_bg_overlay_color":"","ocean_disable_breadcrumbs":"default","ocean_breadcrumbs_color":"","ocean_breadcrumbs_separator_color":"","ocean_breadcrumbs_links_color":"","ocean_breadcrumbs_links_hover_color":"","ocean_display_footer_widgets":"default","ocean_display_footer_bottom":"default","ocean_custom_footer_template":"0","osh_disable_topbar_sticky":"default","osh_disable_header_sticky":"default","osh_sticky_header_style":"default","osh_sticky_header_effect":"","osh_custom_sticky_logo":0,"osh_custom_retina_sticky_logo":0,"osh_custom_sticky_logo_height":0,"osh_background_color":"","osh_links_color":"","osh_links_hover_color":"","osh_links_active_color":"","osh_links_bg_color":"","osh_links_hover_bg_color":"","osh_links_active_bg_color":"","osh_menu_social_links_color":"","osh_menu_social_hover_links_color":""},"product_brand":[],"product_cat":[33],"product_tag":[292,291,103],"class_list":{"0":"post-3568","1":"product","2":"type-product","3":"status-publish","4":"has-post-thumbnail","6":"product_cat-single-point-lubricators","7":"product_tag-battery-single-point-lubricator","8":"product_tag-electric-single-point-lubricator","9":"product_tag-single-point-lubricator","11":"entry","12":"has-media","14":"first","15":"instock","16":"featured","17":"shipping-taxable","18":"product-type-external","19":"col","20":"span_1_of_3","21":"owp-content-center","22":"owp-thumbs-layout-horizontal","23":"owp-btn-very-big","24":"owp-tabs-layout-horizontal"},"_links":{"self":[{"href":"https:\/\/www.jinpinlub.com\/es\/wp-json\/wp\/v2\/product\/3568","targetHints":{"allow":["GET"]}}],"collection":[{"href":"https:\/\/www.jinpinlub.com\/es\/wp-json\/wp\/v2\/product"}],"about":[{"href":"https:\/\/www.jinpinlub.com\/es\/wp-json\/wp\/v2\/types\/product"}],"wp:featuredmedia":[{"embeddable":true,"href":"https:\/\/www.jinpinlub.com\/es\/wp-json\/wp\/v2\/media\/3564"}],"wp:attachment":[{"href":"https:\/\/www.jinpinlub.com\/es\/wp-json\/wp\/v2\/media?parent=3568"}],"wp:term":[{"taxonomy":"product_brand","embeddable":true,"href":"https:\/\/www.jinpinlub.com\/es\/wp-json\/wp\/v2\/product_brand?post=3568"},{"taxonomy":"product_cat","embeddable":true,"href":"https:\/\/www.jinpinlub.com\/es\/wp-json\/wp\/v2\/product_cat?post=3568"},{"taxonomy":"product_tag","embeddable":true,"href":"https:\/\/www.jinpinlub.com\/es\/wp-json\/wp\/v2\/product_tag?post=3568"}],"curies":[{"name":"wp","href":"https:\/\/api.w.org\/{rel}","templated":true}]}}