{"id":3666,"date":"2024-09-13T03:27:17","date_gmt":"2024-09-12T19:27:17","guid":{"rendered":"https:\/\/www.jinpinlub.com\/?post_type=product&#038;p=3666"},"modified":"2024-09-13T03:44:51","modified_gmt":"2024-09-12T19:44:51","slug":"bomba-de-grasa-electrica-bsb-para-sistemas-de-lubricacion-de-doble-linea","status":"publish","type":"product","link":"https:\/\/www.jinpinlub.com\/es\/product\/bsb-electric-grease-pump-for-dual-line-lubrication-systems\/","title":{"rendered":"Bomba de grasa el\u00e9ctrica BSB para sistemas de lubricaci\u00f3n de l\u00ednea doble"},"content":{"rendered":"<h2>Caracter\u00edstica<\/h2>\n<p>La bomba BSB est\u00e1 compuesta por v\u00e1lvulas de \u00e9mbolo doble y un tanque de aceite, y es accionada por un motor de CA. El movimiento rotatorio del motor se convierte en movimiento alternativo del \u00e9mbolo a trav\u00e9s de una rueda exc\u00e9ntrica, logrando el proceso de succi\u00f3n y presi\u00f3n de aceite. Esta bomba se puede utilizar tanto para sistemas de lubricaci\u00f3n de l\u00ednea doble como para sistemas progresivos de l\u00ednea \u00fanica. La bomba debe instalarse en el centro del sistema, capaz de suministrar grasa a hasta 1000 puntos de lubricaci\u00f3n. La longitud acumulada desde la salida de la bomba hasta el extremo m\u00e1s alejado de la tuber\u00eda principal debe controlarse dentro de los 100 m.<br \/>\nPresi\u00f3n m\u00e1xima 40 MPa, grasa lubricante NLGI 000-3# y aceite \u2265N68, temperatura de trabajo -20 \u2103 ~ + 80 \u2103.<\/p>\n<h2>Especificaci\u00f3n<\/h2>\n<table>\n<tbody>\n<tr>\n<td>Temperatura de funcionamiento<\/td>\n<td>(-20\u00b0C a +80\u00b0C)<\/td>\n<\/tr>\n<tr>\n<td>N\u00famero de puntos de venta<\/td>\n<td>1<\/td>\n<\/tr>\n<tr>\n<td>Capacidad del dep\u00f3sito<\/td>\n<td>30L, 60L, 100L<\/td>\n<\/tr>\n<tr>\n<td>Recarga<\/td>\n<td>Desde arriba<\/td>\n<\/tr>\n<tr>\n<td>Lubricante<\/td>\n<td>Grasa NLGI 000-3# y aceite \u2265N68<\/td>\n<\/tr>\n<tr>\n<td>Clase de protecci\u00f3n<\/td>\n<td>IP6K 9K<\/td>\n<\/tr>\n<tr>\n<td>Motor de 0,75 kw (80 rpm)<\/td>\n<td>120 ml\/min<\/td>\n<\/tr>\n<tr>\n<td>Motor de 1,5 kW (160 rpm)<\/td>\n<td>235 ml\/min<\/td>\n<\/tr>\n<tr>\n<td>Motor de 1,5 kW (250 rpm)<\/td>\n<td>365 ml\/min<\/td>\n<\/tr>\n<tr>\n<td>Presi\u00f3n m\u00e1xima de funcionamiento<\/td>\n<td>400 bares<\/td>\n<\/tr>\n<tr>\n<td>Hilo de conexi\u00f3n<\/td>\n<td>sol 3\/8<\/td>\n<\/tr>\n<tr>\n<td>Voltaje de funcionamiento<\/td>\n<td>Trif\u00e1sica 380 V CA 50 Hz<\/td>\n<\/tr>\n<\/tbody>\n<\/table>\n<h2>Solicitud<\/h2>\n<p>Maquinaria industrial: Las bombas de lubricaci\u00f3n de la serie BSB se pueden aplicar a grandes aparatos mec\u00e1nicos como prensas, laminadores y m\u00e1quinas de moldeo por inyecci\u00f3n para lubricaci\u00f3n multipunto.<br \/>\nMolinos de acero: La demanda de lubricaci\u00f3n en el proceso de producci\u00f3n de acero es bastante alta y las bombas de grasa BSB pueden garantizar el funcionamiento normal del equipo.<br \/>\nLos equipos de miner\u00eda suelen funcionar en condiciones hostiles. Las bombas BSB solo pueden ayudar a proporcionar una lubricaci\u00f3n adecuada, lo que prolonga la vida \u00fatil.<br \/>\nF\u00e1bricas de papel: La fabricaci\u00f3n de platos de papel requiere un engrase constante de la maquinaria para que la producci\u00f3n sea efectiva, esta es una demanda que las bombas BSB pueden satisfacer.<br \/>\nCentrales el\u00e9ctricas: La lubricaci\u00f3n de equipos para la generaci\u00f3n de energ\u00eda es muy importante en vista de la estabilidad en la producci\u00f3n de energ\u00eda. Adem\u00e1s, existe una amplia aplicaci\u00f3n de bombas de lubricaci\u00f3n de doble l\u00ednea BSB en este campo.<\/p>\n<h2>Manuales<\/h2>\n<div class=\"sdm_download_button_box_default\"><div class=\"sdm_download_link\"><a href=\"https:\/\/www.jinpinlub.com\/es\/?sdm_process_download=1&download_id=3654\" class=\"sdm_download white\" title=\"Privado: BSB Dual-line Grease Pump\" target=\"&quot;_blank&quot;\">Ver hoja de datos - Bomba de doble l\u00ednea BSB<\/a><\/div><\/div>","protected":false},"excerpt":{"rendered":"<p>La bomba de lubricaci\u00f3n el\u00e9ctrica de doble l\u00ednea BSB suministra lubricante bajo presi\u00f3n a la tuber\u00eda de suministro principal a trav\u00e9s de una v\u00e1lvula de control el\u00e9ctrica o neum\u00e1tica, distribuy\u00e9ndolo de manera uniforme y precisa a los puntos de lubricaci\u00f3n. Se utiliza en maquinaria industrial, acer\u00edas y equipos de miner\u00eda.<\/p>","protected":false},"featured_media":3593,"template":"","meta":{"ocean_post_layout":"","ocean_both_sidebars_style":"","ocean_both_sidebars_content_width":0,"ocean_both_sidebars_sidebars_width":0,"ocean_sidebar":"0","ocean_second_sidebar":"0","ocean_disable_margins":"enable","ocean_add_body_class":"","ocean_shortcode_before_top_bar":"","ocean_shortcode_after_top_bar":"","ocean_shortcode_before_header":"","ocean_shortcode_after_header":"","ocean_has_shortcode":"","ocean_shortcode_after_title":"","ocean_shortcode_before_footer_widgets":"","ocean_shortcode_after_footer_widgets":"","ocean_shortcode_before_footer_bottom":"","ocean_shortcode_after_footer_bottom":"","ocean_display_top_bar":"default","ocean_display_header":"default","ocean_header_style":"","ocean_center_header_left_menu":"0","ocean_custom_header_template":"0","ocean_custom_logo":0,"ocean_custom_retina_logo":0,"ocean_custom_logo_max_width":0,"ocean_custom_logo_tablet_max_width":0,"ocean_custom_logo_mobile_max_width":0,"ocean_custom_logo_max_height":0,"ocean_custom_logo_tablet_max_height":0,"ocean_custom_logo_mobile_max_height":0,"ocean_header_custom_menu":"0","ocean_menu_typo_font_family":"0","ocean_menu_typo_font_subset":"","ocean_menu_typo_font_size":0,"ocean_menu_typo_font_size_tablet":0,"ocean_menu_typo_font_size_mobile":0,"ocean_menu_typo_font_size_unit":"px","ocean_menu_typo_font_weight":"","ocean_menu_typo_font_weight_tablet":"","ocean_menu_typo_font_weight_mobile":"","ocean_menu_typo_transform":"","ocean_menu_typo_transform_tablet":"","ocean_menu_typo_transform_mobile":"","ocean_menu_typo_line_height":0,"ocean_menu_typo_line_height_tablet":0,"ocean_menu_typo_line_height_mobile":0,"ocean_menu_typo_line_height_unit":"","ocean_menu_typo_spacing":0,"ocean_menu_typo_spacing_tablet":0,"ocean_menu_typo_spacing_mobile":0,"ocean_menu_typo_spacing_unit":"","ocean_menu_link_color":"","ocean_menu_link_color_hover":"","ocean_menu_link_color_active":"","ocean_menu_link_background":"","ocean_menu_link_hover_background":"","ocean_menu_link_active_background":"","ocean_menu_social_links_bg":"","ocean_menu_social_hover_links_bg":"","ocean_menu_social_links_color":"","ocean_menu_social_hover_links_color":"","ocean_disable_title":"default","ocean_disable_heading":"default","ocean_post_title":"","ocean_post_subheading":"","ocean_post_title_style":"","ocean_post_title_background_color":"","ocean_post_title_background":0,"ocean_post_title_bg_image_position":"","ocean_post_title_bg_image_attachment":"","ocean_post_title_bg_image_repeat":"","ocean_post_title_bg_image_size":"","ocean_post_title_height":0,"ocean_post_title_bg_overlay":0.5,"ocean_post_title_bg_overlay_color":"","ocean_disable_breadcrumbs":"default","ocean_breadcrumbs_color":"","ocean_breadcrumbs_separator_color":"","ocean_breadcrumbs_links_color":"","ocean_breadcrumbs_links_hover_color":"","ocean_display_footer_widgets":"default","ocean_display_footer_bottom":"default","ocean_custom_footer_template":"0","osh_disable_topbar_sticky":"default","osh_disable_header_sticky":"default","osh_sticky_header_style":"default","osh_sticky_header_effect":"","osh_custom_sticky_logo":0,"osh_custom_retina_sticky_logo":0,"osh_custom_sticky_logo_height":0,"osh_background_color":"","osh_links_color":"","osh_links_hover_color":"","osh_links_active_color":"","osh_links_bg_color":"","osh_links_hover_bg_color":"","osh_links_active_bg_color":"","osh_menu_social_links_color":"","osh_menu_social_hover_links_color":""},"product_brand":[],"product_cat":[35,34],"product_tag":[296,73,283],"class_list":{"0":"post-3666","1":"product","2":"type-product","3":"status-publish","4":"has-post-thumbnail","6":"product_cat-dual-line-lubrication-pumps","7":"product_cat-dual-line-lubrication-systems","8":"product_tag-dual-line-lubrication-pump","9":"product_tag-electric-lubrication-pump","10":"product_tag-electric-lubricator","12":"entry","13":"has-media","15":"first","16":"instock","17":"shipping-taxable","18":"product-type-external","19":"col","20":"span_1_of_3","21":"owp-content-center","22":"owp-thumbs-layout-horizontal","23":"owp-btn-very-big","24":"owp-tabs-layout-horizontal"},"_links":{"self":[{"href":"https:\/\/www.jinpinlub.com\/es\/wp-json\/wp\/v2\/product\/3666","targetHints":{"allow":["GET"]}}],"collection":[{"href":"https:\/\/www.jinpinlub.com\/es\/wp-json\/wp\/v2\/product"}],"about":[{"href":"https:\/\/www.jinpinlub.com\/es\/wp-json\/wp\/v2\/types\/product"}],"wp:featuredmedia":[{"embeddable":true,"href":"https:\/\/www.jinpinlub.com\/es\/wp-json\/wp\/v2\/media\/3593"}],"wp:attachment":[{"href":"https:\/\/www.jinpinlub.com\/es\/wp-json\/wp\/v2\/media?parent=3666"}],"wp:term":[{"taxonomy":"product_brand","embeddable":true,"href":"https:\/\/www.jinpinlub.com\/es\/wp-json\/wp\/v2\/product_brand?post=3666"},{"taxonomy":"product_cat","embeddable":true,"href":"https:\/\/www.jinpinlub.com\/es\/wp-json\/wp\/v2\/product_cat?post=3666"},{"taxonomy":"product_tag","embeddable":true,"href":"https:\/\/www.jinpinlub.com\/es\/wp-json\/wp\/v2\/product_tag?post=3666"}],"curies":[{"name":"wp","href":"https:\/\/api.w.org\/{rel}","templated":true}]}}