{"id":3668,"date":"2024-09-13T16:53:41","date_gmt":"2024-09-13T08:53:41","guid":{"rendered":"https:\/\/www.jinpinlub.com\/?post_type=product&#038;p=3668"},"modified":"2024-09-13T17:56:08","modified_gmt":"2024-09-13T09:56:08","slug":"valvula-de-inversion-hidraulica-dr4-5-de-20-mpa-para-sistema-de-linea-doble","status":"publish","type":"product","link":"https:\/\/www.jinpinlub.com\/es\/product\/20mpa-dr4-5-hydraulic-reversing-valve-for-dual-line-system\/","title":{"rendered":"V\u00e1lvula de inversi\u00f3n hidr\u00e1ulica DR4-5 de 20 MPa para sistema de l\u00ednea doble"},"content":{"rendered":"<h2>Caracter\u00edstica<\/h2>\n<p>Se utiliza para el sistema de lubricaci\u00f3n centralizada el\u00e9ctrica, que env\u00eda alternativamente la salida de lubricante desde la bomba de lubricaci\u00f3n a dos tuber\u00edas principales de suministro de aceite. La v\u00e1lvula tiene su propia funci\u00f3n de regulaci\u00f3n de presi\u00f3n y puede cambiar de direcci\u00f3n autom\u00e1ticamente. La presi\u00f3n de ajuste de inversi\u00f3n se puede ajustar de 0 a 20 MPa. La estructura es simple y la inversi\u00f3n es confiable.<\/p>\n<h2>Especificaci\u00f3n<\/h2>\n<table>\n<tbody>\n<tr>\n<td>Modelo<\/td>\n<td>DR4-5<\/td>\n<\/tr>\n<tr>\n<td>Presi\u00f3n de funcionamiento<\/td>\n<td>3,5 ~ 20 MPa<\/td>\n<\/tr>\n<tr>\n<td>Presi\u00f3n ajustada de f\u00e1brica<\/td>\n<td>10,5 MPa<\/td>\n<\/tr>\n<tr>\n<td>Sistema aplicable<\/td>\n<td>Sistema de doble l\u00ednea tipo anillo y rociador<\/td>\n<\/tr>\n<tr>\n<td>Bomba compatible<\/td>\n<td>Bombas de l\u00ednea doble como bombas BSB y GP<\/td>\n<\/tr>\n<tr>\n<td>Peso neto<\/td>\n<td>7 kilos<\/td>\n<\/tr>\n<\/tbody>\n<\/table>\n<h2>Solicitud<\/h2>\n<p>La maquinaria de ingenier\u00eda utiliza la v\u00e1lvula de inversi\u00f3n hidr\u00e1ulica DR4-5 para controlar la direcci\u00f3n de movimiento del cilindro hidr\u00e1ulico y del motor hidr\u00e1ulico.<br \/>\nEquipo industrial: En prensas hidr\u00e1ulicas, m\u00e1quinas de moldeo por inyecci\u00f3n, m\u00e1quinas herramienta de control num\u00e9rico, etc., la funci\u00f3n del equipo de control autom\u00e1tico se realiza a trav\u00e9s de la v\u00e1lvula hidr\u00e1ulica DR4-5.<br \/>\nMaquinaria agr\u00edcola: como tractores y cosechadoras, el control del sistema hidr\u00e1ulico utiliza la v\u00e1lvula de inversi\u00f3n DR4-5.<br \/>\nSistema de lubricaci\u00f3n: especialmente en el sistema de lubricaci\u00f3n centralizada de terminales el\u00e9ctricas, las v\u00e1lvulas de inversi\u00f3n hidr\u00e1ulicas DR4-5 distribuyen lubricantes alternativamente a diferentes tuber\u00edas de suministro de aceite de lubricaci\u00f3n.<\/p>\n<h2>Manuales<\/h2>\n<div class=\"sdm_download_button_box_default\"><div class=\"sdm_download_link\"><a href=\"https:\/\/www.jinpinlub.com\/es\/?sdm_process_download=1&download_id=3655\" class=\"sdm_download white\" title=\"Privado: DR4-5 Directional Valve\" target=\"&quot;_blank&quot;\">Ver hoja de datos - V\u00e1lvula direccional DR4-5<\/a><\/div><\/div>","protected":false},"excerpt":{"rendered":"<p>La v\u00e1lvula de inversi\u00f3n hidr\u00e1ulica DR4-5 es un componente clave que se utiliza para controlar la direcci\u00f3n del flujo de fluido en sistemas hidr\u00e1ulicos, especialmente en sistemas de lubricaci\u00f3n centralizada de doble l\u00ednea, como maquinaria de construcci\u00f3n, equipos industriales y maquinaria agr\u00edcola.<\/p>","protected":false},"featured_media":3597,"template":"","meta":{"ocean_post_layout":"","ocean_both_sidebars_style":"","ocean_both_sidebars_content_width":0,"ocean_both_sidebars_sidebars_width":0,"ocean_sidebar":"0","ocean_second_sidebar":"0","ocean_disable_margins":"enable","ocean_add_body_class":"","ocean_shortcode_before_top_bar":"","ocean_shortcode_after_top_bar":"","ocean_shortcode_before_header":"","ocean_shortcode_after_header":"","ocean_has_shortcode":"","ocean_shortcode_after_title":"","ocean_shortcode_before_footer_widgets":"","ocean_shortcode_after_footer_widgets":"","ocean_shortcode_before_footer_bottom":"","ocean_shortcode_after_footer_bottom":"","ocean_display_top_bar":"default","ocean_display_header":"default","ocean_header_style":"","ocean_center_header_left_menu":"0","ocean_custom_header_template":"0","ocean_custom_logo":0,"ocean_custom_retina_logo":0,"ocean_custom_logo_max_width":0,"ocean_custom_logo_tablet_max_width":0,"ocean_custom_logo_mobile_max_width":0,"ocean_custom_logo_max_height":0,"ocean_custom_logo_tablet_max_height":0,"ocean_custom_logo_mobile_max_height":0,"ocean_header_custom_menu":"0","ocean_menu_typo_font_family":"0","ocean_menu_typo_font_subset":"","ocean_menu_typo_font_size":0,"ocean_menu_typo_font_size_tablet":0,"ocean_menu_typo_font_size_mobile":0,"ocean_menu_typo_font_size_unit":"px","ocean_menu_typo_font_weight":"","ocean_menu_typo_font_weight_tablet":"","ocean_menu_typo_font_weight_mobile":"","ocean_menu_typo_transform":"","ocean_menu_typo_transform_tablet":"","ocean_menu_typo_transform_mobile":"","ocean_menu_typo_line_height":0,"ocean_menu_typo_line_height_tablet":0,"ocean_menu_typo_line_height_mobile":0,"ocean_menu_typo_line_height_unit":"","ocean_menu_typo_spacing":0,"ocean_menu_typo_spacing_tablet":0,"ocean_menu_typo_spacing_mobile":0,"ocean_menu_typo_spacing_unit":"","ocean_menu_link_color":"","ocean_menu_link_color_hover":"","ocean_menu_link_color_active":"","ocean_menu_link_background":"","ocean_menu_link_hover_background":"","ocean_menu_link_active_background":"","ocean_menu_social_links_bg":"","ocean_menu_social_hover_links_bg":"","ocean_menu_social_links_color":"","ocean_menu_social_hover_links_color":"","ocean_disable_title":"default","ocean_disable_heading":"default","ocean_post_title":"","ocean_post_subheading":"","ocean_post_title_style":"","ocean_post_title_background_color":"","ocean_post_title_background":0,"ocean_post_title_bg_image_position":"","ocean_post_title_bg_image_attachment":"","ocean_post_title_bg_image_repeat":"","ocean_post_title_bg_image_size":"","ocean_post_title_height":0,"ocean_post_title_bg_overlay":0.5,"ocean_post_title_bg_overlay_color":"","ocean_disable_breadcrumbs":"default","ocean_breadcrumbs_color":"","ocean_breadcrumbs_separator_color":"","ocean_breadcrumbs_links_color":"","ocean_breadcrumbs_links_hover_color":"","ocean_display_footer_widgets":"default","ocean_display_footer_bottom":"default","ocean_custom_footer_template":"0","osh_disable_topbar_sticky":"default","osh_disable_header_sticky":"default","osh_sticky_header_style":"default","osh_sticky_header_effect":"","osh_custom_sticky_logo":0,"osh_custom_retina_sticky_logo":0,"osh_custom_sticky_logo_height":0,"osh_background_color":"","osh_links_color":"","osh_links_hover_color":"","osh_links_active_color":"","osh_links_bg_color":"","osh_links_hover_bg_color":"","osh_links_active_bg_color":"","osh_menu_social_links_color":"","osh_menu_social_hover_links_color":""},"product_brand":[],"product_cat":[36,34],"product_tag":[298,297,299],"class_list":{"0":"post-3668","1":"product","2":"type-product","3":"status-publish","4":"has-post-thumbnail","6":"product_cat-dual-line-divider-valves","7":"product_cat-dual-line-lubrication-systems","8":"product_tag-dual-line-lubrication-reversing-valve","9":"product_tag-hydraulic-reversing-valve","10":"product_tag-lubrication-system-reversing-valve","12":"entry","13":"has-media","15":"first","16":"instock","17":"shipping-taxable","18":"product-type-external","19":"col","20":"span_1_of_3","21":"owp-content-center","22":"owp-thumbs-layout-horizontal","23":"owp-btn-very-big","24":"owp-tabs-layout-horizontal"},"_links":{"self":[{"href":"https:\/\/www.jinpinlub.com\/es\/wp-json\/wp\/v2\/product\/3668","targetHints":{"allow":["GET"]}}],"collection":[{"href":"https:\/\/www.jinpinlub.com\/es\/wp-json\/wp\/v2\/product"}],"about":[{"href":"https:\/\/www.jinpinlub.com\/es\/wp-json\/wp\/v2\/types\/product"}],"wp:featuredmedia":[{"embeddable":true,"href":"https:\/\/www.jinpinlub.com\/es\/wp-json\/wp\/v2\/media\/3597"}],"wp:attachment":[{"href":"https:\/\/www.jinpinlub.com\/es\/wp-json\/wp\/v2\/media?parent=3668"}],"wp:term":[{"taxonomy":"product_brand","embeddable":true,"href":"https:\/\/www.jinpinlub.com\/es\/wp-json\/wp\/v2\/product_brand?post=3668"},{"taxonomy":"product_cat","embeddable":true,"href":"https:\/\/www.jinpinlub.com\/es\/wp-json\/wp\/v2\/product_cat?post=3668"},{"taxonomy":"product_tag","embeddable":true,"href":"https:\/\/www.jinpinlub.com\/es\/wp-json\/wp\/v2\/product_tag?post=3668"}],"curies":[{"name":"wp","href":"https:\/\/api.w.org\/{rel}","templated":true}]}}