{"id":3675,"date":"2024-09-13T22:39:13","date_gmt":"2024-09-13T14:39:13","guid":{"rendered":"https:\/\/www.jinpinlub.com\/?post_type=product&#038;p=3675"},"modified":"2024-09-13T22:55:23","modified_gmt":"2024-09-13T14:55:23","slug":"valvula-direccional-de-4-vias-y-2-posiciones-sav-para-sistema-de-linea-doble","status":"publish","type":"product","link":"https:\/\/www.jinpinlub.com\/es\/product\/sav-2-position-4-way-directional-valve-for-dual-line-system\/","title":{"rendered":"V\u00e1lvula direccional SAV de 2 posiciones y 4 v\u00edas para sistema de l\u00ednea doble"},"content":{"rendered":"<h2>Caracter\u00edstica<\/h2>\n<p>La v\u00e1lvula direccional de 2 posiciones y 2 v\u00edas tipo SAV utiliza un motor de CC para impulsar el movimiento del n\u00facleo de la v\u00e1lvula. Es un dispositivo de control de inversi\u00f3n integrado que abre y cierra la tuber\u00eda de suministro de aceite o cambia la direcci\u00f3n de suministro de aceite. Incluso en condiciones de trabajo duras (como baja temperatura o grasa de alta viscosidad), la acci\u00f3n sigue siendo bastante confiable. Esta v\u00e1lvula es adecuada para su uso en sistemas de lubricaci\u00f3n centralizada de aceite seco y fino con presiones nominales inferiores a 40 MPa y en tuber\u00edas de derivaci\u00f3n principal de sistemas hidr\u00e1ulicos. Tambi\u00e9n se puede utilizar en tres tipos: 2 posiciones y 4 v\u00edas, 2 posiciones y 3 v\u00edas y 2 posiciones y 2 v\u00edas.<\/p>\n<h2>Especificaci\u00f3n<\/h2>\n<table>\n<tbody>\n<tr>\n<td>Modelo<\/td>\n<td>SAV<\/td>\n<\/tr>\n<tr>\n<td>Presi\u00f3n de funcionamiento<\/td>\n<td>40 MPa<\/td>\n<\/tr>\n<tr>\n<td>Invirtiendo el tiempo<\/td>\n<td>0,5 segundos<\/td>\n<\/tr>\n<tr>\n<td>Potencia del motor<\/td>\n<td>40 W<\/td>\n<\/tr>\n<tr>\n<td>Voltaje<\/td>\n<td>220 V CA, 24 V CC<\/td>\n<\/tr>\n<tr>\n<td>Par motor<\/td>\n<td>20 millas n\u00e1uticas<\/td>\n<\/tr>\n<tr>\n<td>Lubricante<\/td>\n<td>Grasa NLGI 0~3# o aceite \uff1e N68<\/td>\n<\/tr>\n<tr>\n<td>Temperatura de funcionamiento<\/td>\n<td>(-20\u2103 ~ +80\u2103)<\/td>\n<\/tr>\n<\/tbody>\n<\/table>\n<h2>Instrucci\u00f3n<\/h2>\n<p>1. La v\u00e1lvula debe instalarse en el extremo frontal de las tuber\u00edas principales y secundarias controladas del sistema, y debe ubicarse en un lugar ventilado, seco y f\u00e1cil de inspeccionar donde no haya interferencias de mecanismos m\u00f3viles a su alrededor.<br \/>\n2. Cuando se utiliza como 2 posiciones y 2 v\u00edas, la salida de aceite \u201cB\u201d y el puerto de retorno de aceite \u201cR\u201d deben estar bloqueados.<br \/>\n3. Cuando se utiliza como tres v\u00edas de dos posiciones, la salida de aceite \u201cB\u201d debe estar bloqueada.<br \/>\n4. Conecte el cableado de control electr\u00f3nico de acuerdo con el principio que se muestra en la figura anterior.<\/p>\n<h2>Manuales<\/h2>\n<div class=\"sdm_download_button_box_default\"><div class=\"sdm_download_link\"><a href=\"https:\/\/www.jinpinlub.com\/es\/?sdm_process_download=1&download_id=3659\" class=\"sdm_download white\" title=\"Privado: SAV Directional Valve\" target=\"&quot;_blank&quot;\">Ver hoja de datos - V\u00e1lvula direccional SAV<\/a><\/div><\/div>","protected":false},"excerpt":{"rendered":"<p>SA-V es una v\u00e1lvula de cuatro v\u00edas de dos posiciones accionada por un motor de corriente continua, adecuada para sistemas de lubricaci\u00f3n e hidr\u00e1ulicos. Puede funcionar en condiciones adversas, como baja temperatura o grasa de alta viscosidad, con una presi\u00f3n m\u00e1xima de 40 MPa y un tiempo de conmutaci\u00f3n de 0,5 segundos.<\/p>","protected":false},"featured_media":3610,"template":"","meta":{"ocean_post_layout":"","ocean_both_sidebars_style":"","ocean_both_sidebars_content_width":0,"ocean_both_sidebars_sidebars_width":0,"ocean_sidebar":"0","ocean_second_sidebar":"0","ocean_disable_margins":"enable","ocean_add_body_class":"","ocean_shortcode_before_top_bar":"","ocean_shortcode_after_top_bar":"","ocean_shortcode_before_header":"","ocean_shortcode_after_header":"","ocean_has_shortcode":"","ocean_shortcode_after_title":"","ocean_shortcode_before_footer_widgets":"","ocean_shortcode_after_footer_widgets":"","ocean_shortcode_before_footer_bottom":"","ocean_shortcode_after_footer_bottom":"","ocean_display_top_bar":"default","ocean_display_header":"default","ocean_header_style":"","ocean_center_header_left_menu":"0","ocean_custom_header_template":"0","ocean_custom_logo":0,"ocean_custom_retina_logo":0,"ocean_custom_logo_max_width":0,"ocean_custom_logo_tablet_max_width":0,"ocean_custom_logo_mobile_max_width":0,"ocean_custom_logo_max_height":0,"ocean_custom_logo_tablet_max_height":0,"ocean_custom_logo_mobile_max_height":0,"ocean_header_custom_menu":"0","ocean_menu_typo_font_family":"0","ocean_menu_typo_font_subset":"","ocean_menu_typo_font_size":0,"ocean_menu_typo_font_size_tablet":0,"ocean_menu_typo_font_size_mobile":0,"ocean_menu_typo_font_size_unit":"px","ocean_menu_typo_font_weight":"","ocean_menu_typo_font_weight_tablet":"","ocean_menu_typo_font_weight_mobile":"","ocean_menu_typo_transform":"","ocean_menu_typo_transform_tablet":"","ocean_menu_typo_transform_mobile":"","ocean_menu_typo_line_height":0,"ocean_menu_typo_line_height_tablet":0,"ocean_menu_typo_line_height_mobile":0,"ocean_menu_typo_line_height_unit":"","ocean_menu_typo_spacing":0,"ocean_menu_typo_spacing_tablet":0,"ocean_menu_typo_spacing_mobile":0,"ocean_menu_typo_spacing_unit":"","ocean_menu_link_color":"","ocean_menu_link_color_hover":"","ocean_menu_link_color_active":"","ocean_menu_link_background":"","ocean_menu_link_hover_background":"","ocean_menu_link_active_background":"","ocean_menu_social_links_bg":"","ocean_menu_social_hover_links_bg":"","ocean_menu_social_links_color":"","ocean_menu_social_hover_links_color":"","ocean_disable_title":"default","ocean_disable_heading":"default","ocean_post_title":"","ocean_post_subheading":"","ocean_post_title_style":"","ocean_post_title_background_color":"","ocean_post_title_background":0,"ocean_post_title_bg_image_position":"","ocean_post_title_bg_image_attachment":"","ocean_post_title_bg_image_repeat":"","ocean_post_title_bg_image_size":"","ocean_post_title_height":0,"ocean_post_title_bg_overlay":0.5,"ocean_post_title_bg_overlay_color":"","ocean_disable_breadcrumbs":"default","ocean_breadcrumbs_color":"","ocean_breadcrumbs_separator_color":"","ocean_breadcrumbs_links_color":"","ocean_breadcrumbs_links_hover_color":"","ocean_display_footer_widgets":"default","ocean_display_footer_bottom":"default","ocean_custom_footer_template":"0","osh_disable_topbar_sticky":"default","osh_disable_header_sticky":"default","osh_sticky_header_style":"default","osh_sticky_header_effect":"","osh_custom_sticky_logo":0,"osh_custom_retina_sticky_logo":0,"osh_custom_sticky_logo_height":0,"osh_background_color":"","osh_links_color":"","osh_links_hover_color":"","osh_links_active_color":"","osh_links_bg_color":"","osh_links_hover_bg_color":"","osh_links_active_bg_color":"","osh_menu_social_links_color":"","osh_menu_social_hover_links_color":""},"product_brand":[],"product_cat":[36,34],"product_tag":[304,303,299],"class_list":{"0":"post-3675","1":"product","2":"type-product","3":"status-publish","4":"has-post-thumbnail","6":"product_cat-dual-line-divider-valves","7":"product_cat-dual-line-lubrication-systems","8":"product_tag-dual-line-reversing-valve","9":"product_tag-lubrication-reversing-valve","10":"product_tag-lubrication-system-reversing-valve","12":"entry","13":"has-media","15":"first","16":"instock","17":"shipping-taxable","18":"product-type-external","19":"col","20":"span_1_of_3","21":"owp-content-center","22":"owp-thumbs-layout-horizontal","23":"owp-btn-very-big","24":"owp-tabs-layout-horizontal"},"_links":{"self":[{"href":"https:\/\/www.jinpinlub.com\/es\/wp-json\/wp\/v2\/product\/3675","targetHints":{"allow":["GET"]}}],"collection":[{"href":"https:\/\/www.jinpinlub.com\/es\/wp-json\/wp\/v2\/product"}],"about":[{"href":"https:\/\/www.jinpinlub.com\/es\/wp-json\/wp\/v2\/types\/product"}],"wp:featuredmedia":[{"embeddable":true,"href":"https:\/\/www.jinpinlub.com\/es\/wp-json\/wp\/v2\/media\/3610"}],"wp:attachment":[{"href":"https:\/\/www.jinpinlub.com\/es\/wp-json\/wp\/v2\/media?parent=3675"}],"wp:term":[{"taxonomy":"product_brand","embeddable":true,"href":"https:\/\/www.jinpinlub.com\/es\/wp-json\/wp\/v2\/product_brand?post=3675"},{"taxonomy":"product_cat","embeddable":true,"href":"https:\/\/www.jinpinlub.com\/es\/wp-json\/wp\/v2\/product_cat?post=3675"},{"taxonomy":"product_tag","embeddable":true,"href":"https:\/\/www.jinpinlub.com\/es\/wp-json\/wp\/v2\/product_tag?post=3675"}],"curies":[{"name":"wp","href":"https:\/\/api.w.org\/{rel}","templated":true}]}}