{"id":3678,"date":"2024-09-13T23:21:17","date_gmt":"2024-09-13T15:21:17","guid":{"rendered":"https:\/\/www.jinpinlub.com\/?post_type=product&#038;p=3678"},"modified":"2024-09-13T23:39:19","modified_gmt":"2024-09-13T15:39:19","slug":"distribuidor-de-doble-linea-vsg-kr-40mpa-para-sistema-de-lubricacion","status":"publish","type":"product","link":"https:\/\/www.jinpinlub.com\/es\/product\/vsg-kr-40mpa-dual-line-distributor-for-lubrication-system\/","title":{"rendered":"Distribuidor de doble l\u00ednea VSG-KR 40 MPa para sistema de lubricaci\u00f3n"},"content":{"rendered":"<h2>Caracter\u00edstica<\/h2>\n<p>El distribuidor de doble l\u00ednea VSG-KR tiene salidas tanto en la parte superior como en la inferior, y cuando el pist\u00f3n del distribuidor se mueve hacia adelante y hacia atr\u00e1s, se descarga una vez por las salidas de ambos lados. Hay una estructura de descarga de aceite combinada en las salidas superior e inferior correspondientes. Para cambiar el n\u00famero impar de salidas, simplemente ajuste la direcci\u00f3n del manguito gu\u00eda. El funcionamiento del distribuidor se puede observar a partir de la acci\u00f3n de la varilla indicadora, y la descarga de cada salida se puede ajustar dentro del rango especificado ajustando los tornillos. Este tipo de distribuidor se utiliza para sistemas de lubricaci\u00f3n con grasa de doble l\u00ednea con una presi\u00f3n nominal de 40 MPa.<\/p>\n<h2>Especificaci\u00f3n<\/h2>\n<table>\n<tbody>\n<tr>\n<td>Modelo<\/td>\n<td>VSG-KR<\/td>\n<\/tr>\n<tr>\n<td>Presi\u00f3n de funcionamiento<\/td>\n<td>40 MPa<\/td>\n<\/tr>\n<tr>\n<td>Presi\u00f3n de acci\u00f3n<\/td>\n<td>\u22641,2 MPa<\/td>\n<\/tr>\n<tr>\n<td>Descarga nominal<\/td>\n<td>0 ~ 2,3 ml\/ciclo<\/td>\n<\/tr>\n<tr>\n<td>Ajuste del caudal del tornillo<\/td>\n<td>0,14 ml\/c\u00edrculo<\/td>\n<\/tr>\n<tr>\n<td>N\u00famero de puntos de venta<\/td>\n<td>2~8<\/td>\n<\/tr>\n<tr>\n<td>Lubricante<\/td>\n<td>Grasa NLGI 0~2# o aceite \uff1e N68<\/td>\n<\/tr>\n<tr>\n<td>Temperatura de funcionamiento<\/td>\n<td>(-10 \u2103 ~ 80 \u2103)<\/td>\n<\/tr>\n<\/tbody>\n<\/table>\n<h2>Instrucci\u00f3n<\/h2>\n<p>El medio utilizado es grasa lubricante NLGI 0#~ 2# o aceite lubricante con un grado de viscosidad superior a N68. La temperatura ambiente de funcionamiento es de -10 \u2103 ~ 80 \u2103. Si el medio utilizado es aceite lubricante, util\u00edcelo a una presi\u00f3n de 20 MPa.<br \/>\nSi es necesario fusionar las salidas superior e inferior, desatornille el tornillo en el orificio y tape la salida no utilizada con un tap\u00f3n de tornillo G14 para evitar la entrada de polvo.<br \/>\nSi la temperatura del entorno de instalaci\u00f3n del distribuidor est\u00e1 fuera del rango de -10 \u2103 ~ 80 \u2103, se debe indicar en el contrato de pedido para proporcionar sellos de aceite de baja y alta temperatura.<\/p>\n<h2>Manuales<\/h2>\n<div class=\"sdm_download_button_box_default\"><div class=\"sdm_download_link\"><a href=\"https:\/\/www.jinpinlub.com\/es\/?sdm_process_download=1&download_id=3661\" class=\"sdm_download white\" title=\"Privado: VSG Distributor\" target=\"&quot;_blank&quot;\">Ver Ficha T\u00e9cnica - Distribuidor VSG<\/a><\/div><\/div>","protected":false},"excerpt":{"rendered":"<p>La unidad dosificadora VSG es un componente robusto para sistemas de lubricaci\u00f3n de doble l\u00ednea, capaz de soportar presiones de hasta 400 bar, fabricado en acero galvanizado y con hasta ocho salidas, cada una equipada con un pin indicador para monitoreo visual.<\/p>","protected":false},"featured_media":3617,"template":"","meta":{"ocean_post_layout":"","ocean_both_sidebars_style":"","ocean_both_sidebars_content_width":0,"ocean_both_sidebars_sidebars_width":0,"ocean_sidebar":"0","ocean_second_sidebar":"0","ocean_disable_margins":"enable","ocean_add_body_class":"","ocean_shortcode_before_top_bar":"","ocean_shortcode_after_top_bar":"","ocean_shortcode_before_header":"","ocean_shortcode_after_header":"","ocean_has_shortcode":"","ocean_shortcode_after_title":"","ocean_shortcode_before_footer_widgets":"","ocean_shortcode_after_footer_widgets":"","ocean_shortcode_before_footer_bottom":"","ocean_shortcode_after_footer_bottom":"","ocean_display_top_bar":"default","ocean_display_header":"default","ocean_header_style":"","ocean_center_header_left_menu":"0","ocean_custom_header_template":"0","ocean_custom_logo":0,"ocean_custom_retina_logo":0,"ocean_custom_logo_max_width":0,"ocean_custom_logo_tablet_max_width":0,"ocean_custom_logo_mobile_max_width":0,"ocean_custom_logo_max_height":0,"ocean_custom_logo_tablet_max_height":0,"ocean_custom_logo_mobile_max_height":0,"ocean_header_custom_menu":"0","ocean_menu_typo_font_family":"0","ocean_menu_typo_font_subset":"","ocean_menu_typo_font_size":0,"ocean_menu_typo_font_size_tablet":0,"ocean_menu_typo_font_size_mobile":0,"ocean_menu_typo_font_size_unit":"px","ocean_menu_typo_font_weight":"","ocean_menu_typo_font_weight_tablet":"","ocean_menu_typo_font_weight_mobile":"","ocean_menu_typo_transform":"","ocean_menu_typo_transform_tablet":"","ocean_menu_typo_transform_mobile":"","ocean_menu_typo_line_height":0,"ocean_menu_typo_line_height_tablet":0,"ocean_menu_typo_line_height_mobile":0,"ocean_menu_typo_line_height_unit":"","ocean_menu_typo_spacing":0,"ocean_menu_typo_spacing_tablet":0,"ocean_menu_typo_spacing_mobile":0,"ocean_menu_typo_spacing_unit":"","ocean_menu_link_color":"","ocean_menu_link_color_hover":"","ocean_menu_link_color_active":"","ocean_menu_link_background":"","ocean_menu_link_hover_background":"","ocean_menu_link_active_background":"","ocean_menu_social_links_bg":"","ocean_menu_social_hover_links_bg":"","ocean_menu_social_links_color":"","ocean_menu_social_hover_links_color":"","ocean_disable_title":"default","ocean_disable_heading":"default","ocean_post_title":"","ocean_post_subheading":"","ocean_post_title_style":"","ocean_post_title_background_color":"","ocean_post_title_background":0,"ocean_post_title_bg_image_position":"","ocean_post_title_bg_image_attachment":"","ocean_post_title_bg_image_repeat":"","ocean_post_title_bg_image_size":"","ocean_post_title_height":0,"ocean_post_title_bg_overlay":0.5,"ocean_post_title_bg_overlay_color":"","ocean_disable_breadcrumbs":"default","ocean_breadcrumbs_color":"","ocean_breadcrumbs_separator_color":"","ocean_breadcrumbs_links_color":"","ocean_breadcrumbs_links_hover_color":"","ocean_display_footer_widgets":"default","ocean_display_footer_bottom":"default","ocean_custom_footer_template":"0","osh_disable_topbar_sticky":"default","osh_disable_header_sticky":"default","osh_sticky_header_style":"default","osh_sticky_header_effect":"","osh_custom_sticky_logo":0,"osh_custom_retina_sticky_logo":0,"osh_custom_sticky_logo_height":0,"osh_background_color":"","osh_links_color":"","osh_links_hover_color":"","osh_links_active_color":"","osh_links_bg_color":"","osh_links_hover_bg_color":"","osh_links_active_bg_color":"","osh_menu_social_links_color":"","osh_menu_social_hover_links_color":""},"product_brand":[],"product_cat":[36,34],"product_tag":[300,308,307],"class_list":{"0":"post-3678","1":"product","2":"type-product","3":"status-publish","4":"has-post-thumbnail","6":"product_cat-dual-line-divider-valves","7":"product_cat-dual-line-lubrication-systems","8":"product_tag-dual-line-distributor","9":"product_tag-vsg-grease-distributor","10":"product_tag-vsg-metering-valve","12":"entry","13":"has-media","15":"first","16":"instock","17":"shipping-taxable","18":"product-type-external","19":"col","20":"span_1_of_3","21":"owp-content-center","22":"owp-thumbs-layout-horizontal","23":"owp-btn-very-big","24":"owp-tabs-layout-horizontal"},"_links":{"self":[{"href":"https:\/\/www.jinpinlub.com\/es\/wp-json\/wp\/v2\/product\/3678","targetHints":{"allow":["GET"]}}],"collection":[{"href":"https:\/\/www.jinpinlub.com\/es\/wp-json\/wp\/v2\/product"}],"about":[{"href":"https:\/\/www.jinpinlub.com\/es\/wp-json\/wp\/v2\/types\/product"}],"wp:featuredmedia":[{"embeddable":true,"href":"https:\/\/www.jinpinlub.com\/es\/wp-json\/wp\/v2\/media\/3617"}],"wp:attachment":[{"href":"https:\/\/www.jinpinlub.com\/es\/wp-json\/wp\/v2\/media?parent=3678"}],"wp:term":[{"taxonomy":"product_brand","embeddable":true,"href":"https:\/\/www.jinpinlub.com\/es\/wp-json\/wp\/v2\/product_brand?post=3678"},{"taxonomy":"product_cat","embeddable":true,"href":"https:\/\/www.jinpinlub.com\/es\/wp-json\/wp\/v2\/product_cat?post=3678"},{"taxonomy":"product_tag","embeddable":true,"href":"https:\/\/www.jinpinlub.com\/es\/wp-json\/wp\/v2\/product_tag?post=3678"}],"curies":[{"name":"wp","href":"https:\/\/api.w.org\/{rel}","templated":true}]}}