{"id":3679,"date":"2024-09-13T23:39:41","date_gmt":"2024-09-13T15:39:41","guid":{"rendered":"https:\/\/www.jinpinlub.com\/?post_type=product&#038;p=3679"},"modified":"2024-09-14T00:12:00","modified_gmt":"2024-09-13T16:12:00","slug":"dispositivos-dosificadores-vskh-kr-para-sistemas-de-lubricacion-de-doble-linea","status":"publish","type":"product","link":"https:\/\/www.jinpinlub.com\/es\/producto\/dispositivos-dosificadores-vskh-kr-para-sistemas-de-lubricacion-de-doble-linea\/","title":{"rendered":"Dispositivos dosificadores VSKH-KR para sistemas de lubricaci\u00f3n de doble l\u00ednea"},"content":{"rendered":"<h2>Caracter\u00edstica<\/h2>\n<p>El distribuidor de doble l\u00ednea VSKH-KR tiene salidas tanto en el lado superior como en el inferior. Cuando el pist\u00f3n del distribuidor se mueve en ambas direcciones, la grasa se descarga por las salidas superior e inferior respectivamente. Observe el estado de funcionamiento del distribuidor a partir de la acci\u00f3n de la varilla indicadora y ajuste la descarga dentro del rango especificado ajustando el tornillo.<br \/>\nEl VSKH-KR es adecuado para sistemas de lubricaci\u00f3n centralizada de grasa de l\u00ednea doble de 40 MPa. Su acci\u00f3n de pist\u00f3n se controla alternando la presi\u00f3n de suministro de aceite desde dos l\u00edneas de lubricaci\u00f3n principales, que distribuyen cuantitativamente la grasa a los puntos de lubricaci\u00f3n.<\/p>\n<h2>Especificaci\u00f3n<\/h2>\n<table>\n<tbody>\n<tr>\n<td>Modelo<\/td>\n<td>VSKH-KR<\/td>\n<\/tr>\n<tr>\n<td>Presi\u00f3n de funcionamiento<\/td>\n<td>40 MPa<\/td>\n<\/tr>\n<tr>\n<td>Presi\u00f3n de acci\u00f3n<\/td>\n<td>\u22641,5 MPa<\/td>\n<\/tr>\n<tr>\n<td>Descarga nominal<\/td>\n<td>0 ~ 1,5 ml\/ciclo<\/td>\n<\/tr>\n<tr>\n<td>Ajuste del caudal del tornillo<\/td>\n<td>0,05 ml\/c\u00edrculo<\/td>\n<\/tr>\n<tr>\n<td>N\u00famero de puntos de venta<\/td>\n<td>2~8<\/td>\n<\/tr>\n<tr>\n<td>Lubricante<\/td>\n<td>Grasa NLGI 0~2# o aceite \uff1e N68<\/td>\n<\/tr>\n<tr>\n<td>Temperatura de funcionamiento<\/td>\n<td>(-10 \u2103 ~ 80 \u2103)<\/td>\n<\/tr>\n<\/tbody>\n<\/table>\n<h2>Solicitud<\/h2>\n<p>Planta de cemento: El distribuidor de dos l\u00edneas VSKH-KR se utiliza para lubricar equipos mec\u00e1nicos grandes para garantizar el funcionamiento normal del equipo en entornos de alta presi\u00f3n y alta temperatura.<br \/>\nExcavadora minera: La v\u00e1lvula dosificadora VSKH-KR proporciona una lubricaci\u00f3n confiable en duras condiciones de trabajo y extiende la vida \u00fatil del equipo.<br \/>\nPlanta de acero: El dispositivo dosificador VSKH-KR se utiliza para lubricar laminadores y otros equipos pesados para reducir el desgaste y los costos de mantenimiento.<\/p>\n<h2>Manuales<\/h2>\n<div class=\"sdm_download_button_box_default\"><div class=\"sdm_download_link\"><a href=\"https:\/\/www.jinpinlub.com\/es\/?sdm_process_download=1&download_id=3662\" class=\"sdm_download white\" title=\"Privado: VSKH-KR Distributor\" target=\"&quot;_blank&quot;\">Ver hoja de datos - Distribuidor VSKH-KR<\/a><\/div><\/div>","protected":false},"excerpt":{"rendered":"<p>La unidad dosificadora VSG es un componente robusto para sistemas de lubricaci\u00f3n de doble l\u00ednea, capaz de soportar presiones de hasta 400 bar, fabricado en acero galvanizado y con hasta ocho salidas, cada una equipada con un pin indicador para monitoreo visual.<\/p>","protected":false},"featured_media":3623,"template":"","meta":{"ocean_post_layout":"","ocean_both_sidebars_style":"","ocean_both_sidebars_content_width":0,"ocean_both_sidebars_sidebars_width":0,"ocean_sidebar":"0","ocean_second_sidebar":"0","ocean_disable_margins":"enable","ocean_add_body_class":"","ocean_shortcode_before_top_bar":"","ocean_shortcode_after_top_bar":"","ocean_shortcode_before_header":"","ocean_shortcode_after_header":"","ocean_has_shortcode":"","ocean_shortcode_after_title":"","ocean_shortcode_before_footer_widgets":"","ocean_shortcode_after_footer_widgets":"","ocean_shortcode_before_footer_bottom":"","ocean_shortcode_after_footer_bottom":"","ocean_display_top_bar":"default","ocean_display_header":"default","ocean_header_style":"","ocean_center_header_left_menu":"0","ocean_custom_header_template":"0","ocean_custom_logo":0,"ocean_custom_retina_logo":0,"ocean_custom_logo_max_width":0,"ocean_custom_logo_tablet_max_width":0,"ocean_custom_logo_mobile_max_width":0,"ocean_custom_logo_max_height":0,"ocean_custom_logo_tablet_max_height":0,"ocean_custom_logo_mobile_max_height":0,"ocean_header_custom_menu":"0","ocean_menu_typo_font_family":"0","ocean_menu_typo_font_subset":"","ocean_menu_typo_font_size":0,"ocean_menu_typo_font_size_tablet":0,"ocean_menu_typo_font_size_mobile":0,"ocean_menu_typo_font_size_unit":"px","ocean_menu_typo_font_weight":"","ocean_menu_typo_font_weight_tablet":"","ocean_menu_typo_font_weight_mobile":"","ocean_menu_typo_transform":"","ocean_menu_typo_transform_tablet":"","ocean_menu_typo_transform_mobile":"","ocean_menu_typo_line_height":0,"ocean_menu_typo_line_height_tablet":0,"ocean_menu_typo_line_height_mobile":0,"ocean_menu_typo_line_height_unit":"","ocean_menu_typo_spacing":0,"ocean_menu_typo_spacing_tablet":0,"ocean_menu_typo_spacing_mobile":0,"ocean_menu_typo_spacing_unit":"","ocean_menu_link_color":"","ocean_menu_link_color_hover":"","ocean_menu_link_color_active":"","ocean_menu_link_background":"","ocean_menu_link_hover_background":"","ocean_menu_link_active_background":"","ocean_menu_social_links_bg":"","ocean_menu_social_hover_links_bg":"","ocean_menu_social_links_color":"","ocean_menu_social_hover_links_color":"","ocean_disable_title":"default","ocean_disable_heading":"default","ocean_post_title":"","ocean_post_subheading":"","ocean_post_title_style":"","ocean_post_title_background_color":"","ocean_post_title_background":0,"ocean_post_title_bg_image_position":"","ocean_post_title_bg_image_attachment":"","ocean_post_title_bg_image_repeat":"","ocean_post_title_bg_image_size":"","ocean_post_title_height":0,"ocean_post_title_bg_overlay":0.5,"ocean_post_title_bg_overlay_color":"","ocean_disable_breadcrumbs":"default","ocean_breadcrumbs_color":"","ocean_breadcrumbs_separator_color":"","ocean_breadcrumbs_links_color":"","ocean_breadcrumbs_links_hover_color":"","ocean_display_footer_widgets":"default","ocean_display_footer_bottom":"default","ocean_custom_footer_template":"0","osh_disable_topbar_sticky":"default","osh_disable_header_sticky":"default","osh_sticky_header_style":"default","osh_sticky_header_effect":"","osh_custom_sticky_logo":0,"osh_custom_retina_sticky_logo":0,"osh_custom_sticky_logo_height":0,"osh_background_color":"","osh_links_color":"","osh_links_hover_color":"","osh_links_active_color":"","osh_links_bg_color":"","osh_links_hover_bg_color":"","osh_links_active_bg_color":"","osh_menu_social_links_color":"","osh_menu_social_hover_links_color":""},"product_brand":[],"product_cat":[34,36],"product_tag":[309,311,310],"class_list":{"0":"post-3679","1":"product","2":"type-product","3":"status-publish","4":"has-post-thumbnail","6":"product_cat-dual-line-lubrication-systems","7":"product_cat-dual-line-divider-valves","8":"product_tag-vskh-kr-distributor","9":"product_tag-vskh-kr-metering-device","10":"product_tag-vskh-kr-metering-valve","12":"entry","13":"has-media","15":"first","16":"instock","17":"shipping-taxable","18":"product-type-external","19":"col","20":"span_1_of_3","21":"owp-content-center","22":"owp-thumbs-layout-horizontal","23":"owp-btn-very-big","24":"owp-tabs-layout-horizontal"},"_links":{"self":[{"href":"https:\/\/www.jinpinlub.com\/es\/wp-json\/wp\/v2\/product\/3679","targetHints":{"allow":["GET"]}}],"collection":[{"href":"https:\/\/www.jinpinlub.com\/es\/wp-json\/wp\/v2\/product"}],"about":[{"href":"https:\/\/www.jinpinlub.com\/es\/wp-json\/wp\/v2\/types\/product"}],"wp:featuredmedia":[{"embeddable":true,"href":"https:\/\/www.jinpinlub.com\/es\/wp-json\/wp\/v2\/media\/3623"}],"wp:attachment":[{"href":"https:\/\/www.jinpinlub.com\/es\/wp-json\/wp\/v2\/media?parent=3679"}],"wp:term":[{"taxonomy":"product_brand","embeddable":true,"href":"https:\/\/www.jinpinlub.com\/es\/wp-json\/wp\/v2\/product_brand?post=3679"},{"taxonomy":"product_cat","embeddable":true,"href":"https:\/\/www.jinpinlub.com\/es\/wp-json\/wp\/v2\/product_cat?post=3679"},{"taxonomy":"product_tag","embeddable":true,"href":"https:\/\/www.jinpinlub.com\/es\/wp-json\/wp\/v2\/product_tag?post=3679"}],"curies":[{"name":"wp","href":"https:\/\/api.w.org\/{rel}","templated":true}]}}