{"id":3681,"date":"2024-09-13T23:58:47","date_gmt":"2024-09-13T15:58:47","guid":{"rendered":"https:\/\/www.jinpinlub.com\/?post_type=product&#038;p=3681"},"modified":"2024-09-14T00:06:12","modified_gmt":"2024-09-13T16:06:12","slug":"dispositivos-de-medicion-vsl-de-acero-galvanizado-para-sistemas-de-linea-dual","status":"publish","type":"product","link":"https:\/\/www.jinpinlub.com\/es\/product\/galvanized-steel-vsl-metering-devices-for-dual-line-system\/","title":{"rendered":"Dispositivos de medici\u00f3n VSL de acero galvanizado para sistemas de doble l\u00ednea"},"content":{"rendered":"<h2>Caracter\u00edstica<\/h2>\n<p>Hay salidas tanto en la parte superior como en la inferior del VSL-KR, y cuando el pist\u00f3n distribuidor se mueve hacia adelante y hacia atr\u00e1s, la grasa se descarga por las salidas de ambos lados. Hay una estructura de descarga combinada en las salidas superior e inferior correspondientes. Para cambiar el n\u00famero impar de salidas, simplemente desatornille los tornillos en los orificios. El funcionamiento del distribuidor tambi\u00e9n se puede observar directamente desde la acci\u00f3n de la varilla indicadora, y la descarga de cada salida se puede ajustar ajustando los tornillos. Este tipo de distribuidor se utiliza bajo la presi\u00f3n de suministro alterna de dos tuber\u00edas de suministro principales, y la acci\u00f3n del pist\u00f3n est\u00e1 controlada directamente por la presi\u00f3n de suministro.<\/p>\n<h2>Especificaci\u00f3n<\/h2>\n<table>\n<tbody>\n<tr>\n<td>Modelo<\/td>\n<td>VSL-KR<\/td>\n<\/tr>\n<tr>\n<td>Presi\u00f3n de funcionamiento<\/td>\n<td>40 MPa<\/td>\n<\/tr>\n<tr>\n<td>Presi\u00f3n de acci\u00f3n<\/td>\n<td>\u22641,0 MPa<\/td>\n<\/tr>\n<tr>\n<td>Descarga nominal<\/td>\n<td>0~5 ml\/ciclo<\/td>\n<\/tr>\n<tr>\n<td>Ajuste del caudal del tornillo<\/td>\n<td>0,15 ml\/c\u00edrculo<\/td>\n<\/tr>\n<tr>\n<td>N\u00famero de puntos de venta<\/td>\n<td>2~8<\/td>\n<\/tr>\n<tr>\n<td>Lubricante<\/td>\n<td>Grasa NLGI 0~2# o aceite \uff1e N68<\/td>\n<\/tr>\n<tr>\n<td>Temperatura de funcionamiento<\/td>\n<td>(-10 \u2103 ~ 80 \u2103)<\/td>\n<\/tr>\n<\/tbody>\n<\/table>\n<h2>Instrucci\u00f3n<\/h2>\n<p>Si es necesario fusionar las salidas superior e inferior correspondientes, simplemente desenrosque el tap\u00f3n de presi\u00f3n en el orificio de salida de aceite superior con una llave hexagonal de 6 mm, retire el manguito de distribuci\u00f3n de aceite a trav\u00e9s del orificio e inst\u00e1lelo hacia abajo, luego apriete el tap\u00f3n de presi\u00f3n, la salida superior se bloquea con un tap\u00f3n G14 para evitar el polvo. Los distribuidores utilizados fuera del rango de -10 \u2103 a 80 \u2103 deben especificarse en la compra para proporcionar sellos de aceite resistentes a bajas y altas temperaturas durante el suministro.<\/p>\n<h2>Manuales<\/h2>\n<div class=\"sdm_download_button_box_default\"><div class=\"sdm_download_link\"><a href=\"https:\/\/www.jinpinlub.com\/es\/?sdm_process_download=1&download_id=3664\" class=\"sdm_download white\" title=\"Privado: VSL-KR Distributor\" target=\"&quot;_blank&quot;\">Ver hoja de datos - Distribuidor VSL-KR<\/a><\/div><\/div>","protected":false},"excerpt":{"rendered":"<p>Los dispositivos dosificadores de la serie VSL est\u00e1n dise\u00f1ados para sistemas de lubricaci\u00f3n de l\u00ednea doble y pueden soportar presiones de hasta 400 bar. Est\u00e1n fabricados en acero galvanizado duradero y pueden equiparse con hasta ocho salidas, cada una con un indicador para control visual.<\/p>","protected":false},"featured_media":3629,"template":"","meta":{"ocean_post_layout":"","ocean_both_sidebars_style":"","ocean_both_sidebars_content_width":0,"ocean_both_sidebars_sidebars_width":0,"ocean_sidebar":"0","ocean_second_sidebar":"0","ocean_disable_margins":"enable","ocean_add_body_class":"","ocean_shortcode_before_top_bar":"","ocean_shortcode_after_top_bar":"","ocean_shortcode_before_header":"","ocean_shortcode_after_header":"","ocean_has_shortcode":"","ocean_shortcode_after_title":"","ocean_shortcode_before_footer_widgets":"","ocean_shortcode_after_footer_widgets":"","ocean_shortcode_before_footer_bottom":"","ocean_shortcode_after_footer_bottom":"","ocean_display_top_bar":"default","ocean_display_header":"default","ocean_header_style":"","ocean_center_header_left_menu":"0","ocean_custom_header_template":"0","ocean_custom_logo":0,"ocean_custom_retina_logo":0,"ocean_custom_logo_max_width":0,"ocean_custom_logo_tablet_max_width":0,"ocean_custom_logo_mobile_max_width":0,"ocean_custom_logo_max_height":0,"ocean_custom_logo_tablet_max_height":0,"ocean_custom_logo_mobile_max_height":0,"ocean_header_custom_menu":"0","ocean_menu_typo_font_family":"0","ocean_menu_typo_font_subset":"","ocean_menu_typo_font_size":0,"ocean_menu_typo_font_size_tablet":0,"ocean_menu_typo_font_size_mobile":0,"ocean_menu_typo_font_size_unit":"px","ocean_menu_typo_font_weight":"","ocean_menu_typo_font_weight_tablet":"","ocean_menu_typo_font_weight_mobile":"","ocean_menu_typo_transform":"","ocean_menu_typo_transform_tablet":"","ocean_menu_typo_transform_mobile":"","ocean_menu_typo_line_height":0,"ocean_menu_typo_line_height_tablet":0,"ocean_menu_typo_line_height_mobile":0,"ocean_menu_typo_line_height_unit":"","ocean_menu_typo_spacing":0,"ocean_menu_typo_spacing_tablet":0,"ocean_menu_typo_spacing_mobile":0,"ocean_menu_typo_spacing_unit":"","ocean_menu_link_color":"","ocean_menu_link_color_hover":"","ocean_menu_link_color_active":"","ocean_menu_link_background":"","ocean_menu_link_hover_background":"","ocean_menu_link_active_background":"","ocean_menu_social_links_bg":"","ocean_menu_social_hover_links_bg":"","ocean_menu_social_links_color":"","ocean_menu_social_hover_links_color":"","ocean_disable_title":"default","ocean_disable_heading":"default","ocean_post_title":"","ocean_post_subheading":"","ocean_post_title_style":"","ocean_post_title_background_color":"","ocean_post_title_background":0,"ocean_post_title_bg_image_position":"","ocean_post_title_bg_image_attachment":"","ocean_post_title_bg_image_repeat":"","ocean_post_title_bg_image_size":"","ocean_post_title_height":0,"ocean_post_title_bg_overlay":0.5,"ocean_post_title_bg_overlay_color":"","ocean_disable_breadcrumbs":"default","ocean_breadcrumbs_color":"","ocean_breadcrumbs_separator_color":"","ocean_breadcrumbs_links_color":"","ocean_breadcrumbs_links_hover_color":"","ocean_display_footer_widgets":"default","ocean_display_footer_bottom":"default","ocean_custom_footer_template":"0","osh_disable_topbar_sticky":"default","osh_disable_header_sticky":"default","osh_sticky_header_style":"default","osh_sticky_header_effect":"","osh_custom_sticky_logo":0,"osh_custom_retina_sticky_logo":0,"osh_custom_sticky_logo_height":0,"osh_background_color":"","osh_links_color":"","osh_links_hover_color":"","osh_links_active_color":"","osh_links_bg_color":"","osh_links_hover_bg_color":"","osh_links_active_bg_color":"","osh_menu_social_links_color":"","osh_menu_social_hover_links_color":""},"product_brand":[],"product_cat":[36,34],"product_tag":[300,313,301],"class_list":{"0":"post-3681","1":"product","2":"type-product","3":"status-publish","4":"has-post-thumbnail","6":"product_cat-dual-line-divider-valves","7":"product_cat-dual-line-lubrication-systems","8":"product_tag-dual-line-distributor","9":"product_tag-dual-line-metering-device","10":"product_tag-dual-line-metering-valve","12":"entry","13":"has-media","15":"first","16":"instock","17":"shipping-taxable","18":"product-type-external","19":"col","20":"span_1_of_3","21":"owp-content-center","22":"owp-thumbs-layout-horizontal","23":"owp-btn-very-big","24":"owp-tabs-layout-horizontal"},"_links":{"self":[{"href":"https:\/\/www.jinpinlub.com\/es\/wp-json\/wp\/v2\/product\/3681","targetHints":{"allow":["GET"]}}],"collection":[{"href":"https:\/\/www.jinpinlub.com\/es\/wp-json\/wp\/v2\/product"}],"about":[{"href":"https:\/\/www.jinpinlub.com\/es\/wp-json\/wp\/v2\/types\/product"}],"wp:featuredmedia":[{"embeddable":true,"href":"https:\/\/www.jinpinlub.com\/es\/wp-json\/wp\/v2\/media\/3629"}],"wp:attachment":[{"href":"https:\/\/www.jinpinlub.com\/es\/wp-json\/wp\/v2\/media?parent=3681"}],"wp:term":[{"taxonomy":"product_brand","embeddable":true,"href":"https:\/\/www.jinpinlub.com\/es\/wp-json\/wp\/v2\/product_brand?post=3681"},{"taxonomy":"product_cat","embeddable":true,"href":"https:\/\/www.jinpinlub.com\/es\/wp-json\/wp\/v2\/product_cat?post=3681"},{"taxonomy":"product_tag","embeddable":true,"href":"https:\/\/www.jinpinlub.com\/es\/wp-json\/wp\/v2\/product_tag?post=3681"}],"curies":[{"name":"wp","href":"https:\/\/api.w.org\/{rel}","templated":true}]}}