{"id":3685,"date":"2024-09-14T00:12:37","date_gmt":"2024-09-13T16:12:37","guid":{"rendered":"https:\/\/www.jinpinlub.com\/?post_type=product&#038;p=3685"},"modified":"2024-09-14T00:24:20","modified_gmt":"2024-09-13T16:24:20","slug":"distribuidor-de-doble-linea-zv-b-para-sistema-de-lubricacion-de-doble-linea","status":"publish","type":"product","link":"https:\/\/www.jinpinlub.com\/es\/product\/zv-b-dual-line-distributor-for-dual-line-lubrication-system\/","title":{"rendered":"Distribuidor de l\u00ednea doble ZV-B para sistema de lubricaci\u00f3n de l\u00ednea doble"},"content":{"rendered":"<h2>Caracter\u00edstica<\/h2>\n<p>El distribuidor de doble cable ZVB es adecuado para sistemas de lubricaci\u00f3n de doble l\u00ednea de grasa o aceite de 40 MPa. El distribuidor se puede instalar con tres opciones: tornillo dosificador, dispositivo de ajuste e indicador de movimiento.<br \/>\n1. En el caso de ZVB con musara\u00f1as dosificadoras, no es posible ajustar el volumen medido. Solo se puede cambiar el volumen medido seleccionando musara\u00f1as dosificadoras de \u00edndice diferente.<br \/>\n2. ZVB con dispositivo de ajuste, el volumen medido se puede ajustar desde cero hasta el rango nominal y se puede juzgar si el distribuidor est\u00e1 funcionando correctamente observando el dispositivo de ajuste.<br \/>\n3. El ZVB con indicador de movimiento puede ajustar el volumen medido dentro del rango de cero a rango nominal y puede controlar el volumen medido enviando una se\u00f1al a trav\u00e9s del interruptor de monitoreo. Cada distribuidor solo puede venir con un dispositivo de ajuste.<\/p>\n<h2>Especificaci\u00f3n<\/h2>\n<table>\n<tbody>\n<tr>\n<td>Modelo<\/td>\n<td>ZV-B<\/td>\n<\/tr>\n<tr>\n<td>Presi\u00f3n de funcionamiento<\/td>\n<td>40 MPa<\/td>\n<\/tr>\n<tr>\n<td>Presi\u00f3n de acci\u00f3n<\/td>\n<td>\u22641,0 MPa<\/td>\n<\/tr>\n<tr>\n<td>Salida del pist\u00f3n<\/td>\n<td>0,3 ml<\/td>\n<\/tr>\n<tr>\n<td>Descargar<\/td>\n<td>0,5, 1,5, 3,0 ml\/ciclo<\/td>\n<\/tr>\n<tr>\n<td>N\u00famero de puntos de venta<\/td>\n<td>2~8<\/td>\n<\/tr>\n<tr>\n<td>Lubricante<\/td>\n<td>Grasa NLGI 0~3# o aceite \uff1e N68<\/td>\n<\/tr>\n<tr>\n<td>Temperatura de funcionamiento<\/td>\n<td>(-20 \u2103 ~ 80 \u2103)<\/td>\n<\/tr>\n<\/tbody>\n<\/table>\n<h2>Instrucci\u00f3n<\/h2>\n<p>1. Cuando se utiliza en entornos polvorientos, h\u00famedos y hostiles, debe estar equipado con una cubierta protectora.<br \/>\n2. En el sistema de doble cable se prefiere el m\u00e9todo de instalaci\u00f3n en paralelo. En segundo lugar, se adopta el m\u00e9todo de instalaci\u00f3n en serie y se deben quitar los dos tapones G3\/8 de la entrada de un lado. El n\u00famero m\u00e1ximo de conexiones en serie no puede superar las dos y se pueden instalar en paralelo y en serie si es necesario.<br \/>\n3. El ZVB-S, el volumen medido con tornillo de medici\u00f3n no se puede ajustar, solo se puede seleccionar el tornillo de medici\u00f3n con diferente \u00edndice para cambiar el tornillo de medici\u00f3n.<br \/>\n4. Para el ZVB-M con dispositivo de ajuste, el ajuste del volumen medido debe girar el tornillo de ajuste del limitador cuando la varilla se retrae.<br \/>\n5. Para ZVB-L con indicador de movimiento, el ajuste del volumen medido debe realizarse cuando la palanca del indicador est\u00e9 retra\u00edda.<br \/>\n6. Si el n\u00famero de salidas debe ser impar, quite los tornillos entre las salidas correspondientes y bloquee la salida que no est\u00e9 en uso con tapones G1\/4\u201d. Las salidas superior e inferior est\u00e1n conectadas y tanto el movimiento hacia adelante como hacia atr\u00e1s del pist\u00f3n se descargan desde esta salida.<br \/>\n7. Para facilitar el desmontaje, es mejor doblar la tuber\u00eda desde ZVB hasta los puntos de lubricaci\u00f3n en un \u00e1ngulo de 90\u00b0 o utilizar una uni\u00f3n de manguito.<br \/>\n8. La superficie de instalaci\u00f3n del distribuidor debe ser lisa y plana, y los pernos de instalaci\u00f3n no deben apretarse demasiado para evitar deformaciones y afectar el funcionamiento normal durante el uso.<br \/>\n9. Se recomienda utilizar tornillos GB70-85 M60 x 50 para la instalaci\u00f3n y fijaci\u00f3n de ZVB-S y ZVB-M. Se debe proporcionar una placa base de 30 mm entre las superficies de instalaci\u00f3n de ZVB-L y se deben utilizar tornillos especiales GB70-85 M6 x 85 para la instalaci\u00f3n y fijaci\u00f3n.<\/p>\n<h2>Manuales<\/h2>\n<div class=\"sdm_download_button_box_default\"><div class=\"sdm_download_link\"><a href=\"https:\/\/www.jinpinlub.com\/es\/?sdm_process_download=1&download_id=3665\" class=\"sdm_download white\" title=\"Privado: ZVB Distributor\" target=\"&quot;_blank&quot;\">Ver Ficha T\u00e9cnica - Distribuidor ZVB<\/a><\/div><\/div>","protected":false},"excerpt":{"rendered":"<p>El distribuidor ZV-B se utiliza en sistemas de lubricaci\u00f3n central de dos l\u00edneas y es adecuado para aceite y grasa. Dosifica y suministra lubricantes a los puntos de lubricaci\u00f3n independientemente de la contrapresi\u00f3n. Entre sus caracter\u00edsticas se incluyen hasta 8 salidas, con vol\u00famenes de dosificaci\u00f3n de 0,5 a 3,0 ml\/ciclo.<\/p>","protected":false},"featured_media":3635,"template":"","meta":{"ocean_post_layout":"","ocean_both_sidebars_style":"","ocean_both_sidebars_content_width":0,"ocean_both_sidebars_sidebars_width":0,"ocean_sidebar":"0","ocean_second_sidebar":"0","ocean_disable_margins":"enable","ocean_add_body_class":"","ocean_shortcode_before_top_bar":"","ocean_shortcode_after_top_bar":"","ocean_shortcode_before_header":"","ocean_shortcode_after_header":"","ocean_has_shortcode":"","ocean_shortcode_after_title":"","ocean_shortcode_before_footer_widgets":"","ocean_shortcode_after_footer_widgets":"","ocean_shortcode_before_footer_bottom":"","ocean_shortcode_after_footer_bottom":"","ocean_display_top_bar":"default","ocean_display_header":"default","ocean_header_style":"","ocean_center_header_left_menu":"0","ocean_custom_header_template":"0","ocean_custom_logo":0,"ocean_custom_retina_logo":0,"ocean_custom_logo_max_width":0,"ocean_custom_logo_tablet_max_width":0,"ocean_custom_logo_mobile_max_width":0,"ocean_custom_logo_max_height":0,"ocean_custom_logo_tablet_max_height":0,"ocean_custom_logo_mobile_max_height":0,"ocean_header_custom_menu":"0","ocean_menu_typo_font_family":"0","ocean_menu_typo_font_subset":"","ocean_menu_typo_font_size":0,"ocean_menu_typo_font_size_tablet":0,"ocean_menu_typo_font_size_mobile":0,"ocean_menu_typo_font_size_unit":"px","ocean_menu_typo_font_weight":"","ocean_menu_typo_font_weight_tablet":"","ocean_menu_typo_font_weight_mobile":"","ocean_menu_typo_transform":"","ocean_menu_typo_transform_tablet":"","ocean_menu_typo_transform_mobile":"","ocean_menu_typo_line_height":0,"ocean_menu_typo_line_height_tablet":0,"ocean_menu_typo_line_height_mobile":0,"ocean_menu_typo_line_height_unit":"","ocean_menu_typo_spacing":0,"ocean_menu_typo_spacing_tablet":0,"ocean_menu_typo_spacing_mobile":0,"ocean_menu_typo_spacing_unit":"","ocean_menu_link_color":"","ocean_menu_link_color_hover":"","ocean_menu_link_color_active":"","ocean_menu_link_background":"","ocean_menu_link_hover_background":"","ocean_menu_link_active_background":"","ocean_menu_social_links_bg":"","ocean_menu_social_hover_links_bg":"","ocean_menu_social_links_color":"","ocean_menu_social_hover_links_color":"","ocean_disable_title":"default","ocean_disable_heading":"default","ocean_post_title":"","ocean_post_subheading":"","ocean_post_title_style":"","ocean_post_title_background_color":"","ocean_post_title_background":0,"ocean_post_title_bg_image_position":"","ocean_post_title_bg_image_attachment":"","ocean_post_title_bg_image_repeat":"","ocean_post_title_bg_image_size":"","ocean_post_title_height":0,"ocean_post_title_bg_overlay":0.5,"ocean_post_title_bg_overlay_color":"","ocean_disable_breadcrumbs":"default","ocean_breadcrumbs_color":"","ocean_breadcrumbs_separator_color":"","ocean_breadcrumbs_links_color":"","ocean_breadcrumbs_links_hover_color":"","ocean_display_footer_widgets":"default","ocean_display_footer_bottom":"default","ocean_custom_footer_template":"0","osh_disable_topbar_sticky":"default","osh_disable_header_sticky":"default","osh_sticky_header_style":"default","osh_sticky_header_effect":"","osh_custom_sticky_logo":0,"osh_custom_retina_sticky_logo":0,"osh_custom_sticky_logo_height":0,"osh_background_color":"","osh_links_color":"","osh_links_hover_color":"","osh_links_active_color":"","osh_links_bg_color":"","osh_links_hover_bg_color":"","osh_links_active_bg_color":"","osh_menu_social_links_color":"","osh_menu_social_hover_links_color":""},"product_brand":[],"product_cat":[36,34],"product_tag":[314,313,301],"class_list":{"0":"post-3685","1":"product","2":"type-product","3":"status-publish","4":"has-post-thumbnail","6":"product_cat-dual-line-divider-valves","7":"product_cat-dual-line-lubrication-systems","8":"product_tag-distributor-zv-b","9":"product_tag-dual-line-metering-device","10":"product_tag-dual-line-metering-valve","12":"entry","13":"has-media","15":"first","16":"instock","17":"shipping-taxable","18":"product-type-external","19":"col","20":"span_1_of_3","21":"owp-content-center","22":"owp-thumbs-layout-horizontal","23":"owp-btn-very-big","24":"owp-tabs-layout-horizontal"},"_links":{"self":[{"href":"https:\/\/www.jinpinlub.com\/es\/wp-json\/wp\/v2\/product\/3685","targetHints":{"allow":["GET"]}}],"collection":[{"href":"https:\/\/www.jinpinlub.com\/es\/wp-json\/wp\/v2\/product"}],"about":[{"href":"https:\/\/www.jinpinlub.com\/es\/wp-json\/wp\/v2\/types\/product"}],"wp:featuredmedia":[{"embeddable":true,"href":"https:\/\/www.jinpinlub.com\/es\/wp-json\/wp\/v2\/media\/3635"}],"wp:attachment":[{"href":"https:\/\/www.jinpinlub.com\/es\/wp-json\/wp\/v2\/media?parent=3685"}],"wp:term":[{"taxonomy":"product_brand","embeddable":true,"href":"https:\/\/www.jinpinlub.com\/es\/wp-json\/wp\/v2\/product_brand?post=3685"},{"taxonomy":"product_cat","embeddable":true,"href":"https:\/\/www.jinpinlub.com\/es\/wp-json\/wp\/v2\/product_cat?post=3685"},{"taxonomy":"product_tag","embeddable":true,"href":"https:\/\/www.jinpinlub.com\/es\/wp-json\/wp\/v2\/product_tag?post=3685"}],"curies":[{"name":"wp","href":"https:\/\/api.w.org\/{rel}","templated":true}]}}