{"id":3735,"date":"2024-09-29T20:50:08","date_gmt":"2024-09-29T12:50:08","guid":{"rendered":"https:\/\/www.jinpinlub.com\/?post_type=product&#038;p=3735"},"modified":"2024-10-08T04:04:34","modified_gmt":"2024-10-07T20:04:34","slug":"bombas-de-lubricacion-electricas-automaticas-amg1-para-grasa-fluida","status":"publish","type":"product","link":"https:\/\/www.jinpinlub.com\/es\/product\/jmg1-automatic-electric-lubrication-pumps-for-fluid-grease\/","title":{"rendered":"Bombas de lubricaci\u00f3n autom\u00e1ticas el\u00e9ctricas JMG1 para grasa fluida"},"content":{"rendered":"<h2>Caracter\u00edsticas<\/h2>\n<p>1. El temporizador se puede configurar en dos modos de acci\u00f3n:<br \/>\n\u2460 Lubricaci\u00f3n: La bomba comienza a ejecutar el cronometraje del tiempo de lubricaci\u00f3n. \u2461 Memoria: La bomba comienza a ejecutar el cronometraje del intervalo anterior sin terminar.<br \/>\n2. Un interruptor de presi\u00f3n es opcional para detectar la l\u00ednea de lubricaci\u00f3n.<br \/>\n3. El sensor capacitivo opcional puede detectar el nivel bajo de aceite y enviar una se\u00f1al autom\u00e1ticamente.<br \/>\n4. Con un man\u00f3metro, se puede detectar la presi\u00f3n de funcionamiento de la bomba. La descarga de 500 ml\/min es opcional.<br \/>\n5. El temporizador tiene una funci\u00f3n de autobloqueo para evitar un mal funcionamiento.<br \/>\n6. Con un bot\u00f3n \u201cRST\u201d, puede forzar la lubricaci\u00f3n o eliminar se\u00f1ales de alarma anormales.<br \/>\n7. La bomba de engranajes de tierra est\u00e1 equipada con un motor de inducci\u00f3n, que tiene una presi\u00f3n estable, bajo nivel de ruido, duradero y confiable.<br \/>\n8. AMG1 es una bomba de lubricaci\u00f3n progresiva que debe combinarse con <a href=\"https:\/\/www.jinpinlub.com\/es\/categoria-de-producto\/sistemas-de-engrase-progresivo\/divisores-de-grasa-progresivos\/\" target=\"_blank\" rel=\"noopener\">distribuidores de grasa progresivos<\/a> para formar un sistema de lubricaci\u00f3n.<\/p>\n<h2>Especificaci\u00f3n<\/h2>\n<table>\n<tbody>\n<tr>\n<td>Modelo<\/td>\n<td>JMG1<\/td>\n<\/tr>\n<tr>\n<td>Tiempo de lubricaci\u00f3n<\/td>\n<td>1-999 segundos<\/td>\n<\/tr>\n<tr>\n<td>Tiempo de intervalo<\/td>\n<td>1-999 minutos<\/td>\n<\/tr>\n<tr>\n<td>Temperatura de funcionamiento<\/td>\n<td>-10\u2103~ +60\u00b0C (Las condiciones de baja temperatura requieren grasa anticongelante)<\/td>\n<\/tr>\n<tr>\n<td>N\u00famero de puntos de venta<\/td>\n<td>1<\/td>\n<\/tr>\n<tr>\n<td>Capacidad del dep\u00f3sito<\/td>\n<td>3L (tanque de resina), 4L, 6L, 8L, 20L (tanque de metal)<\/td>\n<\/tr>\n<tr>\n<td>Recarga<\/td>\n<td>Desde arriba<\/td>\n<\/tr>\n<tr>\n<td>Lubricante<\/td>\n<td>N\u00famero de serie 000#~00#<\/td>\n<\/tr>\n<tr>\n<td>Potencia del motor<\/td>\n<td>40 W<\/td>\n<\/tr>\n<tr>\n<td>Descargar<\/td>\n<td>250 ml\/min<\/td>\n<\/tr>\n<tr>\n<td>Presi\u00f3n m\u00e1xima de funcionamiento<\/td>\n<td>4,0 MPa<\/td>\n<\/tr>\n<tr>\n<td>Hilo de conexi\u00f3n<\/td>\n<td>Salida \u03a66<\/td>\n<\/tr>\n<tr>\n<td>Voltaje de funcionamiento<\/td>\n<td>110 V CA, 220 V CA, 12 V CC, 24 V CC<\/td>\n<\/tr>\n<tr>\n<td>Proceso de dar un t\u00edtulo<\/td>\n<td>CE<\/td>\n<\/tr>\n<tr>\n<td>Interruptor de nivel bajo<\/td>\n<td>Contacto NC<\/td>\n<\/tr>\n<\/tbody>\n<\/table>\n<h2>Aplicaciones<\/h2>\n<p>1. Fabricaci\u00f3n: Las bombas de lubricaci\u00f3n de la serie JMG1 funcionan en un c\u00edrculo amplio con fines de lubricaci\u00f3n de los transportadores, brazos rob\u00f3ticos y equipos de l\u00ednea para mantenerlos funcionando sin problemas.<br \/>\n2. Automotriz: Las bombas de lubricaci\u00f3n el\u00e9ctricas JMG1 se aplican para la lubricaci\u00f3n y el mantenimiento del chasis en las l\u00edneas de montaje para reducir el desgaste de las piezas m\u00f3viles.<br \/>\n3. Maquinaria de construcci\u00f3n: Para alisar maquinaria pesada utilizada en excavaciones, cargas y gr\u00faas para aumentar la vida \u00fatil de estas maquinarias.<br \/>\n4. Industria de alimentos y bebidas: Las bombas de lubricaci\u00f3n JMG1 encuentran aplicaci\u00f3n en maquinaria de procesamiento y envasado para mantener la higiene y reducir la carga de mantenimiento.<br \/>\n5. M\u00e1quinas de impresi\u00f3n: Las bombas de lubricaci\u00f3n, modelo JMG1, engrasan autom\u00e1ticamente las partes m\u00f3viles de la m\u00e1quina de impresi\u00f3n para lograr una impresi\u00f3n de calidad.<\/p>\n<h2>Manuales<\/h2>\n<div class=\"sdm_download_button_box_default\"><div class=\"sdm_download_link\"><a href=\"https:\/\/www.jinpinlub.com\/es\/?sdm_process_download=1&download_id=3737\" class=\"sdm_download white\" title=\"Privado: JMG Grease Pump\" target=\"&quot;_blank&quot;\">Ver hoja de datos - Bomba de grasa JMG<\/a><\/div><\/div>","protected":false},"excerpt":{"rendered":"<p>La JMG1 es una bomba de lubricaci\u00f3n de grasa progresiva, adecuada para la grasa de flujo NLGI 000~0#. Adopta una bomba de engranajes hecha de acero de aleaci\u00f3n especial y est\u00e1 combinada con un motor de inducci\u00f3n, que tiene las ventajas de una presi\u00f3n de salida estable, sin ruido y una larga vida \u00fatil.<\/p>","protected":false},"featured_media":3746,"template":"","meta":{"ocean_post_layout":"","ocean_both_sidebars_style":"","ocean_both_sidebars_content_width":0,"ocean_both_sidebars_sidebars_width":0,"ocean_sidebar":"0","ocean_second_sidebar":"0","ocean_disable_margins":"enable","ocean_add_body_class":"","ocean_shortcode_before_top_bar":"","ocean_shortcode_after_top_bar":"","ocean_shortcode_before_header":"","ocean_shortcode_after_header":"","ocean_has_shortcode":"","ocean_shortcode_after_title":"","ocean_shortcode_before_footer_widgets":"","ocean_shortcode_after_footer_widgets":"","ocean_shortcode_before_footer_bottom":"","ocean_shortcode_after_footer_bottom":"","ocean_display_top_bar":"default","ocean_display_header":"default","ocean_header_style":"","ocean_center_header_left_menu":"0","ocean_custom_header_template":"0","ocean_custom_logo":0,"ocean_custom_retina_logo":0,"ocean_custom_logo_max_width":0,"ocean_custom_logo_tablet_max_width":0,"ocean_custom_logo_mobile_max_width":0,"ocean_custom_logo_max_height":0,"ocean_custom_logo_tablet_max_height":0,"ocean_custom_logo_mobile_max_height":0,"ocean_header_custom_menu":"0","ocean_menu_typo_font_family":"0","ocean_menu_typo_font_subset":"","ocean_menu_typo_font_size":0,"ocean_menu_typo_font_size_tablet":0,"ocean_menu_typo_font_size_mobile":0,"ocean_menu_typo_font_size_unit":"px","ocean_menu_typo_font_weight":"","ocean_menu_typo_font_weight_tablet":"","ocean_menu_typo_font_weight_mobile":"","ocean_menu_typo_transform":"","ocean_menu_typo_transform_tablet":"","ocean_menu_typo_transform_mobile":"","ocean_menu_typo_line_height":0,"ocean_menu_typo_line_height_tablet":0,"ocean_menu_typo_line_height_mobile":0,"ocean_menu_typo_line_height_unit":"","ocean_menu_typo_spacing":0,"ocean_menu_typo_spacing_tablet":0,"ocean_menu_typo_spacing_mobile":0,"ocean_menu_typo_spacing_unit":"","ocean_menu_link_color":"","ocean_menu_link_color_hover":"","ocean_menu_link_color_active":"","ocean_menu_link_background":"","ocean_menu_link_hover_background":"","ocean_menu_link_active_background":"","ocean_menu_social_links_bg":"","ocean_menu_social_hover_links_bg":"","ocean_menu_social_links_color":"","ocean_menu_social_hover_links_color":"","ocean_disable_title":"default","ocean_disable_heading":"default","ocean_post_title":"","ocean_post_subheading":"","ocean_post_title_style":"","ocean_post_title_background_color":"","ocean_post_title_background":0,"ocean_post_title_bg_image_position":"","ocean_post_title_bg_image_attachment":"","ocean_post_title_bg_image_repeat":"","ocean_post_title_bg_image_size":"","ocean_post_title_height":0,"ocean_post_title_bg_overlay":0.5,"ocean_post_title_bg_overlay_color":"","ocean_disable_breadcrumbs":"default","ocean_breadcrumbs_color":"","ocean_breadcrumbs_separator_color":"","ocean_breadcrumbs_links_color":"","ocean_breadcrumbs_links_hover_color":"","ocean_display_footer_widgets":"default","ocean_display_footer_bottom":"default","ocean_custom_footer_template":"0","osh_disable_topbar_sticky":"default","osh_disable_header_sticky":"default","osh_sticky_header_style":"default","osh_sticky_header_effect":"","osh_custom_sticky_logo":0,"osh_custom_retina_sticky_logo":0,"osh_custom_sticky_logo_height":0,"osh_background_color":"","osh_links_color":"","osh_links_hover_color":"","osh_links_active_color":"","osh_links_bg_color":"","osh_links_hover_bg_color":"","osh_links_active_bg_color":"","osh_menu_social_links_color":"","osh_menu_social_hover_links_color":""},"product_brand":[],"product_cat":[42,41],"product_tag":[74,73,77,196,72],"class_list":{"0":"post-3735","1":"product","2":"type-product","3":"status-publish","4":"has-post-thumbnail","6":"product_cat-electric-progressive-pumps","7":"product_cat-progressive-grease-systems","8":"product_tag-automatic-lubrication-pump","9":"product_tag-electric-lubrication-pump","10":"product_tag-grease-lubrication-pump","11":"product_tag-grease-lubrication-system","12":"product_tag-lubrication-system","14":"entry","15":"has-media","17":"first","18":"instock","19":"shipping-taxable","20":"product-type-external","21":"col","22":"span_1_of_3","23":"owp-content-center","24":"owp-thumbs-layout-horizontal","25":"owp-btn-very-big","26":"owp-tabs-layout-horizontal"},"_links":{"self":[{"href":"https:\/\/www.jinpinlub.com\/es\/wp-json\/wp\/v2\/product\/3735","targetHints":{"allow":["GET"]}}],"collection":[{"href":"https:\/\/www.jinpinlub.com\/es\/wp-json\/wp\/v2\/product"}],"about":[{"href":"https:\/\/www.jinpinlub.com\/es\/wp-json\/wp\/v2\/types\/product"}],"wp:featuredmedia":[{"embeddable":true,"href":"https:\/\/www.jinpinlub.com\/es\/wp-json\/wp\/v2\/media\/3746"}],"wp:attachment":[{"href":"https:\/\/www.jinpinlub.com\/es\/wp-json\/wp\/v2\/media?parent=3735"}],"wp:term":[{"taxonomy":"product_brand","embeddable":true,"href":"https:\/\/www.jinpinlub.com\/es\/wp-json\/wp\/v2\/product_brand?post=3735"},{"taxonomy":"product_cat","embeddable":true,"href":"https:\/\/www.jinpinlub.com\/es\/wp-json\/wp\/v2\/product_cat?post=3735"},{"taxonomy":"product_tag","embeddable":true,"href":"https:\/\/www.jinpinlub.com\/es\/wp-json\/wp\/v2\/product_tag?post=3735"}],"curies":[{"name":"wp","href":"https:\/\/api.w.org\/{rel}","templated":true}]}}