{"id":3739,"date":"2024-09-30T00:57:59","date_gmt":"2024-09-29T16:57:59","guid":{"rendered":"https:\/\/www.jinpinlub.com\/?post_type=product&#038;p=3739"},"modified":"2024-10-08T04:06:47","modified_gmt":"2024-10-07T20:06:47","slug":"bomba-de-lubricacion-de-grasa-electrica-automatica-amg3-con-temporizador","status":"publish","type":"product","link":"https:\/\/www.jinpinlub.com\/es\/product\/jmg3-automatic-electric-grease-lubrication-pump-with-timer\/","title":{"rendered":"Bomba de lubricaci\u00f3n de grasa el\u00e9ctrica autom\u00e1tica JMG3 con temporizador"},"content":{"rendered":"<h2>Caracter\u00edsticas<\/h2>\n<p>1. El temporizador se puede configurar en dos modos de acci\u00f3n:<br \/>\n\u2460 Lubricar antes de arrancar: el tiempo de lubricaci\u00f3n se ejecuta primero al arrancar.<br \/>\n\u2461 Intervalo antes de iniciar: el intervalo de tiempo se ejecuta primero al iniciar. Vuelva a encender y contin\u00fae con el intervalo de tiempo anterior.<br \/>\n2. Se puede instalar un interruptor de presi\u00f3n opcional para detectar si el circuito de aceite est\u00e1 da\u00f1ado.<br \/>\n3. El sensor de capacitancia opcional puede detectar un nivel bajo de aceite y enviar una se\u00f1al autom\u00e1ticamente.<br \/>\n4. Se adjunta un man\u00f3metro para detectar la presi\u00f3n de acci\u00f3n de la bomba de aceite. El desplazamiento de 500 ml\/min es opcional.<br \/>\n5. El temporizador se puede configurar y tiene una funci\u00f3n de bloqueo autom\u00e1tico para evitar que otros lo operen a voluntad.<br \/>\n6. El sistema puede utilizar la tecla \u201cRST\u201d para forzar la lubricaci\u00f3n o eliminar se\u00f1ales de alarma anormales.<br \/>\n7. La bomba de engranajes de tierra est\u00e1 equipada con un motor de inducci\u00f3n, que tiene una presi\u00f3n estable, bajo nivel de ruido, duradero y confiable.<br \/>\n8. Debe utilizarse con <a href=\"https:\/\/www.jinpinlub.com\/es\/categoria-de-producto\/sistemas-de-grasa-de-linea-unica\/valvulas-dosificadoras-de-alivio-de-presion\/\" target=\"_blank\" rel=\"noopener\">distribuidores de alivio de presi\u00f3n<\/a> Para lograr un efecto cuantitativo en el suministro de petr\u00f3leo.<\/p>\n<h2>Especificaci\u00f3n<\/h2>\n<table>\n<tbody>\n<tr>\n<td>Modelo<\/td>\n<td>JMG3<\/td>\n<\/tr>\n<tr>\n<td>Tiempo de lubricaci\u00f3n<\/td>\n<td>1-999 segundos<\/td>\n<\/tr>\n<tr>\n<td>Tiempo de intervalo<\/td>\n<td>1-999 minutos<\/td>\n<\/tr>\n<tr>\n<td>Temperatura de funcionamiento<\/td>\n<td>-10\u2103~ +60\u00b0C (Las condiciones de baja temperatura requieren grasa anticongelante)<\/td>\n<\/tr>\n<tr>\n<td>N\u00famero de puntos de venta<\/td>\n<td>1<\/td>\n<\/tr>\n<tr>\n<td>Capacidad del dep\u00f3sito<\/td>\n<td>3L (tanque de resina), 4L, 6L, 8L, 20L (tanque de metal)<\/td>\n<\/tr>\n<tr>\n<td>Recarga<\/td>\n<td>Desde arriba<\/td>\n<\/tr>\n<tr>\n<td>Lubricante<\/td>\n<td>N\u00famero de serie 000#~00#<\/td>\n<\/tr>\n<tr>\n<td>Potencia del motor<\/td>\n<td>40 W<\/td>\n<\/tr>\n<tr>\n<td>Descargar<\/td>\n<td>250 ml\/min<\/td>\n<\/tr>\n<tr>\n<td>Presi\u00f3n m\u00e1xima de funcionamiento<\/td>\n<td>4,0 MPa<\/td>\n<\/tr>\n<tr>\n<td>Hilo de conexi\u00f3n<\/td>\n<td>Salida \u03a66<\/td>\n<\/tr>\n<tr>\n<td>Voltaje de funcionamiento<\/td>\n<td>110 V CA, 220 V CA, 12 V CC, 24 V CC<\/td>\n<\/tr>\n<tr>\n<td>Proceso de dar un t\u00edtulo<\/td>\n<td>CE<\/td>\n<\/tr>\n<tr>\n<td>Interruptor de nivel bajo<\/td>\n<td>Contacto NC<\/td>\n<\/tr>\n<\/tbody>\n<\/table>\n<h2>Aplicaciones<\/h2>\n<p>Equipo industrial: Las bombas de lubricaci\u00f3n de la serie JMG3 se pueden aplicar en f\u00e1bricas para lubricar continuamente las partes m\u00f3viles de una m\u00e1quina, como cojinetes y engranajes, para que funcionen sin problemas.<br \/>\nEquipos de construcci\u00f3n: excavadoras, cargadoras, gr\u00faas y equipos de maquinaria pesada pueden aprovechar las bombas de lubricaci\u00f3n el\u00e9ctricas de la serie JMG3 para un menor desgaste y un rendimiento continuo.<br \/>\nIndustrias mineras y cementeras: Los equipos en estas industrias funcionan en condiciones muy duras y las necesidades de lubricaci\u00f3n deben ser lo suficientemente fuertes para evitar cualquier falla que reduzca la vida \u00fatil.<br \/>\nIndustrias de alimentos y bebidas: Est\u00e1ndares de higiene con la bomba de lubricaci\u00f3n autom\u00e1tica JMG3, al mismo tiempo que ayuda a que la maquinaria funcione de manera eficiente.<\/p>\n<h2>Manuales<\/h2>\n<div class=\"sdm_download_button_box_default\"><div class=\"sdm_download_link\"><a href=\"https:\/\/www.jinpinlub.com\/es\/?sdm_process_download=1&download_id=3737\" class=\"sdm_download white\" title=\"Privado: JMG Grease Pump\" target=\"&quot;_blank&quot;\">Ver hoja de datos - Bomba de grasa JMG<\/a><\/div><\/div>","protected":false},"excerpt":{"rendered":"<p>La JMG3 es una bomba de lubricaci\u00f3n de grasa fluida accionada por una bomba de engranajes rectificados. Es compatible con lubricantes NLGI #000 a #00. Est\u00e1 equipada con man\u00f3metro, bot\u00f3n de lubricaci\u00f3n forzada y temporizador. Es estable y duradera, silenciosa y econ\u00f3mica.<\/p>","protected":false},"featured_media":3751,"template":"","meta":{"ocean_post_layout":"","ocean_both_sidebars_style":"","ocean_both_sidebars_content_width":0,"ocean_both_sidebars_sidebars_width":0,"ocean_sidebar":"0","ocean_second_sidebar":"0","ocean_disable_margins":"enable","ocean_add_body_class":"","ocean_shortcode_before_top_bar":"","ocean_shortcode_after_top_bar":"","ocean_shortcode_before_header":"","ocean_shortcode_after_header":"","ocean_has_shortcode":"","ocean_shortcode_after_title":"","ocean_shortcode_before_footer_widgets":"","ocean_shortcode_after_footer_widgets":"","ocean_shortcode_before_footer_bottom":"","ocean_shortcode_after_footer_bottom":"","ocean_display_top_bar":"default","ocean_display_header":"default","ocean_header_style":"","ocean_center_header_left_menu":"0","ocean_custom_header_template":"0","ocean_custom_logo":0,"ocean_custom_retina_logo":0,"ocean_custom_logo_max_width":0,"ocean_custom_logo_tablet_max_width":0,"ocean_custom_logo_mobile_max_width":0,"ocean_custom_logo_max_height":0,"ocean_custom_logo_tablet_max_height":0,"ocean_custom_logo_mobile_max_height":0,"ocean_header_custom_menu":"0","ocean_menu_typo_font_family":"0","ocean_menu_typo_font_subset":"","ocean_menu_typo_font_size":0,"ocean_menu_typo_font_size_tablet":0,"ocean_menu_typo_font_size_mobile":0,"ocean_menu_typo_font_size_unit":"px","ocean_menu_typo_font_weight":"","ocean_menu_typo_font_weight_tablet":"","ocean_menu_typo_font_weight_mobile":"","ocean_menu_typo_transform":"","ocean_menu_typo_transform_tablet":"","ocean_menu_typo_transform_mobile":"","ocean_menu_typo_line_height":0,"ocean_menu_typo_line_height_tablet":0,"ocean_menu_typo_line_height_mobile":0,"ocean_menu_typo_line_height_unit":"","ocean_menu_typo_spacing":0,"ocean_menu_typo_spacing_tablet":0,"ocean_menu_typo_spacing_mobile":0,"ocean_menu_typo_spacing_unit":"","ocean_menu_link_color":"","ocean_menu_link_color_hover":"","ocean_menu_link_color_active":"","ocean_menu_link_background":"","ocean_menu_link_hover_background":"","ocean_menu_link_active_background":"","ocean_menu_social_links_bg":"","ocean_menu_social_hover_links_bg":"","ocean_menu_social_links_color":"","ocean_menu_social_hover_links_color":"","ocean_disable_title":"default","ocean_disable_heading":"default","ocean_post_title":"","ocean_post_subheading":"","ocean_post_title_style":"","ocean_post_title_background_color":"","ocean_post_title_background":0,"ocean_post_title_bg_image_position":"","ocean_post_title_bg_image_attachment":"","ocean_post_title_bg_image_repeat":"","ocean_post_title_bg_image_size":"","ocean_post_title_height":0,"ocean_post_title_bg_overlay":0.5,"ocean_post_title_bg_overlay_color":"","ocean_disable_breadcrumbs":"default","ocean_breadcrumbs_color":"","ocean_breadcrumbs_separator_color":"","ocean_breadcrumbs_links_color":"","ocean_breadcrumbs_links_hover_color":"","ocean_display_footer_widgets":"default","ocean_display_footer_bottom":"default","ocean_custom_footer_template":"0","osh_disable_topbar_sticky":"default","osh_disable_header_sticky":"default","osh_sticky_header_style":"default","osh_sticky_header_effect":"","osh_custom_sticky_logo":0,"osh_custom_retina_sticky_logo":0,"osh_custom_sticky_logo_height":0,"osh_background_color":"","osh_links_color":"","osh_links_hover_color":"","osh_links_active_color":"","osh_links_bg_color":"","osh_links_hover_bg_color":"","osh_links_active_bg_color":"","osh_menu_social_links_color":"","osh_menu_social_hover_links_color":""},"product_brand":[],"product_cat":[38,37],"product_tag":[194,112,73,318,317],"class_list":{"0":"post-3739","1":"product","2":"type-product","3":"status-publish","4":"has-post-thumbnail","6":"product_cat-electric-pressure-relief-pumps","7":"product_cat-single-line-grease-systems","8":"product_tag-centralized-lubrication-pump","9":"product_tag-centralized-lubrication-system","10":"product_tag-electric-lubrication-pump","11":"product_tag-fluid-grease-pump","12":"product_tag-gear-lubrication-pump","14":"entry","15":"has-media","17":"first","18":"instock","19":"shipping-taxable","20":"product-type-external","21":"col","22":"span_1_of_3","23":"owp-content-center","24":"owp-thumbs-layout-horizontal","25":"owp-btn-very-big","26":"owp-tabs-layout-horizontal"},"_links":{"self":[{"href":"https:\/\/www.jinpinlub.com\/es\/wp-json\/wp\/v2\/product\/3739","targetHints":{"allow":["GET"]}}],"collection":[{"href":"https:\/\/www.jinpinlub.com\/es\/wp-json\/wp\/v2\/product"}],"about":[{"href":"https:\/\/www.jinpinlub.com\/es\/wp-json\/wp\/v2\/types\/product"}],"wp:featuredmedia":[{"embeddable":true,"href":"https:\/\/www.jinpinlub.com\/es\/wp-json\/wp\/v2\/media\/3751"}],"wp:attachment":[{"href":"https:\/\/www.jinpinlub.com\/es\/wp-json\/wp\/v2\/media?parent=3739"}],"wp:term":[{"taxonomy":"product_brand","embeddable":true,"href":"https:\/\/www.jinpinlub.com\/es\/wp-json\/wp\/v2\/product_brand?post=3739"},{"taxonomy":"product_cat","embeddable":true,"href":"https:\/\/www.jinpinlub.com\/es\/wp-json\/wp\/v2\/product_cat?post=3739"},{"taxonomy":"product_tag","embeddable":true,"href":"https:\/\/www.jinpinlub.com\/es\/wp-json\/wp\/v2\/product_tag?post=3739"}],"curies":[{"name":"wp","href":"https:\/\/api.w.org\/{rel}","templated":true}]}}