{"id":3763,"date":"2024-10-08T04:24:09","date_gmt":"2024-10-07T20:24:09","guid":{"rendered":"https:\/\/www.jinpinlub.com\/?post_type=product&#038;p=3763"},"modified":"2024-10-08T04:31:35","modified_gmt":"2024-10-07T20:31:35","slug":"bomba-de-lubricacion-de-grasa-electrica-automatica-amg3-con-temporizador-3","status":"publish","type":"product","link":"https:\/\/www.jinpinlub.com\/es\/product\/jmg4-electric-pressure-relief-fluid-grease-lubrication-pump\/","title":{"rendered":"Bomba de lubricaci\u00f3n con grasa para fluidos de alivio de presi\u00f3n el\u00e9ctrica JMG4"},"content":{"rendered":"<h2>Caracter\u00edsticas<\/h2>\n<p>1. El PLC anfitri\u00f3n controla el ciclo de trabajo de la bomba de lubricaci\u00f3n: tiempo de trabajo y tiempo intermitente.<br \/>\n2. La luz indicadora del panel puede mostrar el estado de lubricaci\u00f3n de la bomba de lubricaci\u00f3n.<br \/>\n3. El sistema est\u00e1 equipado con una tecla \u201cFEED\u201d para lubricaci\u00f3n forzada.<br \/>\n4. El mecanismo de accionamiento es una combinaci\u00f3n de una bomba de engranajes de aleaci\u00f3n especial y un motor de inducci\u00f3n, con larga vida \u00fatil y bajo nivel de ruido.<br \/>\n5. Esta bomba de grasa el\u00e9ctrica es una <a href=\"https:\/\/www.jinpinlub.com\/es\/categoria-de-producto\/sistemas-de-grasa-de-linea-unica\/bombas-de-alivio-de-presion-electricas\/\" target=\"_blank\" rel=\"noopener\">bomba de desplazamiento positivo<\/a> Con un dispositivo de alivio de presi\u00f3n. Debe utilizarse con un distribuidor de alivio de presi\u00f3n como MU\/MG2\/MG para formar un sistema de bomba de lubricaci\u00f3n autom\u00e1tica de alivio de presi\u00f3n.<br \/>\n6. Gama de lubricantes compatibles: grasa de litio NLGI000#~00#.<br \/>\n7. La bomba de lubricaci\u00f3n tiene m\u00faltiples opciones de voltaje, monof\u00e1sica 110\/220 V\/CC 12\/24 V, trif\u00e1sica 220\/380\/440\/460 V.<\/p>\n<h2>Especificaci\u00f3n<\/h2>\n<table>\n<tbody>\n<tr>\n<td>Modelo<\/td>\n<td>JMG4<\/td>\n<\/tr>\n<tr>\n<td>Tiempo de lubricaci\u00f3n<\/td>\n<td>SOCIEDAD AN\u00d3NIMA<\/td>\n<\/tr>\n<tr>\n<td>Tiempo de intervalo<\/td>\n<td>SOCIEDAD AN\u00d3NIMA<\/td>\n<\/tr>\n<tr>\n<td>Temperatura de funcionamiento<\/td>\n<td>-10\u2103~ +60\u00b0C (Las condiciones de baja temperatura requieren grasa anticongelante)<\/td>\n<\/tr>\n<tr>\n<td>N\u00famero de puntos de venta<\/td>\n<td>1<\/td>\n<\/tr>\n<tr>\n<td>Capacidad del dep\u00f3sito<\/td>\n<td>3L (tanque de resina), 4L, 6L, 8L, 20L (tanque de metal)<\/td>\n<\/tr>\n<tr>\n<td>Recarga<\/td>\n<td>Desde arriba<\/td>\n<\/tr>\n<tr>\n<td>Lubricante<\/td>\n<td>N\u00famero de serie 000#~00#<\/td>\n<\/tr>\n<tr>\n<td>Potencia del motor<\/td>\n<td>40 W<\/td>\n<\/tr>\n<tr>\n<td>Descargar<\/td>\n<td>250 ml\/min<\/td>\n<\/tr>\n<tr>\n<td>Presi\u00f3n m\u00e1xima de funcionamiento<\/td>\n<td>4,0 MPa<\/td>\n<\/tr>\n<tr>\n<td>Hilo de conexi\u00f3n<\/td>\n<td>Salida \u03a66<\/td>\n<\/tr>\n<tr>\n<td>Voltaje de funcionamiento<\/td>\n<td>110 V CA, 220 V CA, 12 V CC, 24 V CC, 3~ 220 V, 3~ 380 V, 3~ 440 V, 3~ 460 V<\/td>\n<\/tr>\n<tr>\n<td>Proceso de dar un t\u00edtulo<\/td>\n<td>CE<\/td>\n<\/tr>\n<tr>\n<td>Interruptor de nivel bajo<\/td>\n<td>Contacto NC<\/td>\n<\/tr>\n<\/tbody>\n<\/table>\n<h2>Aplicaciones<\/h2>\n<p>La bomba de lubricaci\u00f3n JMG4 se puede utilizar para maquinaria de pl\u00e1stico: como m\u00e1quinas de moldeo por inyecci\u00f3n, m\u00e1quinas de moldeo por soplado, etc.<br \/>\nLa bomba de lubricaci\u00f3n JMG4 se puede utilizar para maquinaria de ingenier\u00eda: como excavadoras, cargadoras, etc.<br \/>\nLa bomba de lubricaci\u00f3n JMG4 se puede utilizar para maquinaria textil: como m\u00e1quinas de hilar, telares, etc.<br \/>\nLa bomba de lubricaci\u00f3n JMG4 se puede utilizar para maquinaria de impresi\u00f3n: como m\u00e1quinas de impresi\u00f3n, m\u00e1quinas de encuadernaci\u00f3n, etc.<br \/>\nLa bomba de lubricaci\u00f3n JMG4 se puede utilizar para maquinaria para trabajar la madera: como tornos para trabajar la madera, sierras, etc.<br \/>\nLa bomba de lubricaci\u00f3n JMG4 se puede utilizar para maquinaria qu\u00edmica: como reactores, mezcladores, etc.<br \/>\nLa bomba de lubricaci\u00f3n JMG4 se puede utilizar para maquinaria alimentaria: como m\u00e1quinas envasadoras, m\u00e1quinas llenadoras, etc.<\/p>\n<h2>Manuales<\/h2>\n<div class=\"sdm_download_button_box_default\"><div class=\"sdm_download_link\"><a href=\"https:\/\/www.jinpinlub.com\/es\/?sdm_process_download=1&download_id=3737\" class=\"sdm_download white\" title=\"Privado: JMG Grease Pump\" target=\"&quot;_blank&quot;\">Ver hoja de datos - Bomba de grasa JMG<\/a><\/div><\/div>","protected":false},"excerpt":{"rendered":"<p>La bomba de grasa lubricante el\u00e9ctrica JMG4 est\u00e1 dise\u00f1ada para equipos peque\u00f1os y medianos y se utiliza en maquinaria de pl\u00e1stico, textiles, m\u00e1quinas herramienta, impresi\u00f3n, carpinter\u00eda y otras industrias. La presi\u00f3n de salida es de 3,5 MPa y se utiliza para la grasa fluida NLGI 000~00#.<\/p>","protected":false},"featured_media":3755,"template":"","meta":{"ocean_post_layout":"","ocean_both_sidebars_style":"","ocean_both_sidebars_content_width":0,"ocean_both_sidebars_sidebars_width":0,"ocean_sidebar":"0","ocean_second_sidebar":"0","ocean_disable_margins":"enable","ocean_add_body_class":"","ocean_shortcode_before_top_bar":"","ocean_shortcode_after_top_bar":"","ocean_shortcode_before_header":"","ocean_shortcode_after_header":"","ocean_has_shortcode":"","ocean_shortcode_after_title":"","ocean_shortcode_before_footer_widgets":"","ocean_shortcode_after_footer_widgets":"","ocean_shortcode_before_footer_bottom":"","ocean_shortcode_after_footer_bottom":"","ocean_display_top_bar":"default","ocean_display_header":"default","ocean_header_style":"","ocean_center_header_left_menu":"0","ocean_custom_header_template":"0","ocean_custom_logo":0,"ocean_custom_retina_logo":0,"ocean_custom_logo_max_width":0,"ocean_custom_logo_tablet_max_width":0,"ocean_custom_logo_mobile_max_width":0,"ocean_custom_logo_max_height":0,"ocean_custom_logo_tablet_max_height":0,"ocean_custom_logo_mobile_max_height":0,"ocean_header_custom_menu":"0","ocean_menu_typo_font_family":"0","ocean_menu_typo_font_subset":"","ocean_menu_typo_font_size":0,"ocean_menu_typo_font_size_tablet":0,"ocean_menu_typo_font_size_mobile":0,"ocean_menu_typo_font_size_unit":"px","ocean_menu_typo_font_weight":"","ocean_menu_typo_font_weight_tablet":"","ocean_menu_typo_font_weight_mobile":"","ocean_menu_typo_transform":"","ocean_menu_typo_transform_tablet":"","ocean_menu_typo_transform_mobile":"","ocean_menu_typo_line_height":0,"ocean_menu_typo_line_height_tablet":0,"ocean_menu_typo_line_height_mobile":0,"ocean_menu_typo_line_height_unit":"","ocean_menu_typo_spacing":0,"ocean_menu_typo_spacing_tablet":0,"ocean_menu_typo_spacing_mobile":0,"ocean_menu_typo_spacing_unit":"","ocean_menu_link_color":"","ocean_menu_link_color_hover":"","ocean_menu_link_color_active":"","ocean_menu_link_background":"","ocean_menu_link_hover_background":"","ocean_menu_link_active_background":"","ocean_menu_social_links_bg":"","ocean_menu_social_hover_links_bg":"","ocean_menu_social_links_color":"","ocean_menu_social_hover_links_color":"","ocean_disable_title":"default","ocean_disable_heading":"default","ocean_post_title":"","ocean_post_subheading":"","ocean_post_title_style":"","ocean_post_title_background_color":"","ocean_post_title_background":0,"ocean_post_title_bg_image_position":"","ocean_post_title_bg_image_attachment":"","ocean_post_title_bg_image_repeat":"","ocean_post_title_bg_image_size":"","ocean_post_title_height":0,"ocean_post_title_bg_overlay":0.5,"ocean_post_title_bg_overlay_color":"","ocean_disable_breadcrumbs":"default","ocean_breadcrumbs_color":"","ocean_breadcrumbs_separator_color":"","ocean_breadcrumbs_links_color":"","ocean_breadcrumbs_links_hover_color":"","ocean_display_footer_widgets":"default","ocean_display_footer_bottom":"default","ocean_custom_footer_template":"0","osh_disable_topbar_sticky":"default","osh_disable_header_sticky":"default","osh_sticky_header_style":"default","osh_sticky_header_effect":"","osh_custom_sticky_logo":0,"osh_custom_retina_sticky_logo":0,"osh_custom_sticky_logo_height":0,"osh_background_color":"","osh_links_color":"","osh_links_hover_color":"","osh_links_active_color":"","osh_links_bg_color":"","osh_links_hover_bg_color":"","osh_links_active_bg_color":"","osh_menu_social_links_color":"","osh_menu_social_hover_links_color":""},"product_brand":[],"product_cat":[38,37],"product_tag":[185,318,319,320],"class_list":{"0":"post-3763","1":"product","2":"type-product","3":"status-publish","4":"has-post-thumbnail","6":"product_cat-electric-pressure-relief-pumps","7":"product_cat-single-line-grease-systems","8":"product_tag-electric-grease-pump","9":"product_tag-fluid-grease-pump","10":"product_tag-pressure-relief-grease-pump","11":"product_tag-single-line-grease-pump","13":"entry","14":"has-media","16":"first","17":"instock","18":"shipping-taxable","19":"product-type-external","20":"col","21":"span_1_of_3","22":"owp-content-center","23":"owp-thumbs-layout-horizontal","24":"owp-btn-very-big","25":"owp-tabs-layout-horizontal"},"_links":{"self":[{"href":"https:\/\/www.jinpinlub.com\/es\/wp-json\/wp\/v2\/product\/3763","targetHints":{"allow":["GET"]}}],"collection":[{"href":"https:\/\/www.jinpinlub.com\/es\/wp-json\/wp\/v2\/product"}],"about":[{"href":"https:\/\/www.jinpinlub.com\/es\/wp-json\/wp\/v2\/types\/product"}],"wp:featuredmedia":[{"embeddable":true,"href":"https:\/\/www.jinpinlub.com\/es\/wp-json\/wp\/v2\/media\/3755"}],"wp:attachment":[{"href":"https:\/\/www.jinpinlub.com\/es\/wp-json\/wp\/v2\/media?parent=3763"}],"wp:term":[{"taxonomy":"product_brand","embeddable":true,"href":"https:\/\/www.jinpinlub.com\/es\/wp-json\/wp\/v2\/product_brand?post=3763"},{"taxonomy":"product_cat","embeddable":true,"href":"https:\/\/www.jinpinlub.com\/es\/wp-json\/wp\/v2\/product_cat?post=3763"},{"taxonomy":"product_tag","embeddable":true,"href":"https:\/\/www.jinpinlub.com\/es\/wp-json\/wp\/v2\/product_tag?post=3763"}],"curies":[{"name":"wp","href":"https:\/\/api.w.org\/{rel}","templated":true}]}}