{"id":3772,"date":"2024-10-10T10:57:37","date_gmt":"2024-10-10T02:57:37","guid":{"rendered":"https:\/\/www.jinpinlub.com\/?post_type=product&#038;p=3772"},"modified":"2024-10-10T11:04:21","modified_gmt":"2024-10-10T03:04:21","slug":"bomba-de-grasa-electrica-progresiva-jmg2-para-cnc","status":"publish","type":"product","link":"https:\/\/www.jinpinlub.com\/es\/product\/jmg2-progressive-electric-lubrication-grease-pump-for-cnc\/","title":{"rendered":"Bomba de grasa el\u00e9ctrica progresiva para lubricaci\u00f3n CNC JMG2"},"content":{"rendered":"<h2>Caracter\u00edsticas<\/h2>\n<p>1. La bomba de lubricaci\u00f3n JMG tiene una alta presi\u00f3n de 4 MPa con una descarga m\u00e1xima de 400 mL\/min. Por lo tanto, garantiza la capacidad de suministro de lubricante con estabilidad y eficiencia, satisfaciendo las necesidades en la mayor\u00eda de los campos industriales.<br \/>\n2. La bomba de lubricaci\u00f3n JMG adopta una bomba de engranajes con accionamiento por motor de inducci\u00f3n. El motor funciona con poco ruido, lo que minimiza la contaminaci\u00f3n ac\u00fastica y la p\u00e9rdida de energ\u00eda, y protege el medio ambiente.<br \/>\n3. La bomba de lubricaci\u00f3n JMG tiene varias opciones de capacidad y tambi\u00e9n se puede personalizar para adaptarse a los entornos de trabajo de diferentes maneras.<br \/>\n4. La bomba de lubricaci\u00f3n JMG se puede conectar con el PLC de una m\u00e1quina para su control; de esta manera, se puede monitorear en tiempo real la condici\u00f3n de lubricaci\u00f3n y la eficiencia de trabajo.<br \/>\n5. La estructura general de la bomba es compacta, lo que reduce los puntos de falla, y la estructura f\u00e1cil de desmontar facilita el reemplazo r\u00e1pido de piezas.<br \/>\n6. Gobierno local <a href=\"https:\/\/en.wikipedia.org\/wiki\/Automatic_lubrication_system\">sistema de lubricaci\u00f3n autom\u00e1tica<\/a> Puede equiparse con un sensor de presi\u00f3n y un sensor de nivel bajo de l\u00edquido para monitorear el estado de funcionamiento de la bomba de lubricaci\u00f3n en tiempo real y enviar autom\u00e1ticamente una se\u00f1al.<\/p>\n<h2>Especificaci\u00f3n<\/h2>\n<table>\n<tbody>\n<tr>\n<td>Modelo<\/td>\n<td>JMG2<\/td>\n<\/tr>\n<tr>\n<td>Tiempo de lubricaci\u00f3n<\/td>\n<td>SOCIEDAD AN\u00d3NIMA<\/td>\n<\/tr>\n<tr>\n<td>Tiempo de intervalo<\/td>\n<td>SOCIEDAD AN\u00d3NIMA<\/td>\n<\/tr>\n<tr>\n<td>Temperatura de funcionamiento<\/td>\n<td>-10\u2103~ +60\u00b0C (Las condiciones de baja temperatura requieren grasa anticongelante)<\/td>\n<\/tr>\n<tr>\n<td>N\u00famero de puntos de venta<\/td>\n<td>1<\/td>\n<\/tr>\n<tr>\n<td>Capacidad del dep\u00f3sito<\/td>\n<td>3L (tanque de resina), 4L, 6L, 8L, 20L (tanque de metal)<\/td>\n<\/tr>\n<tr>\n<td>Recarga<\/td>\n<td>Desde arriba<\/td>\n<\/tr>\n<tr>\n<td>Lubricante<\/td>\n<td>N\u00famero de serie 000#~00#<\/td>\n<\/tr>\n<tr>\n<td>Potencia del motor<\/td>\n<td>40 W<\/td>\n<\/tr>\n<tr>\n<td>Descargar<\/td>\n<td>250 ml\/min<\/td>\n<\/tr>\n<tr>\n<td>Presi\u00f3n m\u00e1xima de funcionamiento<\/td>\n<td>4,0 MPa<\/td>\n<\/tr>\n<tr>\n<td>Hilo de conexi\u00f3n<\/td>\n<td>Salida \u03a66<\/td>\n<\/tr>\n<tr>\n<td>Voltaje de funcionamiento<\/td>\n<td>110 V CA, 220 V CA, 12 V CC, 24 V CC, 3~ 220 V, 3~ 380 V, 3~ 440 V, 3~ 460 V<\/td>\n<\/tr>\n<tr>\n<td>Proceso de dar un t\u00edtulo<\/td>\n<td>CE<\/td>\n<\/tr>\n<tr>\n<td>Interruptor de nivel bajo<\/td>\n<td>Contacto NC<\/td>\n<\/tr>\n<\/tbody>\n<\/table>\n<h2>Aplicaciones<\/h2>\n<p>1. Lubricaci\u00f3n de equipos mec\u00e1nicos: la bomba de grasa JMG se usa ampliamente en diversas m\u00e1quinas herramienta, maquinaria textil, equipos de impresi\u00f3n y otras ocasiones que requieren lubricaci\u00f3n regular.<br \/>\n2. Industria pesada y miner\u00eda: JMG juega un papel clave en maquinaria minera, maquinaria de ingenier\u00eda y equipos pesados.<br \/>\n3. Petroqu\u00edmica: La bomba de grasa JMG es adecuada para equipos de perforaci\u00f3n de petr\u00f3leo, refiner\u00edas e instalaciones relacionadas de plantas qu\u00edmicas.<br \/>\n4. Transporte: JMG incluye las necesidades de lubricaci\u00f3n de locomotoras ferroviarias, barcos e industrias de fabricaci\u00f3n de autom\u00f3viles.<br \/>\n5. Energ\u00eda el\u00e9ctrica: JMG se utiliza en el sistema de lubricaci\u00f3n de equipos clave como turbinas y generadores en centrales el\u00e9ctricas.<br \/>\n6. Industria de alimentos y bebidas: JMG cumple con los est\u00e1ndares de higiene y puede utilizarse para la lubricaci\u00f3n de maquinaria de procesamiento de alimentos.<\/p>\n<h2>Manuales<\/h2>\n<div class=\"sdm_download_button_box_default\"><div class=\"sdm_download_link\"><a href=\"https:\/\/www.jinpinlub.com\/es\/?sdm_process_download=1&download_id=3737\" class=\"sdm_download white\" title=\"Privado: JMG Grease Pump\" target=\"&quot;_blank&quot;\">Ver hoja de datos - Bomba de grasa JMG<\/a><\/div><\/div>","protected":false},"excerpt":{"rendered":"<p>JMG2 es una bomba de lubricaci\u00f3n de grasa fluida progresiva el\u00e9ctrica con una presi\u00f3n de 4,0 MPa y una descarga de 250 ml\/min. Forma un sistema de lubricaci\u00f3n de grasa progresiva con distribuidores progresivos. Es eficiente, confiable y se utiliza en la lubricaci\u00f3n de diversos equipos industriales.<\/p>","protected":false},"featured_media":3776,"template":"","meta":{"ocean_post_layout":"","ocean_both_sidebars_style":"","ocean_both_sidebars_content_width":0,"ocean_both_sidebars_sidebars_width":0,"ocean_sidebar":"0","ocean_second_sidebar":"0","ocean_disable_margins":"enable","ocean_add_body_class":"","ocean_shortcode_before_top_bar":"","ocean_shortcode_after_top_bar":"","ocean_shortcode_before_header":"","ocean_shortcode_after_header":"","ocean_has_shortcode":"","ocean_shortcode_after_title":"","ocean_shortcode_before_footer_widgets":"","ocean_shortcode_after_footer_widgets":"","ocean_shortcode_before_footer_bottom":"","ocean_shortcode_after_footer_bottom":"","ocean_display_top_bar":"default","ocean_display_header":"default","ocean_header_style":"","ocean_center_header_left_menu":"0","ocean_custom_header_template":"0","ocean_custom_logo":0,"ocean_custom_retina_logo":0,"ocean_custom_logo_max_width":0,"ocean_custom_logo_tablet_max_width":0,"ocean_custom_logo_mobile_max_width":0,"ocean_custom_logo_max_height":0,"ocean_custom_logo_tablet_max_height":0,"ocean_custom_logo_mobile_max_height":0,"ocean_header_custom_menu":"0","ocean_menu_typo_font_family":"0","ocean_menu_typo_font_subset":"","ocean_menu_typo_font_size":0,"ocean_menu_typo_font_size_tablet":0,"ocean_menu_typo_font_size_mobile":0,"ocean_menu_typo_font_size_unit":"px","ocean_menu_typo_font_weight":"","ocean_menu_typo_font_weight_tablet":"","ocean_menu_typo_font_weight_mobile":"","ocean_menu_typo_transform":"","ocean_menu_typo_transform_tablet":"","ocean_menu_typo_transform_mobile":"","ocean_menu_typo_line_height":0,"ocean_menu_typo_line_height_tablet":0,"ocean_menu_typo_line_height_mobile":0,"ocean_menu_typo_line_height_unit":"","ocean_menu_typo_spacing":0,"ocean_menu_typo_spacing_tablet":0,"ocean_menu_typo_spacing_mobile":0,"ocean_menu_typo_spacing_unit":"","ocean_menu_link_color":"","ocean_menu_link_color_hover":"","ocean_menu_link_color_active":"","ocean_menu_link_background":"","ocean_menu_link_hover_background":"","ocean_menu_link_active_background":"","ocean_menu_social_links_bg":"","ocean_menu_social_hover_links_bg":"","ocean_menu_social_links_color":"","ocean_menu_social_hover_links_color":"","ocean_disable_title":"default","ocean_disable_heading":"default","ocean_post_title":"","ocean_post_subheading":"","ocean_post_title_style":"","ocean_post_title_background_color":"","ocean_post_title_background":0,"ocean_post_title_bg_image_position":"","ocean_post_title_bg_image_attachment":"","ocean_post_title_bg_image_repeat":"","ocean_post_title_bg_image_size":"","ocean_post_title_height":0,"ocean_post_title_bg_overlay":0.5,"ocean_post_title_bg_overlay_color":"","ocean_disable_breadcrumbs":"default","ocean_breadcrumbs_color":"","ocean_breadcrumbs_separator_color":"","ocean_breadcrumbs_links_color":"","ocean_breadcrumbs_links_hover_color":"","ocean_display_footer_widgets":"default","ocean_display_footer_bottom":"default","ocean_custom_footer_template":"0","osh_disable_topbar_sticky":"default","osh_disable_header_sticky":"default","osh_sticky_header_style":"default","osh_sticky_header_effect":"","osh_custom_sticky_logo":0,"osh_custom_retina_sticky_logo":0,"osh_custom_sticky_logo_height":0,"osh_background_color":"","osh_links_color":"","osh_links_hover_color":"","osh_links_active_color":"","osh_links_bg_color":"","osh_links_hover_bg_color":"","osh_links_active_bg_color":"","osh_menu_social_links_color":"","osh_menu_social_hover_links_color":""},"product_brand":[],"product_cat":[42,41],"product_tag":[74,322,73,77,72],"class_list":{"0":"post-3772","1":"product","2":"type-product","3":"status-publish","4":"has-post-thumbnail","6":"product_cat-electric-progressive-pumps","7":"product_cat-progressive-grease-systems","8":"product_tag-automatic-lubrication-pump","9":"product_tag-centralized-lubrication","10":"product_tag-electric-lubrication-pump","11":"product_tag-grease-lubrication-pump","12":"product_tag-lubrication-system","14":"entry","15":"has-media","17":"first","18":"instock","19":"shipping-taxable","20":"product-type-external","21":"col","22":"span_1_of_3","23":"owp-content-center","24":"owp-thumbs-layout-horizontal","25":"owp-btn-very-big","26":"owp-tabs-layout-horizontal"},"_links":{"self":[{"href":"https:\/\/www.jinpinlub.com\/es\/wp-json\/wp\/v2\/product\/3772","targetHints":{"allow":["GET"]}}],"collection":[{"href":"https:\/\/www.jinpinlub.com\/es\/wp-json\/wp\/v2\/product"}],"about":[{"href":"https:\/\/www.jinpinlub.com\/es\/wp-json\/wp\/v2\/types\/product"}],"wp:featuredmedia":[{"embeddable":true,"href":"https:\/\/www.jinpinlub.com\/es\/wp-json\/wp\/v2\/media\/3776"}],"wp:attachment":[{"href":"https:\/\/www.jinpinlub.com\/es\/wp-json\/wp\/v2\/media?parent=3772"}],"wp:term":[{"taxonomy":"product_brand","embeddable":true,"href":"https:\/\/www.jinpinlub.com\/es\/wp-json\/wp\/v2\/product_brand?post=3772"},{"taxonomy":"product_cat","embeddable":true,"href":"https:\/\/www.jinpinlub.com\/es\/wp-json\/wp\/v2\/product_cat?post=3772"},{"taxonomy":"product_tag","embeddable":true,"href":"https:\/\/www.jinpinlub.com\/es\/wp-json\/wp\/v2\/product_tag?post=3772"}],"curies":[{"name":"wp","href":"https:\/\/api.w.org\/{rel}","templated":true}]}}