{"id":3784,"date":"2024-10-11T04:47:30","date_gmt":"2024-10-10T20:47:30","guid":{"rendered":"https:\/\/www.jinpinlub.com\/?post_type=product&#038;p=3784"},"modified":"2024-10-11T04:50:40","modified_gmt":"2024-10-10T20:50:40","slug":"bomba-de-lubricacion-de-grasa-electrica-automatica-amg3-con-temporizador-4","status":"publish","type":"product","link":"https:\/\/www.jinpinlub.com\/es\/product\/jmg4-electric-positive-displacement-grease-lubrication-pump\/","title":{"rendered":"Bomba de lubricaci\u00f3n con grasa de desplazamiento positivo el\u00e9ctrica JMG4"},"content":{"rendered":"<h2>Caracter\u00edsticas<\/h2>\n<p>1. Las bombas est\u00e1ndar JMG4 se dividen en bombas con presostato y bombas sin presostato. Los productos est\u00e1ndar con presostato est\u00e1n equipados con luz indicadora y bot\u00f3n de lubricaci\u00f3n forzada, mientras que los que no tienen presostato no.<br \/>\n2. La bomba de lubricaci\u00f3n est\u00e1 controlada por un PLC y debe utilizarse con un <a href=\"https:\/\/www.jinpinlub.com\/es\/categoria-de-producto\/sistemas-de-grasa-de-linea-unica\/valvulas-dosificadoras-de-alivio-de-presion\/\" target=\"_blank\" rel=\"noopener\">distribuidor de desplazamiento positivo<\/a>. Como DPBG, MG, MU y CBB. El distribuidor descarga lubricante cuando act\u00faa.<br \/>\n3. La bomba JMG4 est\u00e1 equipada con una v\u00e1lvula reguladora de presi\u00f3n, que puede ajustar la presi\u00f3n seg\u00fan los requisitos del cliente y puede verificarse mediante el man\u00f3metro.<br \/>\n4. Est\u00e1 equipado con un interruptor flotante, que es un dispositivo de detecci\u00f3n del nivel de l\u00edquido. Es el contacto de encendido inferior. Es decir, cuando el nivel de aceite es demasiado bajo, puede enviar autom\u00e1ticamente una se\u00f1al anormal.<br \/>\n5. La JMG4 tiene la ventaja del \u201csuministro cuantitativo\u201d, las bombas de lubricaci\u00f3n de desplazamiento positivo miden los vol\u00famenes con precisi\u00f3n.<br \/>\n6. La bomba de lubricaci\u00f3n adopta una bomba de engranajes y un motor de inducci\u00f3n hechos de acero de aleaci\u00f3n especial, con larga vida \u00fatil, presi\u00f3n de salida estable y silencioso.<br \/>\n7. AMG est\u00e1 equipado con un motor de 40 W, con una presi\u00f3n m\u00e1xima de 35 bar y un volumen de salida de 250 ml\/min.<br \/>\n8. AMG dispone de un presostato de serie con contacto NA. La presi\u00f3n de arranque ajustada de f\u00e1brica es de 20 bar. Tambi\u00e9n se puede seleccionar el contacto NC, pero ind\u00edquelo al realizar el pedido.<\/p>\n<h2>Especificaci\u00f3n<\/h2>\n<table>\n<tbody>\n<tr>\n<td>Modelo<\/td>\n<td>JMG4<\/td>\n<\/tr>\n<tr>\n<td>Tiempo de lubricaci\u00f3n<\/td>\n<td>SOCIEDAD AN\u00d3NIMA<\/td>\n<\/tr>\n<tr>\n<td>Tiempo de intervalo<\/td>\n<td>SOCIEDAD AN\u00d3NIMA<\/td>\n<\/tr>\n<tr>\n<td>Temperatura de funcionamiento<\/td>\n<td>-10\u2103~ +60\u00b0C (Las condiciones de baja temperatura requieren grasa anticongelante)<\/td>\n<\/tr>\n<tr>\n<td>N\u00famero de puntos de venta<\/td>\n<td>1<\/td>\n<\/tr>\n<tr>\n<td>Capacidad del dep\u00f3sito<\/td>\n<td>3L (tanque de resina), 4L, 6L, 8L, 20L (tanque de metal)<\/td>\n<\/tr>\n<tr>\n<td>Recarga<\/td>\n<td>Desde arriba<\/td>\n<\/tr>\n<tr>\n<td>Lubricante<\/td>\n<td>N\u00famero de serie 000#~00#<\/td>\n<\/tr>\n<tr>\n<td>Potencia del motor<\/td>\n<td>40 W<\/td>\n<\/tr>\n<tr>\n<td>Descargar<\/td>\n<td>250 ml\/min<\/td>\n<\/tr>\n<tr>\n<td>Presi\u00f3n m\u00e1xima de funcionamiento<\/td>\n<td>4,0 MPa<\/td>\n<\/tr>\n<tr>\n<td>Hilo de conexi\u00f3n<\/td>\n<td>Salida \u03a66<\/td>\n<\/tr>\n<tr>\n<td>Voltaje de funcionamiento<\/td>\n<td>110 V CA, 220 V CA, 12 V CC, 24 V CC, 3~ 220 V, 3~ 380 V, 3~ 440 V, 3~ 460 V<\/td>\n<\/tr>\n<tr>\n<td>Proceso de dar un t\u00edtulo<\/td>\n<td>CE<\/td>\n<\/tr>\n<tr>\n<td>Interruptor de nivel bajo<\/td>\n<td>Contacto NC<\/td>\n<\/tr>\n<\/tbody>\n<\/table>\n<h2>Precauciones<\/h2>\n<p>1. Los diversos interruptores de contacto no deben exceder la corriente de trabajo, de lo contrario, los interruptores de contacto se quemar\u00e1n.<br \/>\n2. Al ensamblar o reparar la bomba de lubricaci\u00f3n, corte el suministro de energ\u00eda.<br \/>\n3. Siga el diagrama de cableado de la bomba de lubricaci\u00f3n (en la caja de conexiones) y conecte la fuente de alimentaci\u00f3n correcta.<br \/>\n4. El rango de viscosidad del lubricante aplicable es NLGI #000 ~ #00. Utilice un lubricante est\u00e1ndar. Si la bomba de lubricaci\u00f3n el\u00e9ctrica falla debido al uso de aceite sucio o a un funcionamiento inadecuado, no estar\u00e1 cubierta por la garant\u00eda.<br \/>\n5. Cuando la bomba de lubricaci\u00f3n se vuelva a llenar con lubricante, aseg\u00farese de pasarlo a trav\u00e9s del filtro del puerto de recarga para evitar que entren residuos.<br \/>\n6. Si la bomba de lubricaci\u00f3n no puede funcionar normalmente, verifique si la tuber\u00eda est\u00e1 da\u00f1ada, si hay aire fluyendo en la tuber\u00eda y si el nivel de lubricante es demasiado bajo.<br \/>\n7. Se recomienda limpiar el filtro de aceite y el conector de salida de la bomba de lubricaci\u00f3n cada seis meses.<\/p>\n<h2>Manuales<\/h2>\n<div class=\"sdm_download_button_box_default\"><div class=\"sdm_download_link\"><a href=\"https:\/\/www.jinpinlub.com\/es\/?sdm_process_download=1&download_id=3737\" class=\"sdm_download white\" title=\"Privado: JMG Grease Pump\" target=\"&quot;_blank&quot;\">Ver hoja de datos - Bomba de grasa JMG<\/a><\/div><\/div>","protected":false},"excerpt":{"rendered":"<p>La bomba de lubricaci\u00f3n volum\u00e9trica JMG4 se utiliza principalmente en diversos sistemas de lubricaci\u00f3n de m\u00e1quinas herramienta. La bomba de lubricaci\u00f3n est\u00e1 equipada con un dispositivo de alivio de presi\u00f3n, que funciona con un distribuidor de grasa de alivio de presi\u00f3n para formar un sistema de lubricaci\u00f3n de grasa de alivio de presi\u00f3n de una sola l\u00ednea.<\/p>","protected":false},"featured_media":3787,"template":"","meta":{"ocean_post_layout":"","ocean_both_sidebars_style":"","ocean_both_sidebars_content_width":0,"ocean_both_sidebars_sidebars_width":0,"ocean_sidebar":"0","ocean_second_sidebar":"0","ocean_disable_margins":"enable","ocean_add_body_class":"","ocean_shortcode_before_top_bar":"","ocean_shortcode_after_top_bar":"","ocean_shortcode_before_header":"","ocean_shortcode_after_header":"","ocean_has_shortcode":"","ocean_shortcode_after_title":"","ocean_shortcode_before_footer_widgets":"","ocean_shortcode_after_footer_widgets":"","ocean_shortcode_before_footer_bottom":"","ocean_shortcode_after_footer_bottom":"","ocean_display_top_bar":"default","ocean_display_header":"default","ocean_header_style":"","ocean_center_header_left_menu":"0","ocean_custom_header_template":"0","ocean_custom_logo":0,"ocean_custom_retina_logo":0,"ocean_custom_logo_max_width":0,"ocean_custom_logo_tablet_max_width":0,"ocean_custom_logo_mobile_max_width":0,"ocean_custom_logo_max_height":0,"ocean_custom_logo_tablet_max_height":0,"ocean_custom_logo_mobile_max_height":0,"ocean_header_custom_menu":"0","ocean_menu_typo_font_family":"0","ocean_menu_typo_font_subset":"","ocean_menu_typo_font_size":0,"ocean_menu_typo_font_size_tablet":0,"ocean_menu_typo_font_size_mobile":0,"ocean_menu_typo_font_size_unit":"px","ocean_menu_typo_font_weight":"","ocean_menu_typo_font_weight_tablet":"","ocean_menu_typo_font_weight_mobile":"","ocean_menu_typo_transform":"","ocean_menu_typo_transform_tablet":"","ocean_menu_typo_transform_mobile":"","ocean_menu_typo_line_height":0,"ocean_menu_typo_line_height_tablet":0,"ocean_menu_typo_line_height_mobile":0,"ocean_menu_typo_line_height_unit":"","ocean_menu_typo_spacing":0,"ocean_menu_typo_spacing_tablet":0,"ocean_menu_typo_spacing_mobile":0,"ocean_menu_typo_spacing_unit":"","ocean_menu_link_color":"","ocean_menu_link_color_hover":"","ocean_menu_link_color_active":"","ocean_menu_link_background":"","ocean_menu_link_hover_background":"","ocean_menu_link_active_background":"","ocean_menu_social_links_bg":"","ocean_menu_social_hover_links_bg":"","ocean_menu_social_links_color":"","ocean_menu_social_hover_links_color":"","ocean_disable_title":"default","ocean_disable_heading":"default","ocean_post_title":"","ocean_post_subheading":"","ocean_post_title_style":"","ocean_post_title_background_color":"","ocean_post_title_background":0,"ocean_post_title_bg_image_position":"","ocean_post_title_bg_image_attachment":"","ocean_post_title_bg_image_repeat":"","ocean_post_title_bg_image_size":"","ocean_post_title_height":0,"ocean_post_title_bg_overlay":0.5,"ocean_post_title_bg_overlay_color":"","ocean_disable_breadcrumbs":"default","ocean_breadcrumbs_color":"","ocean_breadcrumbs_separator_color":"","ocean_breadcrumbs_links_color":"","ocean_breadcrumbs_links_hover_color":"","ocean_display_footer_widgets":"default","ocean_display_footer_bottom":"default","ocean_custom_footer_template":"0","osh_disable_topbar_sticky":"default","osh_disable_header_sticky":"default","osh_sticky_header_style":"default","osh_sticky_header_effect":"","osh_custom_sticky_logo":0,"osh_custom_retina_sticky_logo":0,"osh_custom_sticky_logo_height":0,"osh_background_color":"","osh_links_color":"","osh_links_hover_color":"","osh_links_active_color":"","osh_links_bg_color":"","osh_links_hover_bg_color":"","osh_links_active_bg_color":"","osh_menu_social_links_color":"","osh_menu_social_hover_links_color":""},"product_brand":[],"product_cat":[38,37],"product_tag":[74,321,112,185,73],"class_list":{"0":"post-3784","1":"product","2":"type-product","3":"status-publish","4":"has-post-thumbnail","6":"product_cat-electric-pressure-relief-pumps","7":"product_cat-single-line-grease-systems","8":"product_tag-automatic-lubrication-pump","9":"product_tag-automatic-lubrication-system","10":"product_tag-centralized-lubrication-system","11":"product_tag-electric-grease-pump","12":"product_tag-electric-lubrication-pump","14":"entry","15":"has-media","17":"first","18":"instock","19":"shipping-taxable","20":"product-type-external","21":"col","22":"span_1_of_3","23":"owp-content-center","24":"owp-thumbs-layout-horizontal","25":"owp-btn-very-big","26":"owp-tabs-layout-horizontal"},"_links":{"self":[{"href":"https:\/\/www.jinpinlub.com\/es\/wp-json\/wp\/v2\/product\/3784","targetHints":{"allow":["GET"]}}],"collection":[{"href":"https:\/\/www.jinpinlub.com\/es\/wp-json\/wp\/v2\/product"}],"about":[{"href":"https:\/\/www.jinpinlub.com\/es\/wp-json\/wp\/v2\/types\/product"}],"wp:featuredmedia":[{"embeddable":true,"href":"https:\/\/www.jinpinlub.com\/es\/wp-json\/wp\/v2\/media\/3787"}],"wp:attachment":[{"href":"https:\/\/www.jinpinlub.com\/es\/wp-json\/wp\/v2\/media?parent=3784"}],"wp:term":[{"taxonomy":"product_brand","embeddable":true,"href":"https:\/\/www.jinpinlub.com\/es\/wp-json\/wp\/v2\/product_brand?post=3784"},{"taxonomy":"product_cat","embeddable":true,"href":"https:\/\/www.jinpinlub.com\/es\/wp-json\/wp\/v2\/product_cat?post=3784"},{"taxonomy":"product_tag","embeddable":true,"href":"https:\/\/www.jinpinlub.com\/es\/wp-json\/wp\/v2\/product_tag?post=3784"}],"curies":[{"name":"wp","href":"https:\/\/api.w.org\/{rel}","templated":true}]}}