{"id":3791,"date":"2024-10-16T17:43:49","date_gmt":"2024-10-16T09:43:49","guid":{"rendered":"https:\/\/www.jinpinlub.com\/?post_type=product&#038;p=3791"},"modified":"2024-10-16T17:50:31","modified_gmt":"2024-10-16T09:50:31","slug":"bomba-de-lubricacion-de-alivio-de-presion-de-desplazamiento-positivo-jmt4","status":"publish","type":"product","link":"https:\/\/www.jinpinlub.com\/es\/product\/jmt4-positive-displacement-pressure-relief-lubrication-pump\/","title":{"rendered":"Bomba de lubricaci\u00f3n con alivio de presi\u00f3n de desplazamiento positivo JMT4"},"content":{"rendered":"<h2>Caracter\u00edsticas<\/h2>\n<p>1. La lubricaci\u00f3n y el tiempo de intervalo de la bomba de lubricaci\u00f3n est\u00e1n controlados por el PLC del host.<br \/>\n2. La bomba de lubricaci\u00f3n puede estar equipada con un interruptor de presi\u00f3n para detectar si el circuito de aceite est\u00e1 da\u00f1ado.<br \/>\n3. La bomba de lubricaci\u00f3n est\u00e1 equipada con un interruptor flotante para detectar el nivel de aceite y enviar autom\u00e1ticamente una se\u00f1al.<br \/>\n4. La bomba est\u00e1 equipada con un man\u00f3metro por defecto para detectar la presi\u00f3n de funcionamiento de la bomba de aceite.<br \/>\n5. La bomba de lubricaci\u00f3n est\u00e1 equipada con un bot\u00f3n de lubricaci\u00f3n forzada y una luz indicadora de funcionamiento de la lubricaci\u00f3n.<br \/>\n6. La bomba de lubricaci\u00f3n es impulsada por una bomba de engranajes de molienda con un motor de inducci\u00f3n, con presi\u00f3n estable, bajo nivel de ruido, duradera y confiable.<br \/>\n7. El modelo JMT4 es un <a href=\"https:\/\/www.jinpinlub.com\/es\/categoria-de-producto\/sistemas-volumetricos-de-aceite-fino\/bombas-volumetricas-electricas\/\" target=\"_blank\" rel=\"noopener\">bomba de lubricaci\u00f3n volum\u00e9trica<\/a>, que debe utilizarse con un distribuidor volum\u00e9trico para lograr un efecto de suministro de aceite cuantitativo.<\/p>\n<h2>Especificaci\u00f3n<\/h2>\n<table>\n<tbody>\n<tr>\n<td>Modelo<\/td>\n<td>JMT4<\/td>\n<\/tr>\n<tr>\n<td>Tiempo de lubricaci\u00f3n<\/td>\n<td>SOCIEDAD AN\u00d3NIMA<\/td>\n<\/tr>\n<tr>\n<td>Tiempo de intervalo<\/td>\n<td>SOCIEDAD AN\u00d3NIMA<\/td>\n<\/tr>\n<tr>\n<td>Temperatura de funcionamiento<\/td>\n<td>-10\u2103~ +60\u00b0C (Las condiciones de baja temperatura requieren grasa anticongelante)<\/td>\n<\/tr>\n<tr>\n<td>N\u00famero de puntos de venta<\/td>\n<td>1<\/td>\n<\/tr>\n<tr>\n<td>Capacidad del dep\u00f3sito<\/td>\n<td>3L (tanque de resina), 4L, 6L, 8L, 20L (tanque de metal)<\/td>\n<\/tr>\n<tr>\n<td>Recarga<\/td>\n<td>Desde arriba<\/td>\n<\/tr>\n<tr>\n<td>Lubricante<\/td>\n<td>32-68 cSt a 40 \u2103<\/td>\n<\/tr>\n<tr>\n<td>Potencia del motor<\/td>\n<td>40 W<\/td>\n<\/tr>\n<tr>\n<td>Descargar<\/td>\n<td>250 ml\/min<\/td>\n<\/tr>\n<tr>\n<td>Presi\u00f3n m\u00e1xima de funcionamiento<\/td>\n<td>2,3 MPa<\/td>\n<\/tr>\n<tr>\n<td>Hilo de conexi\u00f3n<\/td>\n<td>Salida \u03a66<\/td>\n<\/tr>\n<tr>\n<td>Voltaje de funcionamiento<\/td>\n<td>110 V CA, 220 V CA, 12 V CC, 24 V CC, 3~ 220 V, 3~ 380 V, 3~ 440 V, 3~ 460 V<\/td>\n<\/tr>\n<tr>\n<td>Proceso de dar un t\u00edtulo<\/td>\n<td>CE<\/td>\n<\/tr>\n<tr>\n<td>Interruptor de nivel bajo<\/td>\n<td>Contacto NC<\/td>\n<\/tr>\n<\/tbody>\n<\/table>\n<h2>Precauciones<\/h2>\n<p>1. Confirme cuidadosamente el voltaje de la bomba de lubricaci\u00f3n y conecte la fuente de alimentaci\u00f3n adecuada.<br \/>\n2. La bomba de lubricaci\u00f3n debe utilizar aceite limpio y no se permite utilizar aceite lubricante reciclado.<br \/>\n3. Se recomienda rellenar el aceite lubricante hasta la l\u00ednea de nivel de aceite cada vez.<br \/>\n4. Se recomienda limpiar el dep\u00f3sito de aceite una vez cada dos meses y limpiar o reemplazar la cesta del filtro y el filtro de aceite en la entrada de aceite.<br \/>\n5. El aumento del tiempo de funcionamiento de la bomba de lubricaci\u00f3n puede aumentar la cantidad total de lubricaci\u00f3n del sistema de lubricaci\u00f3n, y la reducci\u00f3n del tiempo de funcionamiento puede reducir la cantidad total de lubricaci\u00f3n del sistema de lubricaci\u00f3n.<br \/>\n6. Despu\u00e9s de instalar el sistema de lubricaci\u00f3n o despu\u00e9s de desmontar y reemplazar piezas, primero se debe descargar el aire del sistema de lubricaci\u00f3n.<br \/>\n7. Despu\u00e9s de encender la bomba de lubricaci\u00f3n, no est\u00e1 permitido abrir la cubierta en la parte superior de la bomba para evitar el riesgo de descarga el\u00e9ctrica.<\/p>\n<h2>Manuales<\/h2>\n<div class=\"sdm_download_button_box_default\"><div class=\"sdm_download_link\"><a href=\"https:\/\/www.jinpinlub.com\/es\/?sdm_process_download=1&download_id=3796\" class=\"sdm_download white\" title=\"Privado: JMT4 lubrication Pump\" target=\"&quot;_blank&quot;\">Ver hoja de datos - Bomba de grasa JMT4<\/a><\/div><\/div>","protected":false},"excerpt":{"rendered":"<p>JMT4 es una bomba de lubricaci\u00f3n el\u00e9ctrica de desplazamiento positivo con m\u00faltiples capacidades, que incluyen 3L, 6L, 4L, 8L, 20L, etc. Es impulsada por un motor de inducci\u00f3n, proporciona una presi\u00f3n de salida estable, puede funcionar durante mucho tiempo y genera un gran flujo de lubricante.<\/p>","protected":false},"featured_media":3797,"template":"","meta":{"ocean_post_layout":"","ocean_both_sidebars_style":"","ocean_both_sidebars_content_width":0,"ocean_both_sidebars_sidebars_width":0,"ocean_sidebar":"0","ocean_second_sidebar":"0","ocean_disable_margins":"enable","ocean_add_body_class":"","ocean_shortcode_before_top_bar":"","ocean_shortcode_after_top_bar":"","ocean_shortcode_before_header":"","ocean_shortcode_after_header":"","ocean_has_shortcode":"","ocean_shortcode_after_title":"","ocean_shortcode_before_footer_widgets":"","ocean_shortcode_after_footer_widgets":"","ocean_shortcode_before_footer_bottom":"","ocean_shortcode_after_footer_bottom":"","ocean_display_top_bar":"default","ocean_display_header":"default","ocean_header_style":"","ocean_center_header_left_menu":"0","ocean_custom_header_template":"0","ocean_custom_logo":0,"ocean_custom_retina_logo":0,"ocean_custom_logo_max_width":0,"ocean_custom_logo_tablet_max_width":0,"ocean_custom_logo_mobile_max_width":0,"ocean_custom_logo_max_height":0,"ocean_custom_logo_tablet_max_height":0,"ocean_custom_logo_mobile_max_height":0,"ocean_header_custom_menu":"0","ocean_menu_typo_font_family":"0","ocean_menu_typo_font_subset":"","ocean_menu_typo_font_size":0,"ocean_menu_typo_font_size_tablet":0,"ocean_menu_typo_font_size_mobile":0,"ocean_menu_typo_font_size_unit":"px","ocean_menu_typo_font_weight":"","ocean_menu_typo_font_weight_tablet":"","ocean_menu_typo_font_weight_mobile":"","ocean_menu_typo_transform":"","ocean_menu_typo_transform_tablet":"","ocean_menu_typo_transform_mobile":"","ocean_menu_typo_line_height":0,"ocean_menu_typo_line_height_tablet":0,"ocean_menu_typo_line_height_mobile":0,"ocean_menu_typo_line_height_unit":"","ocean_menu_typo_spacing":0,"ocean_menu_typo_spacing_tablet":0,"ocean_menu_typo_spacing_mobile":0,"ocean_menu_typo_spacing_unit":"","ocean_menu_link_color":"","ocean_menu_link_color_hover":"","ocean_menu_link_color_active":"","ocean_menu_link_background":"","ocean_menu_link_hover_background":"","ocean_menu_link_active_background":"","ocean_menu_social_links_bg":"","ocean_menu_social_hover_links_bg":"","ocean_menu_social_links_color":"","ocean_menu_social_hover_links_color":"","ocean_disable_title":"default","ocean_disable_heading":"default","ocean_post_title":"","ocean_post_subheading":"","ocean_post_title_style":"","ocean_post_title_background_color":"","ocean_post_title_background":0,"ocean_post_title_bg_image_position":"","ocean_post_title_bg_image_attachment":"","ocean_post_title_bg_image_repeat":"","ocean_post_title_bg_image_size":"","ocean_post_title_height":0,"ocean_post_title_bg_overlay":0.5,"ocean_post_title_bg_overlay_color":"","ocean_disable_breadcrumbs":"default","ocean_breadcrumbs_color":"","ocean_breadcrumbs_separator_color":"","ocean_breadcrumbs_links_color":"","ocean_breadcrumbs_links_hover_color":"","ocean_display_footer_widgets":"default","ocean_display_footer_bottom":"default","ocean_custom_footer_template":"0","osh_disable_topbar_sticky":"default","osh_disable_header_sticky":"default","osh_sticky_header_style":"default","osh_sticky_header_effect":"","osh_custom_sticky_logo":0,"osh_custom_retina_sticky_logo":0,"osh_custom_sticky_logo_height":0,"osh_background_color":"","osh_links_color":"","osh_links_hover_color":"","osh_links_active_color":"","osh_links_bg_color":"","osh_links_hover_bg_color":"","osh_links_active_bg_color":"","osh_menu_social_links_color":"","osh_menu_social_hover_links_color":""},"product_brand":[],"product_cat":[48,47],"product_tag":[73,323,71,111,114],"class_list":{"0":"post-3791","1":"product","2":"type-product","3":"status-publish","4":"has-post-thumbnail","6":"product_cat-electric-volumetric-pumps","7":"product_cat-volumetric-thin-oil-systems","8":"product_tag-electric-lubrication-pump","9":"product_tag-lubricating-oil-pump","10":"product_tag-lubrication-pump","11":"product_tag-oil-lubrication-pump","12":"product_tag-oil-lubrication-system","14":"entry","15":"has-media","17":"first","18":"instock","19":"shipping-taxable","20":"product-type-external","21":"col","22":"span_1_of_3","23":"owp-content-center","24":"owp-thumbs-layout-horizontal","25":"owp-btn-very-big","26":"owp-tabs-layout-horizontal"},"_links":{"self":[{"href":"https:\/\/www.jinpinlub.com\/es\/wp-json\/wp\/v2\/product\/3791","targetHints":{"allow":["GET"]}}],"collection":[{"href":"https:\/\/www.jinpinlub.com\/es\/wp-json\/wp\/v2\/product"}],"about":[{"href":"https:\/\/www.jinpinlub.com\/es\/wp-json\/wp\/v2\/types\/product"}],"wp:featuredmedia":[{"embeddable":true,"href":"https:\/\/www.jinpinlub.com\/es\/wp-json\/wp\/v2\/media\/3797"}],"wp:attachment":[{"href":"https:\/\/www.jinpinlub.com\/es\/wp-json\/wp\/v2\/media?parent=3791"}],"wp:term":[{"taxonomy":"product_brand","embeddable":true,"href":"https:\/\/www.jinpinlub.com\/es\/wp-json\/wp\/v2\/product_brand?post=3791"},{"taxonomy":"product_cat","embeddable":true,"href":"https:\/\/www.jinpinlub.com\/es\/wp-json\/wp\/v2\/product_cat?post=3791"},{"taxonomy":"product_tag","embeddable":true,"href":"https:\/\/www.jinpinlub.com\/es\/wp-json\/wp\/v2\/product_tag?post=3791"}],"curies":[{"name":"wp","href":"https:\/\/api.w.org\/{rel}","templated":true}]}}