{"id":3828,"date":"2024-10-21T15:11:16","date_gmt":"2024-10-21T07:11:16","guid":{"rendered":"https:\/\/www.jinpinlub.com\/?post_type=product&#038;p=3828"},"modified":"2024-10-29T17:04:52","modified_gmt":"2024-10-29T09:04:52","slug":"maquina-de-llenado-de-grasa-de-litio-de-ultra-alta-presion-jdy-50s","status":"publish","type":"product","link":"https:\/\/www.jinpinlub.com\/es\/product\/jdy-50s-ultra-high-pressure-lithium-grease-filling-machine\/","title":{"rendered":"M\u00e1quina llenadora de grasa de litio de ultraalta presi\u00f3n JDY-50S"},"content":{"rendered":"<h2>Caracter\u00edsticas<\/h2>\n<p>El puerto de succi\u00f3n de aceite de la bomba de lubricaci\u00f3n est\u00e1 equipado con un filtro para evitar que las impurezas entren en el cuerpo de la bomba. El n\u00facleo de la bomba utiliza sellos de aceite de poliuretano de alta calidad con mayor resistencia al desgaste. Est\u00e1 especialmente dise\u00f1ado para grasa de alta viscosidad y es m\u00e1s compatible con grasa de alta viscosidad. La entrada de aire del cabezal de la bomba neum\u00e1tica est\u00e1 equipada con un separador de aceite y agua de doble copa. Esta m\u00e1quina llenadora es compatible con aceites no corrosivos y es adecuada para: grasa a base de litio NLGI 00#~3# y grasa especial resistente a altas temperaturas.<\/p>\n<h2>Especificaci\u00f3n<\/h2>\n<table>\n<tbody>\n<tr>\n<td>Relaci\u00f3n de presi\u00f3n<\/td>\n<td>80:1<\/td>\n<\/tr>\n<tr>\n<td>Presi\u00f3n m\u00e1xima<\/td>\n<td>80 MPa<\/td>\n<\/tr>\n<tr>\n<td>Caudal m\u00e1ximo<\/td>\n<td>600-900 g\/min<\/td>\n<\/tr>\n<tr>\n<td>Lubricante<\/td>\n<td>NLGI00# ~ 3#<\/td>\n<\/tr>\n<tr>\n<td>Rango de presi\u00f3n<\/td>\n<td>0,5-0,9 MPa<\/td>\n<\/tr>\n<tr>\n<td>Temperatura<\/td>\n<td>80\u2103<\/td>\n<\/tr>\n<tr>\n<td>Cabezal transportador<\/td>\n<td>80 metros<\/td>\n<\/tr>\n<tr>\n<td>Longitud de la tuber\u00eda<\/td>\n<td>10 m\/15 m<\/td>\n<\/tr>\n<tr>\n<td>Relleno de grasa<\/td>\n<td>Barril de 15-20 kg<\/td>\n<\/tr>\n<tr>\n<td>Peso<\/td>\n<td>15 kilos<\/td>\n<\/tr>\n<tr>\n<td>Embalaje<\/td>\n<td>800*400*400 mm<\/td>\n<\/tr>\n<\/tbody>\n<\/table>\n<h2>Precauciones<\/h2>\n<p>1. Esta es una m\u00e1quina llenadora de grasa neum\u00e1tica y debe conectarse a una fuente de aire antes de su uso.<br \/>\n2. Est\u00e1 estrictamente prohibido utilizar gas inflamable para engrasar m\u00e1quinas, de lo contrario las consecuencias ser\u00e1n bajo su propio riesgo.<br \/>\n3. Las m\u00e1quinas llenadoras de grasa deben ser compatibles con diferentes lubricantes seg\u00fan la temporada: NLGI 1#~2# en primavera y oto\u00f1o, NLGI 2#~3# en verano y NLGI 0#~2# en invierno.<br \/>\n4. Si no es necesario trabajar, no utilice esta engrasadora sin carga durante mucho tiempo para evitar da\u00f1ar las piezas internas.<br \/>\n5. Est\u00e1 prohibido utilizar esta m\u00e1quina para rociar a personas y animales.<br \/>\n6. Cuando la m\u00e1quina engrasadora deje de funcionar, apague la fuente de aire y dispare para liberar la presi\u00f3n en la manguera.<br \/>\n7. Preste atenci\u00f3n al mantenimiento regular de la engrasadora y limpie la manguera.<\/p>\n<h2>Manuales<\/h2>\n<div class=\"sdm_download_button_box_default\"><div class=\"sdm_download_link\"><a href=\"https:\/\/www.jinpinlub.com\/es\/?sdm_process_download=1&download_id=3825\" class=\"sdm_download white\" title=\"Privado: JDY-50S Filling Pump\" target=\"&quot;_blank&quot;\">Ver hoja de datos - Bomba de llenado JDY-50S<\/a><\/div><\/div>","protected":false},"excerpt":{"rendered":"<p>La JDY-50 es una m\u00e1quina llenadora de grasa neum\u00e1tica de alta presi\u00f3n, operaci\u00f3n simple y alto caudal. Se utiliza para mantenimiento de autom\u00f3viles, pintura, transporte, herramientas mec\u00e1nicas, ingenier\u00eda de energ\u00eda e\u00f3lica, plantas de energ\u00eda, maquinaria agr\u00edcola, fabricaci\u00f3n de metales, etc.<\/p>","protected":false},"featured_media":3814,"template":"","meta":{"ocean_post_layout":"","ocean_both_sidebars_style":"","ocean_both_sidebars_content_width":0,"ocean_both_sidebars_sidebars_width":0,"ocean_sidebar":"0","ocean_second_sidebar":"0","ocean_disable_margins":"enable","ocean_add_body_class":"","ocean_shortcode_before_top_bar":"","ocean_shortcode_after_top_bar":"","ocean_shortcode_before_header":"","ocean_shortcode_after_header":"","ocean_has_shortcode":"","ocean_shortcode_after_title":"","ocean_shortcode_before_footer_widgets":"","ocean_shortcode_after_footer_widgets":"","ocean_shortcode_before_footer_bottom":"","ocean_shortcode_after_footer_bottom":"","ocean_display_top_bar":"default","ocean_display_header":"default","ocean_header_style":"","ocean_center_header_left_menu":"0","ocean_custom_header_template":"0","ocean_custom_logo":0,"ocean_custom_retina_logo":0,"ocean_custom_logo_max_width":0,"ocean_custom_logo_tablet_max_width":0,"ocean_custom_logo_mobile_max_width":0,"ocean_custom_logo_max_height":0,"ocean_custom_logo_tablet_max_height":0,"ocean_custom_logo_mobile_max_height":0,"ocean_header_custom_menu":"0","ocean_menu_typo_font_family":"0","ocean_menu_typo_font_subset":"","ocean_menu_typo_font_size":0,"ocean_menu_typo_font_size_tablet":0,"ocean_menu_typo_font_size_mobile":0,"ocean_menu_typo_font_size_unit":"px","ocean_menu_typo_font_weight":"","ocean_menu_typo_font_weight_tablet":"","ocean_menu_typo_font_weight_mobile":"","ocean_menu_typo_transform":"","ocean_menu_typo_transform_tablet":"","ocean_menu_typo_transform_mobile":"","ocean_menu_typo_line_height":0,"ocean_menu_typo_line_height_tablet":0,"ocean_menu_typo_line_height_mobile":0,"ocean_menu_typo_line_height_unit":"","ocean_menu_typo_spacing":0,"ocean_menu_typo_spacing_tablet":0,"ocean_menu_typo_spacing_mobile":0,"ocean_menu_typo_spacing_unit":"","ocean_menu_link_color":"","ocean_menu_link_color_hover":"","ocean_menu_link_color_active":"","ocean_menu_link_background":"","ocean_menu_link_hover_background":"","ocean_menu_link_active_background":"","ocean_menu_social_links_bg":"","ocean_menu_social_hover_links_bg":"","ocean_menu_social_links_color":"","ocean_menu_social_hover_links_color":"","ocean_disable_title":"default","ocean_disable_heading":"default","ocean_post_title":"","ocean_post_subheading":"","ocean_post_title_style":"","ocean_post_title_background_color":"","ocean_post_title_background":0,"ocean_post_title_bg_image_position":"","ocean_post_title_bg_image_attachment":"","ocean_post_title_bg_image_repeat":"","ocean_post_title_bg_image_size":"","ocean_post_title_height":0,"ocean_post_title_bg_overlay":0.5,"ocean_post_title_bg_overlay_color":"","ocean_disable_breadcrumbs":"default","ocean_breadcrumbs_color":"","ocean_breadcrumbs_separator_color":"","ocean_breadcrumbs_links_color":"","ocean_breadcrumbs_links_hover_color":"","ocean_display_footer_widgets":"default","ocean_display_footer_bottom":"default","ocean_custom_footer_template":"0","osh_disable_topbar_sticky":"default","osh_disable_header_sticky":"default","osh_sticky_header_style":"default","osh_sticky_header_effect":"","osh_custom_sticky_logo":0,"osh_custom_retina_sticky_logo":0,"osh_custom_sticky_logo_height":0,"osh_background_color":"","osh_links_color":"","osh_links_hover_color":"","osh_links_active_color":"","osh_links_bg_color":"","osh_links_hover_bg_color":"","osh_links_active_bg_color":"","osh_menu_social_links_color":"","osh_menu_social_hover_links_color":""},"product_brand":[],"product_cat":[32],"product_tag":[331,333,332,330,329],"class_list":{"0":"post-3828","1":"product","2":"type-product","3":"status-publish","4":"has-post-thumbnail","6":"product_cat-lubricant-filling-pumps","7":"product_tag-butter-filling-gun","8":"product_tag-high-pressure-grease-injector","9":"product_tag-mobile-grease-machine","10":"product_tag-oil-filling-machine","11":"product_tag-pneumatic-butter-machine","13":"entry","14":"has-media","16":"first","17":"instock","18":"shipping-taxable","19":"product-type-external","20":"col","21":"span_1_of_3","22":"owp-content-center","23":"owp-thumbs-layout-horizontal","24":"owp-btn-very-big","25":"owp-tabs-layout-horizontal"},"_links":{"self":[{"href":"https:\/\/www.jinpinlub.com\/es\/wp-json\/wp\/v2\/product\/3828","targetHints":{"allow":["GET"]}}],"collection":[{"href":"https:\/\/www.jinpinlub.com\/es\/wp-json\/wp\/v2\/product"}],"about":[{"href":"https:\/\/www.jinpinlub.com\/es\/wp-json\/wp\/v2\/types\/product"}],"wp:featuredmedia":[{"embeddable":true,"href":"https:\/\/www.jinpinlub.com\/es\/wp-json\/wp\/v2\/media\/3814"}],"wp:attachment":[{"href":"https:\/\/www.jinpinlub.com\/es\/wp-json\/wp\/v2\/media?parent=3828"}],"wp:term":[{"taxonomy":"product_brand","embeddable":true,"href":"https:\/\/www.jinpinlub.com\/es\/wp-json\/wp\/v2\/product_brand?post=3828"},{"taxonomy":"product_cat","embeddable":true,"href":"https:\/\/www.jinpinlub.com\/es\/wp-json\/wp\/v2\/product_cat?post=3828"},{"taxonomy":"product_tag","embeddable":true,"href":"https:\/\/www.jinpinlub.com\/es\/wp-json\/wp\/v2\/product_tag?post=3828"}],"curies":[{"name":"wp","href":"https:\/\/api.w.org\/{rel}","templated":true}]}}