{"id":3837,"date":"2024-10-30T03:05:19","date_gmt":"2024-10-29T19:05:19","guid":{"rendered":"https:\/\/www.jinpinlub.com\/?post_type=product&#038;p=3837"},"modified":"2024-10-30T03:15:16","modified_gmt":"2024-10-29T19:15:16","slug":"lubricante-neumatico-de-niebla-de-aceite-ajustable-con-mezcla-de-aire-y-aceite-jom","status":"publish","type":"product","link":"https:\/\/www.jinpinlub.com\/es\/product\/jom-pneumatic-oil-air-mixed-adjustable-oil-mist-lubricator\/","title":{"rendered":"Lubricador neum\u00e1tico de aceite y aire con niebla ajustable JOM"},"content":{"rendered":"<h2>Caracter\u00edsticas<\/h2>\n<p>1. La bomba de niebla de aceite JOM es adecuada para lubricaci\u00f3n de corte de alta velocidad, lubricaci\u00f3n de \u00e1reas grandes, lubricaci\u00f3n de procesamiento especial y enfriamiento.<br \/>\n2. La salida de la bomba de niebla de aceite puede equiparse con varios tipos de boquillas, adecuadas para una variedad de herramientas de corte.<br \/>\n3. Bomba de niebla de aceite equipada con una perilla de ajuste del volumen de aceite, que puede ajustar el volumen de aceite. Gire la perilla de ajuste del volumen de aceite en sentido antihorario; cuanto mayor sea el volumen de aire, mayor ser\u00e1 el volumen de niebla de aceite. Gire en el sentido de las agujas del reloj, menor ser\u00e1 la niebla de aceite.<br \/>\n4. La ventana transparente de gotas de aceite puede observar si la bomba est\u00e1 normal y el espejo de aceite puede observar el nivel de aceite.<br \/>\n5. La fuente de presi\u00f3n de aire de la bomba de niebla de aceite se puede accionar directamente con el compresor de aire, o se puede utilizar la v\u00e1lvula solenoide para controlar la acci\u00f3n de conmutaci\u00f3n de ENCENDIDO\/APAGADO de la fuente de aire.<br \/>\n6. El rango de la fuente de presi\u00f3n de aire es de 4 a 8 bar y el efecto de atomizaci\u00f3n es el mejor.<br \/>\n7. Utilice aceite lubricante o agua de corte con un rango de viscosidad de 22-68 cst a 40 \u2103, pero est\u00e1 prohibido agregar aceite vol\u00e1til, como aceite a base de \u00e9ster o etilenglicol.<\/p>\n<h2>Especificaci\u00f3n<\/h2>\n<table>\n<tbody>\n<tr>\n<td>Entrada de aire<\/td>\n<td>Parte 4<\/td>\n<\/tr>\n<tr>\n<td>Salida de neblina de aceite<\/td>\n<td>Parte 4<\/td>\n<\/tr>\n<tr>\n<td>Rango de presi\u00f3n<\/td>\n<td>M\u00e1ximo 15 bar<\/td>\n<\/tr>\n<tr>\n<td>Capacidad<\/td>\n<td>2L, 4L, 6L<\/td>\n<\/tr>\n<tr>\n<td>Temperatura de trabajo<\/td>\n<td>5\u2103~60\u2103<\/td>\n<\/tr>\n<tr>\n<td>Cabezal transportador<\/td>\n<td>80 metros<\/td>\n<\/tr>\n<tr>\n<td>Relleno de grasa<\/td>\n<td>Barril de 15-20 kg<\/td>\n<\/tr>\n<tr>\n<td>Peso<\/td>\n<td>5 ~ 10 kg<\/td>\n<\/tr>\n<\/tbody>\n<\/table>\n<h2>Precauciones<\/h2>\n<p>1. Despu\u00e9s de que la bomba de lubricaci\u00f3n por neblina de aceite haya estado en uso durante un largo per\u00edodo de tiempo, se deben revisar peri\u00f3dicamente todas las tuber\u00edas, mangueras y conexiones para confirmar si hay fugas o da\u00f1os visibles desde el exterior. Si los hay, se deben reparar de inmediato.<br \/>\n2. Conserve este manual de instrucciones de forma adecuada y col\u00f3quelo en un lugar de f\u00e1cil acceso.<br \/>\n3. Se recomienda revisar la bomba de lubricaci\u00f3n por neblina de aceite diariamente para garantizar un funcionamiento seguro y correcto. Se requiere una inspecci\u00f3n m\u00e1s exhaustiva cada seis meses para verificar si el equipo est\u00e1 desgastado o envejecido.<br \/>\n4. Antes de realizar mantenimiento o reparaci\u00f3n de la bomba de lubricaci\u00f3n por neblina de aceite, aseg\u00farese de que el equipo de accionamiento no se ponga en marcha accidentalmente, y det\u00e9ngase y desconecte la fuente de alimentaci\u00f3n antes de manipularlo, de lo contrario podr\u00edan producirse lesiones personales.<br \/>\n5. El mantenimiento peri\u00f3dico tiene como finalidad garantizar que el equipo funcione con normalidad y maximizar su eficacia. Por lo tanto, un mantenimiento de buena calidad puede mantener el funcionamiento normal del equipo.<\/p>\n<h2>Manuales<\/h2>\n<div class=\"sdm_download_button_box_default\"><div class=\"sdm_download_link\"><a href=\"https:\/\/www.jinpinlub.com\/es\/?sdm_process_download=1&download_id=3831\" class=\"sdm_download white\" title=\"Privado: JOM Oil-mist Pump\" target=\"&quot;_blank&quot;\">Ver hoja de datos - Bomba de niebla de aceite JOM<\/a><\/div><\/div>","protected":false},"excerpt":{"rendered":"<p>La bomba de lubricaci\u00f3n neum\u00e1tica por neblina de aceite JOM es adecuada para cortes de alta velocidad, lubricaci\u00f3n de \u00e1reas grandes, lubricaci\u00f3n y refrigeraci\u00f3n de mecanizado mec\u00e1nico. Est\u00e1 equipada con un sensor de nivel bajo de aceite y tiene una perilla de ajuste para aumentar o disminuir la cantidad de neblina de aceite.<\/p>","protected":false},"featured_media":3833,"template":"","meta":{"ocean_post_layout":"","ocean_both_sidebars_style":"","ocean_both_sidebars_content_width":0,"ocean_both_sidebars_sidebars_width":0,"ocean_sidebar":"0","ocean_second_sidebar":"0","ocean_disable_margins":"enable","ocean_add_body_class":"","ocean_shortcode_before_top_bar":"","ocean_shortcode_after_top_bar":"","ocean_shortcode_before_header":"","ocean_shortcode_after_header":"","ocean_has_shortcode":"","ocean_shortcode_after_title":"","ocean_shortcode_before_footer_widgets":"","ocean_shortcode_after_footer_widgets":"","ocean_shortcode_before_footer_bottom":"","ocean_shortcode_after_footer_bottom":"","ocean_display_top_bar":"default","ocean_display_header":"default","ocean_header_style":"","ocean_center_header_left_menu":"0","ocean_custom_header_template":"0","ocean_custom_logo":0,"ocean_custom_retina_logo":0,"ocean_custom_logo_max_width":0,"ocean_custom_logo_tablet_max_width":0,"ocean_custom_logo_mobile_max_width":0,"ocean_custom_logo_max_height":0,"ocean_custom_logo_tablet_max_height":0,"ocean_custom_logo_mobile_max_height":0,"ocean_header_custom_menu":"0","ocean_menu_typo_font_family":"0","ocean_menu_typo_font_subset":"","ocean_menu_typo_font_size":0,"ocean_menu_typo_font_size_tablet":0,"ocean_menu_typo_font_size_mobile":0,"ocean_menu_typo_font_size_unit":"px","ocean_menu_typo_font_weight":"","ocean_menu_typo_font_weight_tablet":"","ocean_menu_typo_font_weight_mobile":"","ocean_menu_typo_transform":"","ocean_menu_typo_transform_tablet":"","ocean_menu_typo_transform_mobile":"","ocean_menu_typo_line_height":0,"ocean_menu_typo_line_height_tablet":0,"ocean_menu_typo_line_height_mobile":0,"ocean_menu_typo_line_height_unit":"","ocean_menu_typo_spacing":0,"ocean_menu_typo_spacing_tablet":0,"ocean_menu_typo_spacing_mobile":0,"ocean_menu_typo_spacing_unit":"","ocean_menu_link_color":"","ocean_menu_link_color_hover":"","ocean_menu_link_color_active":"","ocean_menu_link_background":"","ocean_menu_link_hover_background":"","ocean_menu_link_active_background":"","ocean_menu_social_links_bg":"","ocean_menu_social_hover_links_bg":"","ocean_menu_social_links_color":"","ocean_menu_social_hover_links_color":"","ocean_disable_title":"default","ocean_disable_heading":"default","ocean_post_title":"","ocean_post_subheading":"","ocean_post_title_style":"","ocean_post_title_background_color":"","ocean_post_title_background":0,"ocean_post_title_bg_image_position":"","ocean_post_title_bg_image_attachment":"","ocean_post_title_bg_image_repeat":"","ocean_post_title_bg_image_size":"","ocean_post_title_height":0,"ocean_post_title_bg_overlay":0.5,"ocean_post_title_bg_overlay_color":"","ocean_disable_breadcrumbs":"default","ocean_breadcrumbs_color":"","ocean_breadcrumbs_separator_color":"","ocean_breadcrumbs_links_color":"","ocean_breadcrumbs_links_hover_color":"","ocean_display_footer_widgets":"default","ocean_display_footer_bottom":"default","ocean_custom_footer_template":"0","osh_disable_topbar_sticky":"default","osh_disable_header_sticky":"default","osh_sticky_header_style":"default","osh_sticky_header_effect":"","osh_custom_sticky_logo":0,"osh_custom_retina_sticky_logo":0,"osh_custom_sticky_logo_height":0,"osh_background_color":"","osh_links_color":"","osh_links_hover_color":"","osh_links_active_color":"","osh_links_bg_color":"","osh_links_hover_bg_color":"","osh_links_active_bg_color":"","osh_menu_social_links_color":"","osh_menu_social_hover_links_color":""},"product_brand":[],"product_cat":[46],"product_tag":[338,337,334,336,335],"class_list":{"0":"post-3837","1":"product","2":"type-product","3":"status-publish","4":"has-post-thumbnail","6":"product_cat-oil-mist-lubrication-systems","7":"product_tag-atomizing-lubrication-pump","8":"product_tag-cooling-lubrication-pump","9":"product_tag-oil-mist-lubrication-pump","10":"product_tag-oil-air-mixing-pump","11":"product_tag-pneumatic-lubrication-pump","13":"entry","14":"has-media","16":"first","17":"instock","18":"shipping-taxable","19":"product-type-external","20":"col","21":"span_1_of_3","22":"owp-content-center","23":"owp-thumbs-layout-horizontal","24":"owp-btn-very-big","25":"owp-tabs-layout-horizontal"},"_links":{"self":[{"href":"https:\/\/www.jinpinlub.com\/es\/wp-json\/wp\/v2\/product\/3837","targetHints":{"allow":["GET"]}}],"collection":[{"href":"https:\/\/www.jinpinlub.com\/es\/wp-json\/wp\/v2\/product"}],"about":[{"href":"https:\/\/www.jinpinlub.com\/es\/wp-json\/wp\/v2\/types\/product"}],"wp:featuredmedia":[{"embeddable":true,"href":"https:\/\/www.jinpinlub.com\/es\/wp-json\/wp\/v2\/media\/3833"}],"wp:attachment":[{"href":"https:\/\/www.jinpinlub.com\/es\/wp-json\/wp\/v2\/media?parent=3837"}],"wp:term":[{"taxonomy":"product_brand","embeddable":true,"href":"https:\/\/www.jinpinlub.com\/es\/wp-json\/wp\/v2\/product_brand?post=3837"},{"taxonomy":"product_cat","embeddable":true,"href":"https:\/\/www.jinpinlub.com\/es\/wp-json\/wp\/v2\/product_cat?post=3837"},{"taxonomy":"product_tag","embeddable":true,"href":"https:\/\/www.jinpinlub.com\/es\/wp-json\/wp\/v2\/product_tag?post=3837"}],"curies":[{"name":"wp","href":"https:\/\/api.w.org\/{rel}","templated":true}]}}