{"id":3838,"date":"2024-11-01T03:13:38","date_gmt":"2024-10-31T19:13:38","guid":{"rendered":"https:\/\/www.jinpinlub.com\/?post_type=product&#038;p=3838"},"modified":"2024-11-01T03:36:26","modified_gmt":"2024-10-31T19:36:26","slug":"cepillo-de-aceite-de-nailon-con-base-para-lubricar-el-riel-guia-de-la-cadena","status":"publish","type":"product","link":"https:\/\/www.jinpinlub.com\/es\/product\/nylon-oil-brush-with-base-for-chain-guide-rail-lubrication\/","title":{"rendered":"Cepillo de aceite de nailon con base para lubricar el riel gu\u00eda de la cadena"},"content":{"rendered":"<h2>Caracter\u00edsticas<\/h2>\n<p>Para solucionar las deficiencias de la lubricaci\u00f3n manual de la cadena, recomendamos el uso de lubricaci\u00f3n autom\u00e1tica temporizada, combinada con cepillos de aceite para una buena lubricaci\u00f3n.<br \/>\n1. Prolongar la vida \u00fatil de la cadena.<br \/>\n2. Reducir el n\u00famero de tiempos de inactividad y tiempos de inactividad.<br \/>\n3. Reducir la p\u00e9rdida de energ\u00eda.<br \/>\n4. El cepillo de aceite puede reducir la p\u00e9rdida de aceite lubricante.<br \/>\n5. El cepillo de aceite puede absorber la vibraci\u00f3n y el impacto de la cadena y reducir el ruido.<br \/>\n6. Reducir la temperatura de la cadena de alta velocidad.<br \/>\n7. El cepillo de aceite elimina el polvo y las impurezas, etc., y forma mejor una pel\u00edcula de aceite para proteger la transmisi\u00f3n de la cadena.<br \/>\nLos tama\u00f1os comunes opcionales de cepillos de cadena son 30 mm, 45 mm, 60 mm y 80 mm.<\/p>\n<h2>Especificaci\u00f3n<\/h2>\n<figure id=\"attachment_3839\" aria-describedby=\"caption-attachment-3839\" style=\"width: 800px\" class=\"wp-caption alignnone\"><img loading=\"lazy\" decoding=\"async\" class=\"size-full wp-image-3839\" src=\"https:\/\/www.jinpinlub.com\/wp-content\/uploads\/2024\/11\/Nylon-oil-brush-5.jpg\" alt=\"Pincel de nailon para aceite (5)\" width=\"800\" height=\"326\" srcset=\"https:\/\/www.jinpinlub.com\/wp-content\/uploads\/2024\/11\/Nylon-oil-brush-5.jpg 800w, https:\/\/www.jinpinlub.com\/wp-content\/uploads\/2024\/11\/Nylon-oil-brush-5-300x122.jpg 300w, https:\/\/www.jinpinlub.com\/wp-content\/uploads\/2024\/11\/Nylon-oil-brush-5-768x313.jpg 768w, https:\/\/www.jinpinlub.com\/wp-content\/uploads\/2024\/11\/Nylon-oil-brush-5-18x7.jpg 18w\" sizes=\"auto, (max-width: 800px) 100vw, 800px\" \/><figcaption id=\"caption-attachment-3839\" class=\"wp-caption-text\">Pincel de nailon para aceite (5)<\/figcaption><\/figure>\n<table>\n<tbody>\n<tr>\n<td>Modelo<\/td>\n<td>Rosca hembra<\/td>\n<td>NO (g)<\/td>\n<\/tr>\n<tr>\n<td>OM408<\/td>\n<td>M8xP1.0<\/td>\n<td>11<\/td>\n<\/tr>\n<tr>\n<td>OM610<\/td>\n<td>M10xP1.0<\/td>\n<td>15<\/td>\n<\/tr>\n<tr>\n<td>OM601<\/td>\n<td>PT1\/8<\/td>\n<td>17<\/td>\n<\/tr>\n<tr>\n<td>OML601<\/td>\n<td>PT1\/8<\/td>\n<td>25<\/td>\n<\/tr>\n<tr>\n<td>OML401<\/td>\n<td>PT1\/8<\/td>\n<td>27<\/td>\n<\/tr>\n<\/tbody>\n<\/table>\n<h2>Solicitud<\/h2>\n<p>La aplicaci\u00f3n m\u00e1s utilizada de los cepillos del sistema de lubricaci\u00f3n autom\u00e1tica es la lubricaci\u00f3n de cadenas. Incluye principalmente cadenas transportadoras, cadenas de transmisi\u00f3n, cadenas profesionales especiales, cadenas de tracci\u00f3n, etc. La transmisi\u00f3n por cadena se utiliza ampliamente en el campo de la transmisi\u00f3n mec\u00e1nica. La mayor\u00eda de las cadenas tradicionales utilizan aceite lubricante y grasa de alta viscosidad, que se aplican manualmente a la superficie de la cadena. El sistema de lubricaci\u00f3n autom\u00e1tica de cadenas con cepillos de aceite puede solucionar la mayor\u00eda de las fallas de la cadena, como:<br \/>\nCuando el interior de la cadena no est\u00e1 completamente lubricado, es f\u00e1cil que se produzca desgaste y corrosi\u00f3n, provocando que la cadena se afloje o se doble.<br \/>\nCuando la cadena est\u00e1 en funcionamiento, la alta velocidad har\u00e1 que el aceite lubricante se desprenda de la superficie, provocando que la cadena pierda la protecci\u00f3n del aceite lubricante.<br \/>\nCuando la cadena est\u00e1 en funcionamiento, el ambiente es h\u00famedo o polvoriento, por lo que es probable que el polvo y otras impurezas entren en el interior de la cadena y provoquen desgaste y corrosi\u00f3n.<\/p>\n<h2>Manuales<\/h2>\n<div class=\"sdm_download_button_box_default\"><div class=\"sdm_download_link\"><a href=\"https:\/\/www.jinpinlub.com\/es\/?sdm_process_download=1&download_id=3171\" class=\"sdm_download white\" title=\"Privado: OM\/JD\/PKD\/PJD\/PJDB\" target=\"&quot;_blank&quot;\">Ver hoja de datos - OM\/JD\/PKD\/PJD\/PJDB<\/a><\/div><\/div>","protected":false},"excerpt":{"rendered":"<p>Los cepillos de aceite de nailon se utilizan en sistemas de lubricaci\u00f3n autom\u00e1tica, para la lubricaci\u00f3n de cadenas, lubricaci\u00f3n de rieles gu\u00eda, etc. No solo pueden proporcionar suficiente lubricaci\u00f3n por infiltraci\u00f3n a las piezas de lubricaci\u00f3n, sino que tambi\u00e9n eliminan impurezas como polvo y residuos adheridos a las piezas de lubricaci\u00f3n.<\/p>","protected":false},"featured_media":3842,"template":"","meta":{"ocean_post_layout":"","ocean_both_sidebars_style":"","ocean_both_sidebars_content_width":0,"ocean_both_sidebars_sidebars_width":0,"ocean_sidebar":"0","ocean_second_sidebar":"0","ocean_disable_margins":"enable","ocean_add_body_class":"","ocean_shortcode_before_top_bar":"","ocean_shortcode_after_top_bar":"","ocean_shortcode_before_header":"","ocean_shortcode_after_header":"","ocean_has_shortcode":"","ocean_shortcode_after_title":"","ocean_shortcode_before_footer_widgets":"","ocean_shortcode_after_footer_widgets":"","ocean_shortcode_before_footer_bottom":"","ocean_shortcode_after_footer_bottom":"","ocean_display_top_bar":"default","ocean_display_header":"default","ocean_header_style":"","ocean_center_header_left_menu":"0","ocean_custom_header_template":"0","ocean_custom_logo":0,"ocean_custom_retina_logo":0,"ocean_custom_logo_max_width":0,"ocean_custom_logo_tablet_max_width":0,"ocean_custom_logo_mobile_max_width":0,"ocean_custom_logo_max_height":0,"ocean_custom_logo_tablet_max_height":0,"ocean_custom_logo_mobile_max_height":0,"ocean_header_custom_menu":"0","ocean_menu_typo_font_family":"0","ocean_menu_typo_font_subset":"","ocean_menu_typo_font_size":0,"ocean_menu_typo_font_size_tablet":0,"ocean_menu_typo_font_size_mobile":0,"ocean_menu_typo_font_size_unit":"px","ocean_menu_typo_font_weight":"","ocean_menu_typo_font_weight_tablet":"","ocean_menu_typo_font_weight_mobile":"","ocean_menu_typo_transform":"","ocean_menu_typo_transform_tablet":"","ocean_menu_typo_transform_mobile":"","ocean_menu_typo_line_height":0,"ocean_menu_typo_line_height_tablet":0,"ocean_menu_typo_line_height_mobile":0,"ocean_menu_typo_line_height_unit":"","ocean_menu_typo_spacing":0,"ocean_menu_typo_spacing_tablet":0,"ocean_menu_typo_spacing_mobile":0,"ocean_menu_typo_spacing_unit":"","ocean_menu_link_color":"","ocean_menu_link_color_hover":"","ocean_menu_link_color_active":"","ocean_menu_link_background":"","ocean_menu_link_hover_background":"","ocean_menu_link_active_background":"","ocean_menu_social_links_bg":"","ocean_menu_social_hover_links_bg":"","ocean_menu_social_links_color":"","ocean_menu_social_hover_links_color":"","ocean_disable_title":"default","ocean_disable_heading":"default","ocean_post_title":"","ocean_post_subheading":"","ocean_post_title_style":"","ocean_post_title_background_color":"","ocean_post_title_background":0,"ocean_post_title_bg_image_position":"","ocean_post_title_bg_image_attachment":"","ocean_post_title_bg_image_repeat":"","ocean_post_title_bg_image_size":"","ocean_post_title_height":0,"ocean_post_title_bg_overlay":0.5,"ocean_post_title_bg_overlay_color":"","ocean_disable_breadcrumbs":"default","ocean_breadcrumbs_color":"","ocean_breadcrumbs_separator_color":"","ocean_breadcrumbs_links_color":"","ocean_breadcrumbs_links_hover_color":"","ocean_display_footer_widgets":"default","ocean_display_footer_bottom":"default","ocean_custom_footer_template":"0","osh_disable_topbar_sticky":"default","osh_disable_header_sticky":"default","osh_sticky_header_style":"default","osh_sticky_header_effect":"","osh_custom_sticky_logo":0,"osh_custom_retina_sticky_logo":0,"osh_custom_sticky_logo_height":0,"osh_background_color":"","osh_links_color":"","osh_links_hover_color":"","osh_links_active_color":"","osh_links_bg_color":"","osh_links_hover_bg_color":"","osh_links_active_bg_color":"","osh_menu_social_links_color":"","osh_menu_social_hover_links_color":""},"product_brand":[],"product_cat":[31],"product_tag":[339,342,343,341,340],"class_list":{"0":"post-3838","1":"product","2":"type-product","3":"status-publish","4":"has-post-thumbnail","6":"product_cat-lube-system-accessories","7":"product_tag-automatic-lubrication-brush","8":"product_tag-chain-lubricating-oil-brush","9":"product_tag-escalator-lubrication-brush","10":"product_tag-lubrication-system-brush","11":"product_tag-nylon-oil-brush","13":"entry","14":"has-media","16":"first","17":"instock","18":"shipping-taxable","19":"product-type-external","20":"col","21":"span_1_of_3","22":"owp-content-center","23":"owp-thumbs-layout-horizontal","24":"owp-btn-very-big","25":"owp-tabs-layout-horizontal"},"_links":{"self":[{"href":"https:\/\/www.jinpinlub.com\/es\/wp-json\/wp\/v2\/product\/3838","targetHints":{"allow":["GET"]}}],"collection":[{"href":"https:\/\/www.jinpinlub.com\/es\/wp-json\/wp\/v2\/product"}],"about":[{"href":"https:\/\/www.jinpinlub.com\/es\/wp-json\/wp\/v2\/types\/product"}],"wp:featuredmedia":[{"embeddable":true,"href":"https:\/\/www.jinpinlub.com\/es\/wp-json\/wp\/v2\/media\/3842"}],"wp:attachment":[{"href":"https:\/\/www.jinpinlub.com\/es\/wp-json\/wp\/v2\/media?parent=3838"}],"wp:term":[{"taxonomy":"product_brand","embeddable":true,"href":"https:\/\/www.jinpinlub.com\/es\/wp-json\/wp\/v2\/product_brand?post=3838"},{"taxonomy":"product_cat","embeddable":true,"href":"https:\/\/www.jinpinlub.com\/es\/wp-json\/wp\/v2\/product_cat?post=3838"},{"taxonomy":"product_tag","embeddable":true,"href":"https:\/\/www.jinpinlub.com\/es\/wp-json\/wp\/v2\/product_tag?post=3838"}],"curies":[{"name":"wp","href":"https:\/\/api.w.org\/{rel}","templated":true}]}}