{"id":3896,"date":"2024-11-28T21:44:02","date_gmt":"2024-11-28T13:44:02","guid":{"rendered":"https:\/\/www.jinpinlub.com\/?post_type=product&#038;p=3896"},"modified":"2024-12-01T03:27:08","modified_gmt":"2024-11-30T19:27:08","slug":"distribuidor-cuantitativo-de-alivio-de-presion-del-sistema-de-engrase-mg2k-2","status":"publish","type":"product","link":"https:\/\/www.jinpinlub.com\/es\/product\/mg2k-grease-system-pressure-relief-quantitative-distributor-2\/","title":{"rendered":"Distribuidor cuantitativo de alivio de presi\u00f3n del sistema de grasa MG2K"},"content":{"rendered":"<h2>Caracter\u00edstica<\/h2>\n<p>1. V\u00e1lvula dosificadora cuantitativa presurizada, de tipo de acci\u00f3n de presi\u00f3n directa.<br \/>\nEl aceite a presi\u00f3n suministrado por la bomba empuja el pist\u00f3n integrado en la v\u00e1lvula dosificadora para que se mueva, forzando as\u00ed a descargar el lubricante cuantitativo.<br \/>\nCuando la bomba deja de funcionar, el pist\u00f3n de la parte dosificadora se restablece bajo la acci\u00f3n de la fuerza del resorte, es decir, se almacena el lubricante cuantitativo.<br \/>\n2. Descarga precisa, la parte de medici\u00f3n se descarga solo una vez en un ciclo y la distancia entre ellos en el sistema, ya sea lejos, cerca, alto o bajo, instalaci\u00f3n horizontal o vertical, no tiene efecto en la descarga.<br \/>\n3. Descarga forzada, acci\u00f3n sensible. Se utilizan dos sellos para evitar que el agua descargada fluya hacia atr\u00e1s.<br \/>\n4. Las v\u00e1lvulas dosificadoras MG2K se pueden seleccionar en funci\u00f3n de las necesidades de cada punto de lubricaci\u00f3n y se pueden utilizar en combinaci\u00f3n con la uni\u00f3n MG2J, ya sea en serie o en paralelo.<br \/>\n5. Tipo de manguito: el tubo de nailon de \u03a64 debe combinarse con un casquillo de compresi\u00f3n PA4 y un manguito PB4. Tipo de conexi\u00f3n r\u00e1pida: se puede insertar un tubo de nailon de \u03a64.<br \/>\n6. Aplicable a grasas NLGI 000#, 00#, 0#, 1# y 2#.<\/p>\n<h2>Especificaci\u00f3n<\/h2>\n<table>\n<tbody>\n<tr>\n<td>Principio de funcionamiento<\/td>\n<td>V\u00e1lvula dosificadora de alivio de presi\u00f3n<\/td>\n<\/tr>\n<tr>\n<td>N\u00famero de puntos de venta<\/td>\n<td>1~12<\/td>\n<\/tr>\n<tr>\n<td>Cantidad de medici\u00f3n<\/td>\n<td>0,03, 0,05, 0,13, 0,20, 0,30, 0,50 ml\/ciclo<\/td>\n<\/tr>\n<tr>\n<td>Lubricante<\/td>\n<td>NLGI 000#, 00#, 0#, 1# y 2#<\/td>\n<\/tr>\n<tr>\n<td>Temperatura de funcionamiento<\/td>\n<td>-20 a +80 \u00b0C<\/td>\n<\/tr>\n<tr>\n<td>Presi\u00f3n de funcionamiento<\/td>\n<td>\u22652,5 MPa<\/td>\n<\/tr>\n<tr>\n<td>Material<\/td>\n<td>Aluminio+Cobre<\/td>\n<\/tr>\n<tr>\n<td>Toma de conexi\u00f3n<\/td>\n<td>Entrada M10x1\/Rc1\/8, Salida \u03a64(M8x1)<\/td>\n<\/tr>\n<tr>\n<td>Accesorios de salida<\/td>\n<td>Tipo de manga, tipo r\u00e1pido<\/td>\n<\/tr>\n<tr>\n<td>Posici\u00f3n de montaje<\/td>\n<td>Cualquier<\/td>\n<\/tr>\n<\/tbody>\n<\/table>\n<h2>Solicitud<\/h2>\n<p>MG2K se utiliza en las industrias de m\u00e1quinas herramienta para la lubricaci\u00f3n de m\u00e1quinas herramienta CNC, tornos, fresadoras, rectificadoras y m\u00e1s para garantizar una larga vida \u00fatil y eficiencia en el trabajo.<br \/>\nL\u00ednea de producci\u00f3n automatizada: MG2K en la l\u00ednea de producci\u00f3n automatizada para garantizar las necesidades de lubricaci\u00f3n del funcionamiento continuo y mejorar la eficiencia de la producci\u00f3n.<br \/>\nMaquinaria de ingenier\u00eda: como excavadoras, cargadoras y otros equipos de maquinaria pesada, reducen el desgaste del equipo y prolongan la vida \u00fatil.<br \/>\nMaquinaria textil: el MG2K se utiliza para lubricar equipos textiles, permiti\u00e9ndoles funcionar sin obst\u00e1culos.<\/p>\n<h2>Manuales<\/h2>\n<div class=\"sdm_download_button_box_default\"><div class=\"sdm_download_link\"><a href=\"https:\/\/www.jinpinlub.com\/es\/?sdm_process_download=1&download_id=3891\" class=\"sdm_download white\" title=\"Privado: MG2K Metering Valve\" target=\"&quot;_blank&quot;\">Ver Ficha T\u00e9cnica - Distribuidor MG2K<\/a><\/div><\/div>","protected":false},"excerpt":{"rendered":"<p>El distribuidor MG2K es adecuado para grasas NLGI 000#, 00#, 0#, 1# y 2#, y es compatible con una variedad de sistemas de lubricaci\u00f3n de l\u00ednea \u00fanica con alivio de presi\u00f3n. Consta de una v\u00e1lvula dosificadora y un conector, y los usuarios pueden combinar el distribuidor seg\u00fan sus necesidades.<\/p>","protected":false},"featured_media":3899,"template":"","meta":{"ocean_post_layout":"","ocean_both_sidebars_style":"","ocean_both_sidebars_content_width":0,"ocean_both_sidebars_sidebars_width":0,"ocean_sidebar":"0","ocean_second_sidebar":"0","ocean_disable_margins":"enable","ocean_add_body_class":"","ocean_shortcode_before_top_bar":"","ocean_shortcode_after_top_bar":"","ocean_shortcode_before_header":"","ocean_shortcode_after_header":"","ocean_has_shortcode":"","ocean_shortcode_after_title":"","ocean_shortcode_before_footer_widgets":"","ocean_shortcode_after_footer_widgets":"","ocean_shortcode_before_footer_bottom":"","ocean_shortcode_after_footer_bottom":"","ocean_display_top_bar":"default","ocean_display_header":"default","ocean_header_style":"","ocean_center_header_left_menu":"0","ocean_custom_header_template":"0","ocean_custom_logo":0,"ocean_custom_retina_logo":0,"ocean_custom_logo_max_width":0,"ocean_custom_logo_tablet_max_width":0,"ocean_custom_logo_mobile_max_width":0,"ocean_custom_logo_max_height":0,"ocean_custom_logo_tablet_max_height":0,"ocean_custom_logo_mobile_max_height":0,"ocean_header_custom_menu":"0","ocean_menu_typo_font_family":"0","ocean_menu_typo_font_subset":"","ocean_menu_typo_font_size":0,"ocean_menu_typo_font_size_tablet":0,"ocean_menu_typo_font_size_mobile":0,"ocean_menu_typo_font_size_unit":"px","ocean_menu_typo_font_weight":"","ocean_menu_typo_font_weight_tablet":"","ocean_menu_typo_font_weight_mobile":"","ocean_menu_typo_transform":"","ocean_menu_typo_transform_tablet":"","ocean_menu_typo_transform_mobile":"","ocean_menu_typo_line_height":0,"ocean_menu_typo_line_height_tablet":0,"ocean_menu_typo_line_height_mobile":0,"ocean_menu_typo_line_height_unit":"","ocean_menu_typo_spacing":0,"ocean_menu_typo_spacing_tablet":0,"ocean_menu_typo_spacing_mobile":0,"ocean_menu_typo_spacing_unit":"","ocean_menu_link_color":"","ocean_menu_link_color_hover":"","ocean_menu_link_color_active":"","ocean_menu_link_background":"","ocean_menu_link_hover_background":"","ocean_menu_link_active_background":"","ocean_menu_social_links_bg":"","ocean_menu_social_hover_links_bg":"","ocean_menu_social_links_color":"","ocean_menu_social_hover_links_color":"","ocean_disable_title":"default","ocean_disable_heading":"default","ocean_post_title":"","ocean_post_subheading":"","ocean_post_title_style":"","ocean_post_title_background_color":"","ocean_post_title_background":0,"ocean_post_title_bg_image_position":"","ocean_post_title_bg_image_attachment":"","ocean_post_title_bg_image_repeat":"","ocean_post_title_bg_image_size":"","ocean_post_title_height":0,"ocean_post_title_bg_overlay":0.5,"ocean_post_title_bg_overlay_color":"","ocean_disable_breadcrumbs":"default","ocean_breadcrumbs_color":"","ocean_breadcrumbs_separator_color":"","ocean_breadcrumbs_links_color":"","ocean_breadcrumbs_links_hover_color":"","ocean_display_footer_widgets":"default","ocean_display_footer_bottom":"default","ocean_custom_footer_template":"0","osh_disable_topbar_sticky":"default","osh_disable_header_sticky":"default","osh_sticky_header_style":"default","osh_sticky_header_effect":"","osh_custom_sticky_logo":0,"osh_custom_retina_sticky_logo":0,"osh_custom_sticky_logo_height":0,"osh_background_color":"","osh_links_color":"","osh_links_hover_color":"","osh_links_active_color":"","osh_links_bg_color":"","osh_links_hover_bg_color":"","osh_links_active_bg_color":"","osh_menu_social_links_color":"","osh_menu_social_hover_links_color":""},"product_brand":[],"product_cat":[40,37],"product_tag":[87,98,100,85,86],"class_list":{"0":"post-3896","1":"product","2":"type-product","3":"status-publish","4":"has-post-thumbnail","6":"product_cat-pressure-relief-metering-valves","7":"product_cat-single-line-grease-systems","8":"product_tag-grease-distributor","9":"product_tag-grease-metering-device","10":"product_tag-grease-metering-valve","11":"product_tag-pressure-relief-metering-valve","12":"product_tag-single-line-distributor","14":"entry","15":"has-media","17":"first","18":"instock","19":"shipping-taxable","20":"product-type-external","21":"col","22":"span_1_of_3","23":"owp-content-center","24":"owp-thumbs-layout-horizontal","25":"owp-btn-very-big","26":"owp-tabs-layout-horizontal"},"_links":{"self":[{"href":"https:\/\/www.jinpinlub.com\/es\/wp-json\/wp\/v2\/product\/3896","targetHints":{"allow":["GET"]}}],"collection":[{"href":"https:\/\/www.jinpinlub.com\/es\/wp-json\/wp\/v2\/product"}],"about":[{"href":"https:\/\/www.jinpinlub.com\/es\/wp-json\/wp\/v2\/types\/product"}],"wp:featuredmedia":[{"embeddable":true,"href":"https:\/\/www.jinpinlub.com\/es\/wp-json\/wp\/v2\/media\/3899"}],"wp:attachment":[{"href":"https:\/\/www.jinpinlub.com\/es\/wp-json\/wp\/v2\/media?parent=3896"}],"wp:term":[{"taxonomy":"product_brand","embeddable":true,"href":"https:\/\/www.jinpinlub.com\/es\/wp-json\/wp\/v2\/product_brand?post=3896"},{"taxonomy":"product_cat","embeddable":true,"href":"https:\/\/www.jinpinlub.com\/es\/wp-json\/wp\/v2\/product_cat?post=3896"},{"taxonomy":"product_tag","embeddable":true,"href":"https:\/\/www.jinpinlub.com\/es\/wp-json\/wp\/v2\/product_tag?post=3896"}],"curies":[{"name":"wp","href":"https:\/\/api.w.org\/{rel}","templated":true}]}}