{"id":3901,"date":"2024-11-29T00:49:30","date_gmt":"2024-11-28T16:49:30","guid":{"rendered":"https:\/\/www.jinpinlub.com\/?post_type=product&#038;p=3901"},"modified":"2024-12-01T03:27:01","modified_gmt":"2024-11-30T19:27:01","slug":"inyector-dosificador-mg2k-8-pdi-para-sistema-de-engrase-de-linea-unica","status":"publish","type":"product","link":"https:\/\/www.jinpinlub.com\/es\/product\/mg2k-8-pdi-metering-injector-for-single-line-grease-system\/","title":{"rendered":"Inyector dosificador PDI MG2K-8 para sistema de engrase de l\u00ednea \u00fanica"},"content":{"rendered":"<h2>Caracter\u00edstica<\/h2>\n<p><span id=\"input-sentence~0\">Combinaci\u00f3n: El distribuidor consta de una v\u00e1lvula dosificadora y una uni\u00f3n. Puede seleccionar la salida adecuada y ensamblarla en un distribuidor MG2K seg\u00fan sea necesario.<br \/>\nV\u00e1lvula Dosificadora: La v\u00e1lvula MG2 dosifica la grasa correctamente, manteniendo un suministro constante y econ\u00f3mico.<\/span><span id=\"input-sentence~1\"><br \/>\nBoquillas de engrase: <span id=\"input-sentence~0\">MG2K <\/span>Es capaz de engrasar de 1 a 12 puntos m\u00faltiples con una sola operaci\u00f3n de una bomba de grasa.<br \/>\nMaterial: El cuerpo normalmente es de lat\u00f3n para hacerlo fuerte y resistente a la corrosi\u00f3n.<br \/>\nPresi\u00f3n de funcionamiento: Rango de presi\u00f3n de funcionamiento de 2,5 MPa con una presi\u00f3n de reinicio de 1,4 MPa.<br \/>\nVolumen de descarga: Disponible en varios vol\u00famenes de descarga, como 0,03, 0,05, 0,1, 0,2, 0,3 y 0,5 ml\/ciclo.<\/span><\/p>\n<h2>Especificaci\u00f3n<\/h2>\n<table>\n<tbody>\n<tr>\n<td>Principio de funcionamiento<\/td>\n<td>V\u00e1lvula dosificadora de alivio de presi\u00f3n<\/td>\n<\/tr>\n<tr>\n<td>N\u00famero de puntos de venta<\/td>\n<td>1~12<\/td>\n<\/tr>\n<tr>\n<td>Cantidad de medici\u00f3n<\/td>\n<td>0,03, 0,05, 0,13, 0,20, 0,30, 0,50 ml\/ciclo<\/td>\n<\/tr>\n<tr>\n<td>Lubricante<\/td>\n<td>NLGI 000#, 00#, 0#, 1# y 2#<\/td>\n<\/tr>\n<tr>\n<td>Temperatura de funcionamiento<\/td>\n<td>-20 a +80 \u00b0C<\/td>\n<\/tr>\n<tr>\n<td>Presi\u00f3n de funcionamiento<\/td>\n<td>\u22652,5 MPa<\/td>\n<\/tr>\n<tr>\n<td>Material<\/td>\n<td>Aluminio+Cobre<\/td>\n<\/tr>\n<tr>\n<td>Toma de conexi\u00f3n<\/td>\n<td>Entrada M10x1\/Rc1\/8, Salida \u03a64(M8x1)<\/td>\n<\/tr>\n<tr>\n<td>Accesorios de salida<\/td>\n<td>Tipo de manga, tipo r\u00e1pido<\/td>\n<\/tr>\n<tr>\n<td>Posici\u00f3n de montaje<\/td>\n<td>Cualquier<\/td>\n<\/tr>\n<\/tbody>\n<\/table>\n<h2>Instalaci\u00f3n<\/h2>\n<p>Preparaci\u00f3n:<br \/>\nRe\u00fana herramientas y materiales, incluida una v\u00e1lvula, engrasadores, accesorios y el tipo de grasa adecuado.<br \/>\nPosicionamiento:<br \/>\nIndique d\u00f3nde se instalar\u00e1 la v\u00e1lvula dosificadora. Debe ser un \u00e1rea de f\u00e1cil acceso para fines de mantenimiento y operaci\u00f3n.<br \/>\nConexi\u00f3n de accesorios:<br \/>\nConecte los accesorios a la v\u00e1lvula dosificadora y a las l\u00edneas de grasa. Aseg\u00farese de que todos est\u00e9n correctamente acoplados para evitar fugas.<br \/>\nPrueba del sistema:<br \/>\nInstale la v\u00e1lvula y las boquillas y luego pruebe el sistema utilizando la pistola de engrase. Verifique que el sistema no presente fugas ni un flujo de grasa inadecuado.<br \/>\nAjustes finales:<br \/>\nCompruebe que todos los componentes funcionen correctamente y que el sistema de lubricaci\u00f3n suministre grasa seg\u00fan lo previsto.<\/p>\n<h2>Manuales<\/h2>\n<div class=\"sdm_download_button_box_default\"><div class=\"sdm_download_link\"><a href=\"https:\/\/www.jinpinlub.com\/es\/?sdm_process_download=1&download_id=3891\" class=\"sdm_download white\" title=\"Privado: MG2K Metering Valve\" target=\"&quot;_blank&quot;\">Ver Ficha T\u00e9cnica - Distribuidor MG2K<\/a><\/div><\/div>","protected":false},"excerpt":{"rendered":"<p>El distribuidor de grasa PDI MG2K es parte de un sistema de lubricaci\u00f3n de grasa de l\u00ednea \u00fanica con alivio de presi\u00f3n. Cada salida se puede ensamblar seg\u00fan las necesidades reales. El conjunto est\u00e1 ensamblado a partir de v\u00e1lvulas dosificadoras de lat\u00f3n y una uni\u00f3n de aluminio, que es duradera y precisa en la salida.<\/p>","protected":false},"featured_media":3904,"template":"","meta":{"ocean_post_layout":"","ocean_both_sidebars_style":"","ocean_both_sidebars_content_width":0,"ocean_both_sidebars_sidebars_width":0,"ocean_sidebar":"0","ocean_second_sidebar":"0","ocean_disable_margins":"enable","ocean_add_body_class":"","ocean_shortcode_before_top_bar":"","ocean_shortcode_after_top_bar":"","ocean_shortcode_before_header":"","ocean_shortcode_after_header":"","ocean_has_shortcode":"","ocean_shortcode_after_title":"","ocean_shortcode_before_footer_widgets":"","ocean_shortcode_after_footer_widgets":"","ocean_shortcode_before_footer_bottom":"","ocean_shortcode_after_footer_bottom":"","ocean_display_top_bar":"default","ocean_display_header":"default","ocean_header_style":"","ocean_center_header_left_menu":"0","ocean_custom_header_template":"0","ocean_custom_logo":0,"ocean_custom_retina_logo":0,"ocean_custom_logo_max_width":0,"ocean_custom_logo_tablet_max_width":0,"ocean_custom_logo_mobile_max_width":0,"ocean_custom_logo_max_height":0,"ocean_custom_logo_tablet_max_height":0,"ocean_custom_logo_mobile_max_height":0,"ocean_header_custom_menu":"0","ocean_menu_typo_font_family":"0","ocean_menu_typo_font_subset":"","ocean_menu_typo_font_size":0,"ocean_menu_typo_font_size_tablet":0,"ocean_menu_typo_font_size_mobile":0,"ocean_menu_typo_font_size_unit":"px","ocean_menu_typo_font_weight":"","ocean_menu_typo_font_weight_tablet":"","ocean_menu_typo_font_weight_mobile":"","ocean_menu_typo_transform":"","ocean_menu_typo_transform_tablet":"","ocean_menu_typo_transform_mobile":"","ocean_menu_typo_line_height":0,"ocean_menu_typo_line_height_tablet":0,"ocean_menu_typo_line_height_mobile":0,"ocean_menu_typo_line_height_unit":"","ocean_menu_typo_spacing":0,"ocean_menu_typo_spacing_tablet":0,"ocean_menu_typo_spacing_mobile":0,"ocean_menu_typo_spacing_unit":"","ocean_menu_link_color":"","ocean_menu_link_color_hover":"","ocean_menu_link_color_active":"","ocean_menu_link_background":"","ocean_menu_link_hover_background":"","ocean_menu_link_active_background":"","ocean_menu_social_links_bg":"","ocean_menu_social_hover_links_bg":"","ocean_menu_social_links_color":"","ocean_menu_social_hover_links_color":"","ocean_disable_title":"default","ocean_disable_heading":"default","ocean_post_title":"","ocean_post_subheading":"","ocean_post_title_style":"","ocean_post_title_background_color":"","ocean_post_title_background":0,"ocean_post_title_bg_image_position":"","ocean_post_title_bg_image_attachment":"","ocean_post_title_bg_image_repeat":"","ocean_post_title_bg_image_size":"","ocean_post_title_height":0,"ocean_post_title_bg_overlay":0.5,"ocean_post_title_bg_overlay_color":"","ocean_disable_breadcrumbs":"default","ocean_breadcrumbs_color":"","ocean_breadcrumbs_separator_color":"","ocean_breadcrumbs_links_color":"","ocean_breadcrumbs_links_hover_color":"","ocean_display_footer_widgets":"default","ocean_display_footer_bottom":"default","ocean_custom_footer_template":"0","osh_disable_topbar_sticky":"default","osh_disable_header_sticky":"default","osh_sticky_header_style":"default","osh_sticky_header_effect":"","osh_custom_sticky_logo":0,"osh_custom_retina_sticky_logo":0,"osh_custom_sticky_logo_height":0,"osh_background_color":"","osh_links_color":"","osh_links_hover_color":"","osh_links_active_color":"","osh_links_bg_color":"","osh_links_hover_bg_color":"","osh_links_active_bg_color":"","osh_menu_social_links_color":"","osh_menu_social_hover_links_color":""},"product_brand":[],"product_cat":[40,37],"product_tag":[87,98,100,85,360],"class_list":{"0":"post-3901","1":"product","2":"type-product","3":"status-publish","4":"has-post-thumbnail","6":"product_cat-pressure-relief-metering-valves","7":"product_cat-single-line-grease-systems","8":"product_tag-grease-distributor","9":"product_tag-grease-metering-device","10":"product_tag-grease-metering-valve","11":"product_tag-pressure-relief-metering-valve","12":"product_tag-pressurized-injector","14":"entry","15":"has-media","17":"first","18":"instock","19":"shipping-taxable","20":"product-type-external","21":"col","22":"span_1_of_3","23":"owp-content-center","24":"owp-thumbs-layout-horizontal","25":"owp-btn-very-big","26":"owp-tabs-layout-horizontal"},"_links":{"self":[{"href":"https:\/\/www.jinpinlub.com\/es\/wp-json\/wp\/v2\/product\/3901","targetHints":{"allow":["GET"]}}],"collection":[{"href":"https:\/\/www.jinpinlub.com\/es\/wp-json\/wp\/v2\/product"}],"about":[{"href":"https:\/\/www.jinpinlub.com\/es\/wp-json\/wp\/v2\/types\/product"}],"wp:featuredmedia":[{"embeddable":true,"href":"https:\/\/www.jinpinlub.com\/es\/wp-json\/wp\/v2\/media\/3904"}],"wp:attachment":[{"href":"https:\/\/www.jinpinlub.com\/es\/wp-json\/wp\/v2\/media?parent=3901"}],"wp:term":[{"taxonomy":"product_brand","embeddable":true,"href":"https:\/\/www.jinpinlub.com\/es\/wp-json\/wp\/v2\/product_brand?post=3901"},{"taxonomy":"product_cat","embeddable":true,"href":"https:\/\/www.jinpinlub.com\/es\/wp-json\/wp\/v2\/product_cat?post=3901"},{"taxonomy":"product_tag","embeddable":true,"href":"https:\/\/www.jinpinlub.com\/es\/wp-json\/wp\/v2\/product_tag?post=3901"}],"curies":[{"name":"wp","href":"https:\/\/api.w.org\/{rel}","templated":true}]}}