{"id":3906,"date":"2024-11-29T15:26:22","date_gmt":"2024-11-29T07:26:22","guid":{"rendered":"https:\/\/www.jinpinlub.com\/?post_type=product&#038;p=3906"},"modified":"2024-12-01T03:26:54","modified_gmt":"2024-11-30T19:26:54","slug":"valvulas-dosificadoras-para-inyectores-de-grasa-presurizados-mgk-serie-mg","status":"publish","type":"product","link":"https:\/\/www.jinpinlub.com\/es\/product\/mgk-pressurized-grease-injector-metering-valves-series-mg\/","title":{"rendered":"V\u00e1lvulas dosificadoras de inyectores de grasa presurizados MGK Serie MG"},"content":{"rendered":"<h2>Caracter\u00edstica<\/h2>\n<p>Control preciso de lubricaci\u00f3n: Las v\u00e1lvulas de distribuci\u00f3n brindan precisi\u00f3n en el volumen de descarga en un rango de 0,03 ml a 0,5 ml para una buena lubricaci\u00f3n.<br \/>\nM\u00e9todos de Conexi\u00f3n: Las v\u00e1lvulas de distribuci\u00f3n se ofrecen con diferentes m\u00e9todos de conexi\u00f3n: buje, tuerca, conexiones one touch, entre otras, que se adaptan f\u00e1cilmente a la configuraci\u00f3n en la que se est\u00e9 trabajando.<br \/>\nMaterial duradero: Los cuerpos de las v\u00e1lvulas son de lat\u00f3n para hacerlos fuertes y no corrosivos.<br \/>\nAlta presi\u00f3n de trabajo: Las v\u00e1lvulas de distribuci\u00f3n pueden soportar una presi\u00f3n de trabajo de al menos 1,2 MPa; por lo tanto, son adecuadas para aplicaciones de alta presi\u00f3n.<br \/>\nPresi\u00f3n de retorno baja: la presi\u00f3n de retorno es de 0,5 MPa, lo que contribuye a la eficacia del sistema.<br \/>\nDise\u00f1o compacto: Las dimensiones var\u00edan para adaptarse a diversas maquinarias y equipos.<\/p>\n<h2>Especificaci\u00f3n<\/h2>\n<table>\n<tbody>\n<tr>\n<td>Principio de funcionamiento<\/td>\n<td>V\u00e1lvula dosificadora de alivio de presi\u00f3n<\/td>\n<\/tr>\n<tr>\n<td>N\u00famero de puntos de venta<\/td>\n<td>1~12<\/td>\n<\/tr>\n<tr>\n<td>Cantidad de medici\u00f3n<\/td>\n<td>0,03, 0,05, 0,13, 0,20, 0,30, 0,50 ml\/ciclo<\/td>\n<\/tr>\n<tr>\n<td>Lubricante<\/td>\n<td>Grasa NLGI 000#, 00#.<\/td>\n<\/tr>\n<tr>\n<td>Temperatura de funcionamiento<\/td>\n<td>-20 a +80 \u00b0C<\/td>\n<\/tr>\n<tr>\n<td>Presi\u00f3n de funcionamiento<\/td>\n<td>0,5 ~ 1,5 MPa<\/td>\n<\/tr>\n<tr>\n<td>Material<\/td>\n<td>Cobre, aluminio<\/td>\n<\/tr>\n<tr>\n<td>Toma de conexi\u00f3n<\/td>\n<td>Entrada Rc1\/8, Salida \u03a64(Rc1\/8)<\/td>\n<\/tr>\n<tr>\n<td>Accesorios de salida<\/td>\n<td>Tipo de manga, tipo r\u00e1pido<\/td>\n<\/tr>\n<tr>\n<td>Posici\u00f3n de montaje<\/td>\n<td>Cualquier<\/td>\n<\/tr>\n<\/tbody>\n<\/table>\n<h2>Soluci\u00f3n de problemas<\/h2>\n<p>Compruebe si hay obstrucciones: aseg\u00farese de que no haya obstrucciones en la v\u00e1lvula dosificadora ni en las tuber\u00edas. Limpie cualquier part\u00edcula o acumulaci\u00f3n que pueda estar obstruyendo el deslizamiento.<br \/>\nVerifique las conexiones: aseg\u00farese de que todas las conexiones est\u00e9n seguras y que no haya fugas. Las conexiones flojas o defectuosas pueden afectar el rendimiento de la v\u00e1lvula dosificadora.<br \/>\nInspeccione si hay desgaste: examine la v\u00e1lvula dosificadora para detectar cualquier s\u00edntoma de desgaste, corrosi\u00f3n o da\u00f1o. Reemplace los componentes desgastados seg\u00fan sea necesario.<br \/>\nControle los niveles de presi\u00f3n: aseg\u00farese de que la tensi\u00f3n de funcionamiento y la tensi\u00f3n de retorno se encuentren dentro de los l\u00edmites establecidos. Los niveles de tensi\u00f3n incorrectos pueden causar problemas de lubricaci\u00f3n.<br \/>\nLubricaci\u00f3n: Lubrique peri\u00f3dicamente la v\u00e1lvula dosificadora para garantizar un funcionamiento sencillo y evitar que se atasque.<\/p>\n<h2>Manuales<\/h2>\n<div class=\"sdm_download_button_box_default\"><div class=\"sdm_download_link\"><a href=\"https:\/\/www.jinpinlub.com\/es\/?sdm_process_download=1&download_id=2470\" class=\"sdm_download white\" title=\"Privado: MGK Metering Valve\" target=\"&quot;_blank&quot;\">Ver hoja de datos - V\u00e1lvula dosificadora MGK<\/a><\/div><\/div>","protected":false},"excerpt":{"rendered":"<p>La serie de v\u00e1lvulas dosificadoras MGK forma parte de un sistema de lubricaci\u00f3n con grasa de l\u00ednea \u00fanica con alivio de presi\u00f3n. Estas v\u00e1lvulas de distribuci\u00f3n est\u00e1n dise\u00f1adas para proporcionar un control de lubricaci\u00f3n preciso para una variedad de aplicaciones industriales. Son precisas en la salida, flexibles en el montaje, estables y duraderas.<\/p>","protected":false},"featured_media":3907,"template":"","meta":{"ocean_post_layout":"","ocean_both_sidebars_style":"","ocean_both_sidebars_content_width":0,"ocean_both_sidebars_sidebars_width":0,"ocean_sidebar":"0","ocean_second_sidebar":"0","ocean_disable_margins":"enable","ocean_add_body_class":"","ocean_shortcode_before_top_bar":"","ocean_shortcode_after_top_bar":"","ocean_shortcode_before_header":"","ocean_shortcode_after_header":"","ocean_has_shortcode":"","ocean_shortcode_after_title":"","ocean_shortcode_before_footer_widgets":"","ocean_shortcode_after_footer_widgets":"","ocean_shortcode_before_footer_bottom":"","ocean_shortcode_after_footer_bottom":"","ocean_display_top_bar":"default","ocean_display_header":"default","ocean_header_style":"","ocean_center_header_left_menu":"0","ocean_custom_header_template":"0","ocean_custom_logo":0,"ocean_custom_retina_logo":0,"ocean_custom_logo_max_width":0,"ocean_custom_logo_tablet_max_width":0,"ocean_custom_logo_mobile_max_width":0,"ocean_custom_logo_max_height":0,"ocean_custom_logo_tablet_max_height":0,"ocean_custom_logo_mobile_max_height":0,"ocean_header_custom_menu":"0","ocean_menu_typo_font_family":"0","ocean_menu_typo_font_subset":"","ocean_menu_typo_font_size":0,"ocean_menu_typo_font_size_tablet":0,"ocean_menu_typo_font_size_mobile":0,"ocean_menu_typo_font_size_unit":"px","ocean_menu_typo_font_weight":"","ocean_menu_typo_font_weight_tablet":"","ocean_menu_typo_font_weight_mobile":"","ocean_menu_typo_transform":"","ocean_menu_typo_transform_tablet":"","ocean_menu_typo_transform_mobile":"","ocean_menu_typo_line_height":0,"ocean_menu_typo_line_height_tablet":0,"ocean_menu_typo_line_height_mobile":0,"ocean_menu_typo_line_height_unit":"","ocean_menu_typo_spacing":0,"ocean_menu_typo_spacing_tablet":0,"ocean_menu_typo_spacing_mobile":0,"ocean_menu_typo_spacing_unit":"","ocean_menu_link_color":"","ocean_menu_link_color_hover":"","ocean_menu_link_color_active":"","ocean_menu_link_background":"","ocean_menu_link_hover_background":"","ocean_menu_link_active_background":"","ocean_menu_social_links_bg":"","ocean_menu_social_hover_links_bg":"","ocean_menu_social_links_color":"","ocean_menu_social_hover_links_color":"","ocean_disable_title":"default","ocean_disable_heading":"default","ocean_post_title":"","ocean_post_subheading":"","ocean_post_title_style":"","ocean_post_title_background_color":"","ocean_post_title_background":0,"ocean_post_title_bg_image_position":"","ocean_post_title_bg_image_attachment":"","ocean_post_title_bg_image_repeat":"","ocean_post_title_bg_image_size":"","ocean_post_title_height":0,"ocean_post_title_bg_overlay":0.5,"ocean_post_title_bg_overlay_color":"","ocean_disable_breadcrumbs":"default","ocean_breadcrumbs_color":"","ocean_breadcrumbs_separator_color":"","ocean_breadcrumbs_links_color":"","ocean_breadcrumbs_links_hover_color":"","ocean_display_footer_widgets":"default","ocean_display_footer_bottom":"default","ocean_custom_footer_template":"0","osh_disable_topbar_sticky":"default","osh_disable_header_sticky":"default","osh_sticky_header_style":"default","osh_sticky_header_effect":"","osh_custom_sticky_logo":0,"osh_custom_retina_sticky_logo":0,"osh_custom_sticky_logo_height":0,"osh_background_color":"","osh_links_color":"","osh_links_hover_color":"","osh_links_active_color":"","osh_links_bg_color":"","osh_links_hover_bg_color":"","osh_links_active_bg_color":"","osh_menu_social_links_color":"","osh_menu_social_hover_links_color":""},"product_brand":[],"product_cat":[40,37],"product_tag":[87,97,361,85,86],"class_list":{"0":"post-3906","1":"product","2":"type-product","3":"status-publish","4":"has-post-thumbnail","6":"product_cat-pressure-relief-metering-valves","7":"product_cat-single-line-grease-systems","8":"product_tag-grease-distributor","9":"product_tag-grease-injector","10":"product_tag-metering-valves","11":"product_tag-pressure-relief-metering-valve","12":"product_tag-single-line-distributor","14":"entry","15":"has-media","17":"first","18":"instock","19":"shipping-taxable","20":"product-type-external","21":"col","22":"span_1_of_3","23":"owp-content-center","24":"owp-thumbs-layout-horizontal","25":"owp-btn-very-big","26":"owp-tabs-layout-horizontal"},"_links":{"self":[{"href":"https:\/\/www.jinpinlub.com\/es\/wp-json\/wp\/v2\/product\/3906","targetHints":{"allow":["GET"]}}],"collection":[{"href":"https:\/\/www.jinpinlub.com\/es\/wp-json\/wp\/v2\/product"}],"about":[{"href":"https:\/\/www.jinpinlub.com\/es\/wp-json\/wp\/v2\/types\/product"}],"wp:featuredmedia":[{"embeddable":true,"href":"https:\/\/www.jinpinlub.com\/es\/wp-json\/wp\/v2\/media\/3907"}],"wp:attachment":[{"href":"https:\/\/www.jinpinlub.com\/es\/wp-json\/wp\/v2\/media?parent=3906"}],"wp:term":[{"taxonomy":"product_brand","embeddable":true,"href":"https:\/\/www.jinpinlub.com\/es\/wp-json\/wp\/v2\/product_brand?post=3906"},{"taxonomy":"product_cat","embeddable":true,"href":"https:\/\/www.jinpinlub.com\/es\/wp-json\/wp\/v2\/product_cat?post=3906"},{"taxonomy":"product_tag","embeddable":true,"href":"https:\/\/www.jinpinlub.com\/es\/wp-json\/wp\/v2\/product_tag?post=3906"}],"curies":[{"name":"wp","href":"https:\/\/api.w.org\/{rel}","templated":true}]}}