{"id":3930,"date":"2024-11-30T03:21:08","date_gmt":"2024-11-29T19:21:08","guid":{"rendered":"https:\/\/www.jinpinlub.com\/?post_type=product&#038;p=3930"},"modified":"2024-12-01T03:28:50","modified_gmt":"2024-11-30T19:28:50","slug":"valvulas-dosificadoras-de-aceite-por-inyeccion-de-desplazamiento-positivo-mok-6","status":"publish","type":"product","link":"https:\/\/www.jinpinlub.com\/es\/product\/mok-6-positive-displacement-injection-oil-metering-valves\/","title":{"rendered":"V\u00e1lvulas dosificadoras de aceite por inyecci\u00f3n de desplazamiento positivo MOK-6"},"content":{"rendered":"<h2>Caracter\u00edstica<\/h2>\n<p>1. La v\u00e1lvula dosificadora presurizada (volum\u00e9trica) es del tipo de acci\u00f3n de presi\u00f3n directa.<br \/>\nEl aceite a presi\u00f3n suministrado por la bomba de lubricaci\u00f3n empuja el pist\u00f3n integrado en la v\u00e1lvula dosificadora para que se mueva y obligue a que se descargue el aceite cuantitativo. Cuando la bomba de lubricaci\u00f3n deja de funcionar, el pist\u00f3n de la parte dosificadora se restablece bajo la acci\u00f3n de la fuerza del resorte, es decir, se lleva a cabo la dosificaci\u00f3n y el almacenamiento del aceite cuantitativo.<br \/>\n2. La v\u00e1lvula dosificadora tiene una descarga de aceite precisa y la parte dosificadora solo descarga aceite una vez en un ciclo de suministro de aceite. La distancia entre las v\u00e1lvulas dosificadoras en el sistema de lubricaci\u00f3n es lejana, cercana, alta, baja y de instalaci\u00f3n horizontal o vertical. No tiene ning\u00fan efecto sobre su desplazamiento.<br \/>\n3. La v\u00e1lvula dosificadora es sensible y utiliza dos sellos para evitar que el aceite descargado fluya hacia atr\u00e1s.<br \/>\n4. La v\u00e1lvula dosificadora y la uni\u00f3n son estructuras divididas. Seg\u00fan el aceite requerido por cada punto de lubricaci\u00f3n, se puede seleccionar la v\u00e1lvula dosificadora correspondiente a voluntad y combinarla con la uni\u00f3n MOJ (est\u00e1n disponibles combinaciones en serie y en paralelo).<br \/>\n5. El di\u00e1metro de salida de la v\u00e1lvula dosificadora es \u03a64 y hay dos formas de conectarla.<br \/>\nTipo de manguito de tarjeta: el tubo debe usarse en combinaci\u00f3n con el buje de compresi\u00f3n PA4 y el manguito PB4.<br \/>\nTipo de inserci\u00f3n r\u00e1pida: inserte directamente el tubo \u03a64.<\/p>\n<h2>Especificaci\u00f3n<\/h2>\n<table>\n<tbody>\n<tr>\n<td>Principio de funcionamiento<\/td>\n<td>V\u00e1lvula dosificadora de alivio de presi\u00f3n<\/td>\n<\/tr>\n<tr>\n<td>N\u00famero de puntos de venta<\/td>\n<td>1~12<\/td>\n<\/tr>\n<tr>\n<td>Cantidad de medici\u00f3n<\/td>\n<td>0,03, 0,05, 0,13, 0,20, 0,30, 0,50 ml\/ciclo<\/td>\n<\/tr>\n<tr>\n<td>Lubricante<\/td>\n<td>15-90 CSt a 40 \u2103<\/td>\n<\/tr>\n<tr>\n<td>Temperatura de funcionamiento<\/td>\n<td>-20 a +80 \u00b0C<\/td>\n<\/tr>\n<tr>\n<td>Presi\u00f3n de funcionamiento<\/td>\n<td>M\u00ednimo 1,0 MPa<\/td>\n<\/tr>\n<tr>\n<td>Material<\/td>\n<td>Cobre, aluminio<\/td>\n<\/tr>\n<tr>\n<td>Toma de conexi\u00f3n<\/td>\n<td>Entrada Rc1\/8, Salida \u03a64(Rc1\/8)<\/td>\n<\/tr>\n<tr>\n<td>Accesorios de salida<\/td>\n<td>Tipo de manga, tipo r\u00e1pido<\/td>\n<\/tr>\n<tr>\n<td>Posici\u00f3n de montaje<\/td>\n<td>Cualquier<\/td>\n<\/tr>\n<\/tbody>\n<\/table>\n<h2>Solicitud<\/h2>\n<p><span id=\"input-sentence~0\">Maquinaria industrial<br \/>\nM\u00e1quinas CNC: Lubrica piezas m\u00f3viles cr\u00edticas para garantizar un funcionamiento suave.<br \/>\nTransportadores: Lubrica cojinetes y rodillos para reducir la fricci\u00f3n y el desgaste.<br \/>\nM\u00e1quinas textiles: Mantiene los componentes, como husillos y engranajes, funcionando sin problemas.<br \/>\nAutomotor<br \/>\nMotores: Suministra la cantidad exacta de aceite a las diferentes partes del motor, mejorando el rendimiento y la durabilidad.<\/span><span id=\"input-sentence~1\"><br \/>\nLubricaci\u00f3n del chasis: permite un movimiento suave de la suspensi\u00f3n y la direcci\u00f3n.<br \/>\nFabricaci\u00f3n<br \/>\nBrazos rob\u00f3ticos: Se proporciona lubricaci\u00f3n a las articulaciones y partes m\u00f3viles para un movimiento suave y preciso.<br \/>\nEquipos de embalaje: Proporciona lubricaci\u00f3n a engranajes y otros elementos mec\u00e1nicos para mantener la eficiencia.<br \/>\nMaquinaria pesada<br \/>\nMaquinaria de construcci\u00f3n: Los sistemas hidr\u00e1ulicos y otros componentes vitales de la maquinaria de construcci\u00f3n se mantienen bien lubricados.<br \/>\nEquipo agr\u00edcola: Los engranajes, cadenas y otras piezas m\u00f3viles est\u00e1n lubricados para reducir el desgaste.<\/span><\/p>\n<h2>Manuales<\/h2>\n<div class=\"sdm_download_button_box_default\"><div class=\"sdm_download_link\"><a href=\"https:\/\/www.jinpinlub.com\/es\/?sdm_process_download=1&download_id=3886\" class=\"sdm_download white\" title=\"Privado: MOK Metering Valve\" target=\"&quot;_blank&quot;\">Ver hoja de datos - V\u00e1lvula dosificadora MOK<\/a><\/div><\/div>","protected":false},"excerpt":{"rendered":"<p>El distribuidor cuantitativo de aceite presurizado MOK es una v\u00e1lvula dosificadora volum\u00e9trica de aceite fino dise\u00f1ada para sistemas de lubricaci\u00f3n centralizada de desplazamiento positivo. Sus principales caracter\u00edsticas son la salida precisa de aceite, el caudal personalizable y la resistencia a la corrosi\u00f3n.<\/p>","protected":false},"featured_media":3933,"template":"","meta":{"ocean_post_layout":"","ocean_both_sidebars_style":"","ocean_both_sidebars_content_width":0,"ocean_both_sidebars_sidebars_width":0,"ocean_sidebar":"0","ocean_second_sidebar":"0","ocean_disable_margins":"enable","ocean_add_body_class":"","ocean_shortcode_before_top_bar":"","ocean_shortcode_after_top_bar":"","ocean_shortcode_before_header":"","ocean_shortcode_after_header":"","ocean_has_shortcode":"","ocean_shortcode_after_title":"","ocean_shortcode_before_footer_widgets":"","ocean_shortcode_after_footer_widgets":"","ocean_shortcode_before_footer_bottom":"","ocean_shortcode_after_footer_bottom":"","ocean_display_top_bar":"default","ocean_display_header":"default","ocean_header_style":"","ocean_center_header_left_menu":"0","ocean_custom_header_template":"0","ocean_custom_logo":0,"ocean_custom_retina_logo":0,"ocean_custom_logo_max_width":0,"ocean_custom_logo_tablet_max_width":0,"ocean_custom_logo_mobile_max_width":0,"ocean_custom_logo_max_height":0,"ocean_custom_logo_tablet_max_height":0,"ocean_custom_logo_mobile_max_height":0,"ocean_header_custom_menu":"0","ocean_menu_typo_font_family":"0","ocean_menu_typo_font_subset":"","ocean_menu_typo_font_size":0,"ocean_menu_typo_font_size_tablet":0,"ocean_menu_typo_font_size_mobile":0,"ocean_menu_typo_font_size_unit":"px","ocean_menu_typo_font_weight":"","ocean_menu_typo_font_weight_tablet":"","ocean_menu_typo_font_weight_mobile":"","ocean_menu_typo_transform":"","ocean_menu_typo_transform_tablet":"","ocean_menu_typo_transform_mobile":"","ocean_menu_typo_line_height":0,"ocean_menu_typo_line_height_tablet":0,"ocean_menu_typo_line_height_mobile":0,"ocean_menu_typo_line_height_unit":"","ocean_menu_typo_spacing":0,"ocean_menu_typo_spacing_tablet":0,"ocean_menu_typo_spacing_mobile":0,"ocean_menu_typo_spacing_unit":"","ocean_menu_link_color":"","ocean_menu_link_color_hover":"","ocean_menu_link_color_active":"","ocean_menu_link_background":"","ocean_menu_link_hover_background":"","ocean_menu_link_active_background":"","ocean_menu_social_links_bg":"","ocean_menu_social_hover_links_bg":"","ocean_menu_social_links_color":"","ocean_menu_social_hover_links_color":"","ocean_disable_title":"default","ocean_disable_heading":"default","ocean_post_title":"","ocean_post_subheading":"","ocean_post_title_style":"","ocean_post_title_background_color":"","ocean_post_title_background":0,"ocean_post_title_bg_image_position":"","ocean_post_title_bg_image_attachment":"","ocean_post_title_bg_image_repeat":"","ocean_post_title_bg_image_size":"","ocean_post_title_height":0,"ocean_post_title_bg_overlay":0.5,"ocean_post_title_bg_overlay_color":"","ocean_disable_breadcrumbs":"default","ocean_breadcrumbs_color":"","ocean_breadcrumbs_separator_color":"","ocean_breadcrumbs_links_color":"","ocean_breadcrumbs_links_hover_color":"","ocean_display_footer_widgets":"default","ocean_display_footer_bottom":"default","ocean_custom_footer_template":"0","osh_disable_topbar_sticky":"default","osh_disable_header_sticky":"default","osh_sticky_header_style":"default","osh_sticky_header_effect":"","osh_custom_sticky_logo":0,"osh_custom_retina_sticky_logo":0,"osh_custom_sticky_logo_height":0,"osh_background_color":"","osh_links_color":"","osh_links_hover_color":"","osh_links_active_color":"","osh_links_bg_color":"","osh_links_hover_bg_color":"","osh_links_active_bg_color":"","osh_menu_social_links_color":"","osh_menu_social_hover_links_color":""},"product_brand":[],"product_cat":[49,47],"product_tag":[139,229,364,82,240],"class_list":{"0":"post-3930","1":"product","2":"type-product","3":"status-publish","4":"has-post-thumbnail","6":"product_cat-volumetric-oil-injectors","7":"product_cat-volumetric-thin-oil-systems","8":"product_tag-oil-distributor","9":"product_tag-oil-metering-valve","10":"product_tag-positive-displacement-distributor","11":"product_tag-positive-displacement-injector","12":"product_tag-pressurized-distributor","14":"entry","15":"has-media","17":"first","18":"instock","19":"shipping-taxable","20":"product-type-external","21":"col","22":"span_1_of_3","23":"owp-content-center","24":"owp-thumbs-layout-horizontal","25":"owp-btn-very-big","26":"owp-tabs-layout-horizontal"},"_links":{"self":[{"href":"https:\/\/www.jinpinlub.com\/es\/wp-json\/wp\/v2\/product\/3930","targetHints":{"allow":["GET"]}}],"collection":[{"href":"https:\/\/www.jinpinlub.com\/es\/wp-json\/wp\/v2\/product"}],"about":[{"href":"https:\/\/www.jinpinlub.com\/es\/wp-json\/wp\/v2\/types\/product"}],"wp:featuredmedia":[{"embeddable":true,"href":"https:\/\/www.jinpinlub.com\/es\/wp-json\/wp\/v2\/media\/3933"}],"wp:attachment":[{"href":"https:\/\/www.jinpinlub.com\/es\/wp-json\/wp\/v2\/media?parent=3930"}],"wp:term":[{"taxonomy":"product_brand","embeddable":true,"href":"https:\/\/www.jinpinlub.com\/es\/wp-json\/wp\/v2\/product_brand?post=3930"},{"taxonomy":"product_cat","embeddable":true,"href":"https:\/\/www.jinpinlub.com\/es\/wp-json\/wp\/v2\/product_cat?post=3930"},{"taxonomy":"product_tag","embeddable":true,"href":"https:\/\/www.jinpinlub.com\/es\/wp-json\/wp\/v2\/product_tag?post=3930"}],"curies":[{"name":"wp","href":"https:\/\/api.w.org\/{rel}","templated":true}]}}