{"id":3935,"date":"2024-11-30T10:05:10","date_gmt":"2024-11-30T02:05:10","guid":{"rendered":"https:\/\/www.jinpinlub.com\/?post_type=product&#038;p=3935"},"modified":"2024-12-01T03:28:56","modified_gmt":"2024-11-30T19:28:56","slug":"distribuidor-de-aceite-fino-con-inyeccion-de-desplazamiento-positivo-msk-9","status":"publish","type":"product","link":"https:\/\/www.jinpinlub.com\/es\/product\/msk-9-positive-displacement-injection-thin-oil-distributor\/","title":{"rendered":"Distribuidor de aceite fino con inyecci\u00f3n de desplazamiento positivo MSK-9"},"content":{"rendered":"<h2>Caracter\u00edstica<\/h2>\n<p><span id=\"input-sentence~0\">Volumen de varias descargas: se puede aprovechar con una diferencia en los modelos, el volumen de carrera var\u00eda de 0,03 a 0,5 ml.<br \/>\nOperar bajo altas presiones: La presi\u00f3n de operaci\u00f3n puede ser tan alta como 1,0 MPa.<br \/>\nReinicio r\u00e1pido: la presi\u00f3n de reinicio es de 0,3 MPa, lo que permite una recuperaci\u00f3n m\u00e1s r\u00e1pida entre ciclos.<\/span><span id=\"input-sentence~1\"><br \/>\nConstrucci\u00f3n: Distribuidor fabricado en lat\u00f3n, por lo que es robusto y resistente al desgaste.<br \/>\nF\u00e1cil mantenimiento: el montaje y desmontaje sencillos est\u00e1n dise\u00f1ados para que el mantenimiento sea lo m\u00e1s sencillo posible, con una m\u00ednima p\u00e9rdida de producci\u00f3n.<br \/>\nResistencia a la corrosi\u00f3n: Los materiales de construcci\u00f3n garantizan la resistencia a la corrosi\u00f3n, lo que permite que la v\u00e1lvula dure mucho tiempo en entornos adversos.<br \/>\nPersonalizable: El distribuidor tambi\u00e9n est\u00e1 disponible en varios tama\u00f1os y especificaciones que satisfacen las diferentes necesidades y requisitos de cualquier aplicaci\u00f3n.<\/span><\/p>\n<h2>Especificaci\u00f3n<\/h2>\n<table>\n<tbody>\n<tr>\n<td>Principio de funcionamiento<\/td>\n<td>Inyector de desplazamiento positivo<\/td>\n<\/tr>\n<tr>\n<td>N\u00famero de puntos de venta<\/td>\n<td>1~12<\/td>\n<\/tr>\n<tr>\n<td>Cantidad de medici\u00f3n<\/td>\n<td>0,03, 0,05, 0,13, 0,20, 0,30, 0,50 ml\/ciclo<\/td>\n<\/tr>\n<tr>\n<td>Lubricante<\/td>\n<td>15-90 CSt a 40 \u2103<\/td>\n<\/tr>\n<tr>\n<td>Temperatura de funcionamiento<\/td>\n<td>-20 a +80 \u00b0C<\/td>\n<\/tr>\n<tr>\n<td>Presi\u00f3n de funcionamiento<\/td>\n<td>M\u00ednimo 1,0 MPa<\/td>\n<\/tr>\n<tr>\n<td>Material<\/td>\n<td>Cobre, aluminio<\/td>\n<\/tr>\n<tr>\n<td>Toma de conexi\u00f3n<\/td>\n<td>Entrada Rc1\/8, Salida \u03a64(Rc1\/8)<\/td>\n<\/tr>\n<tr>\n<td>Accesorios de salida<\/td>\n<td>Tipo de manga, tipo r\u00e1pido<\/td>\n<\/tr>\n<tr>\n<td>Posici\u00f3n de montaje<\/td>\n<td>Cualquier<\/td>\n<\/tr>\n<\/tbody>\n<\/table>\n<h2>Pruebas<\/h2>\n<p>Inspecci\u00f3n visual: inspeccione el inyector y todas sus conexiones para detectar cualquier signo de da\u00f1o o fuga.<br \/>\nPrueba de presi\u00f3n: Conecte el inyector a una fuente de presi\u00f3n y aumente la presi\u00f3n gradualmente hasta el nivel operativo de 1,0 MPa. Busque fugas u otras anomal\u00edas.<br \/>\nPrueba de flujo: mida el volumen descargado para verificar que se encuentre dentro del rango de 0,03 a 0,5 ml por carrera. Esto se puede lograr utilizando un dispositivo de medici\u00f3n calibrado.<br \/>\nPrueba de reinicio: Verifique que el inyector se reinicie correctamente a la presi\u00f3n de reinicio establecida de 0,3 MPa.<br \/>\nPrueba de funcionamiento: haga funcionar el inyector durante varios ciclos para garantizar la consistencia en el rendimiento y verificar si hay irregularidades en el funcionamiento.<\/p>\n<h2>Manuales<\/h2>\n<div class=\"sdm_download_button_box_default\"><div class=\"sdm_download_link\"><a href=\"https:\/\/www.jinpinlub.com\/es\/?sdm_process_download=1&download_id=3889\" class=\"sdm_download white\" title=\"Privado: MSK Metering Valve\" target=\"&quot;_blank&quot;\">Ver hoja de datos - V\u00e1lvula dosificadora MSK<\/a><\/div><\/div>","protected":false},"excerpt":{"rendered":"<p>La v\u00e1lvula de chorro de desplazamiento positivo MSK es una v\u00e1lvula de chorro que se utiliza en una variedad de aplicaciones industriales. Est\u00e1 dise\u00f1ada para proporcionar una pulverizaci\u00f3n precisa de fluido. Estas v\u00e1lvulas se utilizan para un suministro de fluido preciso y confiable, generalmente en sistemas de lubricaci\u00f3n.<\/p>","protected":false},"featured_media":3938,"template":"","meta":{"ocean_post_layout":"","ocean_both_sidebars_style":"","ocean_both_sidebars_content_width":0,"ocean_both_sidebars_sidebars_width":0,"ocean_sidebar":"0","ocean_second_sidebar":"0","ocean_disable_margins":"enable","ocean_add_body_class":"","ocean_shortcode_before_top_bar":"","ocean_shortcode_after_top_bar":"","ocean_shortcode_before_header":"","ocean_shortcode_after_header":"","ocean_has_shortcode":"","ocean_shortcode_after_title":"","ocean_shortcode_before_footer_widgets":"","ocean_shortcode_after_footer_widgets":"","ocean_shortcode_before_footer_bottom":"","ocean_shortcode_after_footer_bottom":"","ocean_display_top_bar":"default","ocean_display_header":"default","ocean_header_style":"","ocean_center_header_left_menu":"0","ocean_custom_header_template":"0","ocean_custom_logo":0,"ocean_custom_retina_logo":0,"ocean_custom_logo_max_width":0,"ocean_custom_logo_tablet_max_width":0,"ocean_custom_logo_mobile_max_width":0,"ocean_custom_logo_max_height":0,"ocean_custom_logo_tablet_max_height":0,"ocean_custom_logo_mobile_max_height":0,"ocean_header_custom_menu":"0","ocean_menu_typo_font_family":"0","ocean_menu_typo_font_subset":"","ocean_menu_typo_font_size":0,"ocean_menu_typo_font_size_tablet":0,"ocean_menu_typo_font_size_mobile":0,"ocean_menu_typo_font_size_unit":"px","ocean_menu_typo_font_weight":"","ocean_menu_typo_font_weight_tablet":"","ocean_menu_typo_font_weight_mobile":"","ocean_menu_typo_transform":"","ocean_menu_typo_transform_tablet":"","ocean_menu_typo_transform_mobile":"","ocean_menu_typo_line_height":0,"ocean_menu_typo_line_height_tablet":0,"ocean_menu_typo_line_height_mobile":0,"ocean_menu_typo_line_height_unit":"","ocean_menu_typo_spacing":0,"ocean_menu_typo_spacing_tablet":0,"ocean_menu_typo_spacing_mobile":0,"ocean_menu_typo_spacing_unit":"","ocean_menu_link_color":"","ocean_menu_link_color_hover":"","ocean_menu_link_color_active":"","ocean_menu_link_background":"","ocean_menu_link_hover_background":"","ocean_menu_link_active_background":"","ocean_menu_social_links_bg":"","ocean_menu_social_hover_links_bg":"","ocean_menu_social_links_color":"","ocean_menu_social_hover_links_color":"","ocean_disable_title":"default","ocean_disable_heading":"default","ocean_post_title":"","ocean_post_subheading":"","ocean_post_title_style":"","ocean_post_title_background_color":"","ocean_post_title_background":0,"ocean_post_title_bg_image_position":"","ocean_post_title_bg_image_attachment":"","ocean_post_title_bg_image_repeat":"","ocean_post_title_bg_image_size":"","ocean_post_title_height":0,"ocean_post_title_bg_overlay":0.5,"ocean_post_title_bg_overlay_color":"","ocean_disable_breadcrumbs":"default","ocean_breadcrumbs_color":"","ocean_breadcrumbs_separator_color":"","ocean_breadcrumbs_links_color":"","ocean_breadcrumbs_links_hover_color":"","ocean_display_footer_widgets":"default","ocean_display_footer_bottom":"default","ocean_custom_footer_template":"0","osh_disable_topbar_sticky":"default","osh_disable_header_sticky":"default","osh_sticky_header_style":"default","osh_sticky_header_effect":"","osh_custom_sticky_logo":0,"osh_custom_retina_sticky_logo":0,"osh_custom_sticky_logo_height":0,"osh_background_color":"","osh_links_color":"","osh_links_hover_color":"","osh_links_active_color":"","osh_links_bg_color":"","osh_links_hover_bg_color":"","osh_links_active_bg_color":"","osh_menu_social_links_color":"","osh_menu_social_hover_links_color":""},"product_brand":[],"product_cat":[49,47],"product_tag":[139,229,364,82,240],"class_list":{"0":"post-3935","1":"product","2":"type-product","3":"status-publish","4":"has-post-thumbnail","6":"product_cat-volumetric-oil-injectors","7":"product_cat-volumetric-thin-oil-systems","8":"product_tag-oil-distributor","9":"product_tag-oil-metering-valve","10":"product_tag-positive-displacement-distributor","11":"product_tag-positive-displacement-injector","12":"product_tag-pressurized-distributor","14":"entry","15":"has-media","17":"first","18":"instock","19":"shipping-taxable","20":"product-type-external","21":"col","22":"span_1_of_3","23":"owp-content-center","24":"owp-thumbs-layout-horizontal","25":"owp-btn-very-big","26":"owp-tabs-layout-horizontal"},"_links":{"self":[{"href":"https:\/\/www.jinpinlub.com\/es\/wp-json\/wp\/v2\/product\/3935","targetHints":{"allow":["GET"]}}],"collection":[{"href":"https:\/\/www.jinpinlub.com\/es\/wp-json\/wp\/v2\/product"}],"about":[{"href":"https:\/\/www.jinpinlub.com\/es\/wp-json\/wp\/v2\/types\/product"}],"wp:featuredmedia":[{"embeddable":true,"href":"https:\/\/www.jinpinlub.com\/es\/wp-json\/wp\/v2\/media\/3938"}],"wp:attachment":[{"href":"https:\/\/www.jinpinlub.com\/es\/wp-json\/wp\/v2\/media?parent=3935"}],"wp:term":[{"taxonomy":"product_brand","embeddable":true,"href":"https:\/\/www.jinpinlub.com\/es\/wp-json\/wp\/v2\/product_brand?post=3935"},{"taxonomy":"product_cat","embeddable":true,"href":"https:\/\/www.jinpinlub.com\/es\/wp-json\/wp\/v2\/product_cat?post=3935"},{"taxonomy":"product_tag","embeddable":true,"href":"https:\/\/www.jinpinlub.com\/es\/wp-json\/wp\/v2\/product_tag?post=3935"}],"curies":[{"name":"wp","href":"https:\/\/api.w.org\/{rel}","templated":true}]}}