{"id":3943,"date":"2024-11-30T11:25:08","date_gmt":"2024-11-30T03:25:08","guid":{"rendered":"https:\/\/www.jinpinlub.com\/?post_type=product&#038;p=3943"},"modified":"2024-12-01T03:29:03","modified_gmt":"2024-11-30T19:29:03","slug":"distribuidor-volumetrico-de-lubricacion-con-aceite-fino-desmontable-msk","status":"publish","type":"product","link":"https:\/\/www.jinpinlub.com\/es\/product\/msk-detachable-thin-oil-lubrication-volumetric-distributor\/","title":{"rendered":"Distribuidor volum\u00e9trico de lubricaci\u00f3n con aceite fino desmontable MSK"},"content":{"rendered":"<h2>Caracter\u00edstica<\/h2>\n<p>Volumen de descarga diverso: El distribuidor de aceite de la serie MSK puede ofrecer diversos vol\u00famenes de descarga de 0,01 a 1,5 ml por carrera, satisfaciendo las necesidades de lubricaci\u00f3n en diferentes situaciones.<br \/>\nPresi\u00f3n de trabajo y contrapresi\u00f3n: La presi\u00f3n de trabajo de esta serie de v\u00e1lvulas de aceite es principalmente de 1,0 MPa y la contrapresi\u00f3n es de 0,3 MPa para garantizar que el distribuidor pueda funcionar de manera constante.<br \/>\nMaterial: El cuerpo principal del distribuidor de aceite de la serie MSK est\u00e1 hecho de lat\u00f3n, que tiene buena resistencia a la corrosi\u00f3n y propiedades mec\u00e1nicas.<br \/>\nModelo y n\u00famero de pieza: El distribuidor de aceite MSK ofrece una variedad de modelos, cada modelo tiene su n\u00famero de pieza correspondiente, lo que es conveniente para que los usuarios elijan el modelo apropiado y lo ordenen seg\u00fan sus necesidades.<br \/>\nF\u00e1cil mantenimiento: el distribuidor de aceite MSK est\u00e1 dise\u00f1ado para un f\u00e1cil montaje y desmontaje, lo que hace que el mantenimiento sea sencillo y minimiza el tiempo de inactividad.<\/p>\n<h2>Especificaci\u00f3n<\/h2>\n<table>\n<tbody>\n<tr>\n<td>Principio de funcionamiento<\/td>\n<td>Inyector de desplazamiento positivo<\/td>\n<\/tr>\n<tr>\n<td>N\u00famero de puntos de venta<\/td>\n<td>1~12<\/td>\n<\/tr>\n<tr>\n<td>Cantidad de medici\u00f3n<\/td>\n<td>0,03, 0,05, 0,13, 0,20, 0,30, 0,50 ml\/ciclo<\/td>\n<\/tr>\n<tr>\n<td>Lubricante<\/td>\n<td>15-90 CSt a 40 \u2103<\/td>\n<\/tr>\n<tr>\n<td>Temperatura de funcionamiento<\/td>\n<td>-20 a +80 \u00b0C<\/td>\n<\/tr>\n<tr>\n<td>Presi\u00f3n de funcionamiento<\/td>\n<td>M\u00ednimo 1,0 MPa<\/td>\n<\/tr>\n<tr>\n<td>Material<\/td>\n<td>Cobre, aluminio<\/td>\n<\/tr>\n<tr>\n<td>Toma de conexi\u00f3n<\/td>\n<td>Entrada Rc1\/8, Salida \u03a64(Rc1\/8)<\/td>\n<\/tr>\n<tr>\n<td>Accesorios de salida<\/td>\n<td>Tipo de manga, tipo r\u00e1pido<\/td>\n<\/tr>\n<tr>\n<td>Posici\u00f3n de montaje<\/td>\n<td>Cualquier<\/td>\n<\/tr>\n<\/tbody>\n<\/table>\n<h2>Instalaci\u00f3n<\/h2>\n<p>Preparaci\u00f3n: Todas las herramientas y materiales necesarios deben estar a mano, incluidos, entre otros, la v\u00e1lvula, los tubos, los accesorios, el sellador y los adaptadores, si corresponde.<br \/>\nMontaje: Instale el distribuidor en el lugar deseado, firmemente fijado y posicionado para alinearse con el sistema de tuber\u00edas.<br \/>\nConexi\u00f3n de los tubos: Conecte los tubos al distribuidor mediante accesorios de compresi\u00f3n para algunos modelos o accesorios de conexi\u00f3n a presi\u00f3n para otros. Aseg\u00farese de que las conexiones sean buenas y s\u00f3lidas para evitar fugas.<br \/>\nSellado: Aplicar un sellador adecuado a las conexiones roscadas para evitar fugas durante la instalaci\u00f3n.<br \/>\nPrueba de Presi\u00f3n: Luego de la correcta instalaci\u00f3n, realice una prueba de presi\u00f3n para verificar si existen fugas en la v\u00e1lvula instalada para el correcto funcionamiento de la misma.<br \/>\nAjustes finales: Finalice todas las configuraciones y conexiones del distribuidor para optimizar el rendimiento.<\/p>\n<h2>Manuales<\/h2>\n<div class=\"sdm_download_button_box_default\"><div class=\"sdm_download_link\"><a href=\"https:\/\/www.jinpinlub.com\/es\/?sdm_process_download=1&download_id=3889\" class=\"sdm_download white\" title=\"Privado: MSK Metering Valve\" target=\"&quot;_blank&quot;\">Ver hoja de datos - V\u00e1lvula dosificadora MSK<\/a><\/div><\/div>","protected":false},"excerpt":{"rendered":"<p>La v\u00e1lvula de inyecci\u00f3n de desplazamiento positivo MSK es un distribuidor dise\u00f1ado para la inyecci\u00f3n precisa de aceite fino. El cuerpo de la v\u00e1lvula suele estar hecho de lat\u00f3n resistente a la corrosi\u00f3n y se utiliza ampliamente en sistemas de lubricaci\u00f3n y procesos de fabricaci\u00f3n para garantizar la fiabilidad y una larga vida \u00fatil.<\/p>","protected":false},"featured_media":3944,"template":"","meta":{"ocean_post_layout":"","ocean_both_sidebars_style":"","ocean_both_sidebars_content_width":0,"ocean_both_sidebars_sidebars_width":0,"ocean_sidebar":"0","ocean_second_sidebar":"0","ocean_disable_margins":"enable","ocean_add_body_class":"","ocean_shortcode_before_top_bar":"","ocean_shortcode_after_top_bar":"","ocean_shortcode_before_header":"","ocean_shortcode_after_header":"","ocean_has_shortcode":"","ocean_shortcode_after_title":"","ocean_shortcode_before_footer_widgets":"","ocean_shortcode_after_footer_widgets":"","ocean_shortcode_before_footer_bottom":"","ocean_shortcode_after_footer_bottom":"","ocean_display_top_bar":"default","ocean_display_header":"default","ocean_header_style":"","ocean_center_header_left_menu":"0","ocean_custom_header_template":"0","ocean_custom_logo":0,"ocean_custom_retina_logo":0,"ocean_custom_logo_max_width":0,"ocean_custom_logo_tablet_max_width":0,"ocean_custom_logo_mobile_max_width":0,"ocean_custom_logo_max_height":0,"ocean_custom_logo_tablet_max_height":0,"ocean_custom_logo_mobile_max_height":0,"ocean_header_custom_menu":"0","ocean_menu_typo_font_family":"0","ocean_menu_typo_font_subset":"","ocean_menu_typo_font_size":0,"ocean_menu_typo_font_size_tablet":0,"ocean_menu_typo_font_size_mobile":0,"ocean_menu_typo_font_size_unit":"px","ocean_menu_typo_font_weight":"","ocean_menu_typo_font_weight_tablet":"","ocean_menu_typo_font_weight_mobile":"","ocean_menu_typo_transform":"","ocean_menu_typo_transform_tablet":"","ocean_menu_typo_transform_mobile":"","ocean_menu_typo_line_height":0,"ocean_menu_typo_line_height_tablet":0,"ocean_menu_typo_line_height_mobile":0,"ocean_menu_typo_line_height_unit":"","ocean_menu_typo_spacing":0,"ocean_menu_typo_spacing_tablet":0,"ocean_menu_typo_spacing_mobile":0,"ocean_menu_typo_spacing_unit":"","ocean_menu_link_color":"","ocean_menu_link_color_hover":"","ocean_menu_link_color_active":"","ocean_menu_link_background":"","ocean_menu_link_hover_background":"","ocean_menu_link_active_background":"","ocean_menu_social_links_bg":"","ocean_menu_social_hover_links_bg":"","ocean_menu_social_links_color":"","ocean_menu_social_hover_links_color":"","ocean_disable_title":"default","ocean_disable_heading":"default","ocean_post_title":"","ocean_post_subheading":"","ocean_post_title_style":"","ocean_post_title_background_color":"","ocean_post_title_background":0,"ocean_post_title_bg_image_position":"","ocean_post_title_bg_image_attachment":"","ocean_post_title_bg_image_repeat":"","ocean_post_title_bg_image_size":"","ocean_post_title_height":0,"ocean_post_title_bg_overlay":0.5,"ocean_post_title_bg_overlay_color":"","ocean_disable_breadcrumbs":"default","ocean_breadcrumbs_color":"","ocean_breadcrumbs_separator_color":"","ocean_breadcrumbs_links_color":"","ocean_breadcrumbs_links_hover_color":"","ocean_display_footer_widgets":"default","ocean_display_footer_bottom":"default","ocean_custom_footer_template":"0","osh_disable_topbar_sticky":"default","osh_disable_header_sticky":"default","osh_sticky_header_style":"default","osh_sticky_header_effect":"","osh_custom_sticky_logo":0,"osh_custom_retina_sticky_logo":0,"osh_custom_sticky_logo_height":0,"osh_background_color":"","osh_links_color":"","osh_links_hover_color":"","osh_links_active_color":"","osh_links_bg_color":"","osh_links_hover_bg_color":"","osh_links_active_bg_color":"","osh_menu_social_links_color":"","osh_menu_social_hover_links_color":""},"product_brand":[],"product_cat":[49,47],"product_tag":[229,364,82,240,228],"class_list":{"0":"post-3943","1":"product","2":"type-product","3":"status-publish","4":"has-post-thumbnail","6":"product_cat-volumetric-oil-injectors","7":"product_cat-volumetric-thin-oil-systems","8":"product_tag-oil-metering-valve","9":"product_tag-positive-displacement-distributor","10":"product_tag-positive-displacement-injector","11":"product_tag-pressurized-distributor","12":"product_tag-thin-oil-injector","14":"entry","15":"has-media","17":"first","18":"instock","19":"shipping-taxable","20":"product-type-external","21":"col","22":"span_1_of_3","23":"owp-content-center","24":"owp-thumbs-layout-horizontal","25":"owp-btn-very-big","26":"owp-tabs-layout-horizontal"},"_links":{"self":[{"href":"https:\/\/www.jinpinlub.com\/es\/wp-json\/wp\/v2\/product\/3943","targetHints":{"allow":["GET"]}}],"collection":[{"href":"https:\/\/www.jinpinlub.com\/es\/wp-json\/wp\/v2\/product"}],"about":[{"href":"https:\/\/www.jinpinlub.com\/es\/wp-json\/wp\/v2\/types\/product"}],"wp:featuredmedia":[{"embeddable":true,"href":"https:\/\/www.jinpinlub.com\/es\/wp-json\/wp\/v2\/media\/3944"}],"wp:attachment":[{"href":"https:\/\/www.jinpinlub.com\/es\/wp-json\/wp\/v2\/media?parent=3943"}],"wp:term":[{"taxonomy":"product_brand","embeddable":true,"href":"https:\/\/www.jinpinlub.com\/es\/wp-json\/wp\/v2\/product_brand?post=3943"},{"taxonomy":"product_cat","embeddable":true,"href":"https:\/\/www.jinpinlub.com\/es\/wp-json\/wp\/v2\/product_cat?post=3943"},{"taxonomy":"product_tag","embeddable":true,"href":"https:\/\/www.jinpinlub.com\/es\/wp-json\/wp\/v2\/product_tag?post=3943"}],"curies":[{"name":"wp","href":"https:\/\/api.w.org\/{rel}","templated":true}]}}