{"id":3966,"date":"2024-12-11T15:44:55","date_gmt":"2024-12-11T07:44:55","guid":{"rendered":"https:\/\/www.jinpinlub.com\/?post_type=product&#038;p=3966"},"modified":"2024-12-11T16:36:42","modified_gmt":"2024-12-11T08:36:42","slug":"lamina-resistente-al-desgaste-para-rieles-guia-cnc-de-teflon-ptfe-turcita-b","status":"publish","type":"product","link":"https:\/\/www.jinpinlub.com\/es\/product\/teflon-ptfe-turcite-b-cnc-guide-rail-wear-resistant-sheet\/","title":{"rendered":"L\u00e1mina resistente al desgaste para rieles gu\u00eda CNC de tefl\u00f3n PTFE Turcite-B"},"content":{"rendered":"<h2>Caracter\u00edstica<\/h2>\n<p>\u00b7Alta resistencia al desgaste: la resistencia al desgaste es 10 veces mayor que la de los rieles gu\u00eda de hierro fundido y los rieles gu\u00eda tienen una buena retenci\u00f3n de precisi\u00f3n.<br \/>\n\u00b7Baja fricci\u00f3n: el coeficiente de fricci\u00f3n es &lt;0,04, que es solo 1\/3 de los rieles gu\u00eda de hierro fundido, lo que reduce en gran medida el consumo de energ\u00eda del accionamiento.<br \/>\n\u00b7Sin deslizamiento: los coeficientes de fricci\u00f3n din\u00e1micos y est\u00e1ticos son cercanos, el posicionamiento de microalimentaci\u00f3n es bueno y el funcionamiento es suave.<br \/>\n\u00b7Buena absorci\u00f3n de impactos: puede reducir el ruido y la vibraci\u00f3n y mejorar la precisi\u00f3n del procesamiento.<br \/>\n\u00b7Buena lubricaci\u00f3n: Buen rendimiento de autolubricaci\u00f3n, incluso si falla el sistema de lubricaci\u00f3n, puede evitar rayones en el riel gu\u00eda.<br \/>\n\u00b7 F\u00e1cil mantenimiento: Debido a que la dureza de la correa blanda es mucho menor que la del metal, el desgaste se produce principalmente en la correa blanda. El mantenimiento solo requiere reemplazar una correa blanda nueva y tambi\u00e9n evita por completo la concavidad del riel gu\u00eda de la cama.<\/p>\n<h2>Especificaci\u00f3n<\/h2>\n<figure id=\"attachment_3971\" aria-describedby=\"caption-attachment-3971\" style=\"width: 850px\" class=\"wp-caption alignnone\"><img loading=\"lazy\" decoding=\"async\" class=\"size-full wp-image-3971\" src=\"https:\/\/www.jinpinlub.com\/wp-content\/uploads\/2024\/12\/GT15-Turcite-B-5.jpg\" alt=\"GT15 Turcita-B (5)\" width=\"850\" height=\"589\" srcset=\"https:\/\/www.jinpinlub.com\/wp-content\/uploads\/2024\/12\/GT15-Turcite-B-5.jpg 850w, https:\/\/www.jinpinlub.com\/wp-content\/uploads\/2024\/12\/GT15-Turcite-B-5-300x208.jpg 300w, https:\/\/www.jinpinlub.com\/wp-content\/uploads\/2024\/12\/GT15-Turcite-B-5-768x532.jpg 768w, https:\/\/www.jinpinlub.com\/wp-content\/uploads\/2024\/12\/GT15-Turcite-B-5-18x12.jpg 18w, https:\/\/www.jinpinlub.com\/wp-content\/uploads\/2024\/12\/GT15-Turcite-B-5-800x554.jpg 800w\" sizes=\"auto, (max-width: 850px) 100vw, 850px\" \/><figcaption id=\"caption-attachment-3971\" class=\"wp-caption-text\">GT15 Turcita-B (5)<\/figcaption><\/figure>\n<h2>Solicitud<\/h2>\n<p>En el caso de los rieles gu\u00eda de la mesa de trabajo de la m\u00e1quina herramienta, la fricci\u00f3n entre la mesa de trabajo y el riel gu\u00eda de la bancada se puede reducir despu\u00e9s de pegarlos. Por ejemplo, cuando la mesa de trabajo de la fresadora se mueve, puede moverse con precisi\u00f3n con poca fuerza motriz. Al instalarlos, es necesario limpiar y nivelar el riel gu\u00eda, y cortar una l\u00e1mina resistente al desgaste del tama\u00f1o adecuado. Se pega, se compacta y se fija con un pegamento especial.<br \/>\nPara el riel gu\u00eda de la bancada como soporte b\u00e1sico de la m\u00e1quina herramienta, cuando el portaherramientas del torno se mueve, puede reducir el ruido de vibraci\u00f3n, mejorar la precisi\u00f3n y evitar la corrosi\u00f3n. Antes de pegar, verifique y repare el riel gu\u00eda y preste atenci\u00f3n a la direcci\u00f3n de montaje y al espesor del pegamento.<br \/>\nPara el riel gu\u00eda de la columna de la m\u00e1quina herramienta, puede garantizar el movimiento vertical de la caja del husillo y otras piezas de manera suave y precisa, como el movimiento del eje Z de la caja del husillo del centro de mecanizado. Al pegar, preste atenci\u00f3n a la fluidez y la verticalidad del pegamento, y verifique la precisi\u00f3n despu\u00e9s del curado.<\/p>\n<h2>Manuales<\/h2>\n<div class=\"sdm_download_button_box_default\"><div class=\"sdm_download_link\"><a href=\"https:\/\/www.jinpinlub.com\/es\/?sdm_process_download=1&download_id=3964\" class=\"sdm_download white\" title=\"Privado: PTFE Turcite-B Sheet\" target=\"&quot;_blank&quot;\">Ver hoja de datos - Hoja de Turcite-B<\/a><\/div><\/div>","protected":false},"excerpt":{"rendered":"<p>Al colocar material de tefl\u00f3n en la superficie del riel gu\u00eda de la m\u00e1quina herramienta, se puede mejorar la resistencia al desgaste y la vida \u00fatil del riel gu\u00eda. Este proceso es aplicable a varios tipos de rieles gu\u00eda, incluidos los rieles gu\u00eda lineales, los rieles gu\u00eda rodantes y los rieles gu\u00eda deslizantes.<\/p>","protected":false},"featured_media":3968,"template":"","meta":{"ocean_post_layout":"","ocean_both_sidebars_style":"","ocean_both_sidebars_content_width":0,"ocean_both_sidebars_sidebars_width":0,"ocean_sidebar":"0","ocean_second_sidebar":"0","ocean_disable_margins":"enable","ocean_add_body_class":"","ocean_shortcode_before_top_bar":"","ocean_shortcode_after_top_bar":"","ocean_shortcode_before_header":"","ocean_shortcode_after_header":"","ocean_has_shortcode":"","ocean_shortcode_after_title":"","ocean_shortcode_before_footer_widgets":"","ocean_shortcode_after_footer_widgets":"","ocean_shortcode_before_footer_bottom":"","ocean_shortcode_after_footer_bottom":"","ocean_display_top_bar":"default","ocean_display_header":"default","ocean_header_style":"","ocean_center_header_left_menu":"0","ocean_custom_header_template":"0","ocean_custom_logo":0,"ocean_custom_retina_logo":0,"ocean_custom_logo_max_width":0,"ocean_custom_logo_tablet_max_width":0,"ocean_custom_logo_mobile_max_width":0,"ocean_custom_logo_max_height":0,"ocean_custom_logo_tablet_max_height":0,"ocean_custom_logo_mobile_max_height":0,"ocean_header_custom_menu":"0","ocean_menu_typo_font_family":"0","ocean_menu_typo_font_subset":"","ocean_menu_typo_font_size":0,"ocean_menu_typo_font_size_tablet":0,"ocean_menu_typo_font_size_mobile":0,"ocean_menu_typo_font_size_unit":"px","ocean_menu_typo_font_weight":"","ocean_menu_typo_font_weight_tablet":"","ocean_menu_typo_font_weight_mobile":"","ocean_menu_typo_transform":"","ocean_menu_typo_transform_tablet":"","ocean_menu_typo_transform_mobile":"","ocean_menu_typo_line_height":0,"ocean_menu_typo_line_height_tablet":0,"ocean_menu_typo_line_height_mobile":0,"ocean_menu_typo_line_height_unit":"","ocean_menu_typo_spacing":0,"ocean_menu_typo_spacing_tablet":0,"ocean_menu_typo_spacing_mobile":0,"ocean_menu_typo_spacing_unit":"","ocean_menu_link_color":"","ocean_menu_link_color_hover":"","ocean_menu_link_color_active":"","ocean_menu_link_background":"","ocean_menu_link_hover_background":"","ocean_menu_link_active_background":"","ocean_menu_social_links_bg":"","ocean_menu_social_hover_links_bg":"","ocean_menu_social_links_color":"","ocean_menu_social_hover_links_color":"","ocean_disable_title":"default","ocean_disable_heading":"default","ocean_post_title":"","ocean_post_subheading":"","ocean_post_title_style":"","ocean_post_title_background_color":"","ocean_post_title_background":0,"ocean_post_title_bg_image_position":"","ocean_post_title_bg_image_attachment":"","ocean_post_title_bg_image_repeat":"","ocean_post_title_bg_image_size":"","ocean_post_title_height":0,"ocean_post_title_bg_overlay":0.5,"ocean_post_title_bg_overlay_color":"","ocean_disable_breadcrumbs":"default","ocean_breadcrumbs_color":"","ocean_breadcrumbs_separator_color":"","ocean_breadcrumbs_links_color":"","ocean_breadcrumbs_links_hover_color":"","ocean_display_footer_widgets":"default","ocean_display_footer_bottom":"default","ocean_custom_footer_template":"0","osh_disable_topbar_sticky":"default","osh_disable_header_sticky":"default","osh_sticky_header_style":"default","osh_sticky_header_effect":"","osh_custom_sticky_logo":0,"osh_custom_retina_sticky_logo":0,"osh_custom_sticky_logo_height":0,"osh_background_color":"","osh_links_color":"","osh_links_hover_color":"","osh_links_active_color":"","osh_links_bg_color":"","osh_links_hover_bg_color":"","osh_links_active_bg_color":"","osh_menu_social_links_color":"","osh_menu_social_hover_links_color":""},"product_brand":[],"product_cat":[31],"product_tag":[371,367,368,369,370],"class_list":{"0":"post-3966","1":"product","2":"type-product","3":"status-publish","4":"has-post-thumbnail","6":"product_cat-lube-system-accessories","7":"product_tag-cnc-plastic-strip","8":"product_tag-guide-rail-wear-resistant-sheet","9":"product_tag-ptfe-guide-rail-belt","10":"product_tag-teflon-soft-belt","11":"product_tag-turcite-b","13":"entry","14":"has-media","16":"first","17":"instock","18":"shipping-taxable","19":"product-type-external","20":"col","21":"span_1_of_3","22":"owp-content-center","23":"owp-thumbs-layout-horizontal","24":"owp-btn-very-big","25":"owp-tabs-layout-horizontal"},"_links":{"self":[{"href":"https:\/\/www.jinpinlub.com\/es\/wp-json\/wp\/v2\/product\/3966","targetHints":{"allow":["GET"]}}],"collection":[{"href":"https:\/\/www.jinpinlub.com\/es\/wp-json\/wp\/v2\/product"}],"about":[{"href":"https:\/\/www.jinpinlub.com\/es\/wp-json\/wp\/v2\/types\/product"}],"wp:featuredmedia":[{"embeddable":true,"href":"https:\/\/www.jinpinlub.com\/es\/wp-json\/wp\/v2\/media\/3968"}],"wp:attachment":[{"href":"https:\/\/www.jinpinlub.com\/es\/wp-json\/wp\/v2\/media?parent=3966"}],"wp:term":[{"taxonomy":"product_brand","embeddable":true,"href":"https:\/\/www.jinpinlub.com\/es\/wp-json\/wp\/v2\/product_brand?post=3966"},{"taxonomy":"product_cat","embeddable":true,"href":"https:\/\/www.jinpinlub.com\/es\/wp-json\/wp\/v2\/product_cat?post=3966"},{"taxonomy":"product_tag","embeddable":true,"href":"https:\/\/www.jinpinlub.com\/es\/wp-json\/wp\/v2\/product_tag?post=3966"}],"curies":[{"name":"wp","href":"https:\/\/api.w.org\/{rel}","templated":true}]}}