{"id":3972,"date":"2024-12-11T16:39:53","date_gmt":"2024-12-11T08:39:53","guid":{"rendered":"https:\/\/www.jinpinlub.com\/?post_type=product&#038;p=3972"},"modified":"2024-12-11T17:18:14","modified_gmt":"2024-12-11T09:18:14","slug":"bomba-de-lubricacion-electrica-con-deposito-desmontable-3d-de-300-ml-j100","status":"publish","type":"product","link":"https:\/\/www.jinpinlub.com\/es\/product\/j100-3d-300ml-detachable-reservoir-electric-lubrication-pump\/","title":{"rendered":"Bomba de lubricaci\u00f3n el\u00e9ctrica con dep\u00f3sito desmontable J100-3D de 300 ml"},"content":{"rendered":"<h2>Caracter\u00edsticas<\/h2>\n<p>\u2013 Funcionamiento estable: Puede funcionar de forma fiable en sistemas de lubricaci\u00f3n de una sola l\u00ednea con hasta 20 puntos de lubricaci\u00f3n y una longitud de l\u00ednea principal de casi 15 metros.<br \/>\n\u2013 Funci\u00f3n de alivio de presi\u00f3n integrada: la v\u00e1lvula de alivio de presi\u00f3n integrada opcional cumple con los requisitos de las bombas del sistema de lubricaci\u00f3n de una sola l\u00ednea y se puede utilizar de manera estable en <a href=\"https:\/\/www.jinpinlub.com\/es\/categoria-de-producto\/sistemas-de-grasa-de-linea-unica\/\" target=\"_blank\" rel=\"noopener\">sistemas de lubricaci\u00f3n autom\u00e1tica de l\u00ednea \u00fanica<\/a>.<br \/>\n\u2013 N\u00famero flexible de salidas: Existen dise\u00f1os con 1 o 2 salidas de aceite, que pueden seleccionarse seg\u00fan las necesidades reales.<br \/>\n\u2013 F\u00e1cil instalaci\u00f3n: El tornillo de ventilaci\u00f3n de aire es de f\u00e1cil acceso, lo que permite una instalaci\u00f3n sencilla y una puesta en marcha del funcionamiento.<br \/>\n\u2013 Monitoreo del nivel de l\u00edquido: Proporciona monitoreo del nivel de llenado con funci\u00f3n de alerta temprana, que puede monitorear el nivel de l\u00edquido del tanque de aceite o del cartucho de grasa.<br \/>\n\u2013 M\u00faltiples capacidades: Hay tres versiones de dep\u00f3sito, versi\u00f3n de dep\u00f3sito fijo, versi\u00f3n de dep\u00f3sito extra\u00edble y versi\u00f3n de cartucho reemplazable, y cada versi\u00f3n tiene diferentes capacidades.<br \/>\n\u2013 Estructura compacta: el tama\u00f1o general es relativamente peque\u00f1o, no ocupa demasiado espacio, puede adaptarse a un entorno de instalaci\u00f3n m\u00e1s compacto y es conveniente para su uso en varias m\u00e1quinas o equipos peque\u00f1os.<\/p>\n<h2>Especificaci\u00f3n<\/h2>\n<table>\n<tbody>\n<tr>\n<td>Modelo<\/td>\n<td>J100-3D<\/td>\n<\/tr>\n<tr>\n<td>Tiempo de lubricaci\u00f3n<\/td>\n<td>PLC o controlador externo<\/td>\n<\/tr>\n<tr>\n<td>Tiempo de intervalo<\/td>\n<td>PLC o controlador externo<\/td>\n<\/tr>\n<tr>\n<td>Temperatura de funcionamiento<\/td>\n<td>0\u2103~ +50\u00b0C (Las condiciones de baja temperatura requieren grasa anticongelante)<\/td>\n<\/tr>\n<tr>\n<td>N\u00famero de puntos de venta<\/td>\n<td>1 o 2<\/td>\n<\/tr>\n<tr>\n<td>Capacidad del dep\u00f3sito<\/td>\n<td>0,3 l, 0,5 l, 0,7 l, 1,5 l<\/td>\n<\/tr>\n<tr>\n<td>Recarga<\/td>\n<td>Puerto de llenado\/extra\u00edble\/cartucho<\/td>\n<\/tr>\n<tr>\n<td>Lubricante<\/td>\n<td>N\u00famero de modelo NLGI 000#~2#<\/td>\n<\/tr>\n<tr>\n<td>V\u00e1lvula de alivio de presi\u00f3n<\/td>\n<td>Opcional<\/td>\n<\/tr>\n<tr>\n<td>Descargar<\/td>\n<td>15 ml\/min<\/td>\n<\/tr>\n<tr>\n<td>Presi\u00f3n m\u00e1xima de funcionamiento<\/td>\n<td>8,0 MPa<\/td>\n<\/tr>\n<tr>\n<td>Hilo de conexi\u00f3n<\/td>\n<td>Salida \u03a66<\/td>\n<\/tr>\n<tr>\n<td>Voltaje de funcionamiento<\/td>\n<td>24 V CC<\/td>\n<\/tr>\n<tr>\n<td>Proceso de dar un t\u00edtulo<\/td>\n<td>CE<\/td>\n<\/tr>\n<tr>\n<td>Interruptor de nivel bajo<\/td>\n<td>Contacto NC<\/td>\n<\/tr>\n<\/tbody>\n<\/table>\n<h2>Tuber\u00eda<\/h2>\n<p>En t\u00e9rminos de materiales y especificaciones de las tuber\u00edas, es necesario seleccionar tuber\u00edas adecuadas resistentes al aceite y a la corrosi\u00f3n de acuerdo con las caracter\u00edsticas del lubricante, la presi\u00f3n del sistema y el entorno.<br \/>\nLa limpieza de las tuber\u00edas es muy importante. Antes de la instalaci\u00f3n, es necesario eliminar a fondo las impurezas con aire comprimido y limpieza qu\u00edmica para evitar que entren materias extra\u00f1as en la bomba de lubricaci\u00f3n y da\u00f1en las piezas y alteren el funcionamiento, y garantizar que el lubricante fluya de forma fluida y pura.<br \/>\nAl realizar la conexi\u00f3n, se deben seleccionar bien los sellos y se deben apretar las tuercas y los tornillos de acuerdo con el torque especificado para garantizar un sellado bueno y firme, y verificar que no haya fugas regularmente.<br \/>\nEn t\u00e9rminos de dise\u00f1o, reduzca el n\u00famero de tuber\u00edas, evite curvas y giros bruscos, asegure un flujo suave de lubricantes, sostengalos y f\u00edjelos adecuadamente y evite el desplazamiento por vibraci\u00f3n.<br \/>\nPor \u00faltimo, realice el vaciado despu\u00e9s de la instalaci\u00f3n. Coloque una v\u00e1lvula de vaciado en un punto alto, \u00e1brala lentamente y vac\u00ede el aire, y espere a que el lubricante salga sin burbujas para evitar una lubricaci\u00f3n desigual y el ralent\u00ed de la bomba.<\/p>\n<h2>Manuales<\/h2>\n<div class=\"sdm_download_button_box_default\"><div class=\"sdm_download_link\"><a href=\"https:\/\/www.jinpinlub.com\/es\/?sdm_process_download=1&download_id=3960\" class=\"sdm_download white\" title=\"Privado: J100 Electric Grease Pump\" target=\"&quot;_blank&quot;\">Ver hoja de datos - Bomba de grasa J100<\/a><\/div><\/div>","protected":false},"excerpt":{"rendered":"<p>La bomba de lubricaci\u00f3n compacta J100 es confiable y duradera, con m\u00faltiples capacidades que pueden adaptarse a varios tipos de lubricantes. Es f\u00e1cil y conveniente de operar y mantener, y puede controlarse mediante PLC, lo que brinda soluciones eficientes para las operaciones de lubricaci\u00f3n.<\/p>","protected":false},"featured_media":3973,"template":"","meta":{"ocean_post_layout":"","ocean_both_sidebars_style":"","ocean_both_sidebars_content_width":0,"ocean_both_sidebars_sidebars_width":0,"ocean_sidebar":"0","ocean_second_sidebar":"0","ocean_disable_margins":"enable","ocean_add_body_class":"","ocean_shortcode_before_top_bar":"","ocean_shortcode_after_top_bar":"","ocean_shortcode_before_header":"","ocean_shortcode_after_header":"","ocean_has_shortcode":"","ocean_shortcode_after_title":"","ocean_shortcode_before_footer_widgets":"","ocean_shortcode_after_footer_widgets":"","ocean_shortcode_before_footer_bottom":"","ocean_shortcode_after_footer_bottom":"","ocean_display_top_bar":"default","ocean_display_header":"default","ocean_header_style":"","ocean_center_header_left_menu":"0","ocean_custom_header_template":"0","ocean_custom_logo":0,"ocean_custom_retina_logo":0,"ocean_custom_logo_max_width":0,"ocean_custom_logo_tablet_max_width":0,"ocean_custom_logo_mobile_max_width":0,"ocean_custom_logo_max_height":0,"ocean_custom_logo_tablet_max_height":0,"ocean_custom_logo_mobile_max_height":0,"ocean_header_custom_menu":"0","ocean_menu_typo_font_family":"0","ocean_menu_typo_font_subset":"","ocean_menu_typo_font_size":0,"ocean_menu_typo_font_size_tablet":0,"ocean_menu_typo_font_size_mobile":0,"ocean_menu_typo_font_size_unit":"px","ocean_menu_typo_font_weight":"","ocean_menu_typo_font_weight_tablet":"","ocean_menu_typo_font_weight_mobile":"","ocean_menu_typo_transform":"","ocean_menu_typo_transform_tablet":"","ocean_menu_typo_transform_mobile":"","ocean_menu_typo_line_height":0,"ocean_menu_typo_line_height_tablet":0,"ocean_menu_typo_line_height_mobile":0,"ocean_menu_typo_line_height_unit":"","ocean_menu_typo_spacing":0,"ocean_menu_typo_spacing_tablet":0,"ocean_menu_typo_spacing_mobile":0,"ocean_menu_typo_spacing_unit":"","ocean_menu_link_color":"","ocean_menu_link_color_hover":"","ocean_menu_link_color_active":"","ocean_menu_link_background":"","ocean_menu_link_hover_background":"","ocean_menu_link_active_background":"","ocean_menu_social_links_bg":"","ocean_menu_social_hover_links_bg":"","ocean_menu_social_links_color":"","ocean_menu_social_hover_links_color":"","ocean_disable_title":"default","ocean_disable_heading":"default","ocean_post_title":"","ocean_post_subheading":"","ocean_post_title_style":"","ocean_post_title_background_color":"","ocean_post_title_background":0,"ocean_post_title_bg_image_position":"","ocean_post_title_bg_image_attachment":"","ocean_post_title_bg_image_repeat":"","ocean_post_title_bg_image_size":"","ocean_post_title_height":0,"ocean_post_title_bg_overlay":0.5,"ocean_post_title_bg_overlay_color":"","ocean_disable_breadcrumbs":"default","ocean_breadcrumbs_color":"","ocean_breadcrumbs_separator_color":"","ocean_breadcrumbs_links_color":"","ocean_breadcrumbs_links_hover_color":"","ocean_display_footer_widgets":"default","ocean_display_footer_bottom":"default","ocean_custom_footer_template":"0","osh_disable_topbar_sticky":"default","osh_disable_header_sticky":"default","osh_sticky_header_style":"default","osh_sticky_header_effect":"","osh_custom_sticky_logo":0,"osh_custom_retina_sticky_logo":0,"osh_custom_sticky_logo_height":0,"osh_background_color":"","osh_links_color":"","osh_links_hover_color":"","osh_links_active_color":"","osh_links_bg_color":"","osh_links_hover_bg_color":"","osh_links_active_bg_color":"","osh_menu_social_links_color":"","osh_menu_social_hover_links_color":""},"product_brand":[],"product_cat":[42,41],"product_tag":[372,73,77,373,91],"class_list":{"0":"post-3972","1":"product","2":"type-product","3":"status-publish","4":"has-post-thumbnail","6":"product_cat-electric-progressive-pumps","7":"product_cat-progressive-grease-systems","8":"product_tag-compact-lubrication-pump","9":"product_tag-electric-lubrication-pump","10":"product_tag-grease-lubrication-pump","11":"product_tag-grease-lubricator","12":"product_tag-progressive-lubrication-pump","14":"entry","15":"has-media","17":"first","18":"instock","19":"shipping-taxable","20":"product-type-external","21":"col","22":"span_1_of_3","23":"owp-content-center","24":"owp-thumbs-layout-horizontal","25":"owp-btn-very-big","26":"owp-tabs-layout-horizontal"},"_links":{"self":[{"href":"https:\/\/www.jinpinlub.com\/es\/wp-json\/wp\/v2\/product\/3972","targetHints":{"allow":["GET"]}}],"collection":[{"href":"https:\/\/www.jinpinlub.com\/es\/wp-json\/wp\/v2\/product"}],"about":[{"href":"https:\/\/www.jinpinlub.com\/es\/wp-json\/wp\/v2\/types\/product"}],"wp:featuredmedia":[{"embeddable":true,"href":"https:\/\/www.jinpinlub.com\/es\/wp-json\/wp\/v2\/media\/3973"}],"wp:attachment":[{"href":"https:\/\/www.jinpinlub.com\/es\/wp-json\/wp\/v2\/media?parent=3972"}],"wp:term":[{"taxonomy":"product_brand","embeddable":true,"href":"https:\/\/www.jinpinlub.com\/es\/wp-json\/wp\/v2\/product_brand?post=3972"},{"taxonomy":"product_cat","embeddable":true,"href":"https:\/\/www.jinpinlub.com\/es\/wp-json\/wp\/v2\/product_cat?post=3972"},{"taxonomy":"product_tag","embeddable":true,"href":"https:\/\/www.jinpinlub.com\/es\/wp-json\/wp\/v2\/product_tag?post=3972"}],"curies":[{"name":"wp","href":"https:\/\/api.w.org\/{rel}","templated":true}]}}