{"id":3977,"date":"2024-12-11T17:28:20","date_gmt":"2024-12-11T09:28:20","guid":{"rendered":"https:\/\/www.jinpinlub.com\/?post_type=product&#038;p=3977"},"modified":"2024-12-11T18:11:05","modified_gmt":"2024-12-11T10:11:05","slug":"bomba-de-lubricacion-de-linea-simple-j100-3d-con-alivio-de-presion","status":"publish","type":"product","link":"https:\/\/www.jinpinlub.com\/es\/product\/j100-3d-single-line-lubrication-pump-with-pressure-relief\/","title":{"rendered":"Bomba de lubricaci\u00f3n de una sola l\u00ednea con alivio de presi\u00f3n J100-3D"},"content":{"rendered":"<h2>Caracter\u00edsticas<\/h2>\n<p>\u2013 La bomba de lubricaci\u00f3n J100 es accionada por un motor que hace que la bomba de pist\u00f3n se mueva hacia adelante y hacia atr\u00e1s para suministrar grasa a la salida de la bomba y luego al punto de lubricaci\u00f3n a trav\u00e9s del distribuidor presurizado. Cuando se alcanza la presi\u00f3n preestablecida, el motor deja de funcionar y la v\u00e1lvula de alivio de presi\u00f3n comienza a funcionar en consecuencia, liberando la presi\u00f3n en el sistema y se completa un ciclo.<br \/>\n\u2013 La bomba de lubricaci\u00f3n se puede controlar mediante un sistema de control externo, que establece principalmente la frecuencia de lubricaci\u00f3n, el tiempo de conexi\u00f3n y el tiempo de intervalo.<br \/>\n\u2013 La presi\u00f3n del sistema se puede controlar mediante un presostato, que suele instalarse en la tuber\u00eda de aceite del \u00faltimo distribuidor. Cuando el presostato env\u00eda una se\u00f1al a la unidad de control, la se\u00f1al detiene la bomba.<br \/>\n\u2013 La presi\u00f3n m\u00e1xima de la bomba de lubricaci\u00f3n J100 es de 8 MPa, el intervalo m\u00ednimo de lubricaci\u00f3n es de 5 minutos y la longitud de la l\u00ednea principal es de 15 metros. Es adecuada para equipos peque\u00f1os y medianos con hasta 100 puntos de lubricaci\u00f3n para uso en interiores.<\/p>\n<h2>Especificaci\u00f3n<\/h2>\n<table>\n<tbody>\n<tr>\n<td>Modelo<\/td>\n<td>J100-3D<\/td>\n<\/tr>\n<tr>\n<td>Tiempo de lubricaci\u00f3n<\/td>\n<td>PLC o controlador externo<\/td>\n<\/tr>\n<tr>\n<td>Tiempo de intervalo<\/td>\n<td>PLC o controlador externo<\/td>\n<\/tr>\n<tr>\n<td>Temperatura de funcionamiento<\/td>\n<td>0\u2103~ +50\u00b0C (Las condiciones de baja temperatura requieren grasa anticongelante)<\/td>\n<\/tr>\n<tr>\n<td>N\u00famero de puntos de venta<\/td>\n<td>1 o 2<\/td>\n<\/tr>\n<tr>\n<td>Capacidad del dep\u00f3sito<\/td>\n<td>0,3 l, 0,5 l, 0,7 l, 1,5 l<\/td>\n<\/tr>\n<tr>\n<td>Recarga<\/td>\n<td>Puerto de llenado\/extra\u00edble\/cartucho<\/td>\n<\/tr>\n<tr>\n<td>Lubricante<\/td>\n<td>N\u00famero de modelo NLGI 000#~2#<\/td>\n<\/tr>\n<tr>\n<td>V\u00e1lvula de alivio de presi\u00f3n<\/td>\n<td>Opcional<\/td>\n<\/tr>\n<tr>\n<td>Descargar<\/td>\n<td>15 ml\/min<\/td>\n<\/tr>\n<tr>\n<td>Presi\u00f3n m\u00e1xima de funcionamiento<\/td>\n<td>8,0 MPa<\/td>\n<\/tr>\n<tr>\n<td>Hilo de conexi\u00f3n<\/td>\n<td>Salida \u03a66<\/td>\n<\/tr>\n<tr>\n<td>Voltaje de funcionamiento<\/td>\n<td>24 V CC<\/td>\n<\/tr>\n<tr>\n<td>Proceso de dar un t\u00edtulo<\/td>\n<td>CE<\/td>\n<\/tr>\n<tr>\n<td>Interruptor de nivel bajo<\/td>\n<td>Contacto NC<\/td>\n<\/tr>\n<\/tbody>\n<\/table>\n<h2>Montaje<\/h2>\n<p>\u2013 Fije la bomba de lubricaci\u00f3n sobre una superficie vertical y plana que pueda soportar completamente el peso de la bomba.<br \/>\n\u2013 Instalar y fijar la bomba de lubricaci\u00f3n con 6 pernos M8 a trav\u00e9s de los orificios \u03c69.<br \/>\n\u2013 Se recomienda aplicar pegamento antivibraci\u00f3n cuando la bomba de lubricaci\u00f3n est\u00e9 sometida a vibraciones.<br \/>\n\u2013 Instale la bomba de lubricaci\u00f3n en un lugar que est\u00e9 aislado del agua, aceite, virutas y polvo.<br \/>\n\u2013 La vibraci\u00f3n del lugar de instalaci\u00f3n debe ser de 9 G (88 m\/s2) o menos.<br \/>\n\u2013 En la conexi\u00f3n el\u00e9ctrica de la unidad de bomba de lubricaci\u00f3n, aseg\u00farese de tomar las medidas adecuadas para evitar interferencias entre se\u00f1ales debido a inductancia, capacitancia o acoplamiento electromagn\u00e9tico. Aunque los cables se coloquen por separado, utilice cables antiinterferencias en lugares donde los campos de interferencia el\u00e9ctrica puedan distorsionar la transmisi\u00f3n de se\u00f1ales.<\/p>\n<h2>Manuales<\/h2>\n<div class=\"sdm_download_button_box_default\"><div class=\"sdm_download_link\"><a href=\"https:\/\/www.jinpinlub.com\/es\/?sdm_process_download=1&download_id=3960\" class=\"sdm_download white\" title=\"Privado: J100 Electric Grease Pump\" target=\"&quot;_blank&quot;\">Ver hoja de datos - Bomba de grasa J100<\/a><\/div><\/div>","protected":false},"excerpt":{"rendered":"<p>La bomba de lubricaci\u00f3n J100 es muy eficiente y f\u00e1cil de operar. Est\u00e1 dise\u00f1ada para maquinaria peque\u00f1a y mediana. Tiene una variedad de capacidades y m\u00faltiples formas de recarga. Puede formar un sistema de lubricaci\u00f3n centralizada de l\u00ednea \u00fanica y un sistema de lubricaci\u00f3n progresiva.<\/p>","protected":false},"featured_media":3978,"template":"","meta":{"ocean_post_layout":"","ocean_both_sidebars_style":"","ocean_both_sidebars_content_width":0,"ocean_both_sidebars_sidebars_width":0,"ocean_sidebar":"0","ocean_second_sidebar":"0","ocean_disable_margins":"enable","ocean_add_body_class":"","ocean_shortcode_before_top_bar":"","ocean_shortcode_after_top_bar":"","ocean_shortcode_before_header":"","ocean_shortcode_after_header":"","ocean_has_shortcode":"","ocean_shortcode_after_title":"","ocean_shortcode_before_footer_widgets":"","ocean_shortcode_after_footer_widgets":"","ocean_shortcode_before_footer_bottom":"","ocean_shortcode_after_footer_bottom":"","ocean_display_top_bar":"default","ocean_display_header":"default","ocean_header_style":"","ocean_center_header_left_menu":"0","ocean_custom_header_template":"0","ocean_custom_logo":0,"ocean_custom_retina_logo":0,"ocean_custom_logo_max_width":0,"ocean_custom_logo_tablet_max_width":0,"ocean_custom_logo_mobile_max_width":0,"ocean_custom_logo_max_height":0,"ocean_custom_logo_tablet_max_height":0,"ocean_custom_logo_mobile_max_height":0,"ocean_header_custom_menu":"0","ocean_menu_typo_font_family":"0","ocean_menu_typo_font_subset":"","ocean_menu_typo_font_size":0,"ocean_menu_typo_font_size_tablet":0,"ocean_menu_typo_font_size_mobile":0,"ocean_menu_typo_font_size_unit":"px","ocean_menu_typo_font_weight":"","ocean_menu_typo_font_weight_tablet":"","ocean_menu_typo_font_weight_mobile":"","ocean_menu_typo_transform":"","ocean_menu_typo_transform_tablet":"","ocean_menu_typo_transform_mobile":"","ocean_menu_typo_line_height":0,"ocean_menu_typo_line_height_tablet":0,"ocean_menu_typo_line_height_mobile":0,"ocean_menu_typo_line_height_unit":"","ocean_menu_typo_spacing":0,"ocean_menu_typo_spacing_tablet":0,"ocean_menu_typo_spacing_mobile":0,"ocean_menu_typo_spacing_unit":"","ocean_menu_link_color":"","ocean_menu_link_color_hover":"","ocean_menu_link_color_active":"","ocean_menu_link_background":"","ocean_menu_link_hover_background":"","ocean_menu_link_active_background":"","ocean_menu_social_links_bg":"","ocean_menu_social_hover_links_bg":"","ocean_menu_social_links_color":"","ocean_menu_social_hover_links_color":"","ocean_disable_title":"default","ocean_disable_heading":"default","ocean_post_title":"","ocean_post_subheading":"","ocean_post_title_style":"","ocean_post_title_background_color":"","ocean_post_title_background":0,"ocean_post_title_bg_image_position":"","ocean_post_title_bg_image_attachment":"","ocean_post_title_bg_image_repeat":"","ocean_post_title_bg_image_size":"","ocean_post_title_height":0,"ocean_post_title_bg_overlay":0.5,"ocean_post_title_bg_overlay_color":"","ocean_disable_breadcrumbs":"default","ocean_breadcrumbs_color":"","ocean_breadcrumbs_separator_color":"","ocean_breadcrumbs_links_color":"","ocean_breadcrumbs_links_hover_color":"","ocean_display_footer_widgets":"default","ocean_display_footer_bottom":"default","ocean_custom_footer_template":"0","osh_disable_topbar_sticky":"default","osh_disable_header_sticky":"default","osh_sticky_header_style":"default","osh_sticky_header_effect":"","osh_custom_sticky_logo":0,"osh_custom_retina_sticky_logo":0,"osh_custom_sticky_logo_height":0,"osh_background_color":"","osh_links_color":"","osh_links_hover_color":"","osh_links_active_color":"","osh_links_bg_color":"","osh_links_hover_bg_color":"","osh_links_active_bg_color":"","osh_menu_social_links_color":"","osh_menu_social_hover_links_color":""},"product_brand":[],"product_cat":[38,37],"product_tag":[372,73,77,373,92],"class_list":{"0":"post-3977","1":"product","2":"type-product","3":"status-publish","4":"has-post-thumbnail","6":"product_cat-electric-pressure-relief-pumps","7":"product_cat-single-line-grease-systems","8":"product_tag-compact-lubrication-pump","9":"product_tag-electric-lubrication-pump","10":"product_tag-grease-lubrication-pump","11":"product_tag-grease-lubricator","12":"product_tag-single-line-lubrication-pump","14":"entry","15":"has-media","17":"first","18":"instock","19":"shipping-taxable","20":"product-type-external","21":"col","22":"span_1_of_3","23":"owp-content-center","24":"owp-thumbs-layout-horizontal","25":"owp-btn-very-big","26":"owp-tabs-layout-horizontal"},"_links":{"self":[{"href":"https:\/\/www.jinpinlub.com\/es\/wp-json\/wp\/v2\/product\/3977","targetHints":{"allow":["GET"]}}],"collection":[{"href":"https:\/\/www.jinpinlub.com\/es\/wp-json\/wp\/v2\/product"}],"about":[{"href":"https:\/\/www.jinpinlub.com\/es\/wp-json\/wp\/v2\/types\/product"}],"wp:featuredmedia":[{"embeddable":true,"href":"https:\/\/www.jinpinlub.com\/es\/wp-json\/wp\/v2\/media\/3978"}],"wp:attachment":[{"href":"https:\/\/www.jinpinlub.com\/es\/wp-json\/wp\/v2\/media?parent=3977"}],"wp:term":[{"taxonomy":"product_brand","embeddable":true,"href":"https:\/\/www.jinpinlub.com\/es\/wp-json\/wp\/v2\/product_brand?post=3977"},{"taxonomy":"product_cat","embeddable":true,"href":"https:\/\/www.jinpinlub.com\/es\/wp-json\/wp\/v2\/product_cat?post=3977"},{"taxonomy":"product_tag","embeddable":true,"href":"https:\/\/www.jinpinlub.com\/es\/wp-json\/wp\/v2\/product_tag?post=3977"}],"curies":[{"name":"wp","href":"https:\/\/api.w.org\/{rel}","templated":true}]}}