{"id":3992,"date":"2024-12-12T03:47:40","date_gmt":"2024-12-11T19:47:40","guid":{"rendered":"https:\/\/www.jinpinlub.com\/?post_type=product&#038;p=3992"},"modified":"2024-12-12T04:01:46","modified_gmt":"2024-12-11T20:01:46","slug":"bombas-de-lubricacion-de-grasa-progresivas-cnc-automaticas-j100-7c","status":"publish","type":"product","link":"https:\/\/www.jinpinlub.com\/es\/product\/j100-7c-automatic-cnc-progressive-graese-lubrication-pumps\/","title":{"rendered":"Bombas de lubricaci\u00f3n de grasa progresiva CNC autom\u00e1ticas J100-7C"},"content":{"rendered":"<h2>Caracter\u00edsticas<\/h2>\n<p>\u2013 Alta precisi\u00f3n de medici\u00f3n, la bomba de lubricaci\u00f3n J100 puede medir la cantidad de grasa fluida hasta 15 ml\/min, lo que puede controlar con precisi\u00f3n la salida de lubricante y garantizar un efecto de lubricaci\u00f3n estable y confiable.<br \/>\n\u2013 La presi\u00f3n de trabajo de la bomba de lubricaci\u00f3n J100 puede alcanzar un m\u00e1ximo de 80 bar, lo que cumple con los requisitos de presi\u00f3n de la mayor\u00eda de los sistemas de lubricaci\u00f3n y garantiza que el lubricante se entregue de manera efectiva al punto de lubricaci\u00f3n.<br \/>\n\u2013 El J100 tiene una funci\u00f3n de monitoreo de nivel de l\u00edquido y alerta temprana, que puede monitorear el nivel del tanque de aceite o del cartucho en tiempo real, brindar una alerta temprana y prevenir fallas del equipo debido a lubricante insuficiente.<br \/>\n\u2013 El J100 utiliza un voltaje de trabajo de 24 V CC con bajo consumo de energ\u00eda, que cumple con los requisitos de ahorro de energ\u00eda de los equipos modernos, reduce los costos operativos y reduce el impacto en la red el\u00e9ctrica para garantizar un suministro de energ\u00eda estable al sistema.<br \/>\n\u2013 M\u00faltiples m\u00e9todos de instalaci\u00f3n, la bomba J100 proporciona la m\u00e1xima flexibilidad de instalaci\u00f3n a trav\u00e9s de una placa de montaje con 4 orificios de montaje opcionales.<br \/>\n\u2013 F\u00e1cil operaci\u00f3n, el bot\u00f3n de lubricaci\u00f3n manual se utiliza para iniciar o agotar el sistema de lubricaci\u00f3n, y el tornillo de escape hace que el proceso de escape despu\u00e9s del inicio del sistema o el reemplazo del cartucho sea simple y f\u00e1cil, f\u00e1cil para el personal de mantenimiento para operar y depurar el equipo.<\/p>\n<h2>Especificaci\u00f3n<\/h2>\n<table>\n<tbody>\n<tr>\n<td>Modelo<\/td>\n<td>J100-7C<\/td>\n<\/tr>\n<tr>\n<td>Tiempo de lubricaci\u00f3n<\/td>\n<td>PLC o controlador externo<\/td>\n<\/tr>\n<tr>\n<td>Tiempo de intervalo<\/td>\n<td>PLC o controlador externo<\/td>\n<\/tr>\n<tr>\n<td>Temperatura de funcionamiento<\/td>\n<td>0\u2103~ +50\u00b0C (Las condiciones de baja temperatura requieren grasa anticongelante)<\/td>\n<\/tr>\n<tr>\n<td>N\u00famero de puntos de venta<\/td>\n<td>1 o 2<\/td>\n<\/tr>\n<tr>\n<td>Capacidad del dep\u00f3sito<\/td>\n<td>0,3 l, 0,5 l, 0,7 l, 1,5 l<\/td>\n<\/tr>\n<tr>\n<td>Recarga<\/td>\n<td>Puerto de llenado\/extra\u00edble\/cartucho<\/td>\n<\/tr>\n<tr>\n<td>Lubricante<\/td>\n<td>N\u00famero de modelo NLGI 000#~2#<\/td>\n<\/tr>\n<tr>\n<td>V\u00e1lvula de alivio de presi\u00f3n<\/td>\n<td>Opcional<\/td>\n<\/tr>\n<tr>\n<td>Descargar<\/td>\n<td>15 ml\/min<\/td>\n<\/tr>\n<tr>\n<td>Presi\u00f3n m\u00e1xima de funcionamiento<\/td>\n<td>8,0 MPa<\/td>\n<\/tr>\n<tr>\n<td>Hilo de conexi\u00f3n<\/td>\n<td>Salida \u03a66<\/td>\n<\/tr>\n<tr>\n<td>Voltaje de funcionamiento<\/td>\n<td>24 V CC<\/td>\n<\/tr>\n<tr>\n<td>Proceso de dar un t\u00edtulo<\/td>\n<td>CE<\/td>\n<\/tr>\n<tr>\n<td>Interruptor de nivel bajo<\/td>\n<td>Contacto NC<\/td>\n<\/tr>\n<\/tbody>\n<\/table>\n<h2>Precauciones<\/h2>\n<p>\u2013 Si se retira un cartucho de grasa sin usar y se lo conecta a la bomba de lubricaci\u00f3n, puede producirse un mal funcionamiento debido al aire residual en el cartucho. Aseg\u00farese de que el lubricante se haya consumido por completo antes de reemplazarlo.<br \/>\n\u2013 No encienda la alimentaci\u00f3n con un cartucho vac\u00edo extra\u00eddo, de lo contrario, la bomba de lubricaci\u00f3n J100 succionar\u00e1 aire o materia extra\u00f1a, lo que provocar\u00e1 un mal funcionamiento.<br \/>\n\u2013 Al reemplazar el cartucho, no limpie alrededor de la entrada de la bomba de lubricaci\u00f3n con un pa\u00f1o sucio, ya que esto provocar\u00e1 que la bomba de lubricaci\u00f3n aspire materia extra\u00f1a y provoque un mal funcionamiento.<br \/>\n\u2013 Solo se admiten cartuchos est\u00e1ndar. El uso de otro tipo de grasa puede provocar un mal funcionamiento del sistema.<br \/>\n\u2013 Nunca inyecte grasa en un cartucho vac\u00edo usado y lo reutilice, ya que esto puede provocar la ruptura del cartucho o el mal funcionamiento de la bomba de lubricaci\u00f3n debido a la entrada de aire o materia extra\u00f1a.<\/p>\n<h2>Manuales<\/h2>\n<div class=\"sdm_download_button_box_default\"><div class=\"sdm_download_link\"><a href=\"https:\/\/www.jinpinlub.com\/es\/?sdm_process_download=1&download_id=3960\" class=\"sdm_download white\" title=\"Privado: J100 Electric Grease Pump\" target=\"&quot;_blank&quot;\">Ver hoja de datos - Bomba de grasa J100<\/a><\/div><\/div>","protected":false},"excerpt":{"rendered":"<p>El J100 funciona a 24 V, 80 bar y en un amplio rango de temperaturas. Tiene funciones como monitoreo de nivel y lubricaci\u00f3n manual para reducir el tiempo de inactividad. Tiene una variedad de especificaciones de tanque y m\u00e9todos de conexi\u00f3n, instalaci\u00f3n flexible y se usa ampliamente en muchos campos.<\/p>","protected":false},"featured_media":3993,"template":"","meta":{"ocean_post_layout":"","ocean_both_sidebars_style":"","ocean_both_sidebars_content_width":0,"ocean_both_sidebars_sidebars_width":0,"ocean_sidebar":"0","ocean_second_sidebar":"0","ocean_disable_margins":"enable","ocean_add_body_class":"","ocean_shortcode_before_top_bar":"","ocean_shortcode_after_top_bar":"","ocean_shortcode_before_header":"","ocean_shortcode_after_header":"","ocean_has_shortcode":"","ocean_shortcode_after_title":"","ocean_shortcode_before_footer_widgets":"","ocean_shortcode_after_footer_widgets":"","ocean_shortcode_before_footer_bottom":"","ocean_shortcode_after_footer_bottom":"","ocean_display_top_bar":"default","ocean_display_header":"default","ocean_header_style":"","ocean_center_header_left_menu":"0","ocean_custom_header_template":"0","ocean_custom_logo":0,"ocean_custom_retina_logo":0,"ocean_custom_logo_max_width":0,"ocean_custom_logo_tablet_max_width":0,"ocean_custom_logo_mobile_max_width":0,"ocean_custom_logo_max_height":0,"ocean_custom_logo_tablet_max_height":0,"ocean_custom_logo_mobile_max_height":0,"ocean_header_custom_menu":"0","ocean_menu_typo_font_family":"0","ocean_menu_typo_font_subset":"","ocean_menu_typo_font_size":0,"ocean_menu_typo_font_size_tablet":0,"ocean_menu_typo_font_size_mobile":0,"ocean_menu_typo_font_size_unit":"px","ocean_menu_typo_font_weight":"","ocean_menu_typo_font_weight_tablet":"","ocean_menu_typo_font_weight_mobile":"","ocean_menu_typo_transform":"","ocean_menu_typo_transform_tablet":"","ocean_menu_typo_transform_mobile":"","ocean_menu_typo_line_height":0,"ocean_menu_typo_line_height_tablet":0,"ocean_menu_typo_line_height_mobile":0,"ocean_menu_typo_line_height_unit":"","ocean_menu_typo_spacing":0,"ocean_menu_typo_spacing_tablet":0,"ocean_menu_typo_spacing_mobile":0,"ocean_menu_typo_spacing_unit":"","ocean_menu_link_color":"","ocean_menu_link_color_hover":"","ocean_menu_link_color_active":"","ocean_menu_link_background":"","ocean_menu_link_hover_background":"","ocean_menu_link_active_background":"","ocean_menu_social_links_bg":"","ocean_menu_social_hover_links_bg":"","ocean_menu_social_links_color":"","ocean_menu_social_hover_links_color":"","ocean_disable_title":"default","ocean_disable_heading":"default","ocean_post_title":"","ocean_post_subheading":"","ocean_post_title_style":"","ocean_post_title_background_color":"","ocean_post_title_background":0,"ocean_post_title_bg_image_position":"","ocean_post_title_bg_image_attachment":"","ocean_post_title_bg_image_repeat":"","ocean_post_title_bg_image_size":"","ocean_post_title_height":0,"ocean_post_title_bg_overlay":0.5,"ocean_post_title_bg_overlay_color":"","ocean_disable_breadcrumbs":"default","ocean_breadcrumbs_color":"","ocean_breadcrumbs_separator_color":"","ocean_breadcrumbs_links_color":"","ocean_breadcrumbs_links_hover_color":"","ocean_display_footer_widgets":"default","ocean_display_footer_bottom":"default","ocean_custom_footer_template":"0","osh_disable_topbar_sticky":"default","osh_disable_header_sticky":"default","osh_sticky_header_style":"default","osh_sticky_header_effect":"","osh_custom_sticky_logo":0,"osh_custom_retina_sticky_logo":0,"osh_custom_sticky_logo_height":0,"osh_background_color":"","osh_links_color":"","osh_links_hover_color":"","osh_links_active_color":"","osh_links_bg_color":"","osh_links_hover_bg_color":"","osh_links_active_bg_color":"","osh_menu_social_links_color":"","osh_menu_social_hover_links_color":""},"product_brand":[],"product_cat":[42,41],"product_tag":[321,112,76,196,221],"class_list":{"0":"post-3992","1":"product","2":"type-product","3":"status-publish","4":"has-post-thumbnail","6":"product_cat-electric-progressive-pumps","7":"product_cat-progressive-grease-systems","8":"product_tag-automatic-lubrication-system","9":"product_tag-centralized-lubrication-system","10":"product_tag-electric-lubrication-system","11":"product_tag-grease-lubrication-system","12":"product_tag-progressive-lubrication-system","14":"entry","15":"has-media","17":"first","18":"instock","19":"shipping-taxable","20":"product-type-external","21":"col","22":"span_1_of_3","23":"owp-content-center","24":"owp-thumbs-layout-horizontal","25":"owp-btn-very-big","26":"owp-tabs-layout-horizontal"},"_links":{"self":[{"href":"https:\/\/www.jinpinlub.com\/es\/wp-json\/wp\/v2\/product\/3992","targetHints":{"allow":["GET"]}}],"collection":[{"href":"https:\/\/www.jinpinlub.com\/es\/wp-json\/wp\/v2\/product"}],"about":[{"href":"https:\/\/www.jinpinlub.com\/es\/wp-json\/wp\/v2\/types\/product"}],"wp:featuredmedia":[{"embeddable":true,"href":"https:\/\/www.jinpinlub.com\/es\/wp-json\/wp\/v2\/media\/3993"}],"wp:attachment":[{"href":"https:\/\/www.jinpinlub.com\/es\/wp-json\/wp\/v2\/media?parent=3992"}],"wp:term":[{"taxonomy":"product_brand","embeddable":true,"href":"https:\/\/www.jinpinlub.com\/es\/wp-json\/wp\/v2\/product_brand?post=3992"},{"taxonomy":"product_cat","embeddable":true,"href":"https:\/\/www.jinpinlub.com\/es\/wp-json\/wp\/v2\/product_cat?post=3992"},{"taxonomy":"product_tag","embeddable":true,"href":"https:\/\/www.jinpinlub.com\/es\/wp-json\/wp\/v2\/product_tag?post=3992"}],"curies":[{"name":"wp","href":"https:\/\/api.w.org\/{rel}","templated":true}]}}