{"id":3997,"date":"2024-12-12T04:17:42","date_gmt":"2024-12-11T20:17:42","guid":{"rendered":"https:\/\/www.jinpinlub.com\/?post_type=product&#038;p=3997"},"modified":"2024-12-12T04:29:59","modified_gmt":"2024-12-11T20:29:59","slug":"bomba-de-piston-de-engrase-y-lubricacion-electrica-j100-de-24-v-cc","status":"publish","type":"product","link":"https:\/\/www.jinpinlub.com\/es\/product\/j100-24vdc-electric-lubrication-greasing-plunger-piston-pump\/","title":{"rendered":"Bomba de pist\u00f3n de engrase con lubricaci\u00f3n el\u00e9ctrica J100 de 24 V CC"},"content":{"rendered":"<h2>Caracter\u00edsticas<\/h2>\n<p>\u2013 Dise\u00f1o compacto: La bomba de lubricaci\u00f3n J100 es de tama\u00f1o peque\u00f1o y adecuada para su instalaci\u00f3n en entornos con limitaciones de espacio.<br \/>\n\u2013 Adaptabilidad de temperatura: Puede funcionar de manera estable en un rango de temperatura de 0 a 50 \u00b0C, adapt\u00e1ndose a diferentes condiciones ambientales interiores.<br \/>\n\u2013 Configuraci\u00f3n de salida doble: el J100 tiene dos salidas, que pueden proporcionar lubricaci\u00f3n para dos l\u00edneas principales del sistema de lubricaci\u00f3n al mismo tiempo, mejorando la eficiencia del sistema.<br \/>\n\u2013 Monitoreo del nivel de l\u00edquido y alerta temprana: La bomba de lubricaci\u00f3n J100 tiene una funci\u00f3n de monitoreo del nivel de l\u00edquido incorporada, que puede proporcionar una alerta temprana cuando el nivel de lubricante en el dep\u00f3sito y el cartucho es bajo.<br \/>\n\u2013 Flexibilidad de instalaci\u00f3n: la bomba de lubricaci\u00f3n J100 ofrece una variedad de opciones de montaje, incluidos soportes est\u00e1ndar y m\u00faltiples orificios de montaje para satisfacer diferentes requisitos de instalaci\u00f3n.<br \/>\n\u2013 F\u00e1cil mantenimiento: con un tornillo de purga de f\u00e1cil acceso, el dep\u00f3sito de la bomba de lubricaci\u00f3n est\u00e1 disponible en una variedad de capacidades, lo que facilita la instalaci\u00f3n, la operaci\u00f3n y el mantenimiento.<\/p>\n<h2>Especificaci\u00f3n<\/h2>\n<table>\n<tbody>\n<tr>\n<td>Modelo<\/td>\n<td>J100-3R<\/td>\n<\/tr>\n<tr>\n<td>Tiempo de lubricaci\u00f3n<\/td>\n<td>PLC o controlador externo<\/td>\n<\/tr>\n<tr>\n<td>Tiempo de intervalo<\/td>\n<td>PLC o controlador externo<\/td>\n<\/tr>\n<tr>\n<td>Temperatura de funcionamiento<\/td>\n<td>0\u2103~ +50\u00b0C (Las condiciones de baja temperatura requieren grasa anticongelante)<\/td>\n<\/tr>\n<tr>\n<td>N\u00famero de puntos de venta<\/td>\n<td>1 o 2<\/td>\n<\/tr>\n<tr>\n<td>Capacidad del dep\u00f3sito<\/td>\n<td>0,3 l, 0,5 l, 0,7 l, 1,5 l<\/td>\n<\/tr>\n<tr>\n<td>Recarga<\/td>\n<td>Puerto de llenado\/extra\u00edble\/cartucho<\/td>\n<\/tr>\n<tr>\n<td>Lubricante<\/td>\n<td>N\u00famero de modelo NLGI 000#~2#<\/td>\n<\/tr>\n<tr>\n<td>V\u00e1lvula de alivio de presi\u00f3n<\/td>\n<td>Opcional<\/td>\n<\/tr>\n<tr>\n<td>Descargar<\/td>\n<td>15 ml\/min<\/td>\n<\/tr>\n<tr>\n<td>Presi\u00f3n m\u00e1xima de funcionamiento<\/td>\n<td>8,0 MPa<\/td>\n<\/tr>\n<tr>\n<td>Hilo de conexi\u00f3n<\/td>\n<td>Salida \u03a66<\/td>\n<\/tr>\n<tr>\n<td>Voltaje de funcionamiento<\/td>\n<td>24 V CC<\/td>\n<\/tr>\n<tr>\n<td>Proceso de dar un t\u00edtulo<\/td>\n<td>CE<\/td>\n<\/tr>\n<tr>\n<td>Interruptor de nivel bajo<\/td>\n<td>Contacto NC<\/td>\n<\/tr>\n<\/tbody>\n<\/table>\n<h2>Precauciones<\/h2>\n<p>M\u00e1quina de moldeo por inyecci\u00f3n: La bomba de lubricaci\u00f3n J100 se utiliza para lubricar los cojinetes y las gu\u00edas lineales de las m\u00e1quinas de moldeo por inyecci\u00f3n, mejorando la eficiencia operativa de la m\u00e1quina y extendiendo la vida \u00fatil de los componentes.<br \/>\nSistema de elevaci\u00f3n y elevaci\u00f3n: proporciona lubricaci\u00f3n para engranajes, poleas y otras partes m\u00f3viles en sistemas de elevaci\u00f3n y elevaci\u00f3n para garantizar un funcionamiento seguro y prolongar la vida \u00fatil del equipo.<br \/>\nManipulaci\u00f3n de materiales: En equipos de manipulaci\u00f3n de materiales como cintas transportadoras y carretillas elevadoras, la bomba de lubricaci\u00f3n J100 garantiza la lubricaci\u00f3n de cojinetes y juntas, mejorando la eficiencia operativa y la seguridad.<br \/>\nM\u00e1quinas herramienta: En diversas m\u00e1quinas herramienta, la bomba de lubricaci\u00f3n J100 proporciona lubricaci\u00f3n para componentes clave como gu\u00edas, cojinetes y engranajes, reduciendo el desgaste y mejorando la precisi\u00f3n del procesamiento y la eficiencia de la producci\u00f3n.<\/p>\n<h2>Manuales<\/h2>\n<div class=\"sdm_download_button_box_default\"><div class=\"sdm_download_link\"><a href=\"https:\/\/www.jinpinlub.com\/es\/?sdm_process_download=1&download_id=3960\" class=\"sdm_download white\" title=\"Privado: J100 Electric Grease Pump\" target=\"&quot;_blank&quot;\">Ver hoja de datos - Bomba de grasa J100<\/a><\/div><\/div>","protected":false},"excerpt":{"rendered":"<p>La J100 es una bomba compacta de accionamiento el\u00e9ctrico, eficiente y confiable, dise\u00f1ada para sistemas de lubricaci\u00f3n de una sola l\u00ednea. Tiene un voltaje de operaci\u00f3n de 24 V CC y una configuraci\u00f3n de salida doble, que puede servir a dos l\u00edneas de lubricaci\u00f3n al mismo tiempo, lo que extiende los intervalos de mantenimiento.<\/p>","protected":false},"featured_media":3998,"template":"","meta":{"ocean_post_layout":"","ocean_both_sidebars_style":"","ocean_both_sidebars_content_width":0,"ocean_both_sidebars_sidebars_width":0,"ocean_sidebar":"0","ocean_second_sidebar":"0","ocean_disable_margins":"enable","ocean_add_body_class":"","ocean_shortcode_before_top_bar":"","ocean_shortcode_after_top_bar":"","ocean_shortcode_before_header":"","ocean_shortcode_after_header":"","ocean_has_shortcode":"","ocean_shortcode_after_title":"","ocean_shortcode_before_footer_widgets":"","ocean_shortcode_after_footer_widgets":"","ocean_shortcode_before_footer_bottom":"","ocean_shortcode_after_footer_bottom":"","ocean_display_top_bar":"default","ocean_display_header":"default","ocean_header_style":"","ocean_center_header_left_menu":"0","ocean_custom_header_template":"0","ocean_custom_logo":0,"ocean_custom_retina_logo":0,"ocean_custom_logo_max_width":0,"ocean_custom_logo_tablet_max_width":0,"ocean_custom_logo_mobile_max_width":0,"ocean_custom_logo_max_height":0,"ocean_custom_logo_tablet_max_height":0,"ocean_custom_logo_mobile_max_height":0,"ocean_header_custom_menu":"0","ocean_menu_typo_font_family":"0","ocean_menu_typo_font_subset":"","ocean_menu_typo_font_size":0,"ocean_menu_typo_font_size_tablet":0,"ocean_menu_typo_font_size_mobile":0,"ocean_menu_typo_font_size_unit":"px","ocean_menu_typo_font_weight":"","ocean_menu_typo_font_weight_tablet":"","ocean_menu_typo_font_weight_mobile":"","ocean_menu_typo_transform":"","ocean_menu_typo_transform_tablet":"","ocean_menu_typo_transform_mobile":"","ocean_menu_typo_line_height":0,"ocean_menu_typo_line_height_tablet":0,"ocean_menu_typo_line_height_mobile":0,"ocean_menu_typo_line_height_unit":"","ocean_menu_typo_spacing":0,"ocean_menu_typo_spacing_tablet":0,"ocean_menu_typo_spacing_mobile":0,"ocean_menu_typo_spacing_unit":"","ocean_menu_link_color":"","ocean_menu_link_color_hover":"","ocean_menu_link_color_active":"","ocean_menu_link_background":"","ocean_menu_link_hover_background":"","ocean_menu_link_active_background":"","ocean_menu_social_links_bg":"","ocean_menu_social_hover_links_bg":"","ocean_menu_social_links_color":"","ocean_menu_social_hover_links_color":"","ocean_disable_title":"default","ocean_disable_heading":"default","ocean_post_title":"","ocean_post_subheading":"","ocean_post_title_style":"","ocean_post_title_background_color":"","ocean_post_title_background":0,"ocean_post_title_bg_image_position":"","ocean_post_title_bg_image_attachment":"","ocean_post_title_bg_image_repeat":"","ocean_post_title_bg_image_size":"","ocean_post_title_height":0,"ocean_post_title_bg_overlay":0.5,"ocean_post_title_bg_overlay_color":"","ocean_disable_breadcrumbs":"default","ocean_breadcrumbs_color":"","ocean_breadcrumbs_separator_color":"","ocean_breadcrumbs_links_color":"","ocean_breadcrumbs_links_hover_color":"","ocean_display_footer_widgets":"default","ocean_display_footer_bottom":"default","ocean_custom_footer_template":"0","osh_disable_topbar_sticky":"default","osh_disable_header_sticky":"default","osh_sticky_header_style":"default","osh_sticky_header_effect":"","osh_custom_sticky_logo":0,"osh_custom_retina_sticky_logo":0,"osh_custom_sticky_logo_height":0,"osh_background_color":"","osh_links_color":"","osh_links_hover_color":"","osh_links_active_color":"","osh_links_bg_color":"","osh_links_hover_bg_color":"","osh_links_active_bg_color":"","osh_menu_social_links_color":"","osh_menu_social_hover_links_color":""},"product_brand":[],"product_cat":[38,37],"product_tag":[185,76,93,320,92],"class_list":{"0":"post-3997","1":"product","2":"type-product","3":"status-publish","4":"has-post-thumbnail","6":"product_cat-electric-pressure-relief-pumps","7":"product_cat-single-line-grease-systems","8":"product_tag-electric-grease-pump","9":"product_tag-electric-lubrication-system","10":"product_tag-pressure-relief-lubrication-pump","11":"product_tag-single-line-grease-pump","12":"product_tag-single-line-lubrication-pump","14":"entry","15":"has-media","17":"first","18":"instock","19":"shipping-taxable","20":"product-type-external","21":"col","22":"span_1_of_3","23":"owp-content-center","24":"owp-thumbs-layout-horizontal","25":"owp-btn-very-big","26":"owp-tabs-layout-horizontal"},"_links":{"self":[{"href":"https:\/\/www.jinpinlub.com\/es\/wp-json\/wp\/v2\/product\/3997","targetHints":{"allow":["GET"]}}],"collection":[{"href":"https:\/\/www.jinpinlub.com\/es\/wp-json\/wp\/v2\/product"}],"about":[{"href":"https:\/\/www.jinpinlub.com\/es\/wp-json\/wp\/v2\/types\/product"}],"wp:featuredmedia":[{"embeddable":true,"href":"https:\/\/www.jinpinlub.com\/es\/wp-json\/wp\/v2\/media\/3998"}],"wp:attachment":[{"href":"https:\/\/www.jinpinlub.com\/es\/wp-json\/wp\/v2\/media?parent=3997"}],"wp:term":[{"taxonomy":"product_brand","embeddable":true,"href":"https:\/\/www.jinpinlub.com\/es\/wp-json\/wp\/v2\/product_brand?post=3997"},{"taxonomy":"product_cat","embeddable":true,"href":"https:\/\/www.jinpinlub.com\/es\/wp-json\/wp\/v2\/product_cat?post=3997"},{"taxonomy":"product_tag","embeddable":true,"href":"https:\/\/www.jinpinlub.com\/es\/wp-json\/wp\/v2\/product_tag?post=3997"}],"curies":[{"name":"wp","href":"https:\/\/api.w.org\/{rel}","templated":true}]}}